{"id":765,"date":"2012-05-30T11:24:38","date_gmt":"2012-05-30T14:24:38","guid":{"rendered":"https:\/\/wp.ufpel.edu.br\/mercosul\/?page_id=765"},"modified":"2012-05-30T11:24:38","modified_gmt":"2012-05-30T14:24:38","slug":"criterios-para-transferencia-reopcao-e-reingresso-no-curso-de-relacoes-internacionais","status":"publish","type":"page","link":"https:\/\/wp.ufpel.edu.br\/mercosul\/curso-de-relacoes-internacionais\/criterios-para-transferencia-reopcao-e-reingresso-no-curso-de-relacoes-internacionais\/","title":{"rendered":"Crit\u00e9rios para transfer\u00eancia, reop\u00e7\u00e3o e reingresso no curso de Rela\u00e7\u00f5es Internacionais"},"content":{"rendered":"<p>&nbsp;<\/p>\n<p><strong>Confira no link abaixo:<\/strong><\/p>\n<p>&nbsp;<\/p>\n<p><strong><a href=\"https:\/\/wp.ufpel.edu.br\/mercosul\/files\/2012\/05\/criterios_ri_2012-2.pdf\">Crit\u00e9rios para transfer\u00eancia, reop\u00e7\u00e3o e reingresso R.I.<\/a><\/strong><\/p>\n","protected":false},"excerpt":{"rendered":"<p>&nbsp; Confira no link abaixo: &nbsp; Crit\u00e9rios para transfer\u00eancia, reop\u00e7\u00e3o e reingresso R.I.<\/p>\n","protected":false},"author":185,"featured_media":0,"parent":19,"menu_order":0,"comment_status":"closed","ping_status":"closed","template":"","meta":{"footnotes":"","_links_to":"","_links_to_target":""},"class_list":["post-765","page","type-page","status-publish","hentry"],"jetpack_sharing_enabled":true,"_links":{"self":[{"href":"https:\/\/wp.ufpel.edu.br\/mercosul\/wp-json\/wp\/v2\/pages\/765","targetHints":{"allow":["GET"]}}],"collection":[{"href":"https:\/\/wp.ufpel.edu.br\/mercosul\/wp-json\/wp\/v2\/pages"}],"about":[{"href":"https:\/\/wp.ufpel.edu.br\/mercosul\/wp-json\/wp\/v2\/types\/page"}],"author":[{"embeddable":true,"href":"https:\/\/wp.ufpel.edu.br\/mercosul\/wp-json\/wp\/v2\/users\/185"}],"replies":[{"embeddable":true,"href":"https:\/\/wp.ufpel.edu.br\/mercosul\/wp-json\/wp\/v2\/comments?post=765"}],"version-history":[{"count":4,"href":"https:\/\/wp.ufpel.edu.br\/mercosul\/wp-json\/wp\/v2\/pages\/765\/revisions"}],"predecessor-version":[{"id":769,"href":"https:\/\/wp.ufpel.edu.br\/mercosul\/wp-json\/wp\/v2\/pages\/765\/revisions\/769"}],"up":[{"embeddable":true,"href":"https:\/\/wp.ufpel.edu.br\/mercosul\/wp-json\/wp\/v2\/pages\/19"}],"wp:attachment":[{"href":"https:\/\/wp.ufpel.edu.br\/mercosul\/wp-json\/wp\/v2\/media?parent=765"}],"curies":[{"name":"wp","href":"https:\/\/api.w.org\/{rel}","templated":true}]}}