{"id":729,"date":"2012-05-29T09:01:46","date_gmt":"2012-05-29T12:01:46","guid":{"rendered":"https:\/\/wp.ufpel.edu.br\/mercosul\/?page_id=729"},"modified":"2012-05-29T09:01:46","modified_gmt":"2012-05-29T12:01:46","slug":"la-serie-fronteiras-da-integracao","status":"publish","type":"page","link":"https:\/\/wp.ufpel.edu.br\/mercosul\/la-serie-fronteiras-da-integracao\/","title":{"rendered":"la serie Fronteiras da Integra\u00e7\u00e3o"},"content":{"rendered":"<p><strong>Libro de la serie\u00a0<em>Fronteiras da Integra\u00e7\u00e3o<\/em>\u00a0del Centro de Integraci\u00f3n del Mercosur de UFPel se lanzar\u00e1 en Rivera, Uruguay.<\/strong><\/p>\n<p><img src=\"http:\/\/www.ufpel.edu.br\/mercosul\/images\/livro-gladys-bentancour-g.jpg\" alt=\"\" width=\"300\" height=\"534\" \/><\/p>\n<p>&nbsp;<\/p>\n<p>La serie\u00a0<em>Fronteiras da Integra\u00e7\u00e3o<\/em>\u00a0constituye otra importante iniciativa de la Universidad Federal de Pelotas, del Centro de Integraci\u00f3n del Mercosur\/N\u00facleo de Estudios Fronterizos y de la Fundaci\u00f3n Sim\u00f3n Bol\u00edvar en el contexto de la integraci\u00f3n latinoamericana. Estudiar, investigar y desarrollar las fronteras de Brasil constituye un atractivo desaf\u00edo para toda la sociedad, y especialmente para las universidades brasile\u00f1as. Este escenario se vuelve m\u00e1s importante porque el Mercosur todav\u00eda no se ha consolidado como un proceso de integraci\u00f3n social que todos buscamos en torno a una sola patria suramericana. Por lo tanto, se justifican las iniciativas para cambiar la cultura difundida en el pasado, en la que la frontera era un \u201cespacio-problema\u201d, hacia un nuevo dise\u00f1o que privilegia la regi\u00f3n como un espacio pleno de oportunidades para el desarrollo econ\u00f3mico, social y valorizaci\u00f3n de la ciudadan\u00eda.<br \/>\nEn este contexto, la proximidad geogr\u00e1fica de Pelotas y el estado de Rio Grande do Sul con los pa\u00edses del Plata, la influencia de la cultura de las pampas en la constituci\u00f3n del Mercosur fueron est\u00edmulos significativos para UFPel dedicarse cada vez m\u00e1s al tema de la integraci\u00f3n regional en los \u00faltimos veinte a\u00f1os. Por ejemplo, la constante actuaci\u00f3n de la universidad en la frontera, desde la creaci\u00f3n de la Agencia de Desarrollo de\u00a0<em>Lagoa Mirim<\/em>, en 1994, la inauguraci\u00f3n del Centro de Integraci\u00f3n del Mercosur en el a\u00f1o siguiente y, m\u00e1s recientemente, la creaci\u00f3n del N\u00facleo de Estudios Fronterizos en la frontera de la Santana do Livramento, Brasil, y Rivera, Uruguay.<br \/>\nEn este sentido, para describir el aut\u00e9ntico ciudadano de la frontera, en parte brasile\u00f1o, en parte uruguayo, pero totalmente solidario e integrado en una regi\u00f3n tan peculiar, se lanzar\u00e1 en la ciudad de Rivera, Uruguay, el libro \u201c<strong><em>RIVERA-LIVRAMENTO Una frontera diferente<\/em><\/strong>\u201d, de Gladys Bentancor. El tema discutido tiene origen en su tesis de maestr\u00eda en Ciencias Sociales &#8211; Estudios Fronterizos de la Universidad de la Rep\u00fablica de Uruguay, en Montevideo.<\/p>\n<p align=\"left\"><img src=\"http:\/\/www.ufpel.edu.br\/mercosul\/images\/Invitacion-livro-gladys-bentancour-g.jpg\" alt=\"\" width=\"300\" height=\"300\" \/><\/p>\n<p><strong>Local: SALA CULTURAL DE ANTEL<br \/>\nAgraciada, 333 \u2013 Rivera \u2013 Uruguay.<br \/>\nFecha: 14\/10\/11<br \/>\nHora: 19:30<\/strong><\/p>\n<p><a title=\"2011 \u2013 CIM\" href=\"https:\/\/wp.ufpel.edu.br\/mercosul\/2011-cim-2\/\">[Volver]<\/a><\/p>\n","protected":false},"excerpt":{"rendered":"<p>Libro de la serie\u00a0Fronteiras da Integra\u00e7\u00e3o\u00a0del Centro de Integraci\u00f3n del Mercosur de UFPel se lanzar\u00e1 en Rivera, Uruguay. &nbsp; La serie\u00a0Fronteiras da Integra\u00e7\u00e3o\u00a0constituye otra importante iniciativa de la Universidad Federal de Pelotas, del Centro de Integraci\u00f3n del Mercosur\/N\u00facleo de Estudios Fronterizos y de la Fundaci\u00f3n Sim\u00f3n Bol\u00edvar en el contexto de la integraci\u00f3n latinoamericana. Estudiar, [&hellip;]<\/p>\n","protected":false},"author":185,"featured_media":0,"parent":0,"menu_order":0,"comment_status":"closed","ping_status":"closed","template":"","meta":{"footnotes":"","_links_to":"","_links_to_target":""},"class_list":["post-729","page","type-page","status-publish","hentry"],"jetpack_sharing_enabled":true,"_links":{"self":[{"href":"https:\/\/wp.ufpel.edu.br\/mercosul\/wp-json\/wp\/v2\/pages\/729","targetHints":{"allow":["GET"]}}],"collection":[{"href":"https:\/\/wp.ufpel.edu.br\/mercosul\/wp-json\/wp\/v2\/pages"}],"about":[{"href":"https:\/\/wp.ufpel.edu.br\/mercosul\/wp-json\/wp\/v2\/types\/page"}],"author":[{"embeddable":true,"href":"https:\/\/wp.ufpel.edu.br\/mercosul\/wp-json\/wp\/v2\/users\/185"}],"replies":[{"embeddable":true,"href":"https:\/\/wp.ufpel.edu.br\/mercosul\/wp-json\/wp\/v2\/comments?post=729"}],"version-history":[{"count":1,"href":"https:\/\/wp.ufpel.edu.br\/mercosul\/wp-json\/wp\/v2\/pages\/729\/revisions"}],"predecessor-version":[{"id":733,"href":"https:\/\/wp.ufpel.edu.br\/mercosul\/wp-json\/wp\/v2\/pages\/729\/revisions\/733"}],"wp:attachment":[{"href":"https:\/\/wp.ufpel.edu.br\/mercosul\/wp-json\/wp\/v2\/media?parent=729"}],"curies":[{"name":"wp","href":"https:\/\/api.w.org\/{rel}","templated":true}]}}