{"id":727,"date":"2012-05-29T09:01:16","date_gmt":"2012-05-29T12:01:16","guid":{"rendered":"https:\/\/wp.ufpel.edu.br\/mercosul\/?page_id=727"},"modified":"2012-06-21T08:27:53","modified_gmt":"2012-06-21T11:27:53","slug":"2011-cim-2","status":"publish","type":"page","link":"https:\/\/wp.ufpel.edu.br\/mercosul\/2011-cim-2\/","title":{"rendered":"2011 &#8211; CIM"},"content":{"rendered":"<h4><strong>Exposici\u00f3n de Concurso Fotogr\u00e1fico de la Iglesia del Puerto es de hasta 16 d\u00edas en el Centro de Integraci\u00f3n del MERCOSUR<\/strong><\/h4>\n<p><a href=\"http:\/\/www.ufpel.edu.br\/mercosul\/espanhol\/images\/concurso-igreja-porto.jpg\" target=\"_blank\"><img src=\"http:\/\/www.ufpel.edu.br\/mercosul\/images\/concurso-igreja-porto-m.jpg\" alt=\"\" width=\"350\" height=\"233\" \/><\/a><\/p>\n<p>Teniendo en cuenta la calidad de las 45 fotos que integran la exposici\u00f3n del Concurso Fotogr\u00e1fico de la Iglesia de Porto, que comenz\u00f3 el d\u00eda 5\/12, la Coordinaci\u00f3n del Centro de Integraci\u00f3n del Mercosur y la Pastoral de la Comunicaci\u00f3n de la Parroquia Sagrado Coraz\u00f3n de Jes\u00fas decidieron prorrogar la muestra una semana m\u00e1s, o sea, hasta el 16\/12. La exposici\u00f3n ocurre de 8 a 12h y de 14 a 22h, y en la segunda semana ya se pondr\u00e1 de relieve las fotos ganadoras de 1er a 10\u00ba lugar, elegidas por el jurado t\u00e9cnico, as\u00ed como la m\u00e1s votada por el jurado popular.<\/p>\n<p>Les recordamos que el concurso forma parte del programa oficial de las celebraciones del bicentenario de Pelotas y el centenario de la parroquia, adem\u00e1s de recaudar fondos para las obras sociales de la parroquia. Importante: La votaci\u00f3n popular para elegir la foto m\u00e1s bella terminar\u00e1 en la fecha prevista en el reglamento, es decir, d\u00eda 9 de diciembre, a las 20h, y el horario de votaci\u00f3n de 14 a 20h. El Centro de Integraci\u00f3n del Mercosur se encuentra en la esquina de las calles Andrade Neves y Lobo da Costa.<\/p>\n<p><a href=\"http:\/\/www.ufpel.edu.br\/mercosul\/images\/concurso-igreja-porto.jpg\" target=\"_blank\">M\u00e1s informaciones<\/a><\/p>\n<p><a href=\"http:\/\/www.ufpel.edu.br\/mercosul\/images\/entre-ceu-terra.jpg\" target=\"_blank\"><img src=\"http:\/\/www.ufpel.edu.br\/mercosul\/images\/entre-ceu-terra-p.jpg\" alt=\"\" width=\"200\" height=\"426\" \/><\/a><\/p>\n<h4><strong>Libro de la serie\u00a0<em>Fronteiras da Integra\u00e7\u00e3o<\/em>\u00a0del Centro de Integraci\u00f3n del Mercosur de UFPel se lanzar\u00e1 en Rivera, Uruguay.\u00a0<\/strong><\/h4>\n<p><img src=\"http:\/\/www.ufpel.edu.br\/mercosul\/images\/Invitacion-livro-gladys-bentancour.jpg\" alt=\"\" width=\"200\" height=\"200\" \/><\/p>\n<p>La serie\u00a0<em>Fronteiras da Integra\u00e7\u00e3o<\/em>\u00a0constituye otra importante iniciativa de la Universidad Federal de Pelotas, del Centro de Integraci\u00f3n del Mercosur\/N\u00facleo de Estudios Fronterizos y de la Fundaci\u00f3n Sim\u00f3n Bol\u00edvar en el contexto de la integraci\u00f3n latinoamericana.<\/p>\n<p><a title=\"la serie Fronteiras da Integra\u00e7\u00e3o\" href=\"https:\/\/wp.ufpel.edu.br\/mercosul\/la-serie-fronteiras-da-integracao\/\">M\u00e1s informaciones<\/a><\/p>\n<p><strong>Local: SALA CULTURAL DE ANTEL<br \/>\nAgraciada, 333 \u2013 Rivera \u2013 Uruguay.<br \/>\nFecha: 14\/10\/11<br \/>\nHora: 19:30<\/strong><\/p>\n<p>&nbsp;<\/p>\n<h4><strong>CONFERENCIA<\/strong><\/h4>\n<p>&#8220;El\u00a0futuro de las relaciones\u00a0entre Brasil y Uruguay ante los desaf\u00edos que se presentan\u00a0en el marco del MERCOSUR\u00a0&#8221; impartida por el\u00a0Vice Canciller uruguayo Roberto\u00a0Conde.\u00a0El evento tendr\u00e1 lugar\u00a0el 11 de octubre\u00a0de 2011, en el auditorio\u00a0del\u00a0<em>Gabinete do\u00a0Reitor<\/em>,\u00a0en el Campus\u00a0Porto\u00a0de UFPel (Direcci\u00f3n:\u00a0Gomes Carneiro, n\u00ba 1,\u00a0Pelotas-RS).<\/p>\n<p>&nbsp;<\/p>\n<h4><strong>UFPel promueve el Congreso Internacional de Gesti\u00f3n P\u00fablica y Desarrollo Regional en el Mercosur<\/strong><br \/>\n<strong> <em><\/em><\/strong><\/h4>\n<h4><strong><em>23 de Agosto de 2011<\/em><\/strong><\/h4>\n<p><img src=\"http:\/\/www.ufpel.edu.br\/mercosul\/images\/cartaz-evento.jpg\" alt=\"\" width=\"200\" height=\"293\" \/><\/p>\n<p>La UFPel promueve, entre los d\u00edas 05 a 07 de octubre de 2011, en el auditorio del 4\u00b0 piso del Campus Porto, el Congreso Internacional de Gesti\u00f3n P\u00fablica y Desarrollo Regional en el Mercosur \u2013 El papel de la universidad. El evento tiene objetivo de reunir la comunidad acad\u00e9mica y la sociedad civil para tratar de temas relevantes al desarrollo y a la gesti\u00f3n p\u00fablica en el contexto del MERCOSUR.<br \/>\nSiendo la Universidad el espacio propicio para ese encuentro y debate, temas como: Fondo de Convergencia estructural y fortalecimento institucional del Mercosur \u2013 FOCEM, Consejo de Desarrollo Econ\u00f3mico y Social de RS, Planificaci\u00f3n estrat\u00e9gica municipal, Movimiento geoecon\u00f3mico de la frontera, Tecnolog\u00edas e Innovaci\u00f3n, Dificultades y Oportunidades en la frontera con Uruguay y Argentina, ser\u00e1n tratados, a partir de experiencias nacionales e internacionales.<\/p>\n<p>&nbsp;<\/p>\n<h4><strong>Teia cultural<\/strong><\/h4>\n<p>El Centro de Letras y Comunicaci\u00f3n de la UFPel realiz\u00f3, en los d\u00edas 08 y 09 de junio, la I Tela Cultural, evento que tuvo el objetivo de unir algunos de los diversos cursos de grado de la Universidad Federal de Pelotas en un encuentro de interdisciplinaridad, para proporcionar a docentes y a discentes una mayor interacci\u00f3n entre \u00e1reas, abordando diferentes aspectos culturales de la contemporaneidad.<\/p>\n<p><a title=\"Eventos y Noticias\" href=\"https:\/\/wp.ufpel.edu.br\/mercosul\/eventos-y-noticias\/\">[Volver]<\/a><\/p>\n<p style=\"text-align: left\"><span style=\"font-size: small\"><span style=\"line-height: normal\"><br \/>\n<\/span><\/span><\/p>\n","protected":false},"excerpt":{"rendered":"<p>Exposici\u00f3n de Concurso Fotogr\u00e1fico de la Iglesia del Puerto es de hasta 16 d\u00edas en el Centro de Integraci\u00f3n del MERCOSUR Teniendo en cuenta la calidad de las 45 fotos que integran la exposici\u00f3n del Concurso Fotogr\u00e1fico de la Iglesia de Porto, que comenz\u00f3 el d\u00eda 5\/12, la Coordinaci\u00f3n del Centro de Integraci\u00f3n del Mercosur [&hellip;]<\/p>\n","protected":false},"author":185,"featured_media":0,"parent":0,"menu_order":0,"comment_status":"closed","ping_status":"closed","template":"","meta":{"footnotes":"","_links_to":"","_links_to_target":""},"class_list":["post-727","page","type-page","status-publish","hentry"],"jetpack_sharing_enabled":true,"_links":{"self":[{"href":"https:\/\/wp.ufpel.edu.br\/mercosul\/wp-json\/wp\/v2\/pages\/727","targetHints":{"allow":["GET"]}}],"collection":[{"href":"https:\/\/wp.ufpel.edu.br\/mercosul\/wp-json\/wp\/v2\/pages"}],"about":[{"href":"https:\/\/wp.ufpel.edu.br\/mercosul\/wp-json\/wp\/v2\/types\/page"}],"author":[{"embeddable":true,"href":"https:\/\/wp.ufpel.edu.br\/mercosul\/wp-json\/wp\/v2\/users\/185"}],"replies":[{"embeddable":true,"href":"https:\/\/wp.ufpel.edu.br\/mercosul\/wp-json\/wp\/v2\/comments?post=727"}],"version-history":[{"count":6,"href":"https:\/\/wp.ufpel.edu.br\/mercosul\/wp-json\/wp\/v2\/pages\/727\/revisions"}],"predecessor-version":[{"id":732,"href":"https:\/\/wp.ufpel.edu.br\/mercosul\/wp-json\/wp\/v2\/pages\/727\/revisions\/732"}],"wp:attachment":[{"href":"https:\/\/wp.ufpel.edu.br\/mercosul\/wp-json\/wp\/v2\/media?parent=727"}],"curies":[{"name":"wp","href":"https:\/\/api.w.org\/{rel}","templated":true}]}}