{"id":724,"date":"2012-05-29T08:51:45","date_gmt":"2012-05-29T11:51:45","guid":{"rendered":"https:\/\/wp.ufpel.edu.br\/mercosul\/?page_id=724"},"modified":"2012-06-21T08:26:50","modified_gmt":"2012-06-21T11:26:50","slug":"2010-cim-2","status":"publish","type":"page","link":"https:\/\/wp.ufpel.edu.br\/mercosul\/2010-cim-2\/","title":{"rendered":"2010 &#8211; CIM"},"content":{"rendered":"<h4><strong>Curso de Inspecci\u00f3n Internacional en Transporte de Pasajeros y Mercanc\u00edas<\/strong><\/h4>\n<p><img src=\"http:\/\/www.ufpel.edu.br\/mercosul\/images\/1514.jpg\" alt=\"\" width=\"350\" height=\"234\" \/><\/p>\n<p>El aumento del tr\u00e1fico de veh\u00edculos de transporte de pasajeros y mercanc\u00edas normales o peligrosas por las carreteras del MERCOSUR motiv\u00f3 el Departamento de la Polic\u00eda Federal de Caminos, a crear el 1er Curso de T\u00e9cnicas Policiales de Inspecci\u00f3n de Transportes Nacionales y del MERCOSUR. La ciudad fue elegida como sede por su posici\u00f3n estrat\u00e9gica al transporte y, principalmente, por el frecuente flujo de la producci\u00f3n agr\u00edcola que sigue con destino al Oporto y a las fronteras secas. El rector general del Curso, Fl\u00e1vio Castagna de Freitas, resalta la relevancia de la Universidad Federal de Pelotas en asociarse al proyecto: \u201cLa apertura de la UFPel de asumir la responsabilidad y acoger el curso en el Centro de Integraci\u00f3n del MERCOSUR es muy importante para la regi\u00f3n\u201d. Participaron de las clases: policiales de caminos de siete Estados, de Uruguay y alumnos del Curso de Relaciones Internacionales de la UFPel.<\/p>\n<p><a title=\"Eventos y Noticias\" href=\"https:\/\/wp.ufpel.edu.br\/mercosul\/eventos-y-noticias\/\">[Volver]<\/a><\/p>\n","protected":false},"excerpt":{"rendered":"<p>Curso de Inspecci\u00f3n Internacional en Transporte de Pasajeros y Mercanc\u00edas El aumento del tr\u00e1fico de veh\u00edculos de transporte de pasajeros y mercanc\u00edas normales o peligrosas por las carreteras del MERCOSUR motiv\u00f3 el Departamento de la Polic\u00eda Federal de Caminos, a crear el 1er Curso de T\u00e9cnicas Policiales de Inspecci\u00f3n de Transportes Nacionales y del MERCOSUR. [&hellip;]<\/p>\n","protected":false},"author":185,"featured_media":0,"parent":0,"menu_order":0,"comment_status":"closed","ping_status":"closed","template":"","meta":{"footnotes":"","_links_to":"","_links_to_target":""},"class_list":["post-724","page","type-page","status-publish","hentry"],"jetpack_sharing_enabled":true,"_links":{"self":[{"href":"https:\/\/wp.ufpel.edu.br\/mercosul\/wp-json\/wp\/v2\/pages\/724","targetHints":{"allow":["GET"]}}],"collection":[{"href":"https:\/\/wp.ufpel.edu.br\/mercosul\/wp-json\/wp\/v2\/pages"}],"about":[{"href":"https:\/\/wp.ufpel.edu.br\/mercosul\/wp-json\/wp\/v2\/types\/page"}],"author":[{"embeddable":true,"href":"https:\/\/wp.ufpel.edu.br\/mercosul\/wp-json\/wp\/v2\/users\/185"}],"replies":[{"embeddable":true,"href":"https:\/\/wp.ufpel.edu.br\/mercosul\/wp-json\/wp\/v2\/comments?post=724"}],"version-history":[{"count":3,"href":"https:\/\/wp.ufpel.edu.br\/mercosul\/wp-json\/wp\/v2\/pages\/724\/revisions"}],"predecessor-version":[{"id":973,"href":"https:\/\/wp.ufpel.edu.br\/mercosul\/wp-json\/wp\/v2\/pages\/724\/revisions\/973"}],"wp:attachment":[{"href":"https:\/\/wp.ufpel.edu.br\/mercosul\/wp-json\/wp\/v2\/media?parent=724"}],"curies":[{"name":"wp","href":"https:\/\/api.w.org\/{rel}","templated":true}]}}