{"id":716,"date":"2012-05-29T08:47:37","date_gmt":"2012-05-29T11:47:37","guid":{"rendered":"https:\/\/wp.ufpel.edu.br\/mercosul\/?page_id=716"},"modified":"2012-05-29T09:09:37","modified_gmt":"2012-05-29T12:09:37","slug":"2008-cim-2","status":"publish","type":"page","link":"https:\/\/wp.ufpel.edu.br\/mercosul\/2008-cim-2\/","title":{"rendered":"2008 &#8211; CIM"},"content":{"rendered":"<p>&nbsp;<\/p>\n<p><img src=\"http:\/\/www.ufpel.edu.br\/mercosul\/images\/cartazvtaller.jpg\" alt=\"\" width=\"350\" height=\"252\" \/><\/p>\n<p>V Taller Did\u00e1ctico de Espa\u00f1ol. Lengua y Cultura frente a las Tecnologias de la Informaci\u00f3n y de la Comunicaci\u00f3n. El trabajo se desarrolla en forma de talleres impartidos por profesores de espa\u00f1ol. Primeramente se presentan los aspectos te\u00f3ricos que fundamentan las propuestas y enseguida los mismos talleres, o sea, el momento en que se comparte la experi\u00eancia pr\u00e1ctica.<\/p>\n<p><a title=\"Eventos y Noticias\" href=\"https:\/\/wp.ufpel.edu.br\/mercosul\/eventos-y-noticias\/\">[Volver]<\/a><\/p>\n","protected":false},"excerpt":{"rendered":"<p>&nbsp; V Taller Did\u00e1ctico de Espa\u00f1ol. Lengua y Cultura frente a las Tecnologias de la Informaci\u00f3n y de la Comunicaci\u00f3n. El trabajo se desarrolla en forma de talleres impartidos por profesores de espa\u00f1ol. Primeramente se presentan los aspectos te\u00f3ricos que fundamentan las propuestas y enseguida los mismos talleres, o sea, el momento en que se [&hellip;]<\/p>\n","protected":false},"author":185,"featured_media":0,"parent":0,"menu_order":0,"comment_status":"closed","ping_status":"closed","template":"","meta":{"footnotes":"","_links_to":"","_links_to_target":""},"class_list":["post-716","page","type-page","status-publish","hentry"],"jetpack_sharing_enabled":true,"_links":{"self":[{"href":"https:\/\/wp.ufpel.edu.br\/mercosul\/wp-json\/wp\/v2\/pages\/716","targetHints":{"allow":["GET"]}}],"collection":[{"href":"https:\/\/wp.ufpel.edu.br\/mercosul\/wp-json\/wp\/v2\/pages"}],"about":[{"href":"https:\/\/wp.ufpel.edu.br\/mercosul\/wp-json\/wp\/v2\/types\/page"}],"author":[{"embeddable":true,"href":"https:\/\/wp.ufpel.edu.br\/mercosul\/wp-json\/wp\/v2\/users\/185"}],"replies":[{"embeddable":true,"href":"https:\/\/wp.ufpel.edu.br\/mercosul\/wp-json\/wp\/v2\/comments?post=716"}],"version-history":[{"count":2,"href":"https:\/\/wp.ufpel.edu.br\/mercosul\/wp-json\/wp\/v2\/pages\/716\/revisions"}],"predecessor-version":[{"id":740,"href":"https:\/\/wp.ufpel.edu.br\/mercosul\/wp-json\/wp\/v2\/pages\/716\/revisions\/740"}],"wp:attachment":[{"href":"https:\/\/wp.ufpel.edu.br\/mercosul\/wp-json\/wp\/v2\/media?parent=716"}],"curies":[{"name":"wp","href":"https:\/\/api.w.org\/{rel}","templated":true}]}}