{"id":706,"date":"2012-05-29T08:33:49","date_gmt":"2012-05-29T11:33:49","guid":{"rendered":"https:\/\/wp.ufpel.edu.br\/mercosul\/?page_id=706"},"modified":"2019-08-21T12:01:02","modified_gmt":"2019-08-21T15:01:02","slug":"2006-cim-2","status":"publish","type":"page","link":"https:\/\/wp.ufpel.edu.br\/mercosul\/2006-cim-2\/","title":{"rendered":"2006 &#8211; CIM"},"content":{"rendered":"<h4><strong>I FORO PARA DISCUTIR USO DE ANIMALES EN LA ENSE\u00d1ANZA Y EN LA INVESTIGACI\u00d3N<\/strong><\/h4>\n<p><img src=\"http:\/\/www.ufpel.edu.br\/mercosul\/images\/evento_crmv.jpg\" alt=\"\" width=\"250\" height=\"188\" \/><\/p>\n<p>El Consejo de Medicina Veterinaria del R\u00edo Grande del Sur (CRMV) realiz\u00f3 el d\u00eda 1 de diciembre del pasado a\u00f1o en el Auditorio Sim\u00f3n Bol\u00edvar, el 1er. Foro para discutir el uso de animales en la ense\u00f1anza y en la investigaci\u00f3n con la presencia del Presidente del CRMV-RS, sr. Air Fagundes de los Santos y de la Comisi\u00f3n de \u00c9tica y Experimentaci\u00f3n Animal de la UFPEL, prof. Wladimir Padilla da Silva entre autoridades de la FURG y UFSM. Los temas abordados fueron: Concepciones \u00c9ticas en el Contexto de la Medicina Veterinaria, Aspectos Hist\u00f3ricos de la Utilizaci\u00f3n de animales en la ense\u00f1anza e investigaci\u00f3n. Alternativas a la utilizaci\u00f3n de animales sanos en disciplinas de cirug\u00eda de experimentaci\u00f3n en la biolog\u00eda y Modelos animales e investigaci\u00f3n y control de zoonosis: \u00bfQu\u00e9 y c\u00f3mo hacer?<\/p>\n<p>&nbsp;<\/p>\n<h4><strong>MINISTRO DE EDUCACI\u00d3N VISITA EL CENTRO DE INTEGRACI\u00d3N DEL MERCOSUR<\/strong><\/h4>\n<p><img src=\"http:\/\/www.ufpel.edu.br\/mercosul\/images\/reitor_ministro.jpg\" alt=\"\" width=\"250\" height=\"159\" \/><br \/>\nRector C\u00e9sar Borges y el Ministro Fernando Haddad<\/p>\n<p>En visita a la ciudad de Pelotas en septiembre del pasado a\u00f1o el Ministro de Educaci\u00f3n, Fernando Haddad cumpli\u00f3 extensa agenda en la zona sur. Visit\u00f3 obras del futuro campus Universitario del Puerto situado en el \u00e1rea del antiguo Frigor\u00edfico Anglo; el edificio de urgencias 24h de la UFPEL; en la Facultad de Medicina, inaugur\u00f3 las nuevas instalaciones del Directorio Acad\u00e9mico Naum Kaisermann y presidi\u00f3 la inauguraci\u00f3n del edificio hist\u00f3rico de la Carrera de Turismo en la esquina de la Calle F\u00e9lix da Cunha con la Plaza Coronel Pedro Osorio. Tras participar de la inauguraci\u00f3n de la casa hist\u00f3rica situada en la Plaza Coronel Pedro Osorio esquina F\u00e9lix da Cunha se dirigi\u00f3 al CIM donde fue entrevistado por una red de televisi\u00f3n y particip\u00f3 de la audiencia con alcaldes de la zona sur y enseguida regres\u00f3 a Brasilia.<\/p>\n<p>&nbsp;<\/p>\n<h4><strong>DIFUSI\u00d3N DEL PROYECTO \u201cINTERACCIONES URBANAS\u201d<\/strong><\/h4>\n<p><img src=\"http:\/\/www.ufpel.edu.br\/mercosul\/images\/interacoes-1.jpg\" alt=\"\" width=\"254\" height=\"158\" \/><br \/>\nDifusi\u00f3n del proyecto &#8220;Interacciones Urbanas&#8221;<\/p>\n<p>Interacciones Urbanas &#8211; Intervenciones art\u00edsticas en el entorno de la Plaza Coronel Pedro Osorio se trata de un evento de arte y cultura que tiene como palco la ciudad de Pelotas. Cuenta con muestra de obras de artistas nacionales en el entorno de la Plaza Coronel Pedro Osorio y bien as\u00ed exposici\u00f3n documental ilustrando la trayectoria de los artistas invitados y ciclo de charlas sobre el arte y cultura realizados en el CIM\/UFPEL. El objetivo es posibilitar una experiencia enriquecedora capaz de despertar reflexiones acerca de las relaciones existentes entre arte, ciudad y patrimonio hist\u00f3rico arquitect\u00f3nico. El evento es una realizaci\u00f3n de la Fundaci\u00f3n de Apoyo Universitario (FAU) en aparcer\u00eda con la Universidad Nacional de la ciudad de Pelotas y el Ayuntamiento de Pelotas con patrocinio del Programa MONUMENTA, UNESCO, Banco Interamericano de Desarrollo, IPHAN, Ministerio de Cultura y de la Fundaci\u00f3n Sim\u00f3n Bol\u00edvar.<\/p>\n<p style=\"text-align: left\"><span style=\"font-size: small\"><span style=\"line-height: normal\"><a title=\"Eventos y Noticias\" href=\"https:\/\/wp.ufpel.edu.br\/mercosul\/eventos-y-noticias\/\">[Volver]<\/a><br \/>\n<\/span><\/span><\/p>\n","protected":false},"excerpt":{"rendered":"<p>I FORO PARA DISCUTIR USO DE ANIMALES EN LA ENSE\u00d1ANZA Y EN LA INVESTIGACI\u00d3N El Consejo de Medicina Veterinaria del R\u00edo Grande del Sur (CRMV) realiz\u00f3 el d\u00eda 1 de diciembre del pasado a\u00f1o en el Auditorio Sim\u00f3n Bol\u00edvar, el 1er. Foro para discutir el uso de animales en la ense\u00f1anza y en la investigaci\u00f3n [&hellip;]<\/p>\n","protected":false},"author":185,"featured_media":0,"parent":0,"menu_order":0,"comment_status":"closed","ping_status":"closed","template":"","meta":{"footnotes":"","_links_to":"","_links_to_target":""},"class_list":["post-706","page","type-page","status-publish","hentry"],"jetpack_sharing_enabled":true,"_links":{"self":[{"href":"https:\/\/wp.ufpel.edu.br\/mercosul\/wp-json\/wp\/v2\/pages\/706","targetHints":{"allow":["GET"]}}],"collection":[{"href":"https:\/\/wp.ufpel.edu.br\/mercosul\/wp-json\/wp\/v2\/pages"}],"about":[{"href":"https:\/\/wp.ufpel.edu.br\/mercosul\/wp-json\/wp\/v2\/types\/page"}],"author":[{"embeddable":true,"href":"https:\/\/wp.ufpel.edu.br\/mercosul\/wp-json\/wp\/v2\/users\/185"}],"replies":[{"embeddable":true,"href":"https:\/\/wp.ufpel.edu.br\/mercosul\/wp-json\/wp\/v2\/comments?post=706"}],"version-history":[{"count":6,"href":"https:\/\/wp.ufpel.edu.br\/mercosul\/wp-json\/wp\/v2\/pages\/706\/revisions"}],"predecessor-version":[{"id":2710,"href":"https:\/\/wp.ufpel.edu.br\/mercosul\/wp-json\/wp\/v2\/pages\/706\/revisions\/2710"}],"wp:attachment":[{"href":"https:\/\/wp.ufpel.edu.br\/mercosul\/wp-json\/wp\/v2\/media?parent=706"}],"curies":[{"name":"wp","href":"https:\/\/api.w.org\/{rel}","templated":true}]}}