{"id":687,"date":"2012-05-28T15:00:38","date_gmt":"2012-05-28T18:00:38","guid":{"rendered":"https:\/\/wp.ufpel.edu.br\/mercosul\/?page_id=687"},"modified":"2012-05-28T15:02:49","modified_gmt":"2012-05-28T18:02:49","slug":"m-e-t-a-m-o-r-f-o-s-e","status":"publish","type":"page","link":"https:\/\/wp.ufpel.edu.br\/mercosul\/m-e-t-a-m-o-r-f-o-s-e\/","title":{"rendered":"M E T A M O R F O S E"},"content":{"rendered":"<p style=\"text-align: left\"><strong>\u00a0 \u00a0 \u00a0 \u00a0 \u00a0 \u00a0 \u00a0 \u00a0 \u00a0 \u00a0 \u00a0 \u00a0 \u00a0 \u00a0 \u00a0 \u00a0 \u00a0 \u00a0 \u00a0 \u00a0 \u00a0 \u00a0 \u00a0 \u00a0 \u00a0 \u00a0 \u00a0 \u00a0 \u00a0 \u00a0 \u00a0 \u00a0 Mostra Fotogr\u00e1fica<\/strong><\/p>\n<p>\u00a0<strong><em>A UFPEL (Universidade Federal De Pelotas) com a necessidade de ampliar seu espa\u00e7o acad\u00eamico adquiriu o pr\u00e9dio do antigo frigor\u00edfico ANGLO, ent\u00e3o fui solicitado para fazer um registro fotogr\u00e1fico da situa\u00e7\u00e3o no local. Quando comecei a realizar o trabalho, tendo conhecimento de parte da hist\u00f3ria de nossa cidade, surpreendi-me com o estado que se encontrava completamente em ru\u00ednas janelas, telhados, portas e paredes danificados pela a\u00e7\u00e3o do tempo e atos de vandalismo pelo abandono, fui ent\u00e3o colhendo imagens que julgava interessantes, (colunas de concreto alinhadas iluminadas por pequenos fachos de luz, telhas quebradas caindo ao ch\u00e3o, partes do madeiramento, entre outros detalhes da arquitetura), as obras da reforma iniciaram e continuei fotografando e entusiasmado com o resultado despertou-me um grande interesse em mostrar atrav\u00e9s da minha vis\u00e3o fotogr\u00e1fica a possibilidade de transforma\u00e7\u00e3o que a vida nos proporciona, pois a empresa que no passado havia oferecido emprego a uma grande parcela da popula\u00e7\u00e3o da classe oper\u00e1ria e na maioria sem qualifica\u00e7\u00e3o profissional, mesmo assim \u00a0contribuiu para o desenvolvimento da cidade \u00a0e em especial a regi\u00e3o do Porto, mas h\u00e1 muito com suas atividades encerradas , est\u00e1 sendo adaptado , para formar no futuro milhares de jovens de nossa cidade e arredores com \u00a0qualifica\u00e7\u00e3o profissional e mais valorizados para esse mercado de trabalho cada vez mais exigente.<\/em><\/strong><\/p>\n<p><strong><em>Motivo pelo qual tive a id\u00e9ia de fazer uma mostra fotogr\u00e1fica registrando o antes e o depois das reformas, a qual denominei \u201cM E T A M O R F O S E\u201d, na tentativa de sensibilizar as pessoas sobre a hist\u00f3ria de nossa cidade, na \u00e9poca o frigor\u00edfico ANGLO (empresa estrangeira) com a industrializa\u00e7\u00e3o da carne foi um marco de transforma\u00e7\u00e3o que encerrou a era do charque, a maior atividade econ\u00f4mica da cidade, hoje passa por uma transforma\u00e7\u00e3o, \u201dSaber em movimento\u201d.<\/em><\/strong><\/p>\n<p><strong><em><span style=\"text-decoration: underline\"><br \/>\n<\/span><\/em><\/strong><\/p>\n<p><strong><em><\/em><\/strong><strong><em><span style=\"text-decoration: underline\">JOS\u00c9 PACHECO (rep\u00f3rter fotogr\u00e1fico)<\/span><\/em><\/strong><\/p>\n<p>&nbsp;<\/p>\n<p style=\"text-align: center\"><strong>Clique nas imagens abaixo para acessar os \u00e1lbuns:<\/strong><\/p>\n<p style=\"text-align: center\"><a href=\"https:\/\/picasaweb.google.com\/116411847716124856715\/MetamorfoseColor\" target=\"_blank\"><img class=\"aligncenter size-medium wp-image-688\" src=\"https:\/\/wp.ufpel.edu.br\/mercosul\/files\/2012\/05\/IMG_0913-200x300.jpg\" alt=\"\" width=\"200\" height=\"300\" srcset=\"https:\/\/wp.ufpel.edu.br\/mercosul\/files\/2012\/05\/IMG_0913-200x300.jpg 200w, https:\/\/wp.ufpel.edu.br\/mercosul\/files\/2012\/05\/IMG_0913-684x1024.jpg 684w, https:\/\/wp.ufpel.edu.br\/mercosul\/files\/2012\/05\/IMG_0913.jpg 1368w\" sizes=\"(max-width: 200px) 100vw, 200px\" \/><\/a><\/p>\n<p style=\"text-align: center\"><strong>Mostra &#8211; Em cores<\/strong><\/p>\n<p style=\"text-align: center\"><a href=\"https:\/\/picasaweb.google.com\/116411847716124856715\/MetamorfosePB\" target=\"_blank\"><img class=\"aligncenter  wp-image-689\" src=\"https:\/\/wp.ufpel.edu.br\/mercosul\/files\/2012\/05\/2634-225x300.jpg\" alt=\"\" width=\"225\" height=\"300\" srcset=\"https:\/\/wp.ufpel.edu.br\/mercosul\/files\/2012\/05\/2634-225x300.jpg 225w, https:\/\/wp.ufpel.edu.br\/mercosul\/files\/2012\/05\/2634-768x1024.jpg 768w, https:\/\/wp.ufpel.edu.br\/mercosul\/files\/2012\/05\/2634.jpg 1536w\" sizes=\"(max-width: 225px) 100vw, 225px\" \/><\/a><\/p>\n<p style=\"text-align: center\"><strong>Mostra &#8211; Em Preto e Branco<\/strong><\/p>\n<p style=\"text-align: center\">\n<p style=\"text-align: center\"><a href=\"https:\/\/wp.ufpel.edu.br\/mercosul\/pt\/\"><strong>[Voltar]<\/strong><\/a><\/p>\n","protected":false},"excerpt":{"rendered":"<p>\u00a0 \u00a0 \u00a0 \u00a0 \u00a0 \u00a0 \u00a0 \u00a0 \u00a0 \u00a0 \u00a0 \u00a0 \u00a0 \u00a0 \u00a0 \u00a0 \u00a0 \u00a0 \u00a0 \u00a0 \u00a0 \u00a0 \u00a0 \u00a0 \u00a0 \u00a0 \u00a0 \u00a0 \u00a0 \u00a0 \u00a0 \u00a0 Mostra Fotogr\u00e1fica \u00a0A UFPEL (Universidade Federal De Pelotas) com a necessidade de ampliar seu espa\u00e7o acad\u00eamico adquiriu o pr\u00e9dio do antigo frigor\u00edfico ANGLO, [&hellip;]<\/p>\n","protected":false},"author":185,"featured_media":0,"parent":0,"menu_order":0,"comment_status":"closed","ping_status":"closed","template":"","meta":{"footnotes":"","_links_to":"","_links_to_target":""},"class_list":["post-687","page","type-page","status-publish","hentry"],"jetpack_sharing_enabled":true,"_links":{"self":[{"href":"https:\/\/wp.ufpel.edu.br\/mercosul\/wp-json\/wp\/v2\/pages\/687","targetHints":{"allow":["GET"]}}],"collection":[{"href":"https:\/\/wp.ufpel.edu.br\/mercosul\/wp-json\/wp\/v2\/pages"}],"about":[{"href":"https:\/\/wp.ufpel.edu.br\/mercosul\/wp-json\/wp\/v2\/types\/page"}],"author":[{"embeddable":true,"href":"https:\/\/wp.ufpel.edu.br\/mercosul\/wp-json\/wp\/v2\/users\/185"}],"replies":[{"embeddable":true,"href":"https:\/\/wp.ufpel.edu.br\/mercosul\/wp-json\/wp\/v2\/comments?post=687"}],"version-history":[{"count":9,"href":"https:\/\/wp.ufpel.edu.br\/mercosul\/wp-json\/wp\/v2\/pages\/687\/revisions"}],"predecessor-version":[{"id":700,"href":"https:\/\/wp.ufpel.edu.br\/mercosul\/wp-json\/wp\/v2\/pages\/687\/revisions\/700"}],"wp:attachment":[{"href":"https:\/\/wp.ufpel.edu.br\/mercosul\/wp-json\/wp\/v2\/media?parent=687"}],"curies":[{"name":"wp","href":"https:\/\/api.w.org\/{rel}","templated":true}]}}