{"id":610,"date":"2012-05-23T12:24:34","date_gmt":"2012-05-23T15:24:34","guid":{"rendered":"https:\/\/wp.ufpel.edu.br\/mercosul\/?page_id=610"},"modified":"2012-06-21T08:32:03","modified_gmt":"2012-06-21T11:32:03","slug":"localizacion","status":"publish","type":"page","link":"https:\/\/wp.ufpel.edu.br\/mercosul\/localizacion\/","title":{"rendered":"Localizaci\u00f3n"},"content":{"rendered":"<h4><strong>Universidad Nacional de la ciudad de Pelotas<\/strong><\/h4>\n<h4><strong>CENTRO DE INTEGRACI\u00d3N DEL MERCOSUR<\/strong><br \/>\n<strong> Calle Andrade Neves, 1529 &#8211; Pelotas, R\u00edo Grande del Sur &#8211; Brasil<\/strong><br \/>\n<strong> CEP 96020-080 &#8211; FAX: 55.53.3229 23 22<\/strong><br \/>\n<strong> Tel\u00e9fonos: 55.53.3222 03 54 \/ 3222 04 04<\/strong><\/h4>\n<p><a href=\"https:\/\/wp.ufpel.edu.br\/mercosul\/files\/2012\/05\/mapa.jpg\"><img class=\"aligncenter size-full wp-image-611\" src=\"https:\/\/wp.ufpel.edu.br\/mercosul\/files\/2012\/05\/mapa.jpg\" alt=\"\" width=\"455\" height=\"333\" srcset=\"https:\/\/wp.ufpel.edu.br\/mercosul\/files\/2012\/05\/mapa.jpg 455w, https:\/\/wp.ufpel.edu.br\/mercosul\/files\/2012\/05\/mapa-300x219.jpg 300w\" sizes=\"(max-width: 455px) 100vw, 455px\" \/><\/a><\/p>\n","protected":false},"excerpt":{"rendered":"<p>Universidad Nacional de la ciudad de Pelotas CENTRO DE INTEGRACI\u00d3N DEL MERCOSUR Calle Andrade Neves, 1529 &#8211; Pelotas, R\u00edo Grande del Sur &#8211; Brasil CEP 96020-080 &#8211; FAX: 55.53.3229 23 22 Tel\u00e9fonos: 55.53.3222 03 54 \/ 3222 04 04<\/p>\n","protected":false},"author":185,"featured_media":0,"parent":0,"menu_order":0,"comment_status":"closed","ping_status":"closed","template":"","meta":{"footnotes":"","_links_to":"","_links_to_target":""},"class_list":["post-610","page","type-page","status-publish","hentry"],"jetpack_sharing_enabled":true,"_links":{"self":[{"href":"https:\/\/wp.ufpel.edu.br\/mercosul\/wp-json\/wp\/v2\/pages\/610","targetHints":{"allow":["GET"]}}],"collection":[{"href":"https:\/\/wp.ufpel.edu.br\/mercosul\/wp-json\/wp\/v2\/pages"}],"about":[{"href":"https:\/\/wp.ufpel.edu.br\/mercosul\/wp-json\/wp\/v2\/types\/page"}],"author":[{"embeddable":true,"href":"https:\/\/wp.ufpel.edu.br\/mercosul\/wp-json\/wp\/v2\/users\/185"}],"replies":[{"embeddable":true,"href":"https:\/\/wp.ufpel.edu.br\/mercosul\/wp-json\/wp\/v2\/comments?post=610"}],"version-history":[{"count":2,"href":"https:\/\/wp.ufpel.edu.br\/mercosul\/wp-json\/wp\/v2\/pages\/610\/revisions"}],"predecessor-version":[{"id":612,"href":"https:\/\/wp.ufpel.edu.br\/mercosul\/wp-json\/wp\/v2\/pages\/610\/revisions\/612"}],"wp:attachment":[{"href":"https:\/\/wp.ufpel.edu.br\/mercosul\/wp-json\/wp\/v2\/media?parent=610"}],"curies":[{"name":"wp","href":"https:\/\/api.w.org\/{rel}","templated":true}]}}