{"id":578,"date":"2012-05-21T17:04:39","date_gmt":"2012-05-21T20:04:39","guid":{"rendered":"https:\/\/wp.ufpel.edu.br\/mercosul\/?page_id=578"},"modified":"2012-06-24T21:41:51","modified_gmt":"2012-06-25T00:41:51","slug":"2012-actividades-de-la-carrera-de-relaciones-internacionales","status":"publish","type":"page","link":"https:\/\/wp.ufpel.edu.br\/mercosul\/cursos-relacionados-con-el-cim\/carrera-de-relaciones-internacionales\/actividades-de-la-carrera-de-relaciones-internacionales\/2012-actividades-de-la-carrera-de-relaciones-internacionales\/","title":{"rendered":"2012 \u2013 Actividades de la Carrera de Relaciones Internacionales"},"content":{"rendered":"<h4>\u00a0<strong>El pr\u00f3ximo mi\u00e9rcoles (13-06) se celebrar\u00e1, a las 19h en el auditorio de la Facultad de Derecho, la 6 \u00aa edici\u00f3n del proyecto de extensi\u00f3n \u2018ConjuntuRI: An\u00e1lisis de la Coyuntura de las Relaciones Internacionales\u2019, organizado por el curso de Relaciones Internacionales de UFPel.<\/strong> La entrada es gratuita.<\/h4>\n<p>El ConjuntuRI es un proyecto de extensi\u00f3n que pretende acercar temas relevantes y actuales de las relaciones internacionales a las comunidades acad\u00e9mica y general, promoviendo\u00a0un\u00a0debate sobre estas cuestiones y objetivando comprender la coyuntura\u00a0existente detr\u00e1s de estas.<\/p>\n<p>El evento consta de tres partes: a) presentaci\u00f3n de informaciones generales sobre el tema tratado (datos econ\u00f3micos, pol\u00edticos, hist\u00f3ricos, geogr\u00e1ficos y culturales), una comisi\u00f3n de investigaci\u00f3n integrada por estudiantes de Relaciones Internacionales realizar\u00e1 esta presentaci\u00f3n; b) presentaci\u00f3n de los conferencistas, cada uno tendr\u00e1 20 minutos para hacer su explicaci\u00f3n del tema de la noche; y c) debate entre los presentes.<\/p>\n<p>El tema de esta edici\u00f3n es \u2018R\u00edo +20: Cr\u00f3nica de un fracaso anunciado\u2019. Dar\u00e1n las conferencias los profesores L\u00facio Fernandes, profesor del curso de Agronom\u00eda de UFPel; Airton Berger Filho, m\u00e1ster en Derecho por UCS; y Celso Elias Corradi, profesor de UFPel en el \u00e1rea ambiental.<\/p>\n<p>Se reservar\u00e1 un amplio espacio para el debate, que ser\u00e1 el prop\u00f3sito principal de la noche, en la que los asistentes podr\u00e1n hacer preguntas a los oradores y expresar sus opiniones sobre el tema.<\/p>\n<p>Para obtener m\u00e1s informaci\u00f3n, p\u00f3ngase en contacto con el correo electr\u00f3nico\u00a0<a href=\"mailto:conjunturi@hotmail.com\" target=\"_blank\">conjunturi@hotmail.com<\/a>.<\/p>\n<p><a href=\"https:\/\/wp.ufpel.edu.br\/mercosul\/files\/2012\/06\/riomaisvinte-final.jpg\"><img class=\"alignleft size-full wp-image-826\" src=\"https:\/\/wp.ufpel.edu.br\/mercosul\/files\/2012\/06\/riomaisvinte-final.jpg\" alt=\"\" width=\"960\" height=\"720\" srcset=\"https:\/\/wp.ufpel.edu.br\/mercosul\/files\/2012\/06\/riomaisvinte-final.jpg 960w, https:\/\/wp.ufpel.edu.br\/mercosul\/files\/2012\/06\/riomaisvinte-final-300x225.jpg 300w\" sizes=\"(max-width: 960px) 100vw, 960px\" \/><\/a><\/p>\n<p>&nbsp;<\/p>\n<p>&nbsp;<\/p>\n<p>&nbsp;<\/p>\n<p>&nbsp;<\/p>\n<p>&nbsp;<\/p>\n<p>&nbsp;<\/p>\n<h4><\/h4>\n<h4><\/h4>\n<h4><\/h4>\n<h4><\/h4>\n<h4><\/h4>\n<h4><\/h4>\n<h4><\/h4>\n<h4><\/h4>\n<h4><\/h4>\n<h4><\/h4>\n<h4><\/h4>\n<h4><\/h4>\n<h4><\/h4>\n<h4><\/h4>\n<h4><strong>Con el tema &#8220;Sociedad Civil Global 2.0: redes sociales y activismo transnacional&#8221;, se inaugur\u00f3 el jueves (17\/05), en el auditorio de la Facultad de Derecho de UFPel, la quinta edici\u00f3n de &#8220;ConjuntuRI: An\u00e1lisis de la Coyuntura de las Relaciones Internacionales&#8221;, un proyecto de extensi\u00f3n universitaria del curso de Relaciones Internacionales de UFPel. El evento permite la discusi\u00f3n de la actualidad de los movimientos sociales globales y el uso de las redes virtuales como un instrumento de articulaci\u00f3n pol\u00edtica m\u00e1s all\u00e1 de las fronteras nacionales.<\/strong><\/h4>\n<p><a href=\"https:\/\/wp.ufpel.edu.br\/mercosul\/files\/2012\/05\/ri.jpg\"><img class=\"aligncenter size-medium wp-image-459\" src=\"https:\/\/wp.ufpel.edu.br\/mercosul\/files\/2012\/05\/ri-300x225.jpg\" alt=\"\" width=\"300\" height=\"225\" srcset=\"https:\/\/wp.ufpel.edu.br\/mercosul\/files\/2012\/05\/ri-300x225.jpg 300w, https:\/\/wp.ufpel.edu.br\/mercosul\/files\/2012\/05\/ri.jpg 960w\" sizes=\"(max-width: 300px) 100vw, 300px\" \/><\/a><br \/>\n<a href=\"https:\/\/wp.ufpel.edu.br\/mercosul\/files\/2012\/05\/5\u00aaedi\u00e7\u00e3oconjunturi2012img_98111.jpg\"><img class=\"aligncenter\" src=\"https:\/\/wp.ufpel.edu.br\/mercosul\/files\/2012\/05\/5\u00aaedi\u00e7\u00e3oconjunturi2012img_98111-300x200.jpg\" alt=\"\" width=\"300\" height=\"200\" \/><\/a><\/p>\n<h4><\/h4>\n<p><a href=\"https:\/\/wp.ufpel.edu.br\/mercosul\/files\/2012\/05\/5\u00aaedi\u00e7\u00e3oconjunturi2img_98161.jpg\"><img class=\"aligncenter\" src=\"https:\/\/wp.ufpel.edu.br\/mercosul\/files\/2012\/05\/5\u00aaedi\u00e7\u00e3oconjunturi2img_98161-300x200.jpg\" alt=\"\" width=\"300\" height=\"200\" \/><\/a><\/p>\n<p>Organizado por los estudiantes de Relaciones Internacionales, el ConjuntuRI es un proyecto de extensi\u00f3n que pretende acercar temas relevantes y actuales de las relaciones internacionales a las comunidades acad\u00e9mica y general, promoviendo un debate sobre estas cuestiones y objetivando comprender la coyuntura en la que \u00e9stas se insertan.<\/p>\n<p><a href=\"https:\/\/wp.ufpel.edu.br\/mercosul\/files\/2012\/05\/5\u00aaedi\u00e7\u00e3oconjunturi3img_98041.jpg\"><img class=\"aligncenter size-medium wp-image-573\" src=\"https:\/\/wp.ufpel.edu.br\/mercosul\/files\/2012\/05\/5\u00aaedi\u00e7\u00e3oconjunturi3img_98041-300x200.jpg\" alt=\"\" width=\"300\" height=\"200\" srcset=\"https:\/\/wp.ufpel.edu.br\/mercosul\/files\/2012\/05\/5\u00aaedi\u00e7\u00e3oconjunturi3img_98041-300x200.jpg 300w, https:\/\/wp.ufpel.edu.br\/mercosul\/files\/2012\/05\/5\u00aaedi\u00e7\u00e3oconjunturi3img_98041-1024x682.jpg 1024w, https:\/\/wp.ufpel.edu.br\/mercosul\/files\/2012\/05\/5\u00aaedi\u00e7\u00e3oconjunturi3img_98041.jpg 1167w\" sizes=\"(max-width: 300px) 100vw, 300px\" \/><\/a><\/p>\n<p>El evento consta de tres partes: a) presentaci\u00f3n de informaciones generales sobre el tema tratado (datos econ\u00f3micos, pol\u00edticos, hist\u00f3ricos, geogr\u00e1ficos y culturales), hecha por una comisi\u00f3n de investigaci\u00f3n integrada por estudiantes de Relaciones Internacionales de UFPel; b) presentaci\u00f3n de los conferencistas (cada uno tiene 20 minutos para hacer su explicaci\u00f3n del tema de la noche); y c) debate entre los presentes.<\/p>\n<p>En esta edici\u00f3n, dan las conferencias los profesores Vanessa Marx, estudiante de posdoctorado y profesora colaboradora del posgrado en Ciencias Pol\u00edticas de UFRGS; Marcelo Kunrath Silva, Doctor en Sociolog\u00eda por UFRGS; y Luciana Ballestrin, Doctora en Ciencias Pol\u00edticas por UFMG y profesora del curso de Relaciones Internacionales de UFPel.<\/p>\n<p>&nbsp;<\/p>\n<h4><strong>Se inaugur\u00f3 en la noche del mi\u00e9rcoles (16\/05), en el edificio del\u00a0<em>Liceu<\/em>, la nueva biblioteca del curso de Relaciones Internacionales. El rector Cesar Borges estuvo presente en el acto y antes de la inauguraci\u00f3n en el Centro de Integraci\u00f3n del Mercosur dio una breve conferencia y habl\u00f3 con los alumnos del curso.<\/strong><\/h4>\n<p><a href=\"https:\/\/wp.ufpel.edu.br\/mercosul\/files\/2012\/05\/img_98011.jpg\"><img class=\"alignleft size-large wp-image-655\" src=\"https:\/\/wp.ufpel.edu.br\/mercosul\/files\/2012\/05\/img_98011-1024x682.jpg\" alt=\"\" width=\"645\" height=\"429\" srcset=\"https:\/\/wp.ufpel.edu.br\/mercosul\/files\/2012\/05\/img_98011-1024x682.jpg 1024w, https:\/\/wp.ufpel.edu.br\/mercosul\/files\/2012\/05\/img_98011-300x200.jpg 300w, https:\/\/wp.ufpel.edu.br\/mercosul\/files\/2012\/05\/img_98011.jpg 1245w\" sizes=\"(max-width: 645px) 100vw, 645px\" \/><\/a><\/p>\n<p>&nbsp;<\/p>\n<p><a href=\"https:\/\/wp.ufpel.edu.br\/mercosul\/cursos-relacionados-con-el-cim\/carrera-de-relaciones-internacionales\/actividades-de-la-carrera-de-relaciones-internacionales\/\">[Volver]<\/a><a href=\"https:\/\/wp.ufpel.edu.br\/mercosul\/files\/2012\/05\/5\u00aaedi\u00e7\u00e3oconjunturi2img_98161.jpg\"><br \/>\n<\/a><a href=\"https:\/\/wp.ufpel.edu.br\/mercosul\/files\/2012\/05\/5\u00aaedi\u00e7\u00e3oconjunturi2012img_98111.jpg\"><br \/>\n<\/a><\/p>\n","protected":false},"excerpt":{"rendered":"<p>\u00a0El pr\u00f3ximo mi\u00e9rcoles (13-06) se celebrar\u00e1, a las 19h en el auditorio de la Facultad de Derecho, la 6 \u00aa edici\u00f3n del proyecto de extensi\u00f3n \u2018ConjuntuRI: An\u00e1lisis de la Coyuntura de las Relaciones Internacionales\u2019, organizado por el curso de Relaciones Internacionales de UFPel. La entrada es gratuita. El ConjuntuRI es un proyecto de extensi\u00f3n que [&hellip;]<\/p>\n","protected":false},"author":185,"featured_media":0,"parent":244,"menu_order":0,"comment_status":"closed","ping_status":"closed","template":"","meta":{"footnotes":"","_links_to":"","_links_to_target":""},"class_list":["post-578","page","type-page","status-publish","hentry"],"jetpack_sharing_enabled":true,"_links":{"self":[{"href":"https:\/\/wp.ufpel.edu.br\/mercosul\/wp-json\/wp\/v2\/pages\/578","targetHints":{"allow":["GET"]}}],"collection":[{"href":"https:\/\/wp.ufpel.edu.br\/mercosul\/wp-json\/wp\/v2\/pages"}],"about":[{"href":"https:\/\/wp.ufpel.edu.br\/mercosul\/wp-json\/wp\/v2\/types\/page"}],"author":[{"embeddable":true,"href":"https:\/\/wp.ufpel.edu.br\/mercosul\/wp-json\/wp\/v2\/users\/185"}],"replies":[{"embeddable":true,"href":"https:\/\/wp.ufpel.edu.br\/mercosul\/wp-json\/wp\/v2\/comments?post=578"}],"version-history":[{"count":8,"href":"https:\/\/wp.ufpel.edu.br\/mercosul\/wp-json\/wp\/v2\/pages\/578\/revisions"}],"predecessor-version":[{"id":987,"href":"https:\/\/wp.ufpel.edu.br\/mercosul\/wp-json\/wp\/v2\/pages\/578\/revisions\/987"}],"up":[{"embeddable":true,"href":"https:\/\/wp.ufpel.edu.br\/mercosul\/wp-json\/wp\/v2\/pages\/244"}],"wp:attachment":[{"href":"https:\/\/wp.ufpel.edu.br\/mercosul\/wp-json\/wp\/v2\/media?parent=578"}],"curies":[{"name":"wp","href":"https:\/\/api.w.org\/{rel}","templated":true}]}}