{"id":529,"date":"2012-05-17T10:30:46","date_gmt":"2012-05-17T13:30:46","guid":{"rendered":"https:\/\/wp.ufpel.edu.br\/mercosul\/?page_id=529"},"modified":"2019-07-18T17:13:45","modified_gmt":"2019-07-18T20:13:45","slug":"divulgacoes-do-cim","status":"publish","type":"page","link":"https:\/\/wp.ufpel.edu.br\/mercosul\/divulgacoes-do-cim\/","title":{"rendered":"Grito Pampeano"},"content":{"rendered":"<h4 style=\"text-align: center\"><span style=\"font-size: 14pt\"><strong>Programa Grito Pampeano &#8211; R\u00e1dio Federal FM 107,9<\/strong><\/span><\/h4>\n<p><img class=\"aligncenter\" src=\"http:\/\/www.ufpel.edu.br\/mercosul\/images\/grito_pampeano_logom.jpg\" alt=\"\" width=\"300\" height=\"289\" \/><\/p>\n<p align=\"left\"><span style=\"font-size: 12pt\">Partindo das necessidades de resgate de nossas manifesta\u00e7\u00f5es art\u00edstico-culturais de car\u00e1ter folcl\u00f3rico e de fomento de manifesta\u00e7\u00f5es de proje\u00e7\u00e3o folcl\u00f3rica, e tendo consci\u00eancia de que os usos, costumes, voc\u00e1bulos, dan\u00e7as, ritmos, instrumentos musicais etc. tidos como t\u00edpicos do Rio Grande do Sul n\u00e3o s\u00e3o, em sua maioria, exclusivos do territ\u00f3rio hoje pertencente ao nosso Estado e sim compartilhado por extensa \u00e1rea geogr\u00e1fica do centro sul da Am\u00e9rica do Sul, \u00e9 que surgiu o Programa Grito Pampeano, com o objetivo de apresentar diferenciada sele\u00e7\u00e3o musical, que abrange toda esta regi\u00e3o de semelhan\u00e7as culturais marcantes.<\/span><\/p>\n<p><span style=\"font-size: 12pt\">A id\u00e9ia do programa surgiu no in\u00edcio do ano de 2005, com os acad\u00eamicos de Medicina Veterin\u00e1ria da Universidade Federal de Pelotas, Bruno Donato e Eric Barreto, que passando do plano das id\u00e9ias, resolveram tomar iniciativa. Por interm\u00e9dio do acad\u00eamico de Biologia Luciano Almeida, apresentaram a proposta \u00e0 emissora da Universidade, a R\u00e1dio Federal FM, que recebeu o projeto e ap\u00f3s algumas negocia\u00e7\u00f5es abra\u00e7ou a causa do Grito Pampeano, que come\u00e7ou a ir ao ar no final do mesmo ano. Em pouco mais de um ano no ar, o programa Grito Pampeano conseguiu satisfazer os ouvidos dos que j\u00e1 conheciam a m\u00fasica ga\u00facha da Argentina e Uruguai, e que sentiam a car\u00eancia de um programa que as veiculasse. Conseguiu tamb\u00e9m fazer com que apreciadores da m\u00fasica nativista feita no Rio Grande do Sul, passassem a conhecer e admirar as obras equivalentes de al\u00e9m fronteiras e ainda cativou uma parcela significativa de ouvintes que n\u00e3o conheciam a m\u00fasica do homem de bota e bombacha.<\/span><\/p>\n<p><span style=\"font-size: 14pt\"><span style=\"font-size: 12pt\">O Programa Grito Pampeano acaba por congregar a importante col\u00f4nia pessoas oriundas de pa\u00edses vizinhos que h\u00e1 em Pelotas e regi\u00e3o. Serve como instrumento de fortalecimento do Cone Sul, por ser a arte e, notadamente a m\u00fasica, um elemento de integra\u00e7\u00e3o de povos. Outra marca do programa \u00e9 a veicula\u00e7\u00e3o de m\u00fasicas de festivais nativistas do Rio Grande do<\/span> <span style=\"font-size: 12pt\">Sul e Santa Catarina, que acontece muitas vezes em primeira m\u00e3o, algo importante uma vez que nestes festivais surgem os maiores talentos do nativismo.<\/span><\/span><\/p>\n<p><span style=\"font-size: 12pt\"><img class=\"aligncenter\" src=\"http:\/\/www.ufpel.edu.br\/mercosul\/images\/grito_pampeano_foto-ricardobrandon.jpg\" alt=\"\" width=\"254\" height=\"169\" \/><\/span><\/p>\n<p><span style=\"font-size: 12pt\">Foi adotado como s\u00edmbolo do programa o tah\u00e3, ou tarr\u00e3 (Chauna torquata) ave de som peculiar e marcante, t\u00edpica das plan\u00edcies e banhados de nossa regi\u00e3o. \u00c9 a segunda maior ave voadora do mundo.<\/span><\/p>\n<p><span style=\"font-size: 12pt\">Com dura\u00e7\u00e3o de duas horas, vai ao ar todas as quartas-feiras \u00e0s 20 horas, reprisado\u00a0 \u00a0aos domingos \u00e0s 18 horas, na R\u00e1dio Federal FM 107,9 MHz.<\/span><\/p>\n<p style=\"text-align: center\"><span style=\"font-size: 12pt\"><a href=\"http:\/\/federalfm.ufpel.edu.br\/player.php\" target=\"_blank\" rel=\"noopener noreferrer\"><img src=\"http:\/\/www.ufpel.edu.br\/mercosul\/images\/noar_off.jpg\" alt=\"\" width=\"96\" height=\"46\" border=\"0\" \/><\/a><\/span><br \/>\n<span style=\"font-size: 12pt\"><a href=\"http:\/\/federalfm.ufpel.edu.br\/player.php\" target=\"_blank\" rel=\"noopener noreferrer\">Ou\u00e7a ao vivo<br \/>\na Federal FM!<\/a><\/span><\/p>\n","protected":false},"excerpt":{"rendered":"<p>Programa Grito Pampeano &#8211; R\u00e1dio Federal FM 107,9 Partindo das necessidades de resgate de nossas manifesta\u00e7\u00f5es art\u00edstico-culturais de car\u00e1ter folcl\u00f3rico e de fomento de manifesta\u00e7\u00f5es de proje\u00e7\u00e3o folcl\u00f3rica, e tendo consci\u00eancia de que os usos, costumes, voc\u00e1bulos, dan\u00e7as, ritmos, instrumentos musicais etc. tidos como t\u00edpicos do Rio Grande do Sul n\u00e3o s\u00e3o, em sua maioria, [&hellip;]<\/p>\n","protected":false},"author":185,"featured_media":0,"parent":0,"menu_order":0,"comment_status":"closed","ping_status":"closed","template":"","meta":{"footnotes":"","_links_to":"","_links_to_target":""},"class_list":["post-529","page","type-page","status-publish","hentry"],"jetpack_sharing_enabled":true,"_links":{"self":[{"href":"https:\/\/wp.ufpel.edu.br\/mercosul\/wp-json\/wp\/v2\/pages\/529","targetHints":{"allow":["GET"]}}],"collection":[{"href":"https:\/\/wp.ufpel.edu.br\/mercosul\/wp-json\/wp\/v2\/pages"}],"about":[{"href":"https:\/\/wp.ufpel.edu.br\/mercosul\/wp-json\/wp\/v2\/types\/page"}],"author":[{"embeddable":true,"href":"https:\/\/wp.ufpel.edu.br\/mercosul\/wp-json\/wp\/v2\/users\/185"}],"replies":[{"embeddable":true,"href":"https:\/\/wp.ufpel.edu.br\/mercosul\/wp-json\/wp\/v2\/comments?post=529"}],"version-history":[{"count":7,"href":"https:\/\/wp.ufpel.edu.br\/mercosul\/wp-json\/wp\/v2\/pages\/529\/revisions"}],"predecessor-version":[{"id":2477,"href":"https:\/\/wp.ufpel.edu.br\/mercosul\/wp-json\/wp\/v2\/pages\/529\/revisions\/2477"}],"wp:attachment":[{"href":"https:\/\/wp.ufpel.edu.br\/mercosul\/wp-json\/wp\/v2\/media?parent=529"}],"curies":[{"name":"wp","href":"https:\/\/api.w.org\/{rel}","templated":true}]}}