{"id":506,"date":"2012-05-17T09:17:42","date_gmt":"2012-05-17T12:17:42","guid":{"rendered":"https:\/\/wp.ufpel.edu.br\/mercosul\/?page_id=506"},"modified":"2012-05-17T09:17:42","modified_gmt":"2012-05-17T12:17:42","slug":"2%cb%9a-rp-mon-desarrolla-curso-binacional-del-proerd-en-santana-do-livramento","status":"publish","type":"page","link":"https:\/\/wp.ufpel.edu.br\/mercosul\/2%cb%9a-rp-mon-desarrolla-curso-binacional-del-proerd-en-santana-do-livramento\/","title":{"rendered":"2\u02da RP Mon  DESARROLLA CURSO BINACIONAL DEL PROERD EN SANTANA DO LIVRAMENTO."},"content":{"rendered":"<p><strong><em>TRADUCCI\u00d3N (Marisa Helena Degasperi)<\/em><\/strong><\/p>\n<p>Con el objetivo de aumentar la red de protecci\u00f3n junto a la frontera de la Paz, la 2\u00ba R P Mon en Santana do Livramento desarrollar\u00e1 el 1\u00ba Curso de Prevenci\u00f3n de Drogas Binacional que ser\u00e1 desarrollado en colaboraci\u00f3n entre la Brigada Militar y el Centro de Integraci\u00f3n del Mercosur\/N\u00facleo de Estudios Fronterizos- Santana do Livramento.<br \/>\nEl curso de Prevenci\u00f3n de Drogas, Proerd- curr\u00edculo para Adultos, es la m\u00e1s nueva herramienta que la Brigada Militar posee en la construcci\u00f3n de concienciaci\u00f3n de prevenci\u00f3n de las drogas y de la violencia. La idea es desarrollar a 1\u00aa edici\u00f3n Binacional entre los meses de junio y julio del corriente, junto al edificio del Centro de Integraci\u00f3n del Mercosur\/N\u00facleo de Estudios Fronterizos- Santana\u00a0 del Livramento.<br \/>\nEl proyecto se justifica teniendo en cuenta nuestra localizaci\u00f3n geogr\u00e1fica, que nos une frente a este tema, as\u00ed como la necesidad de trabajar la idea de implantaci\u00f3n del Curr\u00edculo del Proerd frente a las escuelas del vecino pa\u00eds, resaltan los organizadores.<\/p>\n<p>La previsi\u00f3n para inicio de las actividades es para las fechas de 14, 21, 28 de junio, y 05, 12 de julio, con una carga horaria de 10 horas clase, siendo divididas en 5 fechas con 2h cada, a cargo del Mentor del Proerd, sd Luis Eduardo Couto Pereira, con clases de las 14h a las 16h.<\/p>\n<p>Los participantes del curso reciben el material, los cuales tiene que tener la frecuencia del 75% de aprovechamiento para participar de la ceremonia de clasura, con una planificaci\u00f3n de participantes envolviendo uruguayos y brasile\u00f1os.<br \/>\nVarios segmentos del \u00e1rea est\u00e1n siendo invitados, con la fecha l\u00edmite de 7 de junio para inscripciones.<br \/>\nLos organizadores del curso ofrecen a la comunidad de la Frontera de la paz, 10 vacantes para la comunidad en general, en que 5 son \u00a0para brasile\u00f1os y 5 para uruguayos, con el total previsto de 30 participantes.<br \/>\nLas inscripciones pueden ser realizadas directamente en el edificio del Centro de Integraci\u00f3n del Mercosur\/N\u00facleo de Estudios Fronterizos &#8211; Santana\u00a0 do Livramento, localizado en la calle Duque de Caxias, 1759, tel\u00e9fono 55 3243-6444, en el horario entre 13 las 17h30 minutos a partir de este pr\u00f3ximo lunes.<\/p>\n<p><em>Con Soc 2\u02da RP Mon, 23h50min, 27 mayo 2011.<\/em><\/p>\n","protected":false},"excerpt":{"rendered":"<p>TRADUCCI\u00d3N (Marisa Helena Degasperi) Con el objetivo de aumentar la red de protecci\u00f3n junto a la frontera de la Paz, la 2\u00ba R P Mon en Santana do Livramento desarrollar\u00e1 el 1\u00ba Curso de Prevenci\u00f3n de Drogas Binacional que ser\u00e1 desarrollado en colaboraci\u00f3n entre la Brigada Militar y el Centro de Integraci\u00f3n del Mercosur\/N\u00facleo de [&hellip;]<\/p>\n","protected":false},"author":185,"featured_media":0,"parent":0,"menu_order":0,"comment_status":"closed","ping_status":"closed","template":"","meta":{"footnotes":"","_links_to":"","_links_to_target":""},"class_list":["post-506","page","type-page","status-publish","hentry"],"jetpack_sharing_enabled":true,"_links":{"self":[{"href":"https:\/\/wp.ufpel.edu.br\/mercosul\/wp-json\/wp\/v2\/pages\/506","targetHints":{"allow":["GET"]}}],"collection":[{"href":"https:\/\/wp.ufpel.edu.br\/mercosul\/wp-json\/wp\/v2\/pages"}],"about":[{"href":"https:\/\/wp.ufpel.edu.br\/mercosul\/wp-json\/wp\/v2\/types\/page"}],"author":[{"embeddable":true,"href":"https:\/\/wp.ufpel.edu.br\/mercosul\/wp-json\/wp\/v2\/users\/185"}],"replies":[{"embeddable":true,"href":"https:\/\/wp.ufpel.edu.br\/mercosul\/wp-json\/wp\/v2\/comments?post=506"}],"version-history":[{"count":1,"href":"https:\/\/wp.ufpel.edu.br\/mercosul\/wp-json\/wp\/v2\/pages\/506\/revisions"}],"predecessor-version":[{"id":507,"href":"https:\/\/wp.ufpel.edu.br\/mercosul\/wp-json\/wp\/v2\/pages\/506\/revisions\/507"}],"wp:attachment":[{"href":"https:\/\/wp.ufpel.edu.br\/mercosul\/wp-json\/wp\/v2\/media?parent=506"}],"curies":[{"name":"wp","href":"https:\/\/api.w.org\/{rel}","templated":true}]}}