{"id":497,"date":"2012-05-17T08:49:59","date_gmt":"2012-05-17T11:49:59","guid":{"rendered":"https:\/\/wp.ufpel.edu.br\/mercosul\/?page_id=497"},"modified":"2012-05-29T09:16:14","modified_gmt":"2012-05-29T12:16:14","slug":"2011-cef","status":"publish","type":"page","link":"https:\/\/wp.ufpel.edu.br\/mercosul\/centro-de-estudios-fronterizos\/actividades-del-centro-de-estudios-fronterizos\/2011-cef\/","title":{"rendered":"2011 &#8211; Centro de Estudios Fronterizos"},"content":{"rendered":"<p>Seguridad p\u00fablica en la frontera Brasil-Uruguay en debate<\/p>\n<p><img src=\"http:\/\/www.ufpel.edu.br\/mercosul\/images\/fotoseguranca.jpg\" alt=\"\" width=\"350\" height=\"263\" \/><\/p>\n<p>Cumpliendo con uno de sus objetivos en el proceso de integraci\u00f3n fronteriza en el Mercosur, el N\u00facleo de Estudios Fronterizos de UFPel organiz\u00f3, el 29 pasado, la reuni\u00f3n t\u00e9cnica entre representantes de la Polic\u00eda Militar del Estado de Rio Grande do Sul y la Polic\u00eda de Uruguay, con sede en Rivera. La reuni\u00f3n trat\u00f3 sobre la cooperaci\u00f3n e implementaci\u00f3n del Programa de Prevenci\u00f3n y Lucha contra las Drogas y la Violencia (PROERD) en la frontera Brasil-Uruguay. Esta iniciativa pionera servir\u00e1 para fortalecer la acci\u00f3n de los \u00f3rganos de seguridad en el Mercosur y aumentar la red de protecci\u00f3n contra las drogas y la prevenci\u00f3n de la violencia en la frontera.<\/p>\n<p>El Programa Educativo de Resistencia a las Drogas (PROERD) fue creado bajo los auspicios del programa estadounidense\u00a0<em>D.A.R.E. (Drug Abuse Resistance Education)<\/em>, surgido en 1983. Se implement\u00f3 en Brasil en 1992 y cuenta con cuatro cursos: PROERD para la educaci\u00f3n infantil, 4\u00b0 y 6\u00b0 series de la ense\u00f1anza fundamental y Curso PROERD para los padres. La reuni\u00f3n celebrada en la frontera Santana do Livramento-Rivera cont\u00f3 con la representaci\u00f3n brasile\u00f1a del coronel Fl\u00e1vio da Silva Lopes, el teniente coronel Ant\u00f4nio Osmar da Silva y el capit\u00e1n Cilon Freitas da Silva y de Uruguay del inspector mayor Luis Madera Brasil, el comisario Fernando Os\u00f3rio Porto y el comisario inspector Gualberto Acosta.<\/p>\n<p><a href=\"http:\/\/www.ufpel.edu.br\/mercosul\/images\/mesa-redonda-polo-2011.jpg\" target=\"_blank\"><img src=\"http:\/\/www.ufpel.edu.br\/mercosul\/images\/mesa-redonda-polo-2011-medio.jpg\" alt=\"\" width=\"350\" height=\"497\" \/><\/a><\/p>\n<p>&nbsp;<\/p>\n<h2>N\u00facleo de Estudios Fronterizos es sede de encuentro sobre integraci\u00f3n<br \/>\n<em>22 de Noviembre de 2011<\/em><\/h2>\n<p><img src=\"http:\/\/www.ufpel.edu.br\/mercosul\/images\/nef.jpg\" alt=\"\" width=\"350\" height=\"263\" \/><\/p>\n<p>Tuvo lugar en el N\u00facleo de Estudios Fronterizos del Centro de Integraci\u00f3n del Mercosur\/UFPel en la frontera Santana do Livramento-Rivera la reuni\u00f3n de trabajo entre la Asesor\u00eda Superior del Gobernador del Estado de Rio Grande do Sul\/Coordinaci\u00f3n de Relaciones Internacionales, profesores y t\u00e9cnicos de la Universidade Federal de Pelotas, representantes del Programa de Desarrollo Local ART de Uruguay y el Programa de las Naciones Unidas para el Desarrollo (PNUD), Intendencias de Cerro Largo, Rivera y Artigas, representantes de la Agencia de Desarrollo de Rivera y Cerro Largo, profesores de la Universidad de la Rep\u00fablica (UDELAR) y el Fondo Andaluz de Municipios para la Solidaridad Internacional (FAMSI).<\/p>\n<p>Durante los trabajos se presentaron los principales proyectos y acciones de las instituciones reunidas, con el fin de compartir experiencias y posibilitar la cooperaci\u00f3n y elaboraci\u00f3n de proyectos de desarrollo e integraci\u00f3n fronteriza Brasil-Uruguay.\u00a0En este sentido, la experiencia europea fue narrada por el Consultor Sr. Juan de Dios Garcia Serrano, experto en direcci\u00f3n estrat\u00e9gica de organizaciones y territorios, gesti\u00f3n del conocimiento, direcci\u00f3n de procesos de gesti\u00f3n del cambio, especialista internacional en el campo del desarrollo de la Econom\u00eda Social tanto en Espa\u00f1a, Am\u00e9rica Latina y Magreb, y consultor de proyectos de la Alianza Cooperativa internacional (ACI), Banco Interamericano de Desarrollo (BID), Banco Centroamericano de Integraci\u00f3n Econ\u00f3mica (BCIE), Corporaci\u00f3n Andina de Fomento (CAF), Uni\u00f3n Europea (UE) y Naciones Unidas.<\/p>\n<p>La Universidade Federal de Pelotas estuvo representada por su rector, el prof. Antonio Cesar Borges, quien expuso sobre la experiencia de la universidad a lo largo de los \u00faltimos veinte a\u00f1os, que comenz\u00f3 con la competencia del Tratado de Lagoa Mirim, la creaci\u00f3n de la Agencia de Desarrollo de Lagoa Mirim (ALM), la creaci\u00f3n del Centro de Integraci\u00f3n del Mercosur, la implementaci\u00f3n de UNIPAMPA y el reci\u00e9n inaugurado N\u00facleo de Estudios Fronterizos. Adem\u00e1s, present\u00f3 los proyectos para los pr\u00f3ximos a\u00f1os, como la Hidrov\u00eda del Mercosur, el Polo Multicultural UFPEL-MERCOSUR en las antiguas instalaciones de la cervecer\u00eda Brahma y las Unidades Fronterizas de Salud\u2013Red Binacional de Salud Brasil-Uruguay.<\/p>\n<p>&nbsp;<\/p>\n<h2>N\u00facleo de Estudios Fronterizos de UFPel ser\u00e1 sede de encuentro entre instituciones brasile\u00f1as y uruguayas<br \/>\n<em>16 de Noviembre de 2011<\/em><\/h2>\n<p>El N\u00facleo de Estudios Fronterizos del Centro de Integraci\u00f3n del Mercosur\/UFPel en la frontera Santana do Livramento-Rivera ser\u00e1 sede, el pr\u00f3ximo d\u00eda 22 de noviembre, del encuentro entre la Asesor\u00eda Superior del Gobernador del Estado de Rio Grande do Sul\/Coordinaci\u00f3n de Relaciones Internacionales, profesores y t\u00e9cnicos de la Universidade Federal de Pelotas, representantes del Programa de Desarrollo Local ART de Uruguay y el Programa de las Naciones Unidas para el Desarrollo (PNUD).<\/p>\n<p>La agenda de trabajo prev\u00e9 la presentaci\u00f3n de las principales acciones y proyectos de las instituciones dirigidos al desarrollo y la integraci\u00f3n fronteriza, especialmente la frontera Brasil-Uruguay, con el prop\u00f3sito de elaborar futuros proyectos entre las instituciones. En esta ocasi\u00f3n, UFPel estar\u00e1 representada por su rector, el profesor Antonio Cesar Borges, adem\u00e1s de los profesores Erico Kunde Correa y Maur\u00edcio Pinto da Silva, coordinador del N\u00facleo de Estudios Fronterizos.<\/p>\n<p>El gobierno del Estado de Rio Grande do Sul estar\u00e1 representado por el consejero de cooperaci\u00f3n y relaciones internacionales del gobernador, Tarson N\u00fa\u00f1ez. El Programa de Desarrollo Local ART y el Programa de las Naciones Unidas para el Desarrollo (PNUD) en Uruguay estar\u00e1n representados por Juan de Dios Garc\u00eda Serrano.<\/p>\n<p>Tambi\u00e9n participan en los trabajos los t\u00e9cnicos de las Intendencias de Cerro Largo y Artigas, representantes de la Agencia de Desarrollo de Rivera y Cerro Largo, profesores de la Universidad de la Rep\u00fablica (UDELAR) y el Fondo Andaluz de Municipios para la Solidaridad Internacional (FAMSI).<\/p>\n<p>&nbsp;<\/p>\n<p>&nbsp;<\/p>\n<h2>I Conferencia Binacional de Cultura Santana do Livramento<br \/>\n<em><br \/>\n<\/em><\/h2>\n<p>Se celebrar\u00e1 en la frontera Livramento-Rivera el 3 de noviembre, a las 14h, la I Conferencia Binacional de Cultura de las Ciudades Gemelas \u2013 Santana do Livramento\/Brasil y Rivera\/Uruguay.<br \/>\nEntre los objetivos del evento est\u00e1 el desarrollo y discusi\u00f3n de pol\u00edticas p\u00fablicas de cultura para el \u00e1rea de Frontera en el \u00e1mbito de las ciudades gemelas. Los ejes a desarrollar son:<\/p>\n<p>1) Ciudadan\u00eda y Diversidad Cultural<br \/>\n2) Econom\u00eda Creativa<br \/>\n3) Audiovisual<br \/>\n4) Patrimonio Cultural<br \/>\n5) Libro, Literatura, Lectura y Bibliotecas<br \/>\n6) Expresiones art\u00edsticas<br \/>\n7) Cultura afrodescendiente<br \/>\n8 ) Fomento.<br \/>\nLa conferencia es organizada por la Municipalidad de Santana do Livramento y la Comisi\u00f3n Binacional de Cultura y contar\u00e1 con las presencias de Margarete Morais, representante de la Regional Sur \u2013 MINC\/Brasil, y Alejandro Gortazar, representante del MEC\/Uruguay, abordando el tema: Directrices del MEC y MINC en relaci\u00f3n con la integraci\u00f3n cultural entre Brasil y Uruguay, con enfoque en las Ciudades Gemelas.<\/p>\n<p>El N\u00facleo de Estudios Fronterizos\/Centro de Integraci\u00f3n del MERCOSUR\/UFPel, integrante de la Comisi\u00f3n Binacional de Cultura Brasil-Uruguay, participa en la organizaci\u00f3n del evento.<\/p>\n<p>N\u00facleo de Estudios Fronterizos difunde concurso internacional<\/p>\n<p><em>19 de Octubre de 2011<\/em><\/p>\n<p>El N\u00facleo de Estudios Fronterizos\/Centro de Integraci\u00f3n del Mercosur\/UFPel est\u00e1 difundiendo el\u00a0<em>Concurso Internacional de Ensayo sobre el Pensamiento de Jos\u00e9 Enrique Rod\u00f3<\/em>.<\/p>\n<p>V\u00e9ase el reglamento en los archivos<br \/>\n<a title=\"carpeta_concurso1.pdf\" href=\"http:\/\/ccs.ufpel.edu.br\/wp\/wp-content\/uploads\/2011\/10\/carpeta_concurso1.pdf\">carpeta_concurso1.pdf<\/a>\u00a0\u00a0<a title=\"concurso-internacional.pdf\" href=\"http:\/\/ccs.ufpel.edu.br\/wp\/wp-content\/uploads\/2011\/10\/concurso-internacional.pdf\"><br \/>\nconcurso-internacional.pdf<\/a><\/p>\n<p>&nbsp;<\/p>\n<p><img src=\"http:\/\/www.ufpel.edu.br\/mercosul\/images\/cartaz-armazem.jpg\" alt=\"\" width=\"350\" height=\"495\" \/><\/p>\n<p>&nbsp;<\/p>\n<h2>UFPel prestigia 7 de Septiembre en la Frontera de la Paz<br \/>\n<em>12 de Septiembre de 2011<\/em><\/h2>\n<p><img src=\"http:\/\/www.ufpel.edu.br\/mercosul\/images\/desfile-1.jpg\" alt=\"\" width=\"350\" height=\"198\" \/><\/p>\n<p>El \u00faltimo dia 7, la Universidad Federal de Pelotas y el N\u00facleo de Estudios Fronterizos del Centro de Integraci\u00f3n del MercosuR se hicieron presentes en el desfile c\u00edvico en Sant\u2019Ana do Livramento.<\/p>\n<p><img src=\"http:\/\/www.ufpel.edu.br\/mercosul\/images\/desfile.jpg\" alt=\"\" width=\"350\" height=\"197\" \/><\/p>\n<p>El acto fue realizado en cooperaci\u00f3n con el Polo Municipal de Educaci\u00f3n a Distancia, que abriga cursos de varias universidades, entre ellas la UFPel.<\/p>\n<h2><\/h2>\n<p>&nbsp;<\/p>\n<p align=\"left\"><strong>Taller de Gesti\u00f3n de Entidades Sociales<\/strong><\/p>\n<p>Instituci\u00f3n promotora: Asociaci\u00f3n Santanense del Deficiente F\u00edsico<\/p>\n<p>Objetivos: Cualificar la gesti\u00f3n de las entidades sociales con el objetivo de perfeccionar el servicio prestado.<\/p>\n<p>Metodolog\u00eda:<br \/>\nM\u00f3dulo I \u2013 Introducci\u00f3n al Tercer Sector y Recursos Humanos, d\u00eda\u00a0<strong>19\/08<\/strong>, a las 19 horas;<br \/>\nM\u00f3dulo II \u2013 Elaboraci\u00f3n de Proyectos Sociales y Captaci\u00f3n de Recursos, d\u00eda\u00a0<strong>20\/08<\/strong>, de las 09h a las 12h y 14h a las 17h;<br \/>\nM\u00f3dulo III \u2013\u00a0<em>Marketing<\/em>, d\u00eda\u00a0<strong>02\/09<\/strong>, a las 19 horas;<br \/>\nM\u00f3dulo IV \u2013 Planeamiento Estrat\u00e9gico,\u00a0<strong>03\/09<\/strong>\u00a0de las 09h a las 12h y 14h a las 17h.<\/p>\n<p>Local: N\u00facleo de Estudios Fronterizos, Duque de Caxias n\u00ba 1759.<br \/>\nInscripciones: 3242 1712 \u2013\u00a0<a href=\"mailto:assandef@v-expressa.com.br\">assandef@v-expressa.com.br<\/a>\u00a0(Carlos Nilo)<\/p>\n<p>Organiza: ASSANDEF &#8211; Associa\u00e7\u00e3o Santanense do Deficiente F\u00edsico<br \/>\nApoyo: UFPel, Centro de Integracion del Mercosur e Centro de Estudios Fronterizos<\/p>\n<p><img src=\"http:\/\/www.ufpel.edu.br\/mercosul\/images\/convite-cultural.jpg\" alt=\"\" width=\"350\" height=\"744\" \/><\/p>\n<p><a href=\"http:\/\/www.ufpel.edu.br\/mercosul\/images\/programacao.jpg\" target=\"_blank\">M\u00e1s Informaciones<\/a><\/p>\n<p>&nbsp;<\/p>\n<p><strong>Primera turma del PROERD BINACIONAL en nivel mundial recibe diplomas<br \/>\n<\/strong><em>28 de Julio de 2011<\/em><\/p>\n<p><img src=\"http:\/\/www.ufpel.edu.br\/mercosul\/images\/formatura-proerd.jpg\" alt=\"\" width=\"350\" height=\"234\" \/><\/p>\n<p>Autoridades policiales y civiles de Brasil y de Uruguay estuvieron reunidas en la tarde de este mi\u00e9rcoles (27), en Santana del Livramento, para la ceremonia de clausura de la primera turma del Programa Educacional de Resistencia a las Drogas y a la Violencia-PROERD Binacional Curr\u00edculo para Adultos. La ceremonia ocurri\u00f3 en el Centro de Integraci\u00f3n del Mercosur\/N\u00facleo de Estudios Fronterizos de la UFPel, y cont\u00f3 con la presencia del Rector Cesar Borges.<\/p>\n<p><a href=\"https:\/\/wp.ufpel.edu.br\/mercosul\/primera-turma-del-proerd-binacional-en-nivel-mundial-recibe-diplomas\/\">M\u00e1s Informaciones<\/a><\/p>\n<p>&nbsp;<\/p>\n<p align=\"left\"><strong>N\u00facleo de Estudios Fronterizos de la UFPel, en Livramento, recibe artista de la 8\u00aa Bienal del Mercosur<\/strong><br \/>\n<em>27 de Junio de 2011<\/em><\/p>\n<p align=\"left\"><strong><em><img src=\"http:\/\/www.ufpel.edu.br\/mercosul\/images\/rotoreitorbienal-2.jpg\" alt=\"\" width=\"350\" height=\"264\" \/><br \/>\n<\/em><\/strong><\/p>\n<p>El artista mejicano Sebasti\u00e1n Romo est\u00e1 en Santana do Livramento desde el d\u00eda 10 de junio para producir una obra de arte especialmente para a 8\u00aa Bienal del Mercosur.<\/p>\n<p>&nbsp;<\/p>\n<p>2\u02da RP Mon\u00a0 DESARROLLA CURSO BINACIONAL DEL PROERD EN SANTANA DO LIVRAMENTO.<\/p>\n<p>Con el objetivo de aumentar la red de protecci\u00f3n junto a la frontera de la Paz, la 2\u00ba R P Mon en Santana do Livramento desarrollar\u00e1 el 1\u00ba Curso de Prevenci\u00f3n de Drogas Binacional que ser\u00e1 desarrollado en colaboraci\u00f3n entre la Brigada Militar y el Centro de Integraci\u00f3n del Mercosur\/N\u00facleo de Estudios Fronterizos- Santana do Livramento.<\/p>\n<p><a title=\"2\u02da RP Mon  DESARROLLA CURSO BINACIONAL DEL PROERD EN SANTANA DO LIVRAMENTO.\" href=\"https:\/\/wp.ufpel.edu.br\/mercosul\/2%cb%9a-rp-mon-desarrolla-curso-binacional-del-proerd-en-santana-do-livramento\/\">M\u00e1s Informaciones<\/a><\/p>\n<p>&nbsp;<\/p>\n<p><img src=\"http:\/\/www.ufpel.edu.br\/mercosul\/images\/semanacademica_unipampa.jpg\" alt=\"\" width=\"300\" height=\"424\" \/><\/p>\n<p>Semana Acad\u00eamica 2011 da Unipampa. Workshops, Oficinas, Mini-cursos, palestras e debates.<br \/>\nDe 13 a 17 de junho, inscri\u00e7\u00f5es de 10 a 13 de junho.<\/p>\n<p>&nbsp;<\/p>\n<p><img src=\"http:\/\/www.ufpel.edu.br\/mercosul\/images\/2aseminario-internacional.jpg\" alt=\"\" width=\"300\" height=\"424\" \/><\/p>\n<p>II Semin\u00e1rio Internacional Permanente: Universidade e Integra\u00e7\u00e3o Fronteiri\u00e7a<br \/>\nA import\u00e2ncia da pesquisa e da extens\u00e3o para o desenvolvimento fronteiri\u00e7o.<br \/>\nDias 25, 26 e 27 de maio de 2011, no Centro de Integra\u00e7\u00e3o do Mercosul da UFPel.<\/p>\n<p>&nbsp;<\/p>\n<p><img src=\"http:\/\/www.ufpel.edu.br\/mercosul\/images\/saraus.jpg\" alt=\"\" width=\"300\" height=\"418\" \/><\/p>\n<p>Saraus, Tert\u00falias e Oficinas no N\u00facleo de Estudos Fronteiri\u00e7os \/ UFPel<br \/>\nReuni\u00f5es quinzenais \u00e0s segundas-feiras, \u00e0s 20h.<\/p>\n<p>&nbsp;<\/p>\n<p><img src=\"http:\/\/www.ufpel.edu.br\/mercosul\/images\/cursodedesenho.jpg\" alt=\"\" width=\"300\" height=\"413\" \/><\/p>\n<p>Oficina de Desenho Gratuito no N\u00facleo de Estudos Fronteiri\u00e7os \/ UFPel<br \/>\nDura\u00e7\u00e3o de 4 meses.<\/p>\n<p><a href=\"https:\/\/wp.ufpel.edu.br\/mercosul\/centro-de-estudios-fronterizos\/actividades-del-centro-de-estudios-fronterizos\/\">[Volver]<\/a><\/p>\n","protected":false},"excerpt":{"rendered":"<p>Seguridad p\u00fablica en la frontera Brasil-Uruguay en debate Cumpliendo con uno de sus objetivos en el proceso de integraci\u00f3n fronteriza en el Mercosur, el N\u00facleo de Estudios Fronterizos de UFPel organiz\u00f3, el 29 pasado, la reuni\u00f3n t\u00e9cnica entre representantes de la Polic\u00eda Militar del Estado de Rio Grande do Sul y la Polic\u00eda de Uruguay, [&hellip;]<\/p>\n","protected":false},"author":185,"featured_media":0,"parent":491,"menu_order":0,"comment_status":"closed","ping_status":"closed","template":"","meta":{"footnotes":"","_links_to":"","_links_to_target":""},"class_list":["post-497","page","type-page","status-publish","hentry"],"jetpack_sharing_enabled":true,"_links":{"self":[{"href":"https:\/\/wp.ufpel.edu.br\/mercosul\/wp-json\/wp\/v2\/pages\/497","targetHints":{"allow":["GET"]}}],"collection":[{"href":"https:\/\/wp.ufpel.edu.br\/mercosul\/wp-json\/wp\/v2\/pages"}],"about":[{"href":"https:\/\/wp.ufpel.edu.br\/mercosul\/wp-json\/wp\/v2\/types\/page"}],"author":[{"embeddable":true,"href":"https:\/\/wp.ufpel.edu.br\/mercosul\/wp-json\/wp\/v2\/users\/185"}],"replies":[{"embeddable":true,"href":"https:\/\/wp.ufpel.edu.br\/mercosul\/wp-json\/wp\/v2\/comments?post=497"}],"version-history":[{"count":7,"href":"https:\/\/wp.ufpel.edu.br\/mercosul\/wp-json\/wp\/v2\/pages\/497\/revisions"}],"predecessor-version":[{"id":747,"href":"https:\/\/wp.ufpel.edu.br\/mercosul\/wp-json\/wp\/v2\/pages\/497\/revisions\/747"}],"up":[{"embeddable":true,"href":"https:\/\/wp.ufpel.edu.br\/mercosul\/wp-json\/wp\/v2\/pages\/491"}],"wp:attachment":[{"href":"https:\/\/wp.ufpel.edu.br\/mercosul\/wp-json\/wp\/v2\/media?parent=497"}],"curies":[{"name":"wp","href":"https:\/\/api.w.org\/{rel}","templated":true}]}}