{"id":469,"date":"2012-05-14T09:37:59","date_gmt":"2012-05-14T12:37:59","guid":{"rendered":"https:\/\/wp.ufpel.edu.br\/mercosul\/?page_id=469"},"modified":"2012-05-14T09:37:59","modified_gmt":"2012-05-14T12:37:59","slug":"la-frontera-en-debate","status":"publish","type":"page","link":"https:\/\/wp.ufpel.edu.br\/mercosul\/la-frontera-en-debate\/","title":{"rendered":"La frontera en debate"},"content":{"rendered":"<p><a href=\"https:\/\/wp.ufpel.edu.br\/mercosul\/files\/2012\/05\/Cartaz-A-Fronteira-em-Debate.jpg\"><img class=\"aligncenter size-medium wp-image-408\" src=\"https:\/\/wp.ufpel.edu.br\/mercosul\/files\/2012\/05\/Cartaz-A-Fronteira-em-Debate-300x212.jpg\" alt=\"\" width=\"300\" height=\"212\" srcset=\"https:\/\/wp.ufpel.edu.br\/mercosul\/files\/2012\/05\/Cartaz-A-Fronteira-em-Debate-300x212.jpg 300w, https:\/\/wp.ufpel.edu.br\/mercosul\/files\/2012\/05\/Cartaz-A-Fronteira-em-Debate-1024x724.jpg 1024w\" sizes=\"(max-width: 300px) 100vw, 300px\" \/><\/a><\/p>\n<p>Promovido por el Centro de Integraci\u00f3n del Mercosur y el N\u00facleo de Estudios Fronterizos de UFPel, tendr\u00e1 lugar el pr\u00f3ximo 22 de mayo en el auditorio Sim\u00f3n Bol\u00edvar (Centro de Integraci\u00f3n del Mercosur) el seminario <em>La frontera en debate<\/em>. Las actividades se llevar\u00e1n a cabo por la ma\u00f1ana y tarde, con la presencia de panelistas de UFPel, UFRGS y UFRJ.<\/p>\n<p>Se discutir\u00e1n temas como el uso de v\u00edas fluviales para el transporte a trav\u00e9s dela Laguna Mer\u00edn, la integraci\u00f3n \u00e9tnica en las regiones fronterizas, el papel de los medios de comunicaci\u00f3n en la integraci\u00f3n fronteriza, entre otros.<\/p>\n","protected":false},"excerpt":{"rendered":"<p>Promovido por el Centro de Integraci\u00f3n del Mercosur y el N\u00facleo de Estudios Fronterizos de UFPel, tendr\u00e1 lugar el pr\u00f3ximo 22 de mayo en el auditorio Sim\u00f3n Bol\u00edvar (Centro de Integraci\u00f3n del Mercosur) el seminario La frontera en debate. Las actividades se llevar\u00e1n a cabo por la ma\u00f1ana y tarde, con la presencia de panelistas [&hellip;]<\/p>\n","protected":false},"author":185,"featured_media":0,"parent":0,"menu_order":0,"comment_status":"closed","ping_status":"closed","template":"","meta":{"footnotes":"","_links_to":"","_links_to_target":""},"class_list":["post-469","page","type-page","status-publish","hentry"],"jetpack_sharing_enabled":true,"_links":{"self":[{"href":"https:\/\/wp.ufpel.edu.br\/mercosul\/wp-json\/wp\/v2\/pages\/469","targetHints":{"allow":["GET"]}}],"collection":[{"href":"https:\/\/wp.ufpel.edu.br\/mercosul\/wp-json\/wp\/v2\/pages"}],"about":[{"href":"https:\/\/wp.ufpel.edu.br\/mercosul\/wp-json\/wp\/v2\/types\/page"}],"author":[{"embeddable":true,"href":"https:\/\/wp.ufpel.edu.br\/mercosul\/wp-json\/wp\/v2\/users\/185"}],"replies":[{"embeddable":true,"href":"https:\/\/wp.ufpel.edu.br\/mercosul\/wp-json\/wp\/v2\/comments?post=469"}],"version-history":[{"count":2,"href":"https:\/\/wp.ufpel.edu.br\/mercosul\/wp-json\/wp\/v2\/pages\/469\/revisions"}],"predecessor-version":[{"id":472,"href":"https:\/\/wp.ufpel.edu.br\/mercosul\/wp-json\/wp\/v2\/pages\/469\/revisions\/472"}],"wp:attachment":[{"href":"https:\/\/wp.ufpel.edu.br\/mercosul\/wp-json\/wp\/v2\/media?parent=469"}],"curies":[{"name":"wp","href":"https:\/\/api.w.org\/{rel}","templated":true}]}}