{"id":444,"date":"2012-05-10T16:15:09","date_gmt":"2012-05-10T19:15:09","guid":{"rendered":"https:\/\/wp.ufpel.edu.br\/mercosul\/?page_id=444"},"modified":"2019-10-29T14:15:34","modified_gmt":"2019-10-29T17:15:34","slug":"reserva-para-eventos","status":"publish","type":"page","link":"https:\/\/wp.ufpel.edu.br\/mercosul\/reserva-para-eventos\/","title":{"rendered":"Reserva para Eventos"},"content":{"rendered":"<p>Por motivo de interdi\u00e7\u00e3o parcial do pr\u00e9dio, o audit\u00f3rio Simon Bol\u00edvar N\u00c3O est\u00e1 sendo disponibilizado para eventos.<\/p>\n<p>&nbsp;<\/p>\n","protected":false},"excerpt":{"rendered":"<p>Por motivo de interdi\u00e7\u00e3o parcial do pr\u00e9dio, o audit\u00f3rio Simon Bol\u00edvar N\u00c3O est\u00e1 sendo disponibilizado para eventos. &nbsp;<\/p>\n","protected":false},"author":185,"featured_media":0,"parent":0,"menu_order":0,"comment_status":"closed","ping_status":"closed","template":"","meta":{"footnotes":"","_links_to":"","_links_to_target":""},"class_list":["post-444","page","type-page","status-publish","hentry"],"jetpack_sharing_enabled":true,"_links":{"self":[{"href":"https:\/\/wp.ufpel.edu.br\/mercosul\/wp-json\/wp\/v2\/pages\/444","targetHints":{"allow":["GET"]}}],"collection":[{"href":"https:\/\/wp.ufpel.edu.br\/mercosul\/wp-json\/wp\/v2\/pages"}],"about":[{"href":"https:\/\/wp.ufpel.edu.br\/mercosul\/wp-json\/wp\/v2\/types\/page"}],"author":[{"embeddable":true,"href":"https:\/\/wp.ufpel.edu.br\/mercosul\/wp-json\/wp\/v2\/users\/185"}],"replies":[{"embeddable":true,"href":"https:\/\/wp.ufpel.edu.br\/mercosul\/wp-json\/wp\/v2\/comments?post=444"}],"version-history":[{"count":10,"href":"https:\/\/wp.ufpel.edu.br\/mercosul\/wp-json\/wp\/v2\/pages\/444\/revisions"}],"predecessor-version":[{"id":2871,"href":"https:\/\/wp.ufpel.edu.br\/mercosul\/wp-json\/wp\/v2\/pages\/444\/revisions\/2871"}],"wp:attachment":[{"href":"https:\/\/wp.ufpel.edu.br\/mercosul\/wp-json\/wp\/v2\/media?parent=444"}],"curies":[{"name":"wp","href":"https:\/\/api.w.org\/{rel}","templated":true}]}}