{"id":397,"date":"2012-05-08T02:52:19","date_gmt":"2012-05-08T05:52:19","guid":{"rendered":"https:\/\/wp.ufpel.edu.br\/mercosul\/?page_id=397"},"modified":"2012-05-08T02:55:15","modified_gmt":"2012-05-08T05:55:15","slug":"y-asi-empieza-un-sueno","status":"publish","type":"page","link":"https:\/\/wp.ufpel.edu.br\/mercosul\/y-asi-empieza-un-sueno\/","title":{"rendered":"Y AS\u00cd EMPIEZA UN SUE\u00d1O\u2026"},"content":{"rendered":"<p><img class=\"alignleft\" src=\"http:\/\/www.ufpel.edu.br\/mercosul\/images\/reitor_cim1.jpg\" alt=\"\" width=\"137\" height=\"170\" \/><\/p>\n<p>&#8220;La importancia de los asuntos internacionales que, hasta entonces, estaban sin visi\u00f3n institucional se hac\u00edan realidad con la formaci\u00f3n del DIPI &#8211; Departamento de Intercambio y Programas Internacionales del Vicerrectorado de Comunidad y Cultura. Pero hac\u00eda falta distinguir la significante definici\u00f3n del \u00e1rea de la integraci\u00f3n y desarrollo regionales como nuevo reto de la Universidad.<\/p>\n<p>El Rector, representante de la UFPEL, busc\u00f3 la ayuda del Secretario General de la Organizaci\u00f3n de los Estados Americanos, embajador Baena Soares, que incluy\u00f3 la Instituci\u00f3n en las acciones oficiales del Itamaraty en la integraci\u00f3n del Brasil con el Uruguay y, la UFPEL pas\u00f3 a ser la ejecutora del Tratado del Lago Merino. La Uni\u00f3n Europea fue procurada\u00a0para que la Universidad tuviese participaci\u00f3n en las actividades educacionales de cooperaci\u00f3n internacional y de ah\u00ed se han firmado muchos convenios y se ha empezado el intercambio de los estudiantes y profesores de Espa\u00f1a y de la UFPEL.&#8221;<\/p>\n<p><strong>OSAR\u2026OSAD\u00cdA<\/strong><\/p>\n<p>\u201cPor \u00faltimo, la UFPEL ten\u00eda que osar y tener el coraje de ser creativa.<\/p>\n<p>De ah\u00ed la determinaci\u00f3n de fundar el Centro de Integraci\u00f3n del MERCOSUR.<\/p>\n<p>As\u00ed el Centro ser\u00eda la base f\u00edsica para todas las actividades de la instituci\u00f3n, su enlace con la sociedad en todos los temas de integraci\u00f3n y desarrollo regionales y sede de eventos sobre todas las \u00e1reas de este nuevo campo sin fronteras\u2026\u201d<\/p>\n<p>&nbsp;<\/p>\n<p><strong>LA CONCRETIZACI\u00d3N DE UN SUE\u00d1O\u2026<\/strong><\/p>\n<p><img class=\"alignleft\" src=\"http:\/\/www.ufpel.edu.br\/mercosul\/images\/reitor_cim2.jpg\" alt=\"\" width=\"184\" height=\"137\" \/><\/p>\n<p>&#8220;Y surge el Centro de Integraci\u00f3n del MERCOSUR, inaugurado en el noviembre de 1995. A partir de ah\u00ed varios eventos han sido realizados con beneficios para la regi\u00f3n. Su peque\u00f1o auditorio que se nombra Sim\u00f3n Bol\u00edvar es el escenario silencioso de muchos planes que podr\u00e1n revelarse en emprendimientos fundamentales para el desarrollo de la regi\u00f3n en el futuro\u2026\u201d<\/p>\n<p>&nbsp;<\/p>\n<p>&nbsp;<\/p>\n<p><strong>El FUTURO\u2026<\/strong><\/p>\n<p align=\"left\">\u201c\u00a1El futuro se nos presenta que la UFPEL, gracias a este nuevo sector va a ser un factor esencial para el desarrollo de la regi\u00f3n!\u201d<\/p>\n<p align=\"left\">Prof. Antonio C\u00e9sar Gon\u00e7alves Borges<br \/>\nRector de la UFPEL<\/p>\n","protected":false},"excerpt":{"rendered":"<p>&#8220;La importancia de los asuntos internacionales que, hasta entonces, estaban sin visi\u00f3n institucional se hac\u00edan realidad con la formaci\u00f3n del DIPI &#8211; Departamento de Intercambio y Programas Internacionales del Vicerrectorado de Comunidad y Cultura. Pero hac\u00eda falta distinguir la significante definici\u00f3n del \u00e1rea de la integraci\u00f3n y desarrollo regionales como nuevo reto de la Universidad. [&hellip;]<\/p>\n","protected":false},"author":185,"featured_media":0,"parent":0,"menu_order":0,"comment_status":"closed","ping_status":"closed","template":"","meta":{"footnotes":"","_links_to":"","_links_to_target":""},"class_list":["post-397","page","type-page","status-publish","hentry"],"jetpack_sharing_enabled":true,"_links":{"self":[{"href":"https:\/\/wp.ufpel.edu.br\/mercosul\/wp-json\/wp\/v2\/pages\/397","targetHints":{"allow":["GET"]}}],"collection":[{"href":"https:\/\/wp.ufpel.edu.br\/mercosul\/wp-json\/wp\/v2\/pages"}],"about":[{"href":"https:\/\/wp.ufpel.edu.br\/mercosul\/wp-json\/wp\/v2\/types\/page"}],"author":[{"embeddable":true,"href":"https:\/\/wp.ufpel.edu.br\/mercosul\/wp-json\/wp\/v2\/users\/185"}],"replies":[{"embeddable":true,"href":"https:\/\/wp.ufpel.edu.br\/mercosul\/wp-json\/wp\/v2\/comments?post=397"}],"version-history":[{"count":3,"href":"https:\/\/wp.ufpel.edu.br\/mercosul\/wp-json\/wp\/v2\/pages\/397\/revisions"}],"predecessor-version":[{"id":401,"href":"https:\/\/wp.ufpel.edu.br\/mercosul\/wp-json\/wp\/v2\/pages\/397\/revisions\/401"}],"wp:attachment":[{"href":"https:\/\/wp.ufpel.edu.br\/mercosul\/wp-json\/wp\/v2\/media?parent=397"}],"curies":[{"name":"wp","href":"https:\/\/api.w.org\/{rel}","templated":true}]}}