{"id":369,"date":"2012-05-07T20:30:10","date_gmt":"2012-05-07T23:30:10","guid":{"rendered":"https:\/\/wp.ufpel.edu.br\/mercosul\/?page_id=369"},"modified":"2012-08-27T08:58:54","modified_gmt":"2012-08-27T11:58:54","slug":"2012-cim","status":"publish","type":"page","link":"https:\/\/wp.ufpel.edu.br\/mercosul\/2012-cim\/","title":{"rendered":"2012 &#8211; CIM"},"content":{"rendered":"<h4><a href=\"https:\/\/wp.ufpel.edu.br\/mercosul\/files\/2012\/05\/ass-leg.jpg\"><img class=\"aligncenter size-medium wp-image-1241\" src=\"https:\/\/wp.ufpel.edu.br\/mercosul\/files\/2012\/05\/ass-leg-300x200.jpg\" alt=\"\" width=\"300\" height=\"200\" srcset=\"https:\/\/wp.ufpel.edu.br\/mercosul\/files\/2012\/05\/ass-leg-300x200.jpg 300w, https:\/\/wp.ufpel.edu.br\/mercosul\/files\/2012\/05\/ass-leg.jpg 845w\" sizes=\"(max-width: 300px) 100vw, 300px\" \/><\/a><\/h4>\n<h4><strong>Dando continuidade \u00e0s atividades do F\u00f3rum Democr\u00e1tico de Desenvolvimento Regional da Assembleia Legislativa do RS, o Centro de Integra\u00e7\u00e3o do Mercosul sediou, no dia 17 de agosto, Audi\u00eancia P\u00fablica sobre Sustentabilidade Ambiental, quando foi tratado o tema \u00c1gua Subterr\u00e2nea, Superficial e no Ar.\u00a0<a href=\"http:\/\/ccs.ufpel.edu.br\/wp\/2012\/08\/20\/audiencia-da-assembleia-no-mercosul\/\" target=\"_blank\">[\u00a0CCS\/UFPel\u00a0]<\/a><\/strong><\/h4>\n<p>&nbsp;<\/p>\n<p>&nbsp;<\/p>\n<h4><\/h4>\n<h4><strong>SEMANA DA CULTURA URUGUAIA NO BICENTEN\u00c1RIO DE PELOTAS<\/strong><\/h4>\n<p>&nbsp;<\/p>\n<p><strong>16 a<\/strong><strong>\u00a023 de agosto de 2012, \u00e0s 19 horas no Centro de Integra\u00e7\u00e3o do Mercosul ,<\/strong><\/p>\n<p><strong>rua\u00a0 Andrade Neves 1529 esq. Lobo da Costa \u00a0&#8211; \u00a0Entrada gratuita.<\/strong><\/p>\n<p><strong>Telefones para\u00a0<\/strong><strong>contato:\u00a0<\/strong><strong>32271842<\/strong>\u00a0<strong>ou 32257239.<\/strong><\/p>\n<p><strong>Organiza\u00e7\u00e3o e programa\u00e7\u00e3o da fam\u00edlia Bera<\/strong><strong>sain \u00a0Gonella e Centro de\u00a0 Estudios en Lengua Espa\u00f1ola.<\/strong><\/p>\n<p>&nbsp;<\/p>\n<p><strong>Mesa Redonda sobre o Tema Literatura Pampeana<\/strong><\/p>\n<p>No dia 16 de agosto, a partir das 19 horas, realizar-se-\u00e1 \u00a0Mesa Redonda sobre Literatura do Pampa \u201cGaucho\u201d e Ga\u00facho, \u00a0tendo como debatedores os Professores Juan Pablo Berasain Gonella &#8211; Centro de Estudios en Lengua\u00a0 Espa\u00f1ola, \u00a0Dr.Jo\u00e3o Luis Pereira Ourique &#8211; Departamento de Letras da Universidade Federal de Pelotas e Padre Germ\u00e1n Varela &#8211; Departamento de Filosofia e Letras da Universidade Cat\u00f3lica de Pelotas.\u00a0 Moderadores: Alma Gonella de Berasain e \u00a0Juan Manuel Berasain Moreira.<\/p>\n<p>&nbsp;<\/p>\n<p><strong>Ciclo de Cinema- \u201cM\u00fasica sin Fronteras e Imigrantes:uma Ra\u00e7a\u201d.<\/strong><\/p>\n<p>&nbsp;<\/p>\n<p>Dos dias20 a23 de agosto, no mesmo local e hor\u00e1rio, com entrada gratuita, ser\u00e1 \u00a0\u00a0\u00a0\u00a0\u00a0\u00a0\u00a0\u00a0\u00a0\u00a0\u00a0\u00a0\u00a0\u00a0apresentada a Mostra de Cinema com debates, constando da seguinte programa\u00e7\u00e3o.<\/p>\n<p>&nbsp;<\/p>\n<p>1\u00ba dia)-\u00a0Segunda-feira 20 de agosto,\u00a0ser\u00e1 exibido o document\u00e1rio: \u201c<strong>Odisea&#8230;<\/strong>\u00a0<strong>camino a la esperanza!!!-Llegando al Uruguay\u201d<\/strong>\u00a0e o filme\u00a0<strong>\u201cTango\u201d<\/strong>\u00a0(Espanha\/Argentina, 1998) e os debatedores ser\u00e3o os Professores Manuel Maia( Pr\u00f3-reitor de Pesquisa e P\u00f3s-gradua\u00e7\u00e3o \u2013UFPEL) e \u00a0Tradutor P\u00fablico Juramentado Juan Pablo Berasain Gonella.<\/p>\n<p>&nbsp;<\/p>\n<p>2\u00ba dia)-\u00a0Ter\u00e7a-feira 21 de agosto, ser\u00e1 a vez do filme\u00a0<strong>\u201cUma amizade sem\u00a0fronteiras\u201d<\/strong>(Monsieur Ibrahim et l\u00eas fleurs Du Coran-France, 2003) e ap\u00f3s a apresenta\u00e7\u00e3o ser\u00e1 discutido pelos debatedores Profs. Padre Reges Brasil (UCPEL) e Jos\u00e9 Froes (Depto Sociologia Rural-Fac. Agronomia-UFPEL).<\/p>\n<p>&nbsp;<\/p>\n<p>3\u00ba dia)-\u00a0Quarta-feira 22 de agosto, ser\u00e1 apresentado o filme \u201c<strong>Sob a mesma lua<\/strong>\u201d<\/p>\n<p>(La misma luna, EUA\/M\u00e9jico, 2007) e ser\u00e1 debatido pelos Professores da Faculdade de Cinema da UFPEL, Cintia Lange,Ana Paula Penkala e Guilherme Rosa.<\/p>\n<p>&nbsp;<\/p>\n<p>4\u00ba dia)-\u00a0Quinta-feira 23 de agosto,\u00a0finalizando a Mostra de Cinema ser\u00e1 apresentado o filme \u201c<strong>Tempero da Vida\u201d<\/strong>\u00a0(Gr\u00e9cia\/Turquia, 2003)\u00a0 tendo como debatedores os Professores \u00a0da Universidade Federal\u00a0 de Pelotas, Ivonete Pinto \u00a0\u00a0\u00a0(Faculdade de Cinema) e Luis Rubira (Faculdade de Filosofia).<\/p>\n<p>&nbsp;<\/p>\n<p><strong>Lista parcial de filmes recomendados sobre imigrantes, conflitos \u00e9tnicos e coletividades de estrangeiros:\u00a0\u00a0\u00a0\u00a0<\/strong><\/p>\n<p>1)Uma vida melhor; 2) Caminhando nas nuvens; 3) Armenia; 4) O quatrilho; 5) Concorr\u00eancia desleal; 6) Sob o c\u00e9u do Libano; 7) Terra de ningu\u00e9m; 8 ) Tangos o exilio de \u00a0Gardel; 9) Tempo de paz; 10) A noiva s\u00edria; 11) Yasmin: uma mulher, duas vidas, 12) Casamento grego, 13) A Banda, 14) O visitante, 15) Caijin, 12) A promessa, 17) O terminal, 18) Babel, \u00a019) Antes da chuva;20)Hotel Ruanda; 21) Territ\u00f3rio restrito.<\/p>\n<h4><strong>\u00a0<\/strong><\/h4>\n<h4><\/h4>\n<h4><strong>EXPOSI\u00c7\u00c3O \u201cSomos o Suco do Carnaval\u201d\u00a0<\/strong><\/h4>\n<p align=\"center\"><strong>Fragmentos Carnavalescos do Clube Social 24 de Agosto de Jaguar\u00e3o \u2013 RS<\/strong><strong>\u00a0<\/strong><\/p>\n<p>A Exposi\u00e7\u00e3o, em forma de banners, visa apresentar \u00e0 comunidade em geral, parte da historia carnavalesca de um dos mais tradicionais entidades da cidade de Jaguar\u00e3o no Rio Grande do Sul, o\u00a0<strong>Clube Social 24 de Agosto<\/strong>. O clube foi fundado m 1918 como um espa\u00e7o de sociabilidade e entretenimento para as popula\u00e7\u00f5es negras jaguarenses, impedidas de freq\u00fcentar outros meios sociais da cidade \u00e0 \u00e9poca de seu surgimento. A Mostra conta a hist\u00f3ria de um clube \u00e9tnico ressaltando a import\u00e2ncia hist\u00f3rica e atual desse patrim\u00f4nio popular.<\/p>\n<p>A Exposi\u00e7\u00e3o consiste em quatro eixos tem\u00e1ticos, elaborados a partir de pesquisa documental e oral, e aborda os diferentes estilos carnavalescos atrav\u00e9s dos quais o Clube 24 de Agosto se expressou ao longo dos anos: 1- O Carnaval Veneziano; 2 \u2013 Os Cord\u00f5es Carnavalescos; 3- As Rainhas \u00c9tnicas; 4- As Marchinhas Carnavalescas.<\/p>\n<p>A Exposi\u00e7\u00e3o ser\u00e1 realizada no sagu\u00e3o\u00a0<strong>do Centro de Integra\u00e7\u00e3o do Mercosul \u2013 UFPel dos dias 5 a 25 de junho de 2012 com abertura prevista para o dia 5 \u00e0s 18 h.<\/strong><\/p>\n<p>Contar\u00e1 ainda com monitores, alunos do curso de Bachareladoem Ci\u00eancias Musicaisdo Centro de Artes da UPFpel, para guiar a visita do p\u00fablico em hor\u00e1rios espec\u00edficos.<\/p>\n<p>A pesquisa hist\u00f3rica e roteiro s\u00e3o da historiadora Juliana dos Santos Nunes e a coordena\u00e7\u00e3o geral da mostra \u00e9 do Prof. Dr. Werner Ewald da UFPel.<\/p>\n<p><a href=\"https:\/\/wp.ufpel.edu.br\/mercosul\/files\/2012\/05\/Convitee.jpg\"><img src=\"https:\/\/wp.ufpel.edu.br\/mercosul\/files\/2012\/05\/Convitee-1024x724.jpg\" alt=\"\" width=\"645\" height=\"456\" \/><\/a><\/p>\n<p>&nbsp;<\/p>\n<p>&nbsp;<\/p>\n<p><a href=\"https:\/\/wp.ufpel.edu.br\/mercosul\/files\/2012\/06\/CLA.jpg\"><img src=\"https:\/\/wp.ufpel.edu.br\/mercosul\/files\/2012\/06\/CLA-726x1024.jpg\" alt=\"\" width=\"645\" height=\"909\" \/><\/a><\/p>\n<p>&nbsp;<\/p>\n<p><a href=\"https:\/\/wp.ufpel.edu.br\/mercosul\/files\/2012\/05\/ii-sma1.jpg\"><img class=\"alignleft size-large wp-image-542\" src=\"https:\/\/wp.ufpel.edu.br\/mercosul\/files\/2012\/05\/ii-sma1-1024x724.jpg\" alt=\"\" width=\"645\" height=\"456\" srcset=\"https:\/\/wp.ufpel.edu.br\/mercosul\/files\/2012\/05\/ii-sma1-1024x724.jpg 1024w, https:\/\/wp.ufpel.edu.br\/mercosul\/files\/2012\/05\/ii-sma1-300x212.jpg 300w, https:\/\/wp.ufpel.edu.br\/mercosul\/files\/2012\/05\/ii-sma1.jpg 1043w\" sizes=\"(max-width: 645px) 100vw, 645px\" \/><\/a><\/p>\n<p>&nbsp;<\/p>\n<p>Ocorreu no dia 5 de junho,no Audit\u00f3rio Simon Bol\u00edvar do Centro de Integra\u00e7\u00e3o do Mercosul ,\u00a0a \u201cII Semana de Meio Ambiente UFPel: um panorama da Gest\u00e3o Ambiental na Zona Sul do RS\u201d , promovida pela\u00a0Coordenadoria de Gest\u00e3o Ambiental da UFPel \u00a0.Maiores informa\u00e7\u00f5es sobre o evento no site:<a href=\"http:\/\/www.ufpel.edu.br\/gestaoambiental\/smaufpel\/\">http:\/\/www.ufpel.edu.br\/gestaoambiental\/smaufpel\/<\/a><\/p>\n<p>&nbsp;<\/p>\n<h2><a href=\"https:\/\/wp.ufpel.edu.br\/mercosul\/files\/2012\/05\/cartaz_semin\u00e1rioIII.jpg\"><img class=\"aligncenter\" src=\"https:\/\/wp.ufpel.edu.br\/mercosul\/files\/2012\/05\/cartaz_semin\u00e1rioIII.jpg\" alt=\"\" width=\"374\" height=\"535\" \/><\/a><\/h2>\n<h2><\/h2>\n<h4><strong>UFPel debate a complexidade das fronteiras<\/strong><\/h4>\n<h4><em><strong>22 de Maio de 2012<\/strong><\/em><\/h4>\n<div>\n<p><span style=\"font-family: 'Times New Roman'\"><a href=\"https:\/\/wp.ufpel.edu.br\/mercosul\/files\/2012\/05\/fronteiras1.jpg\"><img class=\"alignleft size-medium wp-image-860\" src=\"https:\/\/wp.ufpel.edu.br\/mercosul\/files\/2012\/05\/fronteiras1-300x200.jpg\" alt=\"\" width=\"300\" height=\"200\" srcset=\"https:\/\/wp.ufpel.edu.br\/mercosul\/files\/2012\/05\/fronteiras1-300x200.jpg 300w, https:\/\/wp.ufpel.edu.br\/mercosul\/files\/2012\/05\/fronteiras1-1024x683.jpg 1024w, https:\/\/wp.ufpel.edu.br\/mercosul\/files\/2012\/05\/fronteiras1.jpg 1361w\" sizes=\"(max-width: 300px) 100vw, 300px\" \/><\/a>Com o objetivo de discutir a complexidade das fronteiras, o Centro de Integra\u00e7\u00e3o do Mercosul e o N\u00facleo de Estudos Fronteiri\u00e7os promoveram, na ter\u00e7a-feira(22), no audit\u00f3rio Simon Bol\u00edvar, o semin\u00e1rio A fronteira em debate. O evento, coordenado pelo professor Maur\u00edcio Pinto da Silva, contou com representantes da UFPel, UFRGS e UFRRJ e com a observadora da Ag\u00eancia Espanhola de Coopera\u00e7\u00e3o Virg\u00ednia Martinez Curtis.<\/span><\/p>\n<p>&nbsp;<\/p>\n<p>&nbsp;<\/p>\n<p>&nbsp;<\/p>\n<\/div>\n<p>&nbsp;<\/p>\n<p>&nbsp;<\/p>\n<p><a href=\"https:\/\/wp.ufpel.edu.br\/mercosul\/files\/2012\/05\/Convite-Pelotas-Trilhando-2.jpg\"><img class=\"aligncenter\" src=\"https:\/\/wp.ufpel.edu.br\/mercosul\/files\/2012\/05\/Convite-Pelotas-Trilhando-2-300x300.jpg\" alt=\"\" width=\"300\" height=\"300\" \/><\/a><\/p>\n<h4><strong>O Fot\u00f3grafo:<\/strong><\/h4>\n<p><strong>Luiz Eduardo Achutti<\/strong>\u00a0&#8211; Fot\u00f3grafo, jornalista, professor da Universidade Federal do Rio Grande do Sul, doutor em antropologia visual e membro de Phanie Centre de I&#8217;ethnologie et de I&#8217;image.<\/p>\n<p><strong>Proposta:\u00a0<\/strong><\/p>\n<p>A exposi\u00e7\u00e3o fotogr\u00e1fica\u00a0<strong>TRILHANDO A MEM\u00d3RIA,\u00a0<\/strong>\u00e9 vinculada a um projeto de pesquisa da Pr\u00f3-Reitoria, da UFRGS e tem como objetivo mapear o universo da mem\u00f3ria ferrovi\u00e1ria em todo o estado do Rio Grande do Sul. Ao final da pesquisa ser\u00e1 lan\u00e7ado um livro.<\/p>\n<p>Propomos ao SESC RS a promo\u00e7\u00e3o de uma exposi\u00e7\u00e3o itinerante por quatro cidades ga\u00fachas, a definir, preferencialmente que possuam esta\u00e7\u00f5es ferrovi\u00e1rias.<\/p>\n<p>A exposi\u00e7\u00e3o \u00e9 composta de quarenta fotografias, no formato 78cm x 78 cm ( incluindo o passe-par-tout), color e p&amp;b, apresentando o universo da REDE FERROVI\u00c1RIA FEDERAL do RS &#8211; esta\u00e7\u00f5es de trem, oficinas, ferrovi\u00e1rios, etc, captadas desde 1993 at\u00e9 os dias de hoje.<\/p>\n<p>As fotografias ficaram expostas de 14 de maio a 1\u00ba de junho no sagu\u00e3o do Centro de Integra\u00e7\u00e3o do Mercosul.<\/p>\n<p>&nbsp;<\/p>\n<h4><strong>Diretor de Fotografia do filme O Tempo e o Vento palestra na UFPel<\/strong><\/h4>\n<p><a href=\"https:\/\/wp.ufpel.edu.br\/mercosul\/files\/2012\/05\/20120401_5743.jpg\"><img class=\"alignleft size-thumbnail wp-image-642\" src=\"https:\/\/wp.ufpel.edu.br\/mercosul\/files\/2012\/05\/20120401_5743-150x150.jpg\" alt=\"\" width=\"150\" height=\"150\" \/><\/a><\/p>\n<p><span style=\"font-family: Calibri\">Aconteceu no dia 1 de abril, no Centro de Integra\u00e7\u00e3o do Mercosul,\u00a0\u00a0a palestra com o Diretor de Fotografia Affonso Beato, que esteve na cidade de Pelotas por seu mais recente trabalho, no filme \u201cO Tempo e O Vento\u201d,\u00a0do Diretor Jayme Monjardim, que utilizou loca\u00e7\u00f5es na cidade.<\/span><\/p>\n<p><span style=\"font-family: Calibri\">Organizada e realizada pela Pelotas Film Commission, a palestra proporcionou a comunidade pelotense,\u00a0\u00a0assim como aos estudantes da UFPel, uma conversa com o renomado Diretor de Fotografia de filmes como \u201cTudo Sobre Minha M\u00e3e\u201d (\u201cTodo Sobre Mi Madre\u201d, Dire\u00e7\u00e3o:\u00a0\u00a0Pedro Almod\u00f3var, ESP, 1999), \u201cA Rainha\u201d (\u201cThe Queen\u201d, Dire\u00e7\u00e3o:\u00a0\u00a0Stephen Frears, 2006), \u201c\u00c1gua Negra\u201d (\u201cDark Water\u201d, Dire\u00e7\u00e3o: Walter Salles, USA, 2005), entre outros.<\/span><\/p>\n<p><span style=\"font-family: Calibri\">Brasileiro erradicado nos Estados Unidos, Affonso Beato falou sobre Cinema Digital, onde abordou temas como os avan\u00e7os tecnol\u00f3gicos recentemente lan\u00e7ados no exterior, opinou\u00a0\u00a0sobre filme em pel\u00edcula versus cinema digital, demonstrou t\u00e9cnicas fotogr\u00e1ficas atuais, novas tend\u00eancias art\u00edsticas, assim como a atua\u00e7\u00e3o do profissional da \u00e1rea fotogr\u00e1fica no mercado de trabalho.<\/span><\/p>\n<p><span style=\"font-family: Calibri\">Com dura\u00e7\u00e3o de quase duas horas, Affonso Beato trouxe ao p\u00fablico presente seu conhecimento, com informa\u00e7\u00e3o e dinamismo, com a mesma intensidade, seriedade e aprofundamento das palestras ministradas por ele em faculdades de renome nos EUA.<\/span><\/p>\n<p><span style=\"font-family: Calibri\">Beato finalizou a palestra deixando claro estar apaixonado pelo sul, e enfatizou que \u201cO sul tem caracter\u00edsticas visuais \u00fanicas, dos cen\u00e1rios naturais do pampa \u00e0 luminosidade rara que a loca\u00e7\u00e3o geogr\u00e1fica proporciona.\u201d\u00a0\u00a0\u00a0\u00a0\u00a0\u00a0\u00a0\u00a0\u00a0\u00a0\u00a0\u00a0\u00a0\u00a0\u00a0\u00a0\u00a0\u00a0\u00a0\u00a0\u00a0\u00a0\u00a0\u00a0\u00a0\u00a0\u00a0\u00a0\u00a0\u00a0\u00a0\u00a0\u00a0\u00a0\u00a0\u00a0\u00a0\u00a0\u00a0\u00a0\u00a0\u00a0\u00a0\u00a0\u00a0\u00a0\u00a0\u00a0\u00a0\u00a0\u00a0\u00a0\u00a0\u00a0\u00a0\u00a0\u00a0\u00a0\u00a0\u00a0\u00a0\u00a0\u00a0\u00a0\u00a0\u00a0\u00a0\u00a0\u00a0\u00a0\u00a0\u00a0\u00a0\u00a0\u00a0\u00a0\u00a0\u00a0\u00a0\u00a0\u00a0\u00a0\u00a0\u00a0\u00a0\u00a0\u00a0\u00a0\u00a0\u00a0\u00a0\u00a0\u00a0\u00a0\u00a0\u00a0\u00a0\u00a0\u00a0\u00a0\u00a0\u00a0\u00a0\u00a0\u00a0\u00a0\u00a0\u00a0\u00a0\u00a0\u00a0\u00a0\u00a0\u00a0\u00a0\u00a0\u00a0\u00a0\u00a0\u00a0\u00a0\u00a0\u00a0\u00a0\u00a0\u00a0\u00a0\u00a0\u00a0\u00a0\u00a0\u00a0\u00a0\u00a0\u00a0\u00a0\u00a0\u00a0\u00a0\u00a0\u00a0\u00a0\u00a0\u00a0\u00a0\u00a0\u00a0\u00a0\u00a0\u00a0\u00a0\u00a0\u00a0\u00a0\u00a0\u00a0\u00a0\u00a0\u00a0\u00a0\u00a0\u00a0\u00a0\u00a0\u00a0\u00a0\u00a0\u00a0\u00a0\u00a0\u00a0<\/span><\/p>\n<p><span style=\"font-family: Calibri\">Para saber mais sobre o Diretor de Fotografia Affonso Beato:<\/span><\/p>\n<p><a href=\"http:\/\/web.me.com\/abeato\/Affonso_Beato\/home.html\"><span style=\"font-family: Calibri\">http:\/\/web.me.com\/abeato\/Affonso_Beato\/home.html<\/span><\/a><\/p>\n<p><a href=\"http:\/\/www.imdb.com\/name\/nm0005649\/\"><span style=\"font-family: Calibri\">http:\/\/www.imdb.com\/name\/nm0005649\/<\/span><\/a><\/p>\n<p style=\"text-align: right\"><a href=\"http:\/\/ccs.ufpel.edu.br\/wp\/2012\/04\/18\/diretor-de-fotografia-do-filme-o-tempo-e-o-vento-palestra-na-ufpel\/\">Fonte: CCS &#8211; UFPel<\/a><\/p>\n<p>&nbsp;<\/p>\n<h4><strong>Reitor Cesar Borges participa do 1\u00ba Encontro das Cidades das Regi\u00f5es Fronteiri\u00e7as<\/strong><\/h4>\n<h4><strong> <em>27 de March de 2012<\/em><\/strong><\/h4>\n<p><img src=\"http:\/\/www.ufpel.edu.br\/mercosul\/images\/encontro.jpg\" alt=\"\" width=\"350\" height=\"234\" \/><\/p>\n<p>Bras\u00edlia, a capital federal, \u00e9 sede, entre os dias 26 e 29 de mar\u00e7o, de v\u00e1rias atividades relacionadas aos munic\u00edpios brasileiros. O in\u00edcio dos trabalhos ocorreu nesta segunda-feira(26), com a realiza\u00e7\u00e3o das palestras e debates durante o 1\u00ba Encontro das Cidades das Regi\u00f5es Fronteiri\u00e7as (<a href=\"http:\/\/www.61reuniao.fnp.org.br\/\">http:\/\/www.61reuniao.fnp.org.br\/<\/a>), onde, atendendo a convite da Frente Nacional de Prefeitos (FNP), o reitor Cesar Borges apresentou as principais a\u00e7\u00f5es e projetos da Universidade Federal de Pelotas na fronteira com a Rep\u00fablica Oriental do Uruguai, onde a UFPel tem participado de maneira destacada do processo de integra\u00e7\u00e3o do Mercosul.<\/p>\n<p>Entre as a\u00e7\u00f5es apresentadas destacam-se as realizadas pela Ag\u00eancia da Lagoa Mirim \u2013 ALM, criada na primeira gest\u00e3o de Cesar Borges. Nesse sentido, tamb\u00e9m teve destaque a cria\u00e7\u00e3o do Centro de Integra\u00e7\u00e3o do Mercosul e do N\u00facleo de Estudos Fronteiri\u00e7os na fronteira Santana do Livramento, no Brasil e Rivera, Uruguai. Dos projetos em andamento elaborados pela UFPel, tem destaque a\u00a0Hidrovia do Mercosul, atrav\u00e9s da Lagoa Mirim; o Polo Multicultural UFPel-Mercosul (nas antigas instala\u00e7\u00f5es da cervejaria Brahma); as Unidades Fronteiri\u00e7as de Sa\u00fade \u2013 Rede Binacional de Sa\u00fade Brasil-Uruguai, a ser entregue ao Fundo de Converg\u00eancia Estrutural do Mercosul (Focem), para a instala\u00e7\u00e3o de unidades de sa\u00fade em seis munic\u00edpios lim\u00edtrofes com o Uruguai; e a Escola de Hotelaria do Mercosul, nas depend\u00eancias do Grande Hotel, que abriga atualmente o curso de Hotelaria; al\u00e9m do projeto, em fase de elabora\u00e7\u00e3o, para a implanta\u00e7\u00e3o do N\u00facleo de Estudos Fronteiri\u00e7os em Santa Vit\u00f3ria do Palmar\/Chu\u00ed, no Brasil, e Chuy, Uruguai, direcionado \u00e0 biodiversidade da Lagoa Mirim e regi\u00e3o.<\/p>\n<p>As atividades em Bras\u00edlia t\u00eam continuidade com a realiza\u00e7\u00e3o da 61\u00aa Reuni\u00e3o Geral da Frente Nacional de Prefeitos (FNP) e o I Encontro dos Munic\u00edpios com o Desenvolvimento Sustent\u00e1vel: pequenos neg\u00f3cios, qualidade ambiental urbana e erradica\u00e7\u00e3o da mis\u00e9ria.<\/p>\n<p>&nbsp;<\/p>\n<h4><strong>Abertura do Ciclo A Filosofia e o Cinema Psicol\u00f3gico atrai grande p\u00fablico<\/strong><br \/>\n<strong> <em><\/em><\/strong><\/h4>\n<h4><strong><em>26 de Mar\u00e7o de 2012<\/em><\/strong><\/h4>\n<p><img src=\"http:\/\/www.ufpel.edu.br\/mercosul\/images\/ciclo-filo1.jpg\" alt=\"\" width=\"350\" height=\"263\" \/><\/p>\n<p>Na noite da \u00faltima sexta-feira(23), durante a abertura do Ciclo \u201cA Filosofia e o Cinema Psicol\u00f3gico\u201d, os estagi\u00e1rios que trabalham no projeto de Extens\u00e3o da UFPel contabilizaram a presen\u00e7a de 190 pessoas no Centro de Integra\u00e7\u00e3o do Mercosul (CIM). Considerando que 30 pessoas retiraram os ingressos durante o dia, mas n\u00e3o compareceram na Sess\u00e3o, bem como que as senhas para assistir ao filme j\u00e1 estavam esgotadas desde as 14h, estima-se que em torno de 250 pessoas mobilizaram-se para garantir um dos 90 lugares para ver \u201cApocalypse Now\u201d.<\/p>\n<p><img src=\"http:\/\/www.ufpel.edu.br\/mercosul\/images\/ciclo-filo2.jpg\" alt=\"\" width=\"350\" height=\"263\" \/><\/p>\n<p><img src=\"http:\/\/www.ufpel.edu.br\/mercosul\/images\/cinefilo-2012-sala-lotada-3.JPG\" alt=\"\" width=\"350\" height=\"263\" \/><\/p>\n<p>A secret\u00e1ria do CIM, Joice Reis, informou ao coordenador do projeto, professor dr. Lu\u00eds Rubira, que muitas pessoas telefonaram durante o dia buscando informa\u00e7\u00f5es, inclusive uma empresa interessada em conseguir vagas para seus funcion\u00e1rios assistirem aos filmes. Do p\u00fablico que acorreu at\u00e9 o Centro de Integra\u00e7\u00e3o do Mercosul, alguns daqueles que aguardaram na fila conseguiram participar da abertura do Ciclo anual promovido pelo Departamento de Filosofia.<\/p>\n<p><a title=\"Eventos e Not\u00edcias\" href=\"https:\/\/wp.ufpel.edu.br\/mercosul\/eventos\/eventos-e-noticias\/\">[Voltar]<\/a><\/p>\n","protected":false},"excerpt":{"rendered":"<p>Dando continuidade \u00e0s atividades do F\u00f3rum Democr\u00e1tico de Desenvolvimento Regional da Assembleia Legislativa do RS, o Centro de Integra\u00e7\u00e3o do Mercosul sediou, no dia 17 de agosto, Audi\u00eancia P\u00fablica sobre Sustentabilidade Ambiental, quando foi tratado o tema \u00c1gua Subterr\u00e2nea, Superficial e no Ar.\u00a0[\u00a0CCS\/UFPel\u00a0] &nbsp; &nbsp; SEMANA DA CULTURA URUGUAIA NO BICENTEN\u00c1RIO DE PELOTAS &nbsp; 16 [&hellip;]<\/p>\n","protected":false},"author":185,"featured_media":0,"parent":0,"menu_order":0,"comment_status":"closed","ping_status":"closed","template":"","meta":{"footnotes":"","_links_to":"","_links_to_target":""},"class_list":["post-369","page","type-page","status-publish","hentry"],"jetpack_sharing_enabled":true,"_links":{"self":[{"href":"https:\/\/wp.ufpel.edu.br\/mercosul\/wp-json\/wp\/v2\/pages\/369","targetHints":{"allow":["GET"]}}],"collection":[{"href":"https:\/\/wp.ufpel.edu.br\/mercosul\/wp-json\/wp\/v2\/pages"}],"about":[{"href":"https:\/\/wp.ufpel.edu.br\/mercosul\/wp-json\/wp\/v2\/types\/page"}],"author":[{"embeddable":true,"href":"https:\/\/wp.ufpel.edu.br\/mercosul\/wp-json\/wp\/v2\/users\/185"}],"replies":[{"embeddable":true,"href":"https:\/\/wp.ufpel.edu.br\/mercosul\/wp-json\/wp\/v2\/comments?post=369"}],"version-history":[{"count":11,"href":"https:\/\/wp.ufpel.edu.br\/mercosul\/wp-json\/wp\/v2\/pages\/369\/revisions"}],"predecessor-version":[{"id":371,"href":"https:\/\/wp.ufpel.edu.br\/mercosul\/wp-json\/wp\/v2\/pages\/369\/revisions\/371"}],"wp:attachment":[{"href":"https:\/\/wp.ufpel.edu.br\/mercosul\/wp-json\/wp\/v2\/media?parent=369"}],"curies":[{"name":"wp","href":"https:\/\/api.w.org\/{rel}","templated":true}]}}