{"id":363,"date":"2012-05-07T20:18:08","date_gmt":"2012-05-07T23:18:08","guid":{"rendered":"https:\/\/wp.ufpel.edu.br\/mercosul\/?page_id=363"},"modified":"2012-05-07T20:20:34","modified_gmt":"2012-05-07T23:20:34","slug":"noticias-do-mercosul","status":"publish","type":"page","link":"https:\/\/wp.ufpel.edu.br\/mercosul\/noticias-do-mercosul\/","title":{"rendered":"Not\u00edcias do Mercosul"},"content":{"rendered":"<p style=\"text-align: center\"><strong>Livro da S\u00e9rie<em>\u00a0Fronteiras da Integra\u00e7\u00e3o<\/em><\/strong><strong>\u00a0do Centro de Integra\u00e7\u00e3o<\/strong><\/p>\n<p style=\"text-align: center\"><strong>do Mercosul da UFPEL ter\u00e1 lan\u00e7amento em Rivera, Uruguai.<\/strong><\/p>\n<p style=\"text-align: center\">\n<p style=\"text-align: center\"><img src=\"http:\/\/www.ufpel.edu.br\/mercosul\/images\/livro-gladys-bentancour-g.jpg\" alt=\"\" width=\"300\" height=\"534\" \/><\/p>\n<p style=\"text-align: justify\" align=\"left\">A s\u00e9rie\u00a0<em>Fronteiras da Integra\u00e7\u00e3o<\/em>\u00a0se constitui em mais uma importante iniciativa da Universidade Federal de Pelotas, do Centro de Integra\u00e7\u00e3o do Mercosul\/N\u00facleo de Estudos Fronteiri\u00e7os e da Funda\u00e7\u00e3o Simon Bol\u00edvar no contexto da integra\u00e7\u00e3o latino americana. Estudar, pesquisar e desenvolver as fronteiras do Brasil se constitui em atraente desafio para toda a sociedade e, sobretudo para as universidades brasileiras. Este cen\u00e1rio se torna mais importante pelo fato do Mercosul ainda n\u00e3o estar consolidado como processo de integra\u00e7\u00e3o social que todos buscamos em torno de uma \u00fanica patria sul-americana. Por isso, justificam-se as iniciativas para modificar a cultura difundida no passado, na qual a fronteira era um \u201cespa\u00e7o-problema\u201d para uma nova concep\u00e7\u00e3o que privilegia a regi\u00e3o como um espa\u00e7o pleno de oportunidades para o desenvolvimento econ\u00f4mico, social e valoriza\u00e7\u00e3o da cidadania.<br \/>\nNeste contexto, a proximidade geogr\u00e1fica de Pelotas e do estado do Rio Grande do Sul com os pa\u00edses do Prata, a influ\u00eancia da cultura do pampa na constitui\u00e7\u00e3o do Mercosul foram significativos est\u00edmulos para que a UFPEL se dedicasse cada vez mais ao tema da integra\u00e7\u00e3o regional nos \u00faltimos vinte anos. Entre exemplos \u00e9 a constante atua\u00e7\u00e3o da universidade na fronteira, desde a cria\u00e7\u00e3o da Ag\u00eancia de Desenvolvimento da Lagoa Mirim em 1994, a inaugura\u00e7\u00e3o do Centro de Integra\u00e7\u00e3o do Mercosul no ano seguinte, e mais recentemente, a cria\u00e7\u00e3o do N\u00facleo de Estudos Fronteiri\u00e7os, na fronteira entre Santana do Livramento, no Brasil e Rivera, Uruguai.<br \/>\nNesse sentido, para descrever o genu\u00edno cidad\u00e3o fronteiri\u00e7o, parcialmente brasileiro, parcialmente uruguaio, mas totalmente solid\u00e1rio e integrado em uma regi\u00e3o t\u00e3o peculiar, ser\u00e1 lan\u00e7ado na cidade de Rivera, Uruguai, o livro\u00a0<strong><em>\u201cRIVERA-LIVRAMENTO Una frontera diferente\u201d,<\/em><\/strong>\u00a0de Gladys Bentancor. O tema abordado tem origem na disserta\u00e7\u00e3o de Mestrado em Ci\u00eancias Sociais \u2013 Estudos Fronteiri\u00e7os da Universidad De La Rep\u00fablica do Uruguay, em Montevideo.<\/p>\n<p style=\"text-align: center\"><img src=\"http:\/\/www.ufpel.edu.br\/mercosul\/images\/Invitacion-livro-gladys-bentancour-g.jpg\" alt=\"\" width=\"300\" height=\"300\" \/><\/p>\n<p style=\"text-align: center\"><strong>Local: SALA CULTURAL DA ANTEL<br \/>\nAgraciada, 333 \u2013 Rivera \u2013 Uruguai.<br \/>\nData: 14\/10\/11<\/strong><br \/>\n<strong>Hora: 19h30min<\/strong><\/p>\n<p style=\"text-align: left\"><a href=\"https:\/\/wp.ufpel.edu.br\/mercosul\/2011-cim\/\">[Voltar]<\/a><\/p>\n","protected":false},"excerpt":{"rendered":"<p>Livro da S\u00e9rie\u00a0Fronteiras da Integra\u00e7\u00e3o\u00a0do Centro de Integra\u00e7\u00e3o do Mercosul da UFPEL ter\u00e1 lan\u00e7amento em Rivera, Uruguai. A s\u00e9rie\u00a0Fronteiras da Integra\u00e7\u00e3o\u00a0se constitui em mais uma importante iniciativa da Universidade Federal de Pelotas, do Centro de Integra\u00e7\u00e3o do Mercosul\/N\u00facleo de Estudos Fronteiri\u00e7os e da Funda\u00e7\u00e3o Simon Bol\u00edvar no contexto da integra\u00e7\u00e3o latino americana. Estudar, pesquisar e [&hellip;]<\/p>\n","protected":false},"author":185,"featured_media":0,"parent":0,"menu_order":0,"comment_status":"closed","ping_status":"closed","template":"","meta":{"footnotes":"","_links_to":"","_links_to_target":""},"class_list":["post-363","page","type-page","status-publish","hentry"],"jetpack_sharing_enabled":true,"_links":{"self":[{"href":"https:\/\/wp.ufpel.edu.br\/mercosul\/wp-json\/wp\/v2\/pages\/363","targetHints":{"allow":["GET"]}}],"collection":[{"href":"https:\/\/wp.ufpel.edu.br\/mercosul\/wp-json\/wp\/v2\/pages"}],"about":[{"href":"https:\/\/wp.ufpel.edu.br\/mercosul\/wp-json\/wp\/v2\/types\/page"}],"author":[{"embeddable":true,"href":"https:\/\/wp.ufpel.edu.br\/mercosul\/wp-json\/wp\/v2\/users\/185"}],"replies":[{"embeddable":true,"href":"https:\/\/wp.ufpel.edu.br\/mercosul\/wp-json\/wp\/v2\/comments?post=363"}],"version-history":[{"count":3,"href":"https:\/\/wp.ufpel.edu.br\/mercosul\/wp-json\/wp\/v2\/pages\/363\/revisions"}],"predecessor-version":[{"id":365,"href":"https:\/\/wp.ufpel.edu.br\/mercosul\/wp-json\/wp\/v2\/pages\/363\/revisions\/365"}],"wp:attachment":[{"href":"https:\/\/wp.ufpel.edu.br\/mercosul\/wp-json\/wp\/v2\/media?parent=363"}],"curies":[{"name":"wp","href":"https:\/\/api.w.org\/{rel}","templated":true}]}}