{"id":361,"date":"2012-05-07T20:22:31","date_gmt":"2012-05-07T23:22:31","guid":{"rendered":"https:\/\/wp.ufpel.edu.br\/mercosul\/?page_id=361"},"modified":"2012-06-20T21:47:04","modified_gmt":"2012-06-21T00:47:04","slug":"2011-cim","status":"publish","type":"page","link":"https:\/\/wp.ufpel.edu.br\/mercosul\/2011-cim\/","title":{"rendered":"2011 &#8211; CIM"},"content":{"rendered":"<h4><strong>A filosofia e o cinema religioso: o conflito espiritual da humanidade em 40 obras cinematogr\u00e1ficas<\/strong><\/h4>\n<p align=\"left\">O ciclo de cinema acontece todas as sextas \u00e0s 20hs no Centro de Integra\u00e7\u00e3o do Mercosul. Durante o dia podem ser retiradas as senhas para assistir o filme. Mais informa\u00e7\u00f5es pelo telefone: 3284 5526 (ISP) 3222 0404 (Mercosul).<\/p>\n<p>Coordena\u00e7\u00e3o do Prof. Lu\u00eds Rubira.<br \/>\nProfessor adjunto do Departamento de Filosofia da UFPel. Doutor em Filosofia pela Universidade de S\u00e3o Paulo (USP), suas linhas de pesquisa s\u00e3o Nietzsche e a Filosofia Cl\u00e1ssica Francesa. O presente ciclo de cinema \u00e9 um Projeto de Extens\u00e3o do autor no Departamento de Filosofia, e o segundo de uma s\u00e9rie cuja tem\u00e1tica \u00e9 proposta a cada ano.<\/p>\n<p><img src=\"http:\/\/www.ufpel.edu.br\/mercosul\/images\/cinema_religioso-b.jpg\" alt=\"\" width=\"300\" height=\"402\" \/><\/p>\n<p>A programa\u00e7\u00e3o completa do CICLO est\u00e1 dispon\u00edvel na p\u00e1gina da UFPel:<\/p>\n<p><a href=\"http:\/\/ccs.ufpel.edu.br\/wp\/2011\/03\/24\/programacao-do-ciclo-a-filosofia-e-o-cinema-religioso\" target=\"_blank\">http:\/\/ccs.ufpel.edu.br\/wp\/2011\/03\/24\/programacao-do-ciclo-a-filosofia-e-o-cinema-religioso<\/a><\/p>\n<p>&nbsp;<\/p>\n<h4><strong>Exposi\u00e7\u00e3o do Concurso Fotogr\u00e1fico da Igreja do Porto fica at\u00e9 o dia 16 no Centro de Integra\u00e7\u00e3o do Mercosul<\/strong><\/h4>\n<p><a href=\"http:\/\/www.ufpel.edu.br\/mercosul\/images\/concurso-igreja-porto.jpg\" target=\"_blank\"><img src=\"http:\/\/www.ufpel.edu.br\/mercosul\/images\/concurso-igreja-porto-m.jpg\" alt=\"\" width=\"350\" height=\"233\" \/><\/a><\/p>\n<p>Tendo em vista a qualidade das 45 fotos que integram a exposi\u00e7\u00e3o do Concurso Fotogr\u00e1fico da Igreja do Porto, iniciada no dia 5\/12, a Coordena\u00e7\u00e3o do Centro de Integra\u00e7\u00e3o do Mercosul e a Pastoral da Comunica\u00e7\u00e3o da Par\u00f3quia Sagrado Cora\u00e7\u00e3o de Jesus decidiram prorrogar a mostra por mais uma semana, ou seja, at\u00e9 dia 16\/12. A exposi\u00e7\u00e3o acontece das 8 \u00e0s 12h e das 14 \u00e0s 22h, sendo que na segunda semana j\u00e1 ter\u00e1 em destaque as fotos premiadas do 1\u00ba ao 10\u00ba lugar, escolhidas pelo J\u00fari t\u00e9cnico, bem como a mais votada pelo j\u00fari popular.<\/p>\n<p>Como se recorda, o concurso integra a programa\u00e7\u00e3o oficial das comemora\u00e7\u00f5es do bicenten\u00e1rio de Pelotas e do centen\u00e1rio da par\u00f3quia, alem de arrecadar fundos para as obras sociais da par\u00f3quia. Importante: A vota\u00e7\u00e3o popular para escolher a foto mais linda encerrar\u00e1 na data prevista no regulamento, ou seja, dia 9 de dezembro, \u00e0s 20h, sendo o hor\u00e1rio de vota\u00e7\u00e3o das 14 \u00e0s 20h. O Centro de Integra\u00e7\u00e3o do Mercosul fica localizado na esquina da Andrade Neves com Lobo da Costa.<\/p>\n<p>&nbsp;<\/p>\n<h4><strong>29 de novembro &#8211; 16 anos do Centro de Integra\u00e7\u00e3o do Mercosul<\/strong><\/h4>\n<p><a href=\"http:\/\/www.ufpel.edu.br\/mercosul\/images\/painel.JPG\"><img src=\"http:\/\/www.ufpel.edu.br\/mercosul\/images\/painetumb.jpg\" alt=\"\" width=\"200\" height=\"133\" \/><\/a><\/p>\n<p>O Centro de Integra\u00e7\u00e3o do Mercosul completa 16 anos nesta ter\u00e7a-feira(29). Hoje, o Centro est\u00e1 consolidado como importante elo entre a UFPel, as comunidades local e do Mercosul, priorizando sua atua\u00e7\u00e3o na Metade Sul do RS, a partir de a\u00e7\u00f5es que valorizem o potencial da sociedade, atrav\u00e9s de atividades que contribuam na forma\u00e7\u00e3o de uma consci\u00eancia integracionista com os demais pa\u00edses.<\/p>\n<p><a href=\"https:\/\/wp.ufpel.edu.br\/mercosul\/files\/2012\/05\/16-anos-mercosul.pdf\">Clique aqui e saiba mais!<\/a><\/p>\n<p>&nbsp;<\/p>\n<p><a href=\"http:\/\/www.ufpel.edu.br\/mercosul\/images\/entre-ceu-terra.jpg\" target=\"_blank\"><img src=\"http:\/\/www.ufpel.edu.br\/mercosul\/images\/entre-ceu-terra-p.jpg\" alt=\"\" width=\"200\" height=\"426\" \/><\/a><\/p>\n<p>&nbsp;<\/p>\n<h4><strong>Livro da S\u00e9rie<em>\u00a0Fronteiras da Integra\u00e7\u00e3o<\/em>\u00a0do<br \/>\nCentro de Integra\u00e7\u00e3o do Mercosul da UFPEL ter\u00e1 lan\u00e7amento em Rivera, Uruguai.<\/strong><\/h4>\n<p><img src=\"http:\/\/www.ufpel.edu.br\/mercosul\/images\/Invitacion-livro-gladys-bentancour.jpg\" alt=\"\" width=\"200\" height=\"200\" \/><\/p>\n<p>A s\u00e9rie\u00a0<em>Fronteiras da Integra\u00e7\u00e3o<\/em>\u00a0se constitui em mais uma importante iniciativa da Universidade Federal de Pelotas, do Centro de Integra\u00e7\u00e3o do Mercosul\/N\u00facleo de Estudos Fronteiri\u00e7os e da Funda\u00e7\u00e3o Simon Bol\u00edvar no contexto da integra\u00e7\u00e3o latino americana.<br \/>\n<a title=\"Not\u00edcias do Mercosul\" href=\"https:\/\/wp.ufpel.edu.br\/mercosul\/noticias-do-mercosul\/\">Clique aqui e saiba mais!<\/a><\/p>\n<p><strong>Local: SALA CULTURAL DA ANTEL<br \/>\nAgraciada, 333 \u2013 Rivera \u2013 Uruguai.<br \/>\nData: 14\/10\/11<\/strong><br \/>\n<strong>Hora: 19h30min<\/strong><\/p>\n<p>&nbsp;<\/p>\n<h4><strong>PALESTRA<\/strong><\/h4>\n<p>&#8220;O futuro das rela\u00e7\u00f5es Brasil-Uruguai ante os desafios que se apresentam no \u00e2mbito do Mercosul&#8221; a ser proferida pelo Vice-Chanceler uruguaio Roberto Conde. O evento ser\u00e1 realizado no dia 11 de outubro de 2011, no audit\u00f3rio do Gabinete do Reitor, no Campus Porto (Rua Gomes Carneiro, n\u00ba 1, Pelotas-RS)<\/p>\n<p>&nbsp;<\/p>\n<p>UFPel promove o Congresso Internacional de Gest\u00e3o P\u00fablica e Desenvolvimento Regional no Mercosul<br \/>\n<em>23 de Agosto de 2011<\/em><\/p>\n<p><img src=\"http:\/\/www.ufpel.edu.br\/mercosul\/images\/cartaz-evento.jpg\" alt=\"\" width=\"200\" height=\"293\" \/><\/p>\n<p>A UFPel promove, entre os dias 05 a 07 de outubro de 2011, no audit\u00f3rio do 4\u00b0 andar do Campus Porto, o Congresso Internacional de Gest\u00e3o P\u00fablica e Desenvolvimento Regional no Mercosul \u2013 O papel da universidade. O evento visa reunir a comunidade acad\u00eamica e a sociedade civil para tratar de temas relevantes ao desenvolvimento e \u00e0 gest\u00e3o p\u00fablica no contexto do MERCOSUL.<br \/>\nSendo a Universidade o espa\u00e7o prop\u00edcio para esse encontro e debate, temas como: Fundo de Converg\u00eancia estrutural e fortalecimento institucional do Mercosul \u2013 FOCEM, Conselho de Desenvolvimento Econ\u00f4mico e Social do RS, Planejamento estrat\u00e9gico municipal, Movimento geo-econ\u00f4mico da fronteira, Tecnologias e Inova\u00e7\u00e3o, Dificuldades e Oportunidades na fronteira com Uruguai e Argentina, ser\u00e3o tratados, a partir de experi\u00eancias nacionais e internacionais.<\/p>\n<p>&nbsp;<\/p>\n<h4><strong>Teia cultural<\/strong><\/h4>\n<p>O Centro de Letras da UFPel realizou nos dias 8 e 9 de junho, a I Teia Cultural, evento que visou unir algumas das diversas gradua\u00e7\u00f5es da Universidade Federal de Pelotas em um encontro de interdisciplinariedade, para propiciar a docentes e discentes uma maior intera\u00e7\u00e3o entre \u00e1reas, abordando os diferentes aspectos culturais da contemporaneidade.<\/p>\n<p><a title=\"Eventos e Not\u00edcias\" href=\"https:\/\/wp.ufpel.edu.br\/mercosul\/eventos\/eventos-e-noticias\/\">[Voltar]<\/a><\/p>\n","protected":false},"excerpt":{"rendered":"<p>A filosofia e o cinema religioso: o conflito espiritual da humanidade em 40 obras cinematogr\u00e1ficas O ciclo de cinema acontece todas as sextas \u00e0s 20hs no Centro de Integra\u00e7\u00e3o do Mercosul. Durante o dia podem ser retiradas as senhas para assistir o filme. Mais informa\u00e7\u00f5es pelo telefone: 3284 5526 (ISP) 3222 0404 (Mercosul). Coordena\u00e7\u00e3o do [&hellip;]<\/p>\n","protected":false},"author":185,"featured_media":0,"parent":0,"menu_order":0,"comment_status":"closed","ping_status":"closed","template":"","meta":{"footnotes":"","_links_to":"","_links_to_target":""},"class_list":["post-361","page","type-page","status-publish","hentry"],"jetpack_sharing_enabled":true,"_links":{"self":[{"href":"https:\/\/wp.ufpel.edu.br\/mercosul\/wp-json\/wp\/v2\/pages\/361","targetHints":{"allow":["GET"]}}],"collection":[{"href":"https:\/\/wp.ufpel.edu.br\/mercosul\/wp-json\/wp\/v2\/pages"}],"about":[{"href":"https:\/\/wp.ufpel.edu.br\/mercosul\/wp-json\/wp\/v2\/types\/page"}],"author":[{"embeddable":true,"href":"https:\/\/wp.ufpel.edu.br\/mercosul\/wp-json\/wp\/v2\/users\/185"}],"replies":[{"embeddable":true,"href":"https:\/\/wp.ufpel.edu.br\/mercosul\/wp-json\/wp\/v2\/comments?post=361"}],"version-history":[{"count":4,"href":"https:\/\/wp.ufpel.edu.br\/mercosul\/wp-json\/wp\/v2\/pages\/361\/revisions"}],"predecessor-version":[{"id":928,"href":"https:\/\/wp.ufpel.edu.br\/mercosul\/wp-json\/wp\/v2\/pages\/361\/revisions\/928"}],"wp:attachment":[{"href":"https:\/\/wp.ufpel.edu.br\/mercosul\/wp-json\/wp\/v2\/media?parent=361"}],"curies":[{"name":"wp","href":"https:\/\/api.w.org\/{rel}","templated":true}]}}