{"id":357,"date":"2012-05-07T19:32:42","date_gmt":"2012-05-07T22:32:42","guid":{"rendered":"https:\/\/wp.ufpel.edu.br\/mercosul\/?page_id=357"},"modified":"2012-06-20T21:40:09","modified_gmt":"2012-06-21T00:40:09","slug":"2010-cim","status":"publish","type":"page","link":"https:\/\/wp.ufpel.edu.br\/mercosul\/2010-cim\/","title":{"rendered":"2010 &#8211; CIM"},"content":{"rendered":"<h4><strong>Curso de Fiscaliza\u00e7\u00e3o Internacional em Transporte de Passageiros e Cargas<\/strong><\/h4>\n<p><img src=\"http:\/\/www.ufpel.edu.br\/mercosul\/images\/1514.jpg\" alt=\"\" width=\"350\" height=\"234\" \/><\/p>\n<p>O aumento do tr\u00e1fego de ve\u00edculos de transporte de passageiros e cargas normais ou perigosas pelas rodovias do MERCOSUL motivou o Departamento da Pol\u00edcia Rodovi\u00e1ria Federal, a montar o 1\u00ba Curso de T\u00e9cnicas Policiais de Fiscaliza\u00e7\u00e3o de Transportes Nacionais e do MERCOSUL. A cidade foi escolhida como sede por sua posi\u00e7\u00e3o estrat\u00e9gica ao transporte e, principalmente, pelo freq\u00fcente escoamento da produ\u00e7\u00e3o agr\u00edcola que segue com destino ao Porto e \u00e0s fronteiras secas. O orientador geral do Curso, Fl\u00e1vio Castagna de Freitas, ressalta a relev\u00e2ncia da Universidade Federal de Pelotas em se associar ao projeto. \u201cA abertura da UFPel de assumir a responsabilidade e acolher o curso no Centro de Integra\u00e7\u00e3o do MERCOSUL \u00e9 muito importante para a regi\u00e3o\u201d. Participaram das aulas policiais rodovi\u00e1rios de sete estados, do Uruguai e alunos do Curso de Rela\u00e7\u00f5es Internacionais da UFPel.<\/p>\n<p>&nbsp;<\/p>\n<h4><strong>Programa de Preserva\u00e7\u00e3o e Desenvolvimento do Meio Ambiente<\/strong><\/h4>\n<p align=\"left\">Reuni\u00e3o Prefeitos e Intendentes da fronteira Brasil-Uruguai. Programa de Preserva\u00e7\u00e3o e Desenvolvimento do Meio Ambiente da regi\u00e3o da Lagoa Mirim e aq\u00fc\u00edfero Guarani.<\/p>\n<p align=\"left\"><a title=\"Eventos e Not\u00edcias\" href=\"https:\/\/wp.ufpel.edu.br\/mercosul\/eventos\/eventos-e-noticias\/\">[Voltar]<\/a><\/p>\n","protected":false},"excerpt":{"rendered":"<p>Curso de Fiscaliza\u00e7\u00e3o Internacional em Transporte de Passageiros e Cargas O aumento do tr\u00e1fego de ve\u00edculos de transporte de passageiros e cargas normais ou perigosas pelas rodovias do MERCOSUL motivou o Departamento da Pol\u00edcia Rodovi\u00e1ria Federal, a montar o 1\u00ba Curso de T\u00e9cnicas Policiais de Fiscaliza\u00e7\u00e3o de Transportes Nacionais e do MERCOSUL. A cidade foi [&hellip;]<\/p>\n","protected":false},"author":185,"featured_media":0,"parent":0,"menu_order":0,"comment_status":"closed","ping_status":"closed","template":"","meta":{"footnotes":"","_links_to":"","_links_to_target":""},"class_list":["post-357","page","type-page","status-publish","hentry"],"jetpack_sharing_enabled":true,"_links":{"self":[{"href":"https:\/\/wp.ufpel.edu.br\/mercosul\/wp-json\/wp\/v2\/pages\/357","targetHints":{"allow":["GET"]}}],"collection":[{"href":"https:\/\/wp.ufpel.edu.br\/mercosul\/wp-json\/wp\/v2\/pages"}],"about":[{"href":"https:\/\/wp.ufpel.edu.br\/mercosul\/wp-json\/wp\/v2\/types\/page"}],"author":[{"embeddable":true,"href":"https:\/\/wp.ufpel.edu.br\/mercosul\/wp-json\/wp\/v2\/users\/185"}],"replies":[{"embeddable":true,"href":"https:\/\/wp.ufpel.edu.br\/mercosul\/wp-json\/wp\/v2\/comments?post=357"}],"version-history":[{"count":3,"href":"https:\/\/wp.ufpel.edu.br\/mercosul\/wp-json\/wp\/v2\/pages\/357\/revisions"}],"predecessor-version":[{"id":359,"href":"https:\/\/wp.ufpel.edu.br\/mercosul\/wp-json\/wp\/v2\/pages\/357\/revisions\/359"}],"wp:attachment":[{"href":"https:\/\/wp.ufpel.edu.br\/mercosul\/wp-json\/wp\/v2\/media?parent=357"}],"curies":[{"name":"wp","href":"https:\/\/api.w.org\/{rel}","templated":true}]}}