{"id":352,"date":"2012-05-07T19:23:19","date_gmt":"2012-05-07T22:23:19","guid":{"rendered":"https:\/\/wp.ufpel.edu.br\/mercosul\/?page_id=352"},"modified":"2012-05-07T19:24:07","modified_gmt":"2012-05-07T22:24:07","slug":"2009-cim","status":"publish","type":"page","link":"https:\/\/wp.ufpel.edu.br\/mercosul\/2009-cim\/","title":{"rendered":"2009 &#8211; CIM"},"content":{"rendered":"<p><img src=\"http:\/\/www.ufpel.edu.br\/mercosul\/images\/2exped.jpg\" alt=\"\" width=\"350\" height=\"247\" \/><\/p>\n<p>Em comemora\u00e7\u00e3o aos 14 anos de anivers\u00e1rio do Centro de Integra\u00e7\u00e3o do MERCOSUL, exposi\u00e7\u00e3o do fot\u00f3grafo Nauro J\u00fanior intitulada \u201cExpedi\u00e7\u00e3o Lagoa Mirim \u2013 Uma Aventura entre duas P\u00e1trias\u201d.<\/p>\n<p>&nbsp;<\/p>\n<p>V Semin\u00e1rio de Estudos Urbanos e Regionais \u2013 III Col\u00f3quio Internacional sobre Com\u00e9rcio e Consumo Urbano<\/p>\n<p>Lan\u00e7amento do livro \u201cRivera-Livramento \u2013 Una frontera diferente, de Gladys Betancor. O lan\u00e7amento da s\u00e9rie \u201cFronteiras da Integra\u00e7\u00e3o\u201d se constitui em mais uma importante iniciativa da Universidade Federal de Pelotas no momento em que \u00e9 comemorado seu 40\u00ba anivers\u00e1rio. Estudar, pesquisar e desenvolver as fronteiras do Brasil se constitui em atraente desafio para toda a sociedade e, sobretudo para as nossas universidades federais.<\/p>\n<p><a title=\"Eventos e Not\u00edcias\" href=\"https:\/\/wp.ufpel.edu.br\/mercosul\/eventos\/eventos-e-noticias\/\">[Voltar]<\/a><\/p>\n","protected":false},"excerpt":{"rendered":"<p>Em comemora\u00e7\u00e3o aos 14 anos de anivers\u00e1rio do Centro de Integra\u00e7\u00e3o do MERCOSUL, exposi\u00e7\u00e3o do fot\u00f3grafo Nauro J\u00fanior intitulada \u201cExpedi\u00e7\u00e3o Lagoa Mirim \u2013 Uma Aventura entre duas P\u00e1trias\u201d. &nbsp; V Semin\u00e1rio de Estudos Urbanos e Regionais \u2013 III Col\u00f3quio Internacional sobre Com\u00e9rcio e Consumo Urbano Lan\u00e7amento do livro \u201cRivera-Livramento \u2013 Una frontera diferente, de Gladys [&hellip;]<\/p>\n","protected":false},"author":185,"featured_media":0,"parent":0,"menu_order":0,"comment_status":"closed","ping_status":"closed","template":"","meta":{"footnotes":"","_links_to":"","_links_to_target":""},"class_list":["post-352","page","type-page","status-publish","hentry"],"jetpack_sharing_enabled":true,"_links":{"self":[{"href":"https:\/\/wp.ufpel.edu.br\/mercosul\/wp-json\/wp\/v2\/pages\/352","targetHints":{"allow":["GET"]}}],"collection":[{"href":"https:\/\/wp.ufpel.edu.br\/mercosul\/wp-json\/wp\/v2\/pages"}],"about":[{"href":"https:\/\/wp.ufpel.edu.br\/mercosul\/wp-json\/wp\/v2\/types\/page"}],"author":[{"embeddable":true,"href":"https:\/\/wp.ufpel.edu.br\/mercosul\/wp-json\/wp\/v2\/users\/185"}],"replies":[{"embeddable":true,"href":"https:\/\/wp.ufpel.edu.br\/mercosul\/wp-json\/wp\/v2\/comments?post=352"}],"version-history":[{"count":3,"href":"https:\/\/wp.ufpel.edu.br\/mercosul\/wp-json\/wp\/v2\/pages\/352\/revisions"}],"predecessor-version":[{"id":356,"href":"https:\/\/wp.ufpel.edu.br\/mercosul\/wp-json\/wp\/v2\/pages\/352\/revisions\/356"}],"wp:attachment":[{"href":"https:\/\/wp.ufpel.edu.br\/mercosul\/wp-json\/wp\/v2\/media?parent=352"}],"curies":[{"name":"wp","href":"https:\/\/api.w.org\/{rel}","templated":true}]}}