{"id":343,"date":"2012-05-07T19:15:09","date_gmt":"2012-05-07T22:15:09","guid":{"rendered":"https:\/\/wp.ufpel.edu.br\/mercosul\/?page_id=343"},"modified":"2019-08-21T12:01:03","modified_gmt":"2019-08-21T15:01:03","slug":"2007-cim","status":"publish","type":"page","link":"https:\/\/wp.ufpel.edu.br\/mercosul\/2007-cim\/","title":{"rendered":"2007 &#8211; CIM"},"content":{"rendered":"<h4><strong>ENCONTRO DA COMISS\u00c3O BINACIONAL DA LAGOA MIRIM<\/strong><\/h4>\n<p><img src=\"http:\/\/www.ufpel.edu.br\/mercosul\/images\/reitor_encontro.jpg\" alt=\"\" width=\"225\" height=\"137\" \/><\/p>\n<p>Reitor C\u00e9sar Borges abriu o Encontro da Comiss\u00e3o Binacional da Lagoa Mirim, nesta segunda-feira (22), ao lado do ministro Jo\u00e3o Luiz Pereira Pinto (MRE\/Brasil) e da ministra Laura Dupy, da Diretoria-Geral das Am\u00e9ricas (MRE\/Uruguai).<\/p>\n<p>&nbsp;<\/p>\n<h4><strong>CENTRO DE INTEGRA\u00c7\u00c3O DO MERCOSUL SEDIA O ENCONTRO DE REITORES DE UNIVERSIDADES DA AM\u00c9RICA LATINA E CARIBE<\/strong><\/h4>\n<p><img src=\"http:\/\/www.ufpel.edu.br\/mercosul\/images\/aualcpi.jpg\" alt=\"\" width=\"126\" height=\"151\" \/><\/p>\n<p>A Universidade Federal de Pelotas (UFPel) sediou, na semana passada, importante encontro de reitores de universidades da Am\u00e9rica Latina e do Caribe. A IX Asamblea General del Consejo Pleno da Asociaci\u00f3n de Universidades de Am\u00e9rica y del Caribe para la Integraci\u00f3n (AUALCPI) aconteceu nos dias 17, 18 e 19, no Centro de Integra\u00e7\u00e3o do Mercosul, em Pelotas-RS.<\/p>\n<p>&nbsp;<\/p>\n<h4><strong>III SEUR E II COL\u00d3QUIO SOBRE COM\u00c9RCIO E CONSUMO URBANO<\/strong><\/h4>\n<p><img src=\"http:\/\/www.ufpel.edu.br\/mercosul\/images\/cartaz_seur2007.jpg\" alt=\"\" width=\"184\" height=\"151\" \/><\/p>\n<p>No dia 12 de setembro aconteceu o III SEUR e o II Col\u00f3quio sobre Com\u00e9rcio e Consumo Urbano, o evento promovido pelo Laborat\u00f3rio de Estudos Urbanos e Regionais &#8220;LEUR &#8211; ICH &#8211; UFPel, tratar\u00e1 de quest\u00f5es de planejamento urbano e desenvolvimento de com\u00e9rcio, assim como tamb\u00e9m apresentar\u00e1 resultados preliminares da pesquisa desenvolvida pelo laborat\u00f3rio sobre o deslocamento da centralidade para a zona norte de Pelotas.<\/p>\n<p>&nbsp;<\/p>\n<h4><strong>CIM EXP\u00d5E SELOS PERSONALIZADOS ALUSIVOS AO CENTEN\u00c1RIO DA<\/strong><br \/>\n<strong> 8\u00aa BI MTZ<\/strong><\/h4>\n<p><img src=\"http:\/\/www.ufpel.edu.br\/mercosul\/images\/expo_diadosoldado.jpg\" alt=\"\" width=\"225\" height=\"151\" \/><\/p>\n<p>Durante toda a semana de 20 a 24 de agosto, no hall do Centro de Integra\u00e7\u00e3o do Mercosul, aconteceu a exposi\u00e7\u00e3o de selos personalizados, que participaram do concurso de cria\u00e7\u00e3o da marca comemorativa do centen\u00e1rio da 8\u00aa Brigada de Infantaria Motorizada Manoel Marques de Souza I, que ser\u00e1 comemorado em 23 de fevereiro de 2008. No local, al\u00e9m das marcas concorrentes, houve apresenta\u00e7\u00f5es de material gr\u00e1fico do Ex\u00e9rcito e exposi\u00e7\u00e3o de selos antigos. A competi\u00e7\u00e3o apresentou resul-tados que ilustram a hist\u00f3ria, tradi\u00e7\u00e3o, atualidade e filosofia do Comando, al\u00e9m de prover visi-bilidade aos seus princ\u00edpios mais singulares. Entre os logotipos concorrentes, est\u00e3o s\u00edmbo-los como aves, armas, distintivos adaptados, entre outras cria\u00e7\u00f5es. A divulga\u00e7\u00e3o do vence-dor e a premia\u00e7\u00e3o ocorrem no s\u00e1bado (25), \u00e0s 10h, no Batalh\u00e3o Tuiuti, junto \u00e0s comemo-ra\u00e7\u00f5es do Dia do Soldado, que abrangem for-matura, entrega de condecora\u00e7\u00f5es e diplomas, al\u00e9m da entrega de doa\u00e7\u00f5es de alimentos ar-recadados em campanha beneficente.<\/p>\n<p><a title=\"Eventos e Not\u00edcias\" href=\"https:\/\/wp.ufpel.edu.br\/mercosul\/eventos\/eventos-e-noticias\/\">[Voltar]<\/a><\/p>\n","protected":false},"excerpt":{"rendered":"<p>ENCONTRO DA COMISS\u00c3O BINACIONAL DA LAGOA MIRIM Reitor C\u00e9sar Borges abriu o Encontro da Comiss\u00e3o Binacional da Lagoa Mirim, nesta segunda-feira (22), ao lado do ministro Jo\u00e3o Luiz Pereira Pinto (MRE\/Brasil) e da ministra Laura Dupy, da Diretoria-Geral das Am\u00e9ricas (MRE\/Uruguai). &nbsp; CENTRO DE INTEGRA\u00c7\u00c3O DO MERCOSUL SEDIA O ENCONTRO DE REITORES DE UNIVERSIDADES DA [&hellip;]<\/p>\n","protected":false},"author":185,"featured_media":0,"parent":0,"menu_order":0,"comment_status":"closed","ping_status":"closed","template":"","meta":{"footnotes":"","_links_to":"","_links_to_target":""},"class_list":["post-343","page","type-page","status-publish","hentry"],"jetpack_sharing_enabled":true,"_links":{"self":[{"href":"https:\/\/wp.ufpel.edu.br\/mercosul\/wp-json\/wp\/v2\/pages\/343","targetHints":{"allow":["GET"]}}],"collection":[{"href":"https:\/\/wp.ufpel.edu.br\/mercosul\/wp-json\/wp\/v2\/pages"}],"about":[{"href":"https:\/\/wp.ufpel.edu.br\/mercosul\/wp-json\/wp\/v2\/types\/page"}],"author":[{"embeddable":true,"href":"https:\/\/wp.ufpel.edu.br\/mercosul\/wp-json\/wp\/v2\/users\/185"}],"replies":[{"embeddable":true,"href":"https:\/\/wp.ufpel.edu.br\/mercosul\/wp-json\/wp\/v2\/comments?post=343"}],"version-history":[{"count":5,"href":"https:\/\/wp.ufpel.edu.br\/mercosul\/wp-json\/wp\/v2\/pages\/343\/revisions"}],"predecessor-version":[{"id":2711,"href":"https:\/\/wp.ufpel.edu.br\/mercosul\/wp-json\/wp\/v2\/pages\/343\/revisions\/2711"}],"wp:attachment":[{"href":"https:\/\/wp.ufpel.edu.br\/mercosul\/wp-json\/wp\/v2\/media?parent=343"}],"curies":[{"name":"wp","href":"https:\/\/api.w.org\/{rel}","templated":true}]}}