{"id":319,"date":"2012-05-07T13:39:21","date_gmt":"2012-05-07T16:39:21","guid":{"rendered":"https:\/\/wp.ufpel.edu.br\/mercosul\/?page_id=319"},"modified":"2012-05-07T13:43:52","modified_gmt":"2012-05-07T16:43:52","slug":"horario-do-2o-semestre-12012","status":"publish","type":"page","link":"https:\/\/wp.ufpel.edu.br\/mercosul\/horario-do-2o-semestre-12012\/","title":{"rendered":"Hor\u00e1rio do 2\u00ba semestre (1\/2012)"},"content":{"rendered":"<table border=\"1\" cellspacing=\"0\" cellpadding=\"0\">\n<tbody>\n<tr>\n<td valign=\"top\" width=\"47\">\n<p align=\"center\">Dom<\/p>\n<\/td>\n<td valign=\"top\" width=\"95\">\n<p align=\"center\">Seg<\/p>\n<\/td>\n<td valign=\"top\" width=\"95\">\n<p align=\"center\">Ter<\/p>\n<\/td>\n<td valign=\"top\" width=\"95\">\n<p align=\"center\">Qua<\/p>\n<\/td>\n<td valign=\"top\" width=\"95\">\n<p align=\"center\">Qui<\/p>\n<\/td>\n<td valign=\"top\" width=\"95\">\n<p align=\"center\">Sex<\/p>\n<\/td>\n<td valign=\"top\" width=\"41\">\n<p align=\"center\">Sab<\/p>\n<\/td>\n<\/tr>\n<tr>\n<td width=\"47\">\n<p align=\"center\"><strong>\u00a0<\/strong><\/p>\n<\/td>\n<td width=\"95\">\n<p align=\"center\">1000095<\/p>\n<p align=\"center\">Log\u00edstica I<\/p>\n<p align=\"center\">Maurel Oliveira<\/p>\n<\/td>\n<td width=\"95\">\n<p align=\"center\">1000099<\/p>\n<p align=\"center\">Planejamento Estrat\u00e9gico<\/p>\n<p align=\"center\">Maurel Oliveira<\/p>\n<\/td>\n<td width=\"95\">\n<p align=\"center\">1000094<\/p>\n<p align=\"center\">Engenharia de Tr\u00e1fego<\/p>\n<p align=\"center\">Raquel Holz<\/p>\n<\/td>\n<td width=\"95\">\n<p align=\"center\">1000097<\/p>\n<p align=\"center\">Infraestrutura dos Transportes Terrestres I<\/p>\n<p align=\"center\">Raquel Holz<\/p>\n<\/td>\n<td width=\"95\">\n<p align=\"center\">1000096<\/p>\n<p align=\"center\">Legisla\u00e7\u00e3o do Tr\u00e2nsito<\/p>\n<p align=\"center\">Francine Joseph<\/p>\n<\/td>\n<td width=\"41\"><\/td>\n<\/tr>\n<tr>\n<td width=\"47\">\n<p align=\"center\"><strong>\u00a0<\/strong><\/p>\n<\/td>\n<td width=\"95\">\n<p align=\"center\">1000095<\/p>\n<p align=\"center\">Log\u00edstica I<\/p>\n<p align=\"center\">Maurel Oliveira<\/p>\n<\/td>\n<td width=\"95\">\n<p align=\"center\">1000099<\/p>\n<p align=\"center\">Planejamento Estrat\u00e9gico<\/p>\n<p align=\"center\">Maurel Oliveira<\/p>\n<\/td>\n<td width=\"95\">\n<p align=\"center\">1000094<\/p>\n<p align=\"center\">Engenharia de Tr\u00e1fego<\/p>\n<p align=\"center\">Raquel Holz<\/p>\n<\/td>\n<td width=\"95\">\n<p align=\"center\">1000097<\/p>\n<p align=\"center\">Infraestrutura dos Transportes Terrestres I<\/p>\n<p align=\"center\">Raquel Holz<\/p>\n<\/td>\n<td width=\"95\">\n<p align=\"center\">1000096<\/p>\n<p align=\"center\">Legisla\u00e7\u00e3o do Tr\u00e2nsito<\/p>\n<p align=\"center\">Francine Joseph<\/p>\n<\/td>\n<td width=\"41\"><\/td>\n<\/tr>\n<tr>\n<td width=\"47\">\n<p align=\"center\"><strong>\u00a0<\/strong><\/p>\n<\/td>\n<td width=\"95\">\n<p align=\"center\">1000095<\/p>\n<p align=\"center\">Log\u00edstica I<\/p>\n<p align=\"center\">Maurel Oliveira<\/p>\n<\/td>\n<td width=\"95\">\n<p align=\"center\">1000098<\/p>\n<p align=\"center\">Gest\u00e3o da Qualidade<\/p>\n<p align=\"center\">Maurel Oliveira<\/p>\n<\/td>\n<td width=\"95\">\n<p align=\"center\">1000094<\/p>\n<p align=\"center\">Engenharia de Tr\u00e1fego<\/p>\n<p align=\"center\">Raquel Holz<\/p>\n<\/td>\n<td width=\"95\">\n<p align=\"center\">1000097<\/p>\n<p align=\"center\">Infraestrutura dos Transportes Terrestres I<\/p>\n<p align=\"center\">Raquel Holz<\/p>\n<\/td>\n<td width=\"95\">\n<p align=\"center\">1000096<\/p>\n<p align=\"center\">Legisla\u00e7\u00e3o do Tr\u00e2nsito<\/p>\n<p align=\"center\">Francine Joseph<\/p>\n<\/td>\n<td width=\"41\"><\/td>\n<\/tr>\n<tr>\n<td width=\"47\">\n<p align=\"center\"><strong>\u00a0<\/strong><\/p>\n<\/td>\n<td width=\"95\">\n<p align=\"center\">1000095<\/p>\n<p align=\"center\">Log\u00edstica I<\/p>\n<p align=\"center\">Maurel Oliveira<\/p>\n<\/td>\n<td width=\"95\">\n<p align=\"center\">1000098<\/p>\n<p align=\"center\">Gest\u00e3o da Qualidade<\/p>\n<p align=\"center\">Maurel Oliveira<\/p>\n<\/td>\n<td width=\"95\">\n<p align=\"center\">1000094<\/p>\n<p align=\"center\">Engenharia de Tr\u00e1fego<\/p>\n<p align=\"center\">Raquel Holz<\/p>\n<\/td>\n<td width=\"95\">\n<p align=\"center\">1000097<\/p>\n<p align=\"center\">Infraestrutura dos Transportes Terrestres I<\/p>\n<p align=\"center\">Raquel Holz<\/p>\n<\/td>\n<td width=\"95\">\n<p align=\"center\">1000096<\/p>\n<p align=\"center\">Legisla\u00e7\u00e3o do Tr\u00e2nsito<\/p>\n<p align=\"center\">Francine Joseph<\/p>\n<\/td>\n<td width=\"41\"><\/td>\n<\/tr>\n<\/tbody>\n<\/table>\n<p><a title=\"Curso Superior de Tecnologia em Transportes Terrestres\" href=\"https:\/\/wp.ufpel.edu.br\/mercosul\/cursos-vinculados-ao-cim\/curso-superior-de-tecnologia-em-transportes-terrestres\/atividades-do-curso-superior-de-tecnologia-em-transporte-terrestre\/\">[Voltar]<\/a><\/p>\n","protected":false},"excerpt":{"rendered":"<p>Dom Seg Ter Qua Qui Sex Sab \u00a0 1000095 Log\u00edstica I Maurel Oliveira 1000099 Planejamento Estrat\u00e9gico Maurel Oliveira 1000094 Engenharia de Tr\u00e1fego Raquel Holz 1000097 Infraestrutura dos Transportes Terrestres I Raquel Holz 1000096 Legisla\u00e7\u00e3o do Tr\u00e2nsito Francine Joseph \u00a0 1000095 Log\u00edstica I Maurel Oliveira 1000099 Planejamento Estrat\u00e9gico Maurel Oliveira 1000094 Engenharia de Tr\u00e1fego Raquel Holz [&hellip;]<\/p>\n","protected":false},"author":185,"featured_media":0,"parent":0,"menu_order":0,"comment_status":"closed","ping_status":"closed","template":"","meta":{"footnotes":"","_links_to":"","_links_to_target":""},"class_list":["post-319","page","type-page","status-publish","hentry"],"jetpack_sharing_enabled":true,"_links":{"self":[{"href":"https:\/\/wp.ufpel.edu.br\/mercosul\/wp-json\/wp\/v2\/pages\/319","targetHints":{"allow":["GET"]}}],"collection":[{"href":"https:\/\/wp.ufpel.edu.br\/mercosul\/wp-json\/wp\/v2\/pages"}],"about":[{"href":"https:\/\/wp.ufpel.edu.br\/mercosul\/wp-json\/wp\/v2\/types\/page"}],"author":[{"embeddable":true,"href":"https:\/\/wp.ufpel.edu.br\/mercosul\/wp-json\/wp\/v2\/users\/185"}],"replies":[{"embeddable":true,"href":"https:\/\/wp.ufpel.edu.br\/mercosul\/wp-json\/wp\/v2\/comments?post=319"}],"version-history":[{"count":3,"href":"https:\/\/wp.ufpel.edu.br\/mercosul\/wp-json\/wp\/v2\/pages\/319\/revisions"}],"predecessor-version":[{"id":321,"href":"https:\/\/wp.ufpel.edu.br\/mercosul\/wp-json\/wp\/v2\/pages\/319\/revisions\/321"}],"wp:attachment":[{"href":"https:\/\/wp.ufpel.edu.br\/mercosul\/wp-json\/wp\/v2\/media?parent=319"}],"curies":[{"name":"wp","href":"https:\/\/api.w.org\/{rel}","templated":true}]}}