{"id":3037,"date":"2023-04-04T07:29:25","date_gmt":"2023-04-04T10:29:25","guid":{"rendered":"https:\/\/wp.ufpel.edu.br\/mercosul\/?page_id=3037"},"modified":"2023-04-04T07:29:25","modified_gmt":"2023-04-04T10:29:25","slug":"estrutura-do-curso","status":"publish","type":"page","link":"https:\/\/wp.ufpel.edu.br\/mercosul\/estrutura-do-curso\/","title":{"rendered":"Estrutura do Curso"},"content":{"rendered":"<p><b>ESTRUTURA CURRICULAR<\/b><\/p>\n<p><span style=\"font-weight: 400;\">A estrutura curricular do Curso de Especializa\u00e7\u00e3o Gest\u00e3o para a Sustentabilidade\u00a0 est\u00e1 programada para ocorrer em 4 m\u00f3dulos. O primeiro m\u00f3dulo ser\u00e1 composto por 06 disciplinas e o segundo m\u00f3dulo ser\u00e1 composto por 05. Todas as disciplinas ser\u00e3o 02 cr\u00e9ditos (1 te\u00f3rico e 1 pr\u00e1tico) totalizando carga hor\u00e1ria de 34 horas\/aula para cada disciplina. A carga hor\u00e1ria dos dois primeiros m\u00f3dulos ser\u00e1, portanto, de 374. A<\/span><b>s disciplinas destes dois m\u00f3dulos iniciais ser\u00e3o obrigat\u00f3rias para todos os alunos<\/b><span style=\"font-weight: 400;\">.<\/span><\/p>\n<p><span style=\"font-weight: 400;\">O terceiro m\u00f3dulo \u00e9 composto por disciplinas alternativas a partir das tr\u00eas linhas de pesquisa. O aluno poder\u00e1 escolher a \u00eanfase da especialidade:<\/span><b> 1) Gest\u00e3o Ambiental e Desenvolvimento Sustent\u00e1vel; 2) Mobilidade e\u00a0 Sustentabilidade; e 3) Gest\u00e3o Sustent\u00e1vel de Servi\u00e7os de Hospitalidade<\/b><span style=\"font-weight: 400;\">. Cada linha ter\u00e1 3 disciplinas de 34 horas\/aula, totalizando 102h. O quarto m\u00f3dulo, com 34 horas\/aula, ser\u00e1 para elabora\u00e7\u00e3o do Trabalho de Conclus\u00e3o do Curso &#8211; TCC.\u00a0<\/span><\/p>\n<p><span style=\"font-weight: 400;\">A grade curricular do curso ter\u00e1 um total de 510 horas que ser\u00e3o desenvolvidas ao longo de, no m\u00ednimo, 3 semestres. A soma total de horas\/aula \u00e9 efetuada em tr\u00eas semestres, e o aluno poder\u00e1 cursar o componente curricular \u201cElabora\u00e7\u00e3o de TCC\u201d no terceiro (junto ao M\u00f3dulo III) ou quarto semestre para a realiza\u00e7\u00e3o do Trabalho de Conclus\u00e3o de Curso.<\/span><\/p>\n<p><span style=\"font-weight: 400;\">Abaixo, segue quadro apresentando as disciplinas que comp\u00f5em cada m\u00f3dulo do Curso e sua respectiva carga hor\u00e1ria.<\/span><\/p>\n<p><b>1\u00ba M\u00d3DULO &#8211; Conhecimentos Fundamentais<\/b><\/p>\n<p><span style=\"font-weight: 400;\">Este m\u00f3dulo tem como centralidade o tema da sustentabilidade, sendo composto por disciplinas com conte\u00fados transversais que oferecem embasamento te\u00f3rico para o futuro especialista em \u201cgest\u00e3o para a sustentabilidade\u201d. Todas as disciplinas deste M\u00f3dulo s\u00e3o obrigat\u00f3rias.<\/span><\/p>\n<table>\n<tbody>\n<tr>\n<td><b>Disciplinas\u00a0<\/b><\/td>\n<td><b>Cr\u00e9ditos<\/b><\/td>\n<td><b>Carga Hor\u00e1ria<\/b><\/td>\n<\/tr>\n<tr>\n<td><span style=\"font-weight: 400;\">Gest\u00e3o e Governan\u00e7a Ambiental Sustent\u00e1vel<\/span><\/td>\n<td><span style=\"font-weight: 400;\">2<\/span><\/td>\n<td><span style=\"font-weight: 400;\">34h<\/span><\/td>\n<\/tr>\n<tr>\n<td><span style=\"font-weight: 400;\">Estado, Sociedade e Pol\u00edticas Sustent\u00e1veis<\/span><\/td>\n<td><span style=\"font-weight: 400;\">2<\/span><\/td>\n<td><span style=\"font-weight: 400;\">34h<\/span><\/td>\n<\/tr>\n<tr>\n<td><span style=\"font-weight: 400;\">Gaia e a Humanidade<\/span><\/td>\n<td><span style=\"font-weight: 400;\">2<\/span><\/td>\n<td><span style=\"font-weight: 400;\">34h<\/span><\/td>\n<\/tr>\n<tr>\n<td><span style=\"font-weight: 400;\">Princ\u00edpios Legais e Marco Constitucional<\/span><\/td>\n<td><span style=\"font-weight: 400;\">2<\/span><\/td>\n<td><span style=\"font-weight: 400;\">34h<\/span><\/td>\n<\/tr>\n<tr>\n<td><span style=\"font-weight: 400;\">Cidade, Bem-estar e Felicidade<\/span><\/td>\n<td><span style=\"font-weight: 400;\">2<\/span><\/td>\n<td><span style=\"font-weight: 400;\">34h<\/span><\/td>\n<\/tr>\n<tr>\n<td><span style=\"font-weight: 400;\">Cidades e Comunidades Sustent\u00e1veis<\/span><\/td>\n<td><span style=\"font-weight: 400;\">2<\/span><\/td>\n<td><span style=\"font-weight: 400;\">34h<\/span><\/td>\n<\/tr>\n<tr>\n<td><b>Carga Hor\u00e1ria Total Obrigat\u00f3ria do M\u00f3dulo<\/b><\/td>\n<td colspan=\"2\"><b>204h<\/b><\/td>\n<\/tr>\n<\/tbody>\n<\/table>\n<p>&nbsp;<\/p>\n<p><b>2\u00ba M\u00d3DULO &#8211; Instrumentos de planejamento e metodologias\u00a0<\/b><\/p>\n<p><span style=\"font-weight: 400;\">Este m\u00f3dulo tem como objetivo capacitar para a formula\u00e7\u00e3o de solu\u00e7\u00f5es e tecnologias, fornecendo ferramentas para o desenvolvimento, execu\u00e7\u00e3o e avalia\u00e7\u00e3o de pol\u00edticas, programas, projetos e a\u00e7\u00f5es relacionadas \u00e0 sustentabilidade socioambiental. Todas as disciplinas deste M\u00f3dulo s\u00e3o obrigat\u00f3rias.<\/span><\/p>\n<table>\n<tbody>\n<tr>\n<td><b>Disciplinas<\/b><\/td>\n<td><b>Cr\u00e9ditos<\/b><\/td>\n<td><b>Carga Hor\u00e1ria<\/b><\/td>\n<\/tr>\n<tr>\n<td><span style=\"font-weight: 400;\">Pesquisa Cient\u00edfica e Metodologias de investiga\u00e7\u00e3o<\/span><\/td>\n<td><span style=\"font-weight: 400;\">2<\/span><\/td>\n<td><span style=\"font-weight: 400;\">34h<\/span><\/td>\n<\/tr>\n<tr>\n<td><span style=\"font-weight: 400;\">Metodologias de Avalia\u00e7\u00e3o de Indicadores<\/span><\/td>\n<td><span style=\"font-weight: 400;\">2<\/span><\/td>\n<td><span style=\"font-weight: 400;\">34h<\/span><\/td>\n<\/tr>\n<tr>\n<td><span style=\"font-weight: 400;\">Metodologias de Georreferenciamento<\/span><\/td>\n<td><span style=\"font-weight: 400;\">2<\/span><\/td>\n<td><span style=\"font-weight: 400;\">34h<\/span><\/td>\n<\/tr>\n<tr>\n<td><span style=\"font-weight: 400;\">Elabora\u00e7\u00e3o e Gest\u00e3o de Cen\u00e1rios Prospectivos<\/span><\/td>\n<td><span style=\"font-weight: 400;\">2<\/span><\/td>\n<td><span style=\"font-weight: 400;\">34h<\/span><\/td>\n<\/tr>\n<tr>\n<td><span style=\"font-weight: 400;\">Elabora\u00e7\u00e3o de Pol\u00edticas Sustent\u00e1veis<\/span><\/td>\n<td><span style=\"font-weight: 400;\">2<\/span><\/td>\n<td><span style=\"font-weight: 400;\">34h<\/span><\/td>\n<\/tr>\n<tr>\n<td><b>Carga Hor\u00e1ria Total Obrigat\u00f3ria do M\u00f3dulo<\/b><\/td>\n<td colspan=\"2\"><b>170h<\/b><\/td>\n<\/tr>\n<\/tbody>\n<\/table>\n<p>&nbsp;<\/p>\n<p><b>3\u00ba M\u00d3DULO &#8211; Conhecimentos espec\u00edficos<\/b><\/p>\n<p><span style=\"font-weight: 400;\">Nestes m\u00f3dulos, cada \u00e1rea buscar\u00e1 integrar os conhecimentos de forma a trabalhar interdisciplinarmente, especialmente na rela\u00e7\u00e3o com as disciplinas do primeiro e do segundo m\u00f3dulos, relacionando os conte\u00fados com os projetos de interven\u00e7\u00e3o\/planejamento apresentados quando do ingresso do discente. As disciplinas deste M\u00f3dulo ser\u00e3o Alternativas, sendo o aluno obrigado a cursar 102h neste M\u00f3dulo.<\/span><\/p>\n<table>\n<tbody>\n<tr>\n<td colspan=\"3\"><b>Linha 1. Gest\u00e3o Ambiental e Desenvolvimento Sustent\u00e1vel<\/b><\/td>\n<\/tr>\n<tr>\n<td><b>Disciplinas\u00a0<\/b><\/td>\n<td><b>Cr\u00e9ditos<\/b><\/td>\n<td><b>Carga Hor\u00e1ria<\/b><\/td>\n<\/tr>\n<tr>\n<td><span style=\"font-weight: 400;\">Instrumentos de Gest\u00e3o e Gerenciamento Ambiental<\/span><\/td>\n<td><span style=\"font-weight: 400;\">02<\/span><\/td>\n<td><span style=\"font-weight: 400;\">34h<\/span><\/td>\n<\/tr>\n<tr>\n<td><span style=\"font-weight: 400;\">Planejamento, Gest\u00e3o e Ambiente Urbano<\/span><\/td>\n<td><span style=\"font-weight: 400;\">02<\/span><\/td>\n<td><span style=\"font-weight: 400;\">34h<\/span><\/td>\n<\/tr>\n<tr>\n<td><span style=\"font-weight: 400;\">Gest\u00e3o Ambiental Rural<\/span><\/td>\n<td><span style=\"font-weight: 400;\">02<\/span><\/td>\n<td><span style=\"font-weight: 400;\">34h<\/span><\/td>\n<\/tr>\n<tr>\n<td><b>Carga Hor\u00e1ria Total Obrigat\u00f3ria do M\u00f3dulo<\/b><\/td>\n<td colspan=\"2\"><b>102h<\/b><\/td>\n<\/tr>\n<\/tbody>\n<\/table>\n<p>&nbsp;<\/p>\n<table>\n<tbody>\n<tr>\n<td colspan=\"3\"><b>Linha 2. Mobilidade e Sustentabilidade<\/b><\/td>\n<\/tr>\n<tr>\n<td><b>Disciplinas<\/b><\/td>\n<td><b>Cr\u00e9ditos<\/b><\/td>\n<td><b>Carga Hor\u00e1ria<\/b><\/td>\n<\/tr>\n<tr>\n<td><span style=\"font-weight: 400;\">Planejamento Urbano e\u00a0 Mobilidade<\/span><\/td>\n<td><span style=\"font-weight: 400;\">02<\/span><\/td>\n<td><span style=\"font-weight: 400;\">34h<\/span><\/td>\n<\/tr>\n<tr>\n<td><span style=\"font-weight: 400;\">Transporte Sustent\u00e1vel<\/span><\/td>\n<td><span style=\"font-weight: 400;\">02<\/span><\/td>\n<td><span style=\"font-weight: 400;\">34h<\/span><\/td>\n<\/tr>\n<tr>\n<td><span style=\"font-weight: 400;\">Acessibilidade e usos da cidade<\/span><\/td>\n<td><span style=\"font-weight: 400;\">02<\/span><\/td>\n<td><span style=\"font-weight: 400;\">34h<\/span><\/td>\n<\/tr>\n<tr>\n<td><b>Carga Hor\u00e1ria Total Obrigat\u00f3ria do M\u00f3dulo<\/b><\/td>\n<td colspan=\"2\"><b>102h<\/b><\/td>\n<\/tr>\n<\/tbody>\n<\/table>\n<p>&nbsp;<\/p>\n<table>\n<tbody>\n<tr>\n<td colspan=\"3\"><b>Linha 3. Gest\u00e3o sustent\u00e1vel de servi\u00e7os de hospitalidade<\/b><\/td>\n<\/tr>\n<tr>\n<td><b>Disciplinas<\/b><\/td>\n<td><b>Cr\u00e9ditos<\/b><\/td>\n<td><b>Carga Hor\u00e1ria<\/b><\/td>\n<\/tr>\n<tr>\n<td><span style=\"font-weight: 400;\">Hospitalidade urbana<\/span><\/td>\n<td><span style=\"font-weight: 400;\">02<\/span><\/td>\n<td><span style=\"font-weight: 400;\">34h<\/span><\/td>\n<\/tr>\n<tr>\n<td><span style=\"font-weight: 400;\">Impactos do turismo e do setor de hospitalidade<\/span><\/td>\n<td><span style=\"font-weight: 400;\">02<\/span><\/td>\n<td><span style=\"font-weight: 400;\">34h<\/span><\/td>\n<\/tr>\n<tr>\n<td><span style=\"font-weight: 400;\">Inova\u00e7\u00e3o e empreendedorismo sustent\u00e1vel nos servi\u00e7os de hospitalidade\u00a0\u00a0<\/span><\/td>\n<td><span style=\"font-weight: 400;\">02<\/span><\/td>\n<td><span style=\"font-weight: 400;\">34h<\/span><\/td>\n<\/tr>\n<tr>\n<td><b>Carga Hor\u00e1ria Total Obrigat\u00f3ria do M\u00f3dulo<\/b><\/td>\n<td colspan=\"2\"><b>102h<\/b><\/td>\n<\/tr>\n<\/tbody>\n<\/table>\n<p>&nbsp;<\/p>\n<p><b>4\u00ba M\u00d3DULO &#8211; Acompanhamento Monogr\u00e1fico\/ Elabora\u00e7\u00e3o de Diagn\u00f3sticos<\/b><\/p>\n<p><span style=\"font-weight: 400;\">Para a integraliza\u00e7\u00e3o curricular o aluno dever\u00e1 apresentar um <\/span><b>Trabalho de Conclus\u00e3o de Curso -TCC<\/b><span style=\"font-weight: 400;\"> a ser desenvolvido em \u00e1rea de dom\u00ednio do Curso. Essa atividade \u00e9 obrigat\u00f3ria para conclus\u00e3o da Especializa\u00e7\u00e3o em Gest\u00e3o para a Sustentabilidade, podendo ser desenvolvido junto ao m\u00f3dulo 3 ou realizado durante o \u00faltimo semestre do curso, como parte integrante da disciplina <\/span><b>Elabora\u00e7\u00e3o do TCC<\/b><span style=\"font-weight: 400;\">. A atividade \u00e9 realizada sob supervis\u00e3o do(s)\/a(s) docente(s) respons\u00e1vel(is) por esse componente curricular, com orienta\u00e7\u00e3o de professores que atuar\u00e3o como Orientador de Trabalho de Conclus\u00e3o de Curso.<\/span><\/p>\n<p>O TCC poder\u00e1 ser apresentado na forma de Artigo Cient\u00edfico, Relat\u00f3rio T\u00e9cnico, Projeto de Interven\u00e7\u00e3o com o comprometimento de aluno e orientador submeterem o trabalho final em peri\u00f3dico de circula\u00e7\u00e3o nacional Qualis B3 ou superior e\/ou apresenta\u00e7\u00e3o em congresso. Assim, os alunos dever\u00e3o apresentar confirma\u00e7\u00e3o de submiss\u00e3o do trabalho a peri\u00f3dico cient\u00edfico e\/ou congresso, cujo escopo alinhe-se \u00e0 \u00e1rea de dom\u00ednio do Curso, ressaltando-se que a submiss\u00e3o do TCC para publica\u00e7\u00e3o \u00e9 pr\u00e9-requisito para a obten\u00e7\u00e3o do t\u00edtulo de especialista.<\/p>\n","protected":false},"excerpt":{"rendered":"<p>ESTRUTURA CURRICULAR A estrutura curricular do Curso de Especializa\u00e7\u00e3o Gest\u00e3o para a Sustentabilidade\u00a0 est\u00e1 programada para ocorrer em 4 m\u00f3dulos. O primeiro m\u00f3dulo ser\u00e1 composto por 06 disciplinas e o segundo m\u00f3dulo ser\u00e1 composto por 05. Todas as disciplinas ser\u00e3o 02 cr\u00e9ditos (1 te\u00f3rico e 1 pr\u00e1tico) totalizando carga hor\u00e1ria de 34 horas\/aula para cada [&hellip;]<\/p>\n","protected":false},"author":185,"featured_media":0,"parent":0,"menu_order":0,"comment_status":"closed","ping_status":"closed","template":"","meta":{"footnotes":"","_links_to":"","_links_to_target":""},"class_list":["post-3037","page","type-page","status-publish","hentry"],"jetpack_sharing_enabled":true,"_links":{"self":[{"href":"https:\/\/wp.ufpel.edu.br\/mercosul\/wp-json\/wp\/v2\/pages\/3037","targetHints":{"allow":["GET"]}}],"collection":[{"href":"https:\/\/wp.ufpel.edu.br\/mercosul\/wp-json\/wp\/v2\/pages"}],"about":[{"href":"https:\/\/wp.ufpel.edu.br\/mercosul\/wp-json\/wp\/v2\/types\/page"}],"author":[{"embeddable":true,"href":"https:\/\/wp.ufpel.edu.br\/mercosul\/wp-json\/wp\/v2\/users\/185"}],"replies":[{"embeddable":true,"href":"https:\/\/wp.ufpel.edu.br\/mercosul\/wp-json\/wp\/v2\/comments?post=3037"}],"version-history":[{"count":1,"href":"https:\/\/wp.ufpel.edu.br\/mercosul\/wp-json\/wp\/v2\/pages\/3037\/revisions"}],"predecessor-version":[{"id":3038,"href":"https:\/\/wp.ufpel.edu.br\/mercosul\/wp-json\/wp\/v2\/pages\/3037\/revisions\/3038"}],"wp:attachment":[{"href":"https:\/\/wp.ufpel.edu.br\/mercosul\/wp-json\/wp\/v2\/media?parent=3037"}],"curies":[{"name":"wp","href":"https:\/\/api.w.org\/{rel}","templated":true}]}}