{"id":2960,"date":"2023-04-03T20:11:34","date_gmt":"2023-04-03T23:11:34","guid":{"rendered":"https:\/\/wp.ufpel.edu.br\/mercosul\/?page_id=2960"},"modified":"2023-04-04T07:37:21","modified_gmt":"2023-04-04T10:37:21","slug":"especializacao-lato-sensu-em-gestao-para-a-sustentabilidade","status":"publish","type":"page","link":"https:\/\/wp.ufpel.edu.br\/mercosul\/especializacao-lato-sensu-em-gestao-para-a-sustentabilidade\/","title":{"rendered":"Especializa\u00e7\u00e3o em Gest\u00e3o para a Sustentabilidade"},"content":{"rendered":"<p style=\"text-align: justify;\"><span style=\"font-weight: 400;\"><a href=\"https:\/\/wp.ufpel.edu.br\/mercosul\/pt\/2023\/04\/03\/abertas-inscricoes-para-o-curso-de-especializacao-em-gestao-para-a-sustentabilidade\/prancheta-1\/\" rel=\"attachment wp-att-2944\"><img class=\"aligncenter size-full wp-image-2944\" src=\"https:\/\/wp.ufpel.edu.br\/mercosul\/files\/2023\/04\/Prancheta-1.png\" alt=\"\" width=\"1022\" height=\"415\" srcset=\"https:\/\/wp.ufpel.edu.br\/mercosul\/files\/2023\/04\/Prancheta-1.png 1022w, https:\/\/wp.ufpel.edu.br\/mercosul\/files\/2023\/04\/Prancheta-1-400x162.png 400w, https:\/\/wp.ufpel.edu.br\/mercosul\/files\/2023\/04\/Prancheta-1-768x312.png 768w\" sizes=\"(max-width: 1022px) 100vw, 1022px\" \/><\/a>A Especializa\u00e7\u00e3o Lato Sensu em <\/span><b>Gest\u00e3o para a Sustentabilidade<\/b><span style=\"font-weight: 400;\"> foi pensada a partir das \u00e1reas de conhecimento das gradua\u00e7\u00f5es que comp\u00f5em o CIM (Transporte Terrestre, Hotelaria e Gest\u00e3o Ambiental) buscando aprofundar o conhecimento em tem\u00e1ticas espec\u00edficas demandadas pelos egressos da gradua\u00e7\u00e3o e por profissionais j\u00e1 inseridos no mercado de trabalho, tanto privado como p\u00fablico, analisando e apresentando estudos de caso, conte\u00fados que englobam o conceito de sustentabilidade, sua rela\u00e7\u00e3o com a sociedade, perspectivas de mercado e mudan\u00e7as globais. Al\u00e9m disso, oferece ferramentas que permitem aplicar os conhecimentos adquiridos na gest\u00e3o das cidades, buscando <\/span><span style=\"font-weight: 400;\">tornar-se refer\u00eancia de abordagem inter e transdisciplinar para a \u00e1rea de gest\u00e3o do ponto de vista da sustentabilidade. <\/span><\/p>\n<p style=\"text-align: justify;\"><span style=\"font-weight: 400;\">O tema da sustentabilidade no planejamento de a\u00e7\u00f5es p\u00fablicas ou privadas ganha relev\u00e2ncia a partir da Agenda 2030, aprovada pela ONU em 2015, que colocou um desafio enorme para os pa\u00edses signat\u00e1rios (dentre eles, o Brasil): pensar, planejar e implementar a\u00e7\u00f5es e pol\u00edticas orientadas pelas metas dos 17 Objetivos para o Desenvolvimento Sustent\u00e1vel &#8211; ODS. Estes trazem em seu escopo o desafio de pensar as pol\u00edticas de desenvolvimento tanto municipais, quanto regionais, incorporando as dimens\u00f5es ambientais, econ\u00f4micas e sociais. Mas tamb\u00e9m, segundo Juarez Freitas (2019), a dimens\u00e3o jur\u00eddico-pol\u00edtica, de governan\u00e7a, fiscal e financeira, bem como a dimens\u00e3o \u00e9tica e a tecnol\u00f3gica.<\/span><\/p>\n<p style=\"text-align: justify;\"><span style=\"font-weight: 400;\">A meta \u00e9 que at\u00e9 2030, os pa\u00edses comprometidos com a proposta consigam reduzir as desigualdades sociais, promover inclus\u00e3o, trabalho, renda etc. de forma sustent\u00e1vel, ou seja, atrav\u00e9s de a\u00e7\u00f5es para o presente, mas tamb\u00e9m o futuro. Em n\u00edvel nacional, o Programa 2029 &#8211; Desenvolvimento Regional e Territorial, do Governo Federal, possui como principal diretriz estrat\u00e9gica a redu\u00e7\u00e3o das desigualdades regionais e intra-regionais e a promo\u00e7\u00e3o do desenvolvimento territorial sustent\u00e1vel, respeitando as identidades e a diversidade cultural, promovendo a inclus\u00e3o social e a redu\u00e7\u00e3o de desigualdades, a partir da melhor distribui\u00e7\u00e3o das oportunidades e do acesso a bens e servi\u00e7os p\u00fablicos de qualidade.<\/span><\/p>\n<p style=\"text-align: justify;\"><span style=\"font-weight: 400;\">Nesse contexto, \u00e9 importante para os agentes p\u00fablicos conhecerem os mecanismos necess\u00e1rios para promover o desenvolvimento sustent\u00e1vel de sua regi\u00e3o, principalmente quando o tema \u00e9 apoio a investimentos. Nisto, as institui\u00e7\u00f5es de ensino superior tamb\u00e9m podem contribuir, mostrando o caminho e auxiliando no desenvolvimento de projetos para a capta\u00e7\u00e3o de recursos. Muitos \u00f3rg\u00e3os possuem verba de fomento visando ao desenvolvimento de regi\u00f5es menos favorecidas, como o BNDES (Banco Nacional do Desenvolvimento) e o Minist\u00e9rio do Desenvolvimento Regional. O Minist\u00e9rio do Desenvolvimento Regional possui v\u00e1rios projetos de incentivos como: os Fundos Constitucionais de Financiamento; os Incentivos Fiscais; o Regime Especial de Incentivos para o Desenvolvimento da Infraestrutura; os Deb\u00eantures; entre outros.<\/span><\/p>\n<p><a href=\"https:\/\/wp.ufpel.edu.br\/mercosul\/pt\/especializacao-lato-sensu-em-gestao-para-a-sustentabilidade\/abertas-inscricoes-para-selecao-de-alunos-2023-1\/\">Abertas inscri\u00e7\u00f5es para Sele\u00e7\u00e3o de alunos 2023\/1<\/a><\/p>\n<p><a href=\"https:\/\/wp.ufpel.edu.br\/mercosul\/pt\/concepcao-do-programa-e-objetivos\/\">Concep\u00e7\u00e3o do Programa e Objetivos<\/a><\/p>\n<p><a href=\"https:\/\/wp.ufpel.edu.br\/mercosul\/pt\/estrutura-do-curso\/\">Estrutura do Curso<\/a><\/p>\n<p><a href=\"https:\/\/wp.ufpel.edu.br\/mercosul\/pt\/corpo-docente\/\">Corpo Docente<\/a><\/p>\n","protected":false},"excerpt":{"rendered":"<p>A Especializa\u00e7\u00e3o Lato Sensu em Gest\u00e3o para a Sustentabilidade foi pensada a partir das \u00e1reas de conhecimento das gradua\u00e7\u00f5es que comp\u00f5em o CIM (Transporte Terrestre, Hotelaria e Gest\u00e3o Ambiental) buscando aprofundar o conhecimento em tem\u00e1ticas espec\u00edficas demandadas pelos egressos da gradua\u00e7\u00e3o e por profissionais j\u00e1 inseridos no mercado de trabalho, tanto privado como p\u00fablico, analisando [&hellip;]<\/p>\n","protected":false},"author":185,"featured_media":0,"parent":0,"menu_order":0,"comment_status":"closed","ping_status":"closed","template":"","meta":{"footnotes":"","_links_to":"","_links_to_target":""},"class_list":["post-2960","page","type-page","status-publish","hentry"],"jetpack_sharing_enabled":true,"_links":{"self":[{"href":"https:\/\/wp.ufpel.edu.br\/mercosul\/wp-json\/wp\/v2\/pages\/2960","targetHints":{"allow":["GET"]}}],"collection":[{"href":"https:\/\/wp.ufpel.edu.br\/mercosul\/wp-json\/wp\/v2\/pages"}],"about":[{"href":"https:\/\/wp.ufpel.edu.br\/mercosul\/wp-json\/wp\/v2\/types\/page"}],"author":[{"embeddable":true,"href":"https:\/\/wp.ufpel.edu.br\/mercosul\/wp-json\/wp\/v2\/users\/185"}],"replies":[{"embeddable":true,"href":"https:\/\/wp.ufpel.edu.br\/mercosul\/wp-json\/wp\/v2\/comments?post=2960"}],"version-history":[{"count":10,"href":"https:\/\/wp.ufpel.edu.br\/mercosul\/wp-json\/wp\/v2\/pages\/2960\/revisions"}],"predecessor-version":[{"id":3042,"href":"https:\/\/wp.ufpel.edu.br\/mercosul\/wp-json\/wp\/v2\/pages\/2960\/revisions\/3042"}],"wp:attachment":[{"href":"https:\/\/wp.ufpel.edu.br\/mercosul\/wp-json\/wp\/v2\/media?parent=2960"}],"curies":[{"name":"wp","href":"https:\/\/api.w.org\/{rel}","templated":true}]}}