{"id":293,"date":"2012-05-07T12:17:25","date_gmt":"2012-05-07T15:17:25","guid":{"rendered":"https:\/\/wp.ufpel.edu.br\/mercosul\/?page_id=293"},"modified":"2012-05-07T12:18:21","modified_gmt":"2012-05-07T15:18:21","slug":"nucleo-de-estudos-fronteiricos-da-ufpel-em-livramento-recebe-artista-da-8a-bienal-do-mercosul","status":"publish","type":"page","link":"https:\/\/wp.ufpel.edu.br\/mercosul\/nucleo-de-estudos-fronteiricos-da-ufpel-em-livramento-recebe-artista-da-8a-bienal-do-mercosul\/","title":{"rendered":"N\u00facleo de Estudos Fronteiri\u00e7os da UFPel, em Livramento, recebe artista da  8\u00aa Bienal do Mercosul"},"content":{"rendered":"<p><img src=\"http:\/\/www.ufpel.edu.br\/mercosul\/images\/rotoreitorbienal-2.jpg\" alt=\"\" width=\"350\" height=\"264\" \/><\/p>\n<p>O artista mexicano Sebasti\u00e1n Romo est\u00e1 em Santana do Livramento desde o dia 10 de junho para produzir uma obra de arte especialmente para a 8\u00aa Bienal do Mercosul. Romo participa do projeto Cadernos de Viagem, em que nove artistas de diferentes nacionalidades percorrem regi\u00f5es do Rio Grande do Sul e, a partir desta experi\u00eancia, produzem uma obra para a Bienal. Inicialmente, as obras estar\u00e3o expostas em centros culturais dos munic\u00edpios visitados para posteriormente estarem reunidas no Armaz\u00e9m A7 do Cais do Porto, em Porto Alegre, durante a Bienal.<br \/>\nSebasti\u00e1n Romo est\u00e1 percorrendo de motocicleta regi\u00f5es da fronteira Brasil-Uruguai entre Santana do Livramento e Rivera. Para o artista, a experi\u00eancia da viagem permitir\u00e1 refletir sobre temas intang\u00edveis como deslocamento, invisibilidade, tempo, limite e a ideia de transforma\u00e7\u00e3o. A utiliza\u00e7\u00e3o de uma moto como meio de transporte permite expor o pr\u00f3prio corpo \u00e0 paisagem e aos meios. Por meio de anota\u00e7\u00f5es, colagens, desenhos, fotografia o artista constroi narrativas, arquivos, roteiros, cr\u00f4nicas e po\u00e9ticas que ser\u00e3o registradas em fotos, v\u00eddeo, cadernos, mapas e outros suportes.<br \/>\nO resultado de sua experi\u00eancia na regi\u00e3o ser\u00e1 mostrado em uma exposi\u00e7\u00e3o a ser inaugurada nesta segunda-feira(27), \u00e0s 19h, no N\u00facleo de Estudos Fronteiri\u00e7os da UFPel. Antes da abertura, \u00e0s 18h30, o artista promove uma conversa com o p\u00fablico sobre o seu processo de trabalho. A entrada \u00e9 franca e a exposi\u00e7\u00e3o fica em cartaz at\u00e9 o dia 24 de julho.<br \/>\nA explora\u00e7\u00e3o de territ\u00f3rios e a viagem s\u00e3o parte integrante da pr\u00e1tica de Sebasti\u00e1n Romo como artista. Em seu pensamento, as pr\u00e1ticas cotidianas s\u00e3o mat\u00e9ria prima para o desenvolvimento de suas obras, as quais geralmente s\u00e3o produto de padr\u00f5es e sistemas que o artista estabelece com anteced\u00eancia, entregando-se ao acaso de uma resposta org\u00e2nica a uma situa\u00e7\u00e3o espec\u00edfica. As m\u00faltiplas obras de Sebasti\u00e1n Romo podem parecer diferentes ou dispersas entre si, mas nelas h\u00e1 certas no\u00e7\u00f5es que resultam dominantes ao longo de toda sua produ\u00e7\u00e3o, como uma profunda pesquisa e estudos relacionados \u00e0 hist\u00f3ria da arte, \u00e0 arquitetura e ao tempo. O artista analisa os aspectos formais e vivenciais da arte &#8211;<a href=\"http:\/\/www.bienalmercosul.art.br\/\" target=\"_blank\">www.bienalmercosul.art.br<\/a><\/p>\n<p>Programa\u00e7\u00e3o<br \/>\n8\u00aa Bienal do Mercosul &#8211; Projeto Cadernos de Viagem<br \/>\nSebasti\u00e1n Romo em Santana do Livramento e Rivera<br \/>\nDe 27 de junho a 24 de julho \u2013 Exposi\u00e7\u00e3o<br \/>\n27 de junho, \u00e0s 18h30 &#8211; Conversa com o artista<br \/>\n27 de junho, \u00e0s 19h &#8211; Abertura da exposi\u00e7\u00e3o<br \/>\nLocal: N\u00facleo de Estudos Fronteiri\u00e7os da Universidade Federal de Pelotas (Rua Duque de Caxias, 1759 &#8211; Santana do Livramento)<br \/>\nVisita\u00e7\u00e3o: de segunda a s\u00e1bado, das 8h \u00e0s 12h e das 14h \u00e0s 19h<\/p>\n<p><a title=\"2011 \u2013 Atividades do N\u00facleo de Estudos Fronteiri\u00e7os\" href=\"https:\/\/wp.ufpel.edu.br\/mercosul\/2011-atividades-do-nucleo-de-estudos-fronteiricos\/\">[Voltar]<\/a><\/p>\n","protected":false},"excerpt":{"rendered":"<p>O artista mexicano Sebasti\u00e1n Romo est\u00e1 em Santana do Livramento desde o dia 10 de junho para produzir uma obra de arte especialmente para a 8\u00aa Bienal do Mercosul. Romo participa do projeto Cadernos de Viagem, em que nove artistas de diferentes nacionalidades percorrem regi\u00f5es do Rio Grande do Sul e, a partir desta experi\u00eancia, [&hellip;]<\/p>\n","protected":false},"author":185,"featured_media":0,"parent":0,"menu_order":0,"comment_status":"closed","ping_status":"closed","template":"","meta":{"footnotes":"","_links_to":"","_links_to_target":""},"class_list":["post-293","page","type-page","status-publish","hentry"],"jetpack_sharing_enabled":true,"_links":{"self":[{"href":"https:\/\/wp.ufpel.edu.br\/mercosul\/wp-json\/wp\/v2\/pages\/293","targetHints":{"allow":["GET"]}}],"collection":[{"href":"https:\/\/wp.ufpel.edu.br\/mercosul\/wp-json\/wp\/v2\/pages"}],"about":[{"href":"https:\/\/wp.ufpel.edu.br\/mercosul\/wp-json\/wp\/v2\/types\/page"}],"author":[{"embeddable":true,"href":"https:\/\/wp.ufpel.edu.br\/mercosul\/wp-json\/wp\/v2\/users\/185"}],"replies":[{"embeddable":true,"href":"https:\/\/wp.ufpel.edu.br\/mercosul\/wp-json\/wp\/v2\/comments?post=293"}],"version-history":[{"count":2,"href":"https:\/\/wp.ufpel.edu.br\/mercosul\/wp-json\/wp\/v2\/pages\/293\/revisions"}],"predecessor-version":[{"id":295,"href":"https:\/\/wp.ufpel.edu.br\/mercosul\/wp-json\/wp\/v2\/pages\/293\/revisions\/295"}],"wp:attachment":[{"href":"https:\/\/wp.ufpel.edu.br\/mercosul\/wp-json\/wp\/v2\/media?parent=293"}],"curies":[{"name":"wp","href":"https:\/\/api.w.org\/{rel}","templated":true}]}}