{"id":291,"date":"2012-05-07T12:12:42","date_gmt":"2012-05-07T15:12:42","guid":{"rendered":"https:\/\/wp.ufpel.edu.br\/mercosul\/?page_id=291"},"modified":"2012-05-07T12:12:42","modified_gmt":"2012-05-07T15:12:42","slug":"primeira-turma-do-proerd-binacional-em-nivel-mundial-recebe-diplomas","status":"publish","type":"page","link":"https:\/\/wp.ufpel.edu.br\/mercosul\/primeira-turma-do-proerd-binacional-em-nivel-mundial-recebe-diplomas\/","title":{"rendered":"Primeira turma do PROERD BINACIONAL em n\u00edvel mundial recebe diplomas"},"content":{"rendered":"<p><img src=\"http:\/\/www.ufpel.edu.br\/mercosul\/images\/formatura-proerd.jpg\" alt=\"\" width=\"350\" height=\"234\" \/><\/p>\n<p>Autoridades policiais e civis do Brasil e do Uruguai estiveram reunidas na tarde desta quarta-feira (27), em Santana do Livramento, para a solenidade de formatura da primeira turma do Programa Educacional de Resist\u00eancia \u00e0s Drogas e \u00e0 Viol\u00eancia-PROERD Binacional Curr\u00edculo para Adultos. A solenidade ocorreu no Centro de Integra\u00e7\u00e3o do Mercosul\/N\u00facleo de Estudos Fronteiri\u00e7os da UFPel, e contou com a presen\u00e7a do reitor Cesar Borges.<\/p>\n<p>Esta iniciativa pioneira serve para fortalecer a a\u00e7\u00e3o da institui\u00e7\u00e3o Brigada Militar, frente ao Mercosul e aumentar a rede de prote\u00e7\u00e3o \u00e0s drogas e \u00e0 preven\u00e7\u00e3o da viol\u00eancia na Fronteira. O Proerd para adultos foi realizado em cinco encontros semanais, onde foram aplicadas diversas li\u00e7\u00f5es em parceria com os estabelecimentos de ensino e \u00e0s fam\u00edlias dos alunos. Participaram da primeira turma 31 integrantes entre brasileiros e uruguaios.<\/p>\n<p><img src=\"http:\/\/www.ufpel.edu.br\/mercosul\/images\/formatura-proerd-ii.jpg\" alt=\"\" width=\"350\" height=\"234\" \/><\/p>\n<p>Na solenidade participaram, al\u00e9m do comandante-geral da Brigada Militar, coronel S\u00e9rgio Roberto de Abreu, o prefeito de Livramento, Wainer Machado; o Embaixador Vitor Candido Paim Gobato, C\u00f4nsul-geral do Brasil em Rivera; o chefe do Estado-Maior da Brigada Militar, coronel Valmor Ara\u00fajo de Mello; o oficial principal da pol\u00edcia Uruguaia, Santiago Ara\u00fajo; o delegado da Pol\u00edcia Civil, Othelo Saldanha Caiaffo, entre outras autoridades convidadas. Os formandos receberam seus certificados e um presente das m\u00e3os das autoridades, que em seus discursos destacaram a import\u00e2ncia da preven\u00e7\u00e3o do uso de drogas em \u00e1reas de fronteira.<\/p>\n<p>O Programa Educacional de Resist\u00eancia \u00e0s Drogas (PROERD) foi criado sob a chancela do Programa Norte-americano DARE-Drug Abuse Resistance Education, surgido em 1983. Foi implantado no Brasil em 1992 e conta com quatro cursos: PROERD para educa\u00e7\u00e3o infantil, 4\u00b0 e 6\u00b0 s\u00e9ries do ensino fundamental e Curso PROERD para pais.\u00a0\u00a0O PROERD consiste em uma a\u00e7\u00e3o conjunta entre o Policial Militar devidamente capacitado, chamado de Policial PROERD, professores, estudantes, pais e comunidade, no sentido de prevenir e reduzir o uso indevido de drogas e a viol\u00eancia entre os estudantes, bem como ajudar os estudantes a reconhecerem e resistirem \u00e0s press\u00f5es e a influ\u00eancia di\u00e1ria para o uso de drogas e a pratica a viol\u00eancia.<\/p>\n<p>Para o reitor Cesar Borges \u201ceste \u00e9 o primeiro passo para outras a\u00e7\u00f5es que ir\u00e3o ampliar a participa\u00e7\u00e3o da UFPel na luta contra a droga e a viol\u00eancia j\u00e1 iniciadas com a implanta\u00e7\u00e3o do Centro Regional de Refer\u00eancia, coordenado pela Faculdade de Enfermagem. Est\u00e3o sendo feitas tratativas com o comandante-geral da Brigada Militar para a realiza\u00e7\u00e3o de cursos de especializa\u00e7\u00e3o vinculados a este tema na modalidade de educa\u00e7\u00e3o \u00e0 distancia, valendo-se dos 40 p\u00f3los de EAD\/UFPel distribu\u00eddos no estado do RS.<\/p>\n<p>A partir da id\u00e9ia exposta pelo comandante-geral da Brigada Militar em ampliar estas a\u00e7\u00f5es para o Mercosul, levaremos \u00e0s autoridades federais em Bras\u00edlia um projeto que contemple as atividades de extens\u00e3o e pesquisa da UFPel com o apoio decisivo dos \u00f3rg\u00e3os de seguran\u00e7a, defesa e justi\u00e7a\u201d.<\/p>\n<p><a title=\"2011 \u2013 Atividades do N\u00facleo de Estudos Fronteiri\u00e7os\" href=\"https:\/\/wp.ufpel.edu.br\/mercosul\/2011-atividades-do-nucleo-de-estudos-fronteiricos\/\">[Voltar]<\/a><\/p>\n","protected":false},"excerpt":{"rendered":"<p>Autoridades policiais e civis do Brasil e do Uruguai estiveram reunidas na tarde desta quarta-feira (27), em Santana do Livramento, para a solenidade de formatura da primeira turma do Programa Educacional de Resist\u00eancia \u00e0s Drogas e \u00e0 Viol\u00eancia-PROERD Binacional Curr\u00edculo para Adultos. A solenidade ocorreu no Centro de Integra\u00e7\u00e3o do Mercosul\/N\u00facleo de Estudos Fronteiri\u00e7os da [&hellip;]<\/p>\n","protected":false},"author":185,"featured_media":0,"parent":0,"menu_order":0,"comment_status":"closed","ping_status":"closed","template":"","meta":{"footnotes":"","_links_to":"","_links_to_target":""},"class_list":["post-291","page","type-page","status-publish","hentry"],"jetpack_sharing_enabled":true,"_links":{"self":[{"href":"https:\/\/wp.ufpel.edu.br\/mercosul\/wp-json\/wp\/v2\/pages\/291","targetHints":{"allow":["GET"]}}],"collection":[{"href":"https:\/\/wp.ufpel.edu.br\/mercosul\/wp-json\/wp\/v2\/pages"}],"about":[{"href":"https:\/\/wp.ufpel.edu.br\/mercosul\/wp-json\/wp\/v2\/types\/page"}],"author":[{"embeddable":true,"href":"https:\/\/wp.ufpel.edu.br\/mercosul\/wp-json\/wp\/v2\/users\/185"}],"replies":[{"embeddable":true,"href":"https:\/\/wp.ufpel.edu.br\/mercosul\/wp-json\/wp\/v2\/comments?post=291"}],"version-history":[{"count":1,"href":"https:\/\/wp.ufpel.edu.br\/mercosul\/wp-json\/wp\/v2\/pages\/291\/revisions"}],"predecessor-version":[{"id":292,"href":"https:\/\/wp.ufpel.edu.br\/mercosul\/wp-json\/wp\/v2\/pages\/291\/revisions\/292"}],"wp:attachment":[{"href":"https:\/\/wp.ufpel.edu.br\/mercosul\/wp-json\/wp\/v2\/media?parent=291"}],"curies":[{"name":"wp","href":"https:\/\/api.w.org\/{rel}","templated":true}]}}