{"id":286,"date":"2012-05-07T12:07:04","date_gmt":"2012-05-07T15:07:04","guid":{"rendered":"https:\/\/wp.ufpel.edu.br\/mercosul\/?page_id=286"},"modified":"2012-05-07T12:07:04","modified_gmt":"2012-05-07T15:07:04","slug":"secretario-de-desenvolvimento-regional-do-min-visita-nucleo-de-estudos-fronteiricos","status":"publish","type":"page","link":"https:\/\/wp.ufpel.edu.br\/mercosul\/secretario-de-desenvolvimento-regional-do-min-visita-nucleo-de-estudos-fronteiricos\/","title":{"rendered":"Secret\u00e1rio de Desenvolvimento Regional do MIN visita N\u00facleo de Estudos Fronteiri\u00e7os"},"content":{"rendered":"<h2><img src=\"http:\/\/www.ufpel.edu.br\/mercosul\/images\/min-2.jpg\" alt=\"\" width=\"350\" height=\"263\" \/><\/h2>\n<p>O Minist\u00e9rio da Integra\u00e7\u00e3o Nacional, por meio da Secretaria de Desenvolvimento Regional (SDR), instalou no dia 29 de julho, em Santana do Livramento, o N\u00facleo Estadual para o Desenvolvimento e Integra\u00e7\u00e3o da Faixa de Fronteira do Rio Grande do Sul.<\/p>\n<p><img src=\"http:\/\/www.ufpel.edu.br\/mercosul\/images\/min-1.jpg\" alt=\"\" width=\"300\" height=\"400\" \/><\/p>\n<p>Em visita ao Centro de Integra\u00e7\u00e3o do Mercosul\/N\u00facleo de Estudos Fronteiri\u00e7os da UFPel em Livramento, o secret\u00e1rio de Desenvolvimento Regional, S\u00e9rgio Duarte de Castro acompanhou a solenidade de instala\u00e7\u00e3o do N\u00facleo Estadual, composto por institui\u00e7\u00f5es que contribuem para o desenvolvimento e a integra\u00e7\u00e3o fronteiri\u00e7os, em n\u00edvel local ou regional. O N\u00facleo se constituir\u00e1 em espa\u00e7o de di\u00e1logo e formula\u00e7\u00e3o de pol\u00edticas para a regi\u00e3o de fronteira, compartilhando-as com as representa\u00e7\u00f5es sociais e pol\u00edticas da regi\u00e3o. Al\u00e9m disso, prover\u00e1 um espa\u00e7o institucionalizado e previs\u00edvel de constru\u00e7\u00e3o de pol\u00edticas p\u00fablicas. De acordo com seu regimento interno, o funcionamento do N\u00facleo dever\u00e1 se basear na realiza\u00e7\u00e3o de tr\u00eas ou quatro reuni\u00f5es anuais.<\/p>\n<p>A Comiss\u00e3o Permanente para o Desenvolvimento e Integra\u00e7\u00e3o da Faixa de Fronteira (CDIF), coordenada pelo Minist\u00e9rio da Integra\u00e7\u00e3o Nacional, tem como atribui\u00e7\u00f5es contribuir para o aperfei\u00e7oamento da gest\u00e3o das pol\u00edticas p\u00fablicas para o desenvolvimento da faixa de fronteira, estimulando a articula\u00e7\u00e3o do Governo Federal com os governantes locais. Desde a institui\u00e7\u00e3o da CDIF, em abril, j\u00e1 foram instalados os n\u00facleos nos estados do Paran\u00e1 e do Amap\u00e1. Ao todo, 11 n\u00facleos estaduais ser\u00e3o criados, contemplando os estados localizados ao longo dos quase 16 mil quil\u00f4metros da fronteira terrestre brasileira.<\/p>\n<p><strong>Curso binacional de especializa\u00e7\u00e3o em Sa\u00fade Ambiental<\/strong><\/p>\n<p>A\u00a0visita teve a coordena\u00e7\u00e3o do reitor da UFPel, professor Cesar Borges, e contou com a participa\u00e7\u00e3o de autoridades estaduais e municipais, acad\u00eamicos, pesquisadores da UFPel e representantes das entidades com representa\u00e7\u00e3o no N\u00facleo. Durante o ato foi anunciado ao representante do Minist\u00e9rio da Integra\u00e7\u00e3o, pelo da UFPel professor Erico Kunde Correa, a realiza\u00e7\u00e3o do\u00a0<strong>Curso Binacional de Especializa\u00e7\u00e3o Interdisciplinar em Sa\u00fade Ambiental,<\/strong>\u00a0na fronteira Livramento-Rivera no N\u00facleo de Estudos Fronteiri\u00e7os, com inicio previsto para mar\u00e7o de 2012.<\/p>\n<p><a title=\"2011 \u2013 Atividades do N\u00facleo de Estudos Fronteiri\u00e7os\" href=\"https:\/\/wp.ufpel.edu.br\/mercosul\/2011-atividades-do-nucleo-de-estudos-fronteiricos\/\">[Voltar]<\/a><\/p>\n","protected":false},"excerpt":{"rendered":"<p>O Minist\u00e9rio da Integra\u00e7\u00e3o Nacional, por meio da Secretaria de Desenvolvimento Regional (SDR), instalou no dia 29 de julho, em Santana do Livramento, o N\u00facleo Estadual para o Desenvolvimento e Integra\u00e7\u00e3o da Faixa de Fronteira do Rio Grande do Sul. Em visita ao Centro de Integra\u00e7\u00e3o do Mercosul\/N\u00facleo de Estudos Fronteiri\u00e7os da UFPel em Livramento, [&hellip;]<\/p>\n","protected":false},"author":185,"featured_media":0,"parent":0,"menu_order":0,"comment_status":"closed","ping_status":"closed","template":"","meta":{"footnotes":"","_links_to":"","_links_to_target":""},"class_list":["post-286","page","type-page","status-publish","hentry"],"jetpack_sharing_enabled":true,"_links":{"self":[{"href":"https:\/\/wp.ufpel.edu.br\/mercosul\/wp-json\/wp\/v2\/pages\/286","targetHints":{"allow":["GET"]}}],"collection":[{"href":"https:\/\/wp.ufpel.edu.br\/mercosul\/wp-json\/wp\/v2\/pages"}],"about":[{"href":"https:\/\/wp.ufpel.edu.br\/mercosul\/wp-json\/wp\/v2\/types\/page"}],"author":[{"embeddable":true,"href":"https:\/\/wp.ufpel.edu.br\/mercosul\/wp-json\/wp\/v2\/users\/185"}],"replies":[{"embeddable":true,"href":"https:\/\/wp.ufpel.edu.br\/mercosul\/wp-json\/wp\/v2\/comments?post=286"}],"version-history":[{"count":2,"href":"https:\/\/wp.ufpel.edu.br\/mercosul\/wp-json\/wp\/v2\/pages\/286\/revisions"}],"predecessor-version":[{"id":289,"href":"https:\/\/wp.ufpel.edu.br\/mercosul\/wp-json\/wp\/v2\/pages\/286\/revisions\/289"}],"wp:attachment":[{"href":"https:\/\/wp.ufpel.edu.br\/mercosul\/wp-json\/wp\/v2\/media?parent=286"}],"curies":[{"name":"wp","href":"https:\/\/api.w.org\/{rel}","templated":true}]}}