{"id":2853,"date":"2019-10-21T14:59:54","date_gmt":"2019-10-21T17:59:54","guid":{"rendered":"https:\/\/wp.ufpel.edu.br\/mercosul\/?page_id=2853"},"modified":"2019-10-21T15:08:14","modified_gmt":"2019-10-21T18:08:14","slug":"prae","status":"publish","type":"page","link":"https:\/\/wp.ufpel.edu.br\/mercosul\/prae\/","title":{"rendered":"PRAE"},"content":{"rendered":"<p>Em anexo segue o link da Pr\u00f3 Reitoria de Assuntos Estudantis (PRAE), na qual contem todas as informa\u00e7\u00f5es de assist\u00eancia referentes aos discentes da Universidade.<\/p>\n<p><a href=\"https:\/\/wp.ufpel.edu.br\/prae\/\">https:\/\/wp.ufpel.edu.br\/prae\/<\/a><\/p>\n<p>&nbsp;<\/p>\n","protected":false},"excerpt":{"rendered":"<p>Em anexo segue o link da Pr\u00f3 Reitoria de Assuntos Estudantis (PRAE), na qual contem todas as informa\u00e7\u00f5es de assist\u00eancia referentes aos discentes da Universidade. https:\/\/wp.ufpel.edu.br\/prae\/ &nbsp;<\/p>\n","protected":false},"author":185,"featured_media":0,"parent":0,"menu_order":0,"comment_status":"closed","ping_status":"closed","template":"","meta":{"footnotes":"","_links_to":"","_links_to_target":""},"class_list":["post-2853","page","type-page","status-publish","hentry"],"jetpack_sharing_enabled":true,"_links":{"self":[{"href":"https:\/\/wp.ufpel.edu.br\/mercosul\/wp-json\/wp\/v2\/pages\/2853","targetHints":{"allow":["GET"]}}],"collection":[{"href":"https:\/\/wp.ufpel.edu.br\/mercosul\/wp-json\/wp\/v2\/pages"}],"about":[{"href":"https:\/\/wp.ufpel.edu.br\/mercosul\/wp-json\/wp\/v2\/types\/page"}],"author":[{"embeddable":true,"href":"https:\/\/wp.ufpel.edu.br\/mercosul\/wp-json\/wp\/v2\/users\/185"}],"replies":[{"embeddable":true,"href":"https:\/\/wp.ufpel.edu.br\/mercosul\/wp-json\/wp\/v2\/comments?post=2853"}],"version-history":[{"count":3,"href":"https:\/\/wp.ufpel.edu.br\/mercosul\/wp-json\/wp\/v2\/pages\/2853\/revisions"}],"predecessor-version":[{"id":2858,"href":"https:\/\/wp.ufpel.edu.br\/mercosul\/wp-json\/wp\/v2\/pages\/2853\/revisions\/2858"}],"wp:attachment":[{"href":"https:\/\/wp.ufpel.edu.br\/mercosul\/wp-json\/wp\/v2\/media?parent=2853"}],"curies":[{"name":"wp","href":"https:\/\/api.w.org\/{rel}","templated":true}]}}