{"id":2810,"date":"2019-09-23T14:07:05","date_gmt":"2019-09-23T17:07:05","guid":{"rendered":"https:\/\/wp.ufpel.edu.br\/mercosul\/?page_id=2810"},"modified":"2019-09-23T14:16:40","modified_gmt":"2019-09-23T17:16:40","slug":"diretorios-academicos","status":"publish","type":"page","link":"https:\/\/wp.ufpel.edu.br\/mercosul\/diretorios-academicos\/","title":{"rendered":"Diret\u00f3rios Acad\u00eamicos"},"content":{"rendered":"<p>D.A Gest\u00e3o Ambiental<\/p>\n<p>Representantes:<\/p>\n<p>Presidente: Ant\u00f4nio Agrello Martins.<\/p>\n<p>Vice-presidente: Fabiano Canez Pereira.<\/p>\n<p>Contato: Facebook:<span style=\"color: #000000\">\u00a0<a style=\"color: #000000\" href=\"https:\/\/www.facebook.com\/DAGABUFPEL\/\">https:\/\/www.facebook.com\/DAGABUFPEL\/<\/a><\/span><\/p>\n<p>&nbsp;<\/p>\n<p>&nbsp;<\/p>\n<p>&nbsp;<\/p>\n","protected":false},"excerpt":{"rendered":"<p>D.A Gest\u00e3o Ambiental Representantes: Presidente: Ant\u00f4nio Agrello Martins. Vice-presidente: Fabiano Canez Pereira. Contato: Facebook:\u00a0https:\/\/www.facebook.com\/DAGABUFPEL\/ &nbsp; &nbsp; &nbsp;<\/p>\n","protected":false},"author":185,"featured_media":0,"parent":0,"menu_order":0,"comment_status":"closed","ping_status":"closed","template":"","meta":{"footnotes":"","_links_to":"","_links_to_target":""},"class_list":["post-2810","page","type-page","status-publish","hentry"],"jetpack_sharing_enabled":true,"_links":{"self":[{"href":"https:\/\/wp.ufpel.edu.br\/mercosul\/wp-json\/wp\/v2\/pages\/2810","targetHints":{"allow":["GET"]}}],"collection":[{"href":"https:\/\/wp.ufpel.edu.br\/mercosul\/wp-json\/wp\/v2\/pages"}],"about":[{"href":"https:\/\/wp.ufpel.edu.br\/mercosul\/wp-json\/wp\/v2\/types\/page"}],"author":[{"embeddable":true,"href":"https:\/\/wp.ufpel.edu.br\/mercosul\/wp-json\/wp\/v2\/users\/185"}],"replies":[{"embeddable":true,"href":"https:\/\/wp.ufpel.edu.br\/mercosul\/wp-json\/wp\/v2\/comments?post=2810"}],"version-history":[{"count":3,"href":"https:\/\/wp.ufpel.edu.br\/mercosul\/wp-json\/wp\/v2\/pages\/2810\/revisions"}],"predecessor-version":[{"id":2814,"href":"https:\/\/wp.ufpel.edu.br\/mercosul\/wp-json\/wp\/v2\/pages\/2810\/revisions\/2814"}],"wp:attachment":[{"href":"https:\/\/wp.ufpel.edu.br\/mercosul\/wp-json\/wp\/v2\/media?parent=2810"}],"curies":[{"name":"wp","href":"https:\/\/api.w.org\/{rel}","templated":true}]}}