{"id":281,"date":"2012-05-07T11:58:23","date_gmt":"2012-05-07T14:58:23","guid":{"rendered":"https:\/\/wp.ufpel.edu.br\/mercosul\/?page_id=281"},"modified":"2012-05-07T11:58:23","modified_gmt":"2012-05-07T14:58:23","slug":"hamlet-de-shakespeare","status":"publish","type":"page","link":"https:\/\/wp.ufpel.edu.br\/mercosul\/hamlet-de-shakespeare\/","title":{"rendered":"HAMLET de SHAKESPEARE"},"content":{"rendered":"<p style=\"text-align: left\">\n<p style=\"text-align: left\">\n<h2>FREE ato \u00fanico<br \/>\nUnipessoal: PABLO BENZANO<br \/>\nDramaturgia e dire\u00e7\u00e3o: MICHEL CROZ<br \/>\nPart.especial: CORVUS<\/h2>\n<p style=\"text-align: left\">\n<h2><img src=\"http:\/\/www.ufpel.edu.br\/mercosul\/images\/convite-cultural.jpg\" alt=\"\" width=\"350\" height=\"744\" \/><\/h2>\n<p style=\"text-align: left\">\n<p>FICHA T\u00c9CNICA<\/p>\n<p style=\"text-align: left\">\n<p>Ambienta\u00e7\u00e3o:<br \/>\nFlavia Gariazzo<\/p>\n<p style=\"text-align: left\">\n<p>T\u00e9cnico Geral:<br \/>\nMart\u00edn Smaldone<\/p>\n<p style=\"text-align: left\">\n<p>Grava\u00e7\u00f5es de \u00e1udio:<br \/>\nCono Botino<\/p>\n<p style=\"text-align: left\">\n<p>V\u00eddeos:<br \/>\nInterven\u00e7\u00e3o do filme \u201cHamlet &#8211; Uma hist\u00f3ria eterna\u201d<br \/>\nDe Michel Almereyda<br \/>\nClip 1 de \u201c\u00c9dipo Machine\u201d TTI<br \/>\nde Richard B\u00e9rtiz y Jos\u00e9 Ghiorsi<\/p>\n<p style=\"text-align: left\">\n<p>Placas, Imagens e Textos Projetados:<br \/>\nJL Amaral<\/p>\n<p style=\"text-align: left\">\n<p>Desenhos afixados e programa:<br \/>\nRaquel Guti\u00e9rrez<\/p>\n<p style=\"text-align: left\">\n<p>Poemas:<br \/>\n\u201cN\u00e3o t\u00e3o alto\u201d (Frag.) P. Neruda \u2013 M.Nascimento<br \/>\n(CD \u201cMarinheiro em terra\u201d)<br \/>\n\u201cJos\u00e9\u201d Carlos Drummond de Andrade \u2013<br \/>\nMichel Croz (CD \u201cEles nossos outros\u201d).<\/p>\n<p style=\"text-align: left\">\n<p>Vestu\u00e1rio\/Maquiagem\/Bonecos:<br \/>\nPablo Benzano \u2013 Omar Rivero<\/p>\n<p style=\"text-align: left\">\n<p>Banda Sonora:<br \/>\nFragmentos de \u201c<em>Synphony<\/em>\u00a0N\u00ba 9\u201d de Beethoven<br \/>\n\u201c<em>Shakespeare in Love<\/em>\u201d de Stephen Warbeck<br \/>\n\u201c<em>Bien Bohemio<\/em>\u201d de Titi Rossi \u2013 Julio Sosa<br \/>\n\u201cOoh uooh\u201d de Buenos Muchachos<br \/>\n\u201c<em>Me fui<\/em>\u201de \u201c<em>Golpes Bajos<\/em>\u201d de Corvus<\/p>\n<p style=\"text-align: left\">\n<p><em>HAMLET FREE<\/em><br \/>\nAlgo cheira mal no Reino dos\u00a0<em>Free<\/em><\/p>\n<p style=\"text-align: left\">\n<p>\u201cA representa\u00e7\u00e3o nega o tempo, anula essa diferen\u00e7a entre o ontem e o hoje.<br \/>\nToma a a\u00e7\u00e3o de ontem e a revive em cada um de seus aspectos, incluindo sua imedia\u00e7\u00e3o. Em outras palavras, a representa\u00e7\u00e3o \u00e9 o que alega ser: fazedora do presente.\u201d<\/p>\n<p style=\"text-align: left\">\n<p><strong>Peter Brook<\/strong><\/p>\n<p style=\"text-align: left\">\n<p>\u201cTemos a Arte para n\u00e3o morrer pela Verdade\u201d<\/p>\n<p style=\"text-align: left\">\n<p><strong>Friedrich Nietzsche<\/strong><br \/>\nVictor Hugo, o grande escritor franc\u00eas do s\u00e9culo XIX, comparou a dimens\u00e3o gigante dos encadeados Prometeo e Hamlet. Prometeo fez o que Eva o mesmo que \u00c9den. O Tit\u00e3 roubou o fogo da intelig\u00eancia (propriedade das deusas do Olimpo) e o entregou aos homens. Hamlet tramou a vingan\u00e7a pelo assassinato de seu pai e nos presenteou com um retrato encadeado de luz e sombra da condi\u00e7\u00e3o humana.<\/p>\n<p style=\"text-align: left\">\n<p>Entretanto, Hamlet \u00e9 um her\u00f3i singular (no sentido de her\u00f3i tr\u00e1gico como o distingue Hegel), na verdade, o pr\u00edncipe da Dinamarca, se bem que concentra em si o desejo de a\u00e7\u00e3o que lhe foi fatal. Sua d\u00favida existencial o faz estar mais pr\u00f3ximo de um anti-her\u00f3i.<br \/>\nA vers\u00e3o deste eterno cl\u00e1ssico escrito (e provavelmente tamb\u00e9m atuado) por Shakespeare no alvorecer do s\u00e9culo XVII pretende ser uma atualiza\u00e7\u00e3o e uma adapta\u00e7\u00e3o do cl\u00e1ssico isabelino.<\/p>\n<p style=\"text-align: left\">\n<p>\u201cHamlet Free\u201d\u00a0 mant\u00e9m muito do texto original traduzido ao espanhol. O exc\u00eantrico talvez se encontre situado em cena perform\u00e1tica e audiovisual pr\u00f3xima ao\u00a0<em>\u201chappening\u201d<\/em>\u00a0dos anos 60 e para um s\u00f3 autor. Pablo Benzano, em tit\u00e2nico desafio (como o de Prometeo), interpreta um Hamlet despojado dos artif\u00edcios barrocos e nos prop\u00f5e uma \u201cexist\u00eancia essencial\u201d. Transita na cena acompanhado (com bonecos e imagens) de alguns dos personagens mais emblem\u00e1ticos: Of\u00e9lia, Gertrudis, Pol\u00f4nio, A Sombra e seu leal amigo Hor\u00e1cio. \u201cHamlet Free\u201d vai desde o unipessoal ao teatro de anima\u00e7\u00e3o, desde o teatro em espa\u00e7o vazio \u00e0 cria\u00e7\u00e3o experimental, conceitual.<\/p>\n<p style=\"text-align: left\">\n<p>Contribui\u00e7\u00e3o: na ambienta\u00e7\u00e3o, a artista pl\u00e1stica Flavia Gariazzo; JL Amaral na cria\u00e7\u00e3o de imagens; e na montagem visual, Richard B\u00e9rtiz, com dois v\u00eddeos e duas can\u00e7\u00f5es da ruidosa banda punk-dark \u201cCorvus\u201d. Mart\u00edn Smaldone se encarrega do \u00e1udio e as luzes completando o sinf\u00f4nico\u00a0<em>staff\u00a0<\/em>convocado pela dire\u00e7\u00e3o e a pro-posta em cena.<\/p>\n<p style=\"text-align: left\">\n<p>AGRADECIMENTOS<\/p>\n<p style=\"text-align: left\">\n<p>Ao Col\u00e9gio Ziraldo e a ENIR por ter nos facilitado os ensaios.<br \/>\n\u00c0 Dire\u00e7\u00e3o de Cultura da IDR<br \/>\n\u00c0 Sala Cultural da Antel<br \/>\ne ao N\u00facleo de Estudos Fronteiri\u00e7os da UFPel de Livramento.<br \/>\nAos meios de comunica\u00e7\u00e3o.<br \/>\n\u00c0 Gabriela, pelos livros.<\/p>\n<p><a title=\"2011 \u2013 Atividades do N\u00facleo de Estudos Fronteiri\u00e7os\" href=\"https:\/\/wp.ufpel.edu.br\/mercosul\/2011-atividades-do-nucleo-de-estudos-fronteiricos\/\">[voltar]<\/a><\/p>\n<p style=\"text-align: left\"><span><span style=\"line-height: normal\"><span style=\"font-size: small\"><br \/>\n<\/span><\/span><\/span><\/p>\n","protected":false},"excerpt":{"rendered":"<p>FREE ato \u00fanico Unipessoal: PABLO BENZANO Dramaturgia e dire\u00e7\u00e3o: MICHEL CROZ Part.especial: CORVUS FICHA T\u00c9CNICA Ambienta\u00e7\u00e3o: Flavia Gariazzo T\u00e9cnico Geral: Mart\u00edn Smaldone Grava\u00e7\u00f5es de \u00e1udio: Cono Botino V\u00eddeos: Interven\u00e7\u00e3o do filme \u201cHamlet &#8211; Uma hist\u00f3ria eterna\u201d De Michel Almereyda Clip 1 de \u201c\u00c9dipo Machine\u201d TTI de Richard B\u00e9rtiz y Jos\u00e9 Ghiorsi Placas, Imagens e Textos [&hellip;]<\/p>\n","protected":false},"author":185,"featured_media":0,"parent":0,"menu_order":0,"comment_status":"closed","ping_status":"closed","template":"","meta":{"footnotes":"","_links_to":"","_links_to_target":""},"class_list":["post-281","page","type-page","status-publish","hentry"],"jetpack_sharing_enabled":true,"_links":{"self":[{"href":"https:\/\/wp.ufpel.edu.br\/mercosul\/wp-json\/wp\/v2\/pages\/281","targetHints":{"allow":["GET"]}}],"collection":[{"href":"https:\/\/wp.ufpel.edu.br\/mercosul\/wp-json\/wp\/v2\/pages"}],"about":[{"href":"https:\/\/wp.ufpel.edu.br\/mercosul\/wp-json\/wp\/v2\/types\/page"}],"author":[{"embeddable":true,"href":"https:\/\/wp.ufpel.edu.br\/mercosul\/wp-json\/wp\/v2\/users\/185"}],"replies":[{"embeddable":true,"href":"https:\/\/wp.ufpel.edu.br\/mercosul\/wp-json\/wp\/v2\/comments?post=281"}],"version-history":[{"count":2,"href":"https:\/\/wp.ufpel.edu.br\/mercosul\/wp-json\/wp\/v2\/pages\/281\/revisions"}],"predecessor-version":[{"id":285,"href":"https:\/\/wp.ufpel.edu.br\/mercosul\/wp-json\/wp\/v2\/pages\/281\/revisions\/285"}],"wp:attachment":[{"href":"https:\/\/wp.ufpel.edu.br\/mercosul\/wp-json\/wp\/v2\/media?parent=281"}],"curies":[{"name":"wp","href":"https:\/\/api.w.org\/{rel}","templated":true}]}}