{"id":2780,"date":"2019-09-02T09:14:59","date_gmt":"2019-09-02T12:14:59","guid":{"rendered":"https:\/\/wp.ufpel.edu.br\/mercosul\/?page_id=2780"},"modified":"2019-09-02T11:50:26","modified_gmt":"2019-09-02T14:50:26","slug":"historico-dos-eventos-do-cim","status":"publish","type":"page","link":"https:\/\/wp.ufpel.edu.br\/mercosul\/historico-dos-eventos-do-cim\/","title":{"rendered":"Hist\u00f3rico dos Eventos do CIM"},"content":{"rendered":"<p>O pr\u00e9dio do Centro de Integra\u00e7\u00e3o do Mercosul abriga uma intensa trajet\u00f3ria cultural, que abrange desde sua hist\u00f3ria anteriormente de ser concretizado como uma unidade acad\u00eamica da UFPEL, at\u00e9 o seu desenvolvimento hist\u00f3rico dentro da comunidade.<\/p>\n<p>O link apresentado logo abaixo mostra um pouco de seu avan\u00e7o ao longo dos anos atrav\u00e9s das conquistas e dos eventos realizados em equipe.<\/p>\n<p>Vale a pena conhecer um pouco da hist\u00f3ria do CIM! BORA? &#x1f4d6;&#x1f44f;<\/p>\n<p>Segue os links em anexo:<\/p>\n<p><a href=\"https:\/\/wp.ufpel.edu.br\/mercosul\/pt\/historico-dos-eventos-do-cim\/historico-dos-eventos-do-cim-parte-i\/\" rel=\"attachment wp-att-2785\">Hist\u00f3rico dos eventos do CIM-Parte I<\/a><\/p>\n<p><a href=\"https:\/\/wp.ufpel.edu.br\/mercosul\/pt\/historico-dos-eventos-do-cim\/historico-dos-eventos-do-cim-parte-ii\/\" rel=\"attachment wp-att-2786\">Hist\u00f3rico dos Eventos do CIM-Parte II<\/a><\/p>\n<p>&nbsp;<\/p>\n","protected":false},"excerpt":{"rendered":"<p>O pr\u00e9dio do Centro de Integra\u00e7\u00e3o do Mercosul abriga uma intensa trajet\u00f3ria cultural, que abrange desde sua hist\u00f3ria anteriormente de ser concretizado como uma unidade acad\u00eamica da UFPEL, at\u00e9 o seu desenvolvimento hist\u00f3rico dentro da comunidade. O link apresentado logo abaixo mostra um pouco de seu avan\u00e7o ao longo dos anos atrav\u00e9s das conquistas e [&hellip;]<\/p>\n","protected":false},"author":185,"featured_media":0,"parent":0,"menu_order":0,"comment_status":"closed","ping_status":"closed","template":"","meta":{"footnotes":"","_links_to":"","_links_to_target":""},"class_list":["post-2780","page","type-page","status-publish","hentry"],"jetpack_sharing_enabled":true,"_links":{"self":[{"href":"https:\/\/wp.ufpel.edu.br\/mercosul\/wp-json\/wp\/v2\/pages\/2780","targetHints":{"allow":["GET"]}}],"collection":[{"href":"https:\/\/wp.ufpel.edu.br\/mercosul\/wp-json\/wp\/v2\/pages"}],"about":[{"href":"https:\/\/wp.ufpel.edu.br\/mercosul\/wp-json\/wp\/v2\/types\/page"}],"author":[{"embeddable":true,"href":"https:\/\/wp.ufpel.edu.br\/mercosul\/wp-json\/wp\/v2\/users\/185"}],"replies":[{"embeddable":true,"href":"https:\/\/wp.ufpel.edu.br\/mercosul\/wp-json\/wp\/v2\/comments?post=2780"}],"version-history":[{"count":3,"href":"https:\/\/wp.ufpel.edu.br\/mercosul\/wp-json\/wp\/v2\/pages\/2780\/revisions"}],"predecessor-version":[{"id":2787,"href":"https:\/\/wp.ufpel.edu.br\/mercosul\/wp-json\/wp\/v2\/pages\/2780\/revisions\/2787"}],"wp:attachment":[{"href":"https:\/\/wp.ufpel.edu.br\/mercosul\/wp-json\/wp\/v2\/media?parent=2780"}],"curies":[{"name":"wp","href":"https:\/\/api.w.org\/{rel}","templated":true}]}}