{"id":278,"date":"2012-05-07T12:00:27","date_gmt":"2012-05-07T15:00:27","guid":{"rendered":"https:\/\/wp.ufpel.edu.br\/mercosul\/?page_id=278"},"modified":"2012-06-20T17:53:44","modified_gmt":"2012-06-20T20:53:44","slug":"2011-atividades-do-nucleo-de-estudos-fronteiricos","status":"publish","type":"page","link":"https:\/\/wp.ufpel.edu.br\/mercosul\/nucleo-de-estudos-fronteiricos\/atividades-do-nucleo-de-estudos-fronteiricos\/2011-atividades-do-nucleo-de-estudos-fronteiricos\/","title":{"rendered":"2011 &#8211; Atividades do N\u00facleo de Estudos Fronteiri\u00e7os"},"content":{"rendered":"<h4 align=\"left\"><strong>CONVITE<\/strong><\/h4>\n<h4 align=\"left\"><strong>EXPOSI\u00c7\u00d5ES E PALESTRAS<\/strong><\/h4>\n<p align=\"left\"><strong>Tema:<\/strong>\u00a0El Gaucho<br \/>\n<strong>Dia:\u00a0<\/strong>06 de dezembro de 2011<br \/>\n<strong>Local:<\/strong>\u00a0N\u00facleo de Estudos Fronteiri\u00e7os &#8211; UFPel<br \/>\nRua duque de Caxias n\u00ba 1759<br \/>\n<strong>In\u00edcio \u00e0s 19hs<\/strong><\/p>\n<p align=\"left\">EXPOSITORES PALESTRANTES:<br \/>\n<strong>\u00a0<\/strong><br \/>\n<strong>Lic.ANTONIO MARIA BOERA \u2013 Museo Sin Frontera\u00a0<\/strong><\/p>\n<p><strong>Prof. LUIS ARIAS \u2013 Centro de Artes Arias<\/strong><\/p>\n<p align=\"left\"><strong>\u00a0Organizam:\u00a0\u00a0<\/strong><br \/>\nCentro de Artes Arias<br \/>\nUniversidade Federal de Pelotas<br \/>\nSecretaria Municipal de Cultura<\/p>\n<p align=\"left\"><strong>Apoio:<\/strong><br \/>\nN\u00facleo de Estudos Fronteiri\u00e7os<br \/>\nCentro de Integra\u00e7\u00e3o do Mercosul<\/p>\n<p align=\"left\">Evento aberto a toda Comunidade Fronteiri\u00e7a<\/p>\n<p>&nbsp;<\/p>\n<h4><strong>Seguran\u00e7a p\u00fablica na fronteira Brasil-Uruguai em debate<\/strong><\/h4>\n<p><img src=\"http:\/\/www.ufpel.edu.br\/mercosul\/images\/fotoseguranca.jpg\" alt=\"\" width=\"350\" height=\"263\" \/><\/p>\n<p>Cumprindo um dos seus objetivos no processo de integra\u00e7\u00e3o fronteiri\u00e7a no Mercosul, o N\u00facleo de Estudos Fronteiri\u00e7os da UFPel sediou no \u00faltimo dia 29 reuni\u00e3o t\u00e9cnica entre representantes da Brigada Militar do Estado e da Pol\u00edcia do Uruguai, sediada em Rivera. A reuni\u00e3o tratou da coopera\u00e7\u00e3o e da implanta\u00e7\u00e3o do Programa de Preven\u00e7\u00e3o e Combate as Drogas e a Viol\u00eancia(Proerd) na fronteira Brasil-Uruguai. Esta iniciativa pioneira servir\u00e1 para fortalecer a a\u00e7\u00e3o dos \u00f3rg\u00e3os de seguran\u00e7a no Mercosul e aumentar a rede de prote\u00e7\u00e3o \u00e0s drogas e \u00e0 preven\u00e7\u00e3o da viol\u00eancia na fronteira.<\/p>\n<p>O Programa Educacional de Resist\u00eancia \u00e0s Drogas (Proerd) foi criado sob a chancela do Programa Norte-americano\u00a0<em>DARE-Drug Abuse Resistance Education<\/em>, surgido em 1983. Foi implantado no Brasil em 1992 e conta com quatro cursos: Proerd para educa\u00e7\u00e3o infantil, 4\u00b0 e 6\u00b0 s\u00e9ries do ensino fundamental e Curso Proerd para pais. \u00a0A reuni\u00e3o realizada na fronteira Santana do Livramento-Rivera contou com a representa\u00e7\u00e3o brasileira do coronel Fl\u00e1vio da Silva Lopes, do tenente-coronel Ant\u00f4nio Osmar da Silva e do capit\u00e3o Cilon Freitas da Silva e do Uruguai do inspetor maior Luis Madera Brasil, do comiss\u00e1rio Fernando Os\u00f3rio Porto e do comiss\u00e1rio Inspetor Gualberto Acosta.<\/p>\n<p>&nbsp;<\/p>\n<p><a href=\"http:\/\/www.ufpel.edu.br\/mercosul\/images\/mesa-redonda-polo-2011.jpg\" target=\"_blank\"><img src=\"http:\/\/www.ufpel.edu.br\/mercosul\/images\/mesa-redonda-polo-2011-medio.jpg\" alt=\"\" width=\"350\" height=\"497\" \/><\/a><\/p>\n<p>&nbsp;<\/p>\n<h4><strong>N\u00facleo de Estudos Fronteiri\u00e7os sedia encontro sobre integra\u00e7\u00e3o<\/strong><\/h4>\n<h4><strong> <em>22 de Novembro de 2011<\/em><\/strong><\/h4>\n<p><img src=\"http:\/\/www.ufpel.edu.br\/mercosul\/images\/nef.jpg\" alt=\"\" width=\"350\" height=\"263\" \/><\/p>\n<p>Ocorre no N\u00facleo de Estudos Fronteiri\u00e7os do Centro de Integra\u00e7\u00e3o do Mercosul\/UFPel, na fronteira Santana do Livramento-Rivera, a reuni\u00e3o de trabalho entre a Assessoria Superior do Governador do Estado do Rio Grande do Sul\/Coordenadoria de Rela\u00e7\u00f5es Internacionais, professores e t\u00e9cnicos da Universidade Federal de Pelotas, representantes do Programa de Desenvolvimento Local \u2013 ART do Uruguay, do Programa das Na\u00e7\u00f5es Unidas para o Desenvolvimento \u2013 PNUD, Intend\u00eancias de Cerro Largo, Rivera e Artigas, representantes da Ag\u00eancia de Desenvolvimento de Rivera e Cerro Largo, Professores da Universidad de La Rep\u00fablica-UDELAR e do Fondo Andaluz de Municipios para la Solidaridad Internacional (FAMSI).<\/p>\n<p>Durante os trabalhos foram apresentadas as principais a\u00e7\u00f5es e projetos das Institui\u00e7\u00f5es reunidas, com o objetivo de compartilhar experi\u00eancias e possibilitar a coopera\u00e7\u00e3o e a elabora\u00e7\u00e3o de projetos de desenvolvimento e integra\u00e7\u00e3o fronteiri\u00e7a Brasil-Uruguai.\u00a0Nesse sentido, a experi\u00eancia europ\u00e9ia foi relatada pelo Consultor Sr. Juan de Dios Garcia Serrano &#8211; experto en Direcci\u00f3n estrat\u00e9gica de organizaciones y territorios, Gesti\u00f3n del Conocimiento, Direcci\u00f3n de procesos de gesti\u00f3n del cambio\u00a0\u00a0y especialista internacional en el campo del desarrollo de la Econom\u00eda Social tanto en Espa\u00f1a, Am\u00e9rica Latina y Magreb. Consultor de proyectos de la Alianza Cooperativa internacional (ACI), Banco Interamericano de Desarrollo (BID), Banco Centroamericano de Integraci\u00f3n Econ\u00f3mica (BCIE), Corporaci\u00f3n Andina de Fomento (CAF), Uni\u00f3n Europea (UE), Naciones Unidas.<\/p>\n<p>A Universidade Federal de Pelotas representada pelo reitor prof.Antonio Cesar Borges exp\u00f4s a experi\u00eancia da Universidade ao longo dos \u00faltimos vinte anos, que tiveram inicio com a atribui\u00e7\u00e3o do Tratado da Lagoa Mirim, a cria\u00e7\u00e3o da Ag\u00eancia de Desenvolvimento da Lagoa Mirim \u2013 ALM, a cria\u00e7\u00e3o do Centro de Integra\u00e7\u00e3o do Mercosul, a implanta\u00e7\u00e3o da UNIPAMPA, o rec\u00e9m inaugurado N\u00facleo de Estudos Fronteiri\u00e7os, al\u00e9m destes, foram apresentados os projetos para os pr\u00f3ximos anos, como: a Hidrovia do Mercosul, o P\u00f3lo Multicultural UFPEL-MERCOSUL, nas antigas depend\u00eancias da cervejaria Brahma e as Unidades Fronteiri\u00e7as de Sa\u00fade \u2013 Rede Binacional de Sa\u00fade Brasil-Uruguai.<\/p>\n<p>&nbsp;<\/p>\n<h4><strong>N\u00facleo de Estudos Fronteiri\u00e7os da UFPel sedia encontro entre institui\u00e7\u00f5es brasileiras e uruguaias<\/strong><\/h4>\n<h4><strong> <em>16 de Novembro de 2011<\/em><\/strong><\/h4>\n<p>O N\u00facleo de Estudos Fronteiri\u00e7os do Centro de Integra\u00e7\u00e3o do Mercosul\/UFPel na fronteira Santana do Livramento-Rivera ser\u00e1 sede, no pr\u00f3ximo dia 22 de novembro, do encontro entre a Assessoria Superior do Governador do Estado do Rio Grande do Sul\/Coordenadoria de Rela\u00e7\u00f5es Internacionais, professores e t\u00e9cnicos da Universidade Federal de Pelotas, representantes do Programa de Desenvolvimento Local \u2013 ART do Uruguay e do Programa das Na\u00e7\u00f5es Unidas para o Desenvolvimento \u2013 PNUD.<\/p>\n<p>A agenda de trabalho prev\u00ea a apresenta\u00e7\u00e3o das principais a\u00e7\u00f5es e projetos das institui\u00e7\u00f5es, voltados para o desenvolvimento e a integra\u00e7\u00e3o fronteiri\u00e7a, em especial a fronteira Brasil-Uruguai, com vistas a elabora\u00e7\u00e3o de projetos futuros entre as institui\u00e7\u00f5es. Na oportunidade a UFPel estar\u00e1 representada pelo reitor, professor Antonio Cesar Borges, al\u00e9m dos professores Erico Kunde Correa e Maur\u00edcio Pinto da Silva, coordenador do N\u00facleo de Estudos Fronteiri\u00e7os.<\/p>\n<p>O governo do Estado do Rio Grande do Sul ser\u00e1 representado pelo assessor superior do governador para a agenda de coopera\u00e7\u00e3o e rela\u00e7\u00f5es internacionais, Tarson N\u00fa\u00f1ez. O Programa de Desenvolvimento Local \u2013 ART e o Programa das Na\u00e7\u00f5es Unidas para o Desenvolvimento \u2013 PNUD, no Uruguai, ser\u00e1 prepresentado por Juan de Dios Garcia Serrano.<\/p>\n<p>Tamb\u00e9m participam dos trabalhos t\u00e9cnicos das Intend\u00eancias de Cerro Largo e Artigas, representantes da Ag\u00eancia de Desenvolvimento de Rivera e Cerro Largo, professores da Universidad de La Rep\u00fablica-UDELAR e do Fondo Andaluz de Municipios para la Solidaridad Internacional (FAMSI).<\/p>\n<p>&nbsp;<\/p>\n<h4><strong>1\u00aa Confer\u00eancia Binacional de Cultura Santana do Livramento<\/strong><\/h4>\n<h4><strong> <em>26 de Outubro de 2011<\/em><\/strong><\/h4>\n<p>Ser\u00e1 realizada, na fronteira Livramento-Rivera, no dia 3 de novembro, \u00e0s 14h, a 1\u00aa Confer\u00eancia Binacional de Cultura das Cidades G\u00eameas \u2013 Sant\u2019Ana do Livramento\/Brasil e Rivera\/Uruguai.<br \/>\nEntre os objetivos do evento est\u00e1 o desenvolvimento e discuss\u00e3o de pol\u00edticas p\u00fablicas de cultura para a \u00e1rea de Fronteira no \u00e2mbito das cidades g\u00eameas. Os eixos a serem desenvolvidos s\u00e3o:<\/p>\n<p>1) Cidadania e Diversidade Cultural<br \/>\n2) Economia Criativas<br \/>\n3) Audiovisual<br \/>\n4) Patrim\u00f4nio Cultural<br \/>\n5) Livro, Literatura, Leitura e Bibliotecas<br \/>\n6) Express\u00f5es art\u00edsticas<br \/>\n7) Cultura afrodescendente<br \/>\n8 ) Fomento.<br \/>\nA confer\u00eancia \u00e9 organizada pela Prefeitura Municipal de Santana do Livramento e Comiss\u00e3o Binacional de Cultura, contar\u00e1 com as presen\u00e7as de Margarete Morais, representante da Regional Sul \u2013 MINC\/Brasil e de Alejandro Gortazar, representante do MEC\/Uruguai, abordando o tema: Diretrizes do MEC e do MINC em rela\u00e7\u00e3o \u00e0 integra\u00e7\u00e3o cultural entre Brasil e Uruguai, com enfoque em Cidades G\u00eameas.<\/p>\n<p>O N\u00facleo de Estudos Fronteiri\u00e7os\/Centro de Integra\u00e7\u00e3o do Mercosul\/UFPel, integrante da Comiss\u00e3o Binacional de Cultura Brasil-Uruguay, participa da organiza\u00e7\u00e3o do evento.<\/p>\n<p><a href=\"http:\/\/www.ufpel.edu.br\/mercosul\/atualiza%C3%A7%C3%B5es\/convite-conf-binacional.pdf\" target=\"_blank\">Convite<\/a><\/p>\n<p>&nbsp;<\/p>\n<h4><strong>N\u00facleo de Estudos Fronteiri\u00e7os divulga concurso internacional<\/strong><\/h4>\n<h4><strong> <em>19 de Outubro de 2011<\/em><\/strong><\/h4>\n<p>O N\u00facleo de Estudos Fronteiri\u00e7os-Centro de Integra\u00e7\u00e3o do Mercosul \/UFPel est\u00e1 divulgando o\u00a0<em>Concurso Internacional de Ensayo sobre el Pensamiento de Jos\u00e9 Enrique Rod\u00f3<\/em>.<\/p>\n<p>Veja o regulamento nos arquivos<br \/>\n<a href=\"https:\/\/wp.ufpel.edu.br\/mercosul\/files\/2012\/05\/carpeta_concurso1.pdf\">carpeta_concurso1<\/a><br \/>\n<a href=\"https:\/\/wp.ufpel.edu.br\/mercosul\/files\/2012\/05\/concurso-internacional.pdf\">concurso-internacional<\/a><\/p>\n<p>&nbsp;<\/p>\n<p><img src=\"http:\/\/www.ufpel.edu.br\/mercosul\/images\/cartaz-armazem.jpg\" alt=\"\" width=\"350\" height=\"495\" \/><\/p>\n<p>&nbsp;<\/p>\n<h4><strong>UFPel prestigia 7 de Setembro na Fronteira da Paz<\/strong><\/h4>\n<h4><strong> <em>12 de Setembro de 2011<\/em><\/strong><\/h4>\n<p><img src=\"http:\/\/www.ufpel.edu.br\/mercosul\/images\/desfile-1.jpg\" alt=\"\" width=\"350\" height=\"198\" \/><\/p>\n<p>No \u00faltimo dia 7, a Universidade Federal de Pelotas e o N\u00facleo de Estudos Fronteiri\u00e7os do Centro de Integra\u00e7\u00e3o do Mercosul se fizeram presentes no desfile c\u00edvico em Sant\u2019Ana do Livramento.<\/p>\n<p><img src=\"http:\/\/www.ufpel.edu.br\/mercosul\/images\/desfile.jpg\" alt=\"\" width=\"350\" height=\"197\" \/><\/p>\n<p>O ato foi realizado em conjunto com o Polo Municipal de Educa\u00e7\u00e3o a Dist\u00e2ncia, que abriga cursos de v\u00e1rias universidades, dentre elas a UFPel.<\/p>\n<p>&nbsp;<\/p>\n<h4 align=\"left\"><strong>Oficina de Gest\u00e3o de Entidades Sociais<\/strong><\/h4>\n<p>Institui\u00e7\u00e3o promotora: Associa\u00e7\u00e3o Santanense do Deficiente F\u00edsico<\/p>\n<p>Objetivos: Qualificar a gest\u00e3o das entidades sociais a fim de aprimorar o servi\u00e7o prestado.<\/p>\n<p>Metodologia:<br \/>\nM\u00f3dulo I \u2013 Introdu\u00e7\u00e3o ao Terceiro Setor e recursos Humanos, dia\u00a0<strong>19\/08<\/strong>, \u00e0s 19 horas;<br \/>\nM\u00f3dulo II \u2013 Elabora\u00e7\u00e3o de Projetos Sociais e Capta\u00e7\u00e3o de Recursos, dia\u00a0<strong>20\/08<\/strong>,<br \/>\ndas 09h \u00e0s 12h e 14h \u00e0s 17h;<br \/>\nM\u00f3dulo III \u2013 Marketing, dia\u00a0<strong>02\/09<\/strong>, \u00e0s 19 horas;<br \/>\nM\u00f3dulo IV \u2013 Planejamento Estrat\u00e9gico,\u00a0<strong>03\/09<\/strong>\u00a0das 09h \u00e0s 12h e 14h \u00e0s 17h.<\/p>\n<p>Local: N\u00facleo de Estudos Fronteiri\u00e7os, Duque de Caxias n\u00ba 1759.<br \/>\nInscri\u00e7\u00f5es: 3242 1712 \u2013\u00a0<a href=\"mailto:assandef@v-expressa.com.br\">assandef@v-expressa.com.br<\/a>\u00a0(Carlos Nilo)<\/p>\n<p>Organiza\u00e7\u00e3o: ASSANDEF &#8211; Associa\u00e7\u00e3o Santanense do Deficiente F\u00edsico<br \/>\nApoio: UFPel, Centro de Integra\u00e7\u00e3o do Mercosul e N\u00facleo de Estudos Fronteiri\u00e7os<\/p>\n<p><img src=\"http:\/\/www.ufpel.edu.br\/mercosul\/images\/convite-cultural.jpg\" alt=\"\" width=\"350\" height=\"744\" \/><\/p>\n<p>HAMLET de SHAKESPEARE<br \/>\nFREE ato \u00fanico<br \/>\nUnipessoal: PABLO BENZANO<br \/>\nDramaturgia e dire\u00e7\u00e3o: MICHEL CROZ<br \/>\nPart.especial: CORVUS<\/p>\n<p>OFICINA TEATRO Independente<\/p>\n<p>SETEMBRO 2011<\/p>\n<p>7 e 8<br \/>\nSALA CULTURAL ANTEL<br \/>\nRIVERA &#8211; UY<\/p>\n<p>9 e 10<br \/>\nN\u00daCLEO ESTUDOS FRONTEIRI\u00c7OS<br \/>\nLIVRAMENTO &#8211; BR<\/p>\n<p><a title=\"HAMLET de SHAKESPEARE\" href=\"https:\/\/wp.ufpel.edu.br\/mercosul\/hamlet-de-shakespeare\/\">Programa\u00e7\u00e3o<\/a><\/p>\n<p>&nbsp;<\/p>\n<h4><strong>Secret\u00e1rio de Desenvolvimento Regional do MIN visita N\u00facleo de Estudos Fronteiri\u00e7os<\/strong><\/h4>\n<h4><strong> <em>2 de Agosto de 2011<\/em><\/strong><\/h4>\n<p><img src=\"http:\/\/www.ufpel.edu.br\/mercosul\/images\/min-2.jpg\" alt=\"\" width=\"350\" height=\"263\" \/><\/p>\n<p>O Minist\u00e9rio da Integra\u00e7\u00e3o Nacional, por meio da Secretaria de Desenvolvimento Regional (SDR), instalou no dia 29 de julho, em Santana do Livramento, o N\u00facleo Estadual para o Desenvolvimento e Integra\u00e7\u00e3o da Faixa de Fronteira do Rio Grande do Sul.<\/p>\n<p><a title=\"Secret\u00e1rio de Desenvolvimento Regional do MIN visita N\u00facleo de Estudos Fronteiri\u00e7os\" href=\"https:\/\/wp.ufpel.edu.br\/mercosul\/secretario-de-desenvolvimento-regional-do-min-visita-nucleo-de-estudos-fronteiricos\/\">Saiba mais<\/a><\/p>\n<p>&nbsp;<\/p>\n<h4><strong>Primeira turma do PROERD BINACIONAL em n\u00edvel mundial recebe diplomas<\/strong><\/h4>\n<h4><strong> <em>28 de Julho de 2011<\/em><\/strong><\/h4>\n<p><img src=\"http:\/\/www.ufpel.edu.br\/mercosul\/images\/formatura-proerd.jpg\" alt=\"\" width=\"350\" height=\"234\" \/><\/p>\n<p>Autoridades policiais e civis do Brasil e do Uruguai estiveram reunidas na tarde desta quarta-feira (27), em Santana do Livramento, para a solenidade de formatura da primeira turma do Programa Educacional de Resist\u00eancia \u00e0s Drogas e \u00e0 Viol\u00eancia-PROERD Binacional Curr\u00edculo para Adultos. A solenidade ocorreu no Centro de Integra\u00e7\u00e3o do Mercosul\/N\u00facleo de Estudos Fronteiri\u00e7os da UFPel, e contou com a presen\u00e7a do reitor Cesar Borges.<\/p>\n<p><a title=\"Primeira turma do PROERD BINACIONAL em n\u00edvel mundial recebe diplomas\" href=\"https:\/\/wp.ufpel.edu.br\/mercosul\/primeira-turma-do-proerd-binacional-em-nivel-mundial-recebe-diplomas\/\">Saiba mais<\/a><\/p>\n<p>&nbsp;<\/p>\n<p>Formatura Proerd Binacional<em>\u00a0&#8211; 27\/07<\/em><\/p>\n<p>&nbsp;<\/p>\n<p>1\u00ba Semin\u00e1rio Agroind\u00fastrias de Produtos de Origem Animal &#8211; Desafios e Oportunidades<\/p>\n<p>&nbsp;<\/p>\n<p>8\u00aa Bienal do Mercosul\u00a0<em>&#8211; 27\/06 \u00e0 24\/07\/2011<\/em><\/p>\n<p>&nbsp;<\/p>\n<p>Curso Binacional do Proerd\u00a0<em>&#8211; 14\/06 \u00e0 12\/07<\/em><\/p>\n<p>&nbsp;<\/p>\n<h4><strong>N\u00facleo de Estudos Fronteiri\u00e7os da UFPel, em Livramento, recebe artista da 8\u00aa Bienal do Mercosul<\/strong><\/h4>\n<h4><strong> <em>27 de Junho de 2011<\/em><\/strong><\/h4>\n<p><img src=\"http:\/\/www.ufpel.edu.br\/mercosul\/images\/rotoreitorbienal-2.jpg\" alt=\"\" width=\"350\" height=\"264\" \/><\/p>\n<p>O artista mexicano Sebasti\u00e1n Romo est\u00e1 em Santana do Livramento desde o dia 10 de junho para produzir uma obra de arte especialmente para a 8\u00aa Bienal do Mercosul.<\/p>\n<p><a href=\"https:\/\/wp.ufpel.edu.br\/mercosul\/nucleo-de-estudos-fronteiricos-da-ufpel-em-livramento-recebe-artista-da-8a-bienal-do-mercosul\/\">Saiba mais<\/a><\/p>\n<p>&nbsp;<\/p>\n<h4><strong>Curso Binacional do Proerd em Santana do Livramento<\/strong><\/h4>\n<p>Com o intuito de aumentar a rede de prote\u00e7\u00e3o junto a fronteira da Paz, o 2\u00ba R P Mon em Santana do Livramento desenvolver\u00e1 o 1\u00ba Curso de Preven\u00e7\u00e3o de Drogas Binacional a ser desenvolvido em parceria entre a Brigada Militar e o Centro de Integra\u00e7\u00e3o do Mercosul\/N\u00facleo de Estudos Fronteiri\u00e7os- Santana do Livramento.<br \/>\n<a title=\"Curso Binacional do Proerd em Santana do Livramento\" href=\"https:\/\/wp.ufpel.edu.br\/mercosul\/curso-binacional-do-proerd-em-santana-do-livramento\/\"><br \/>\nSaiba mais<\/a><\/p>\n<p>&nbsp;<\/p>\n<p><img src=\"http:\/\/www.ufpel.edu.br\/mercosul\/images\/semanacademica_unipampa.jpg\" alt=\"\" width=\"300\" height=\"424\" \/><\/p>\n<h4><strong>Semanaa 2011 da Unipampa. Workshops, Oficinas, Mini-cursos, palestra<\/strong><strong>\u00a0Acad\u00eamic<\/strong><strong>s e debates.<\/strong><\/h4>\n<h4><em><strong> De 13 a 17 de junho, inscri\u00e7\u00f5es de 10 a 13 de junho.<\/strong><\/em><\/h4>\n<p>&nbsp;<\/p>\n<p><img src=\"http:\/\/www.ufpel.edu.br\/mercosul\/images\/2aseminario-internacional.jpg\" alt=\"\" width=\"300\" height=\"424\" \/><\/p>\n<h4><strong>II Semin\u00e1rio Internacional Permanente: Universidade e Integra\u00e7\u00e3o Fronteiri\u00e7a<\/strong><br \/>\n<strong> A import\u00e2ncia da pesquisa e da extens\u00e3o para o desenvolvimento fronteiri\u00e7o.<\/strong><\/h4>\n<h4><em><strong> Dias 25, 26 e 27 de maio de 2011, no Centro de Integra\u00e7\u00e3o do Mercosul da UFPel.<\/strong><\/em><\/h4>\n<p>&nbsp;<\/p>\n<p><img src=\"http:\/\/www.ufpel.edu.br\/mercosul\/images\/saraus.jpg\" alt=\"\" width=\"300\" height=\"418\" \/><\/p>\n<p>Saraus, Tert\u00falias e Oficinas no N\u00facleo de Estudos Fronteiri\u00e7os \/ UFPel<br \/>\nReuni\u00f5es quinzenais \u00e0s segundas-feiras, \u00e0s 20h.<\/p>\n<p>&nbsp;<\/p>\n<p><img src=\"http:\/\/www.ufpel.edu.br\/mercosul\/images\/cursodedesenho.jpg\" alt=\"\" width=\"300\" height=\"413\" \/><\/p>\n<p>Oficina de Desenho Gratuito no N\u00facleo de Estudos Fronteiri\u00e7os \/ UFPel<br \/>\nDura\u00e7\u00e3o de 4 meses.<\/p>\n<p><a title=\"Atividades do N\u00facleo de Estudos Fronteiri\u00e7os\" href=\"https:\/\/wp.ufpel.edu.br\/mercosul\/nucleo-de-estudos-fronteiricos\/atividades-do-nucleo-de-estudos-fronteiricos\/\">\u00a0[Voltar]<\/a><\/p>\n<p style=\"text-align: left\"><span style=\"font-size: small\"><span style=\"line-height: normal\"><br \/>\n<\/span><\/span><\/p>\n","protected":false},"excerpt":{"rendered":"<p>CONVITE EXPOSI\u00c7\u00d5ES E PALESTRAS Tema:\u00a0El Gaucho Dia:\u00a006 de dezembro de 2011 Local:\u00a0N\u00facleo de Estudos Fronteiri\u00e7os &#8211; UFPel Rua duque de Caxias n\u00ba 1759 In\u00edcio \u00e0s 19hs EXPOSITORES PALESTRANTES: \u00a0 Lic.ANTONIO MARIA BOERA \u2013 Museo Sin Frontera\u00a0 Prof. LUIS ARIAS \u2013 Centro de Artes Arias \u00a0Organizam:\u00a0\u00a0 Centro de Artes Arias Universidade Federal de Pelotas Secretaria Municipal [&hellip;]<\/p>\n","protected":false},"author":185,"featured_media":0,"parent":272,"menu_order":0,"comment_status":"closed","ping_status":"closed","template":"","meta":{"footnotes":"","_links_to":"","_links_to_target":""},"class_list":["post-278","page","type-page","status-publish","hentry"],"jetpack_sharing_enabled":true,"_links":{"self":[{"href":"https:\/\/wp.ufpel.edu.br\/mercosul\/wp-json\/wp\/v2\/pages\/278","targetHints":{"allow":["GET"]}}],"collection":[{"href":"https:\/\/wp.ufpel.edu.br\/mercosul\/wp-json\/wp\/v2\/pages"}],"about":[{"href":"https:\/\/wp.ufpel.edu.br\/mercosul\/wp-json\/wp\/v2\/types\/page"}],"author":[{"embeddable":true,"href":"https:\/\/wp.ufpel.edu.br\/mercosul\/wp-json\/wp\/v2\/users\/185"}],"replies":[{"embeddable":true,"href":"https:\/\/wp.ufpel.edu.br\/mercosul\/wp-json\/wp\/v2\/comments?post=278"}],"version-history":[{"count":9,"href":"https:\/\/wp.ufpel.edu.br\/mercosul\/wp-json\/wp\/v2\/pages\/278\/revisions"}],"predecessor-version":[{"id":284,"href":"https:\/\/wp.ufpel.edu.br\/mercosul\/wp-json\/wp\/v2\/pages\/278\/revisions\/284"}],"up":[{"embeddable":true,"href":"https:\/\/wp.ufpel.edu.br\/mercosul\/wp-json\/wp\/v2\/pages\/272"}],"wp:attachment":[{"href":"https:\/\/wp.ufpel.edu.br\/mercosul\/wp-json\/wp\/v2\/media?parent=278"}],"curies":[{"name":"wp","href":"https:\/\/api.w.org\/{rel}","templated":true}]}}