{"id":27,"date":"2012-04-12T09:34:21","date_gmt":"2012-04-12T12:34:21","guid":{"rendered":"https:\/\/wp.ufpel.edu.br\/mercosul\/"},"modified":"2019-07-17T14:37:46","modified_gmt":"2019-07-17T17:37:46","slug":"itens-uteis","status":"publish","type":"page","link":"https:\/\/wp.ufpel.edu.br\/mercosul\/itens-uteis\/","title":{"rendered":"Links \u00dateis"},"content":{"rendered":"<p>&nbsp;<\/p>\n<p><a href=\"https:\/\/wp.ufpel.edu.br\/mercosul\/pt\/itens-uteis\/mercosul-3\/\" rel=\"attachment wp-att-2442\"><img class=\"aligncenter size-full wp-image-2442\" src=\"https:\/\/wp.ufpel.edu.br\/mercosul\/files\/2019\/07\/mercosul.jpg\" alt=\"\" width=\"680\" height=\"365\" srcset=\"https:\/\/wp.ufpel.edu.br\/mercosul\/files\/2019\/07\/mercosul.jpg 680w, https:\/\/wp.ufpel.edu.br\/mercosul\/files\/2019\/07\/mercosul-300x161.jpg 300w\" sizes=\"(max-width: 680px) 100vw, 680px\" \/><\/a><\/p>\n<h4><strong>Culturais:<\/strong><\/h4>\n<p><a href=\"http:\/\/www.bienalmercosul.art.br\/\" target=\"_blank\" rel=\"noopener noreferrer\">Funda\u00e7\u00e3o Bienal do Mercosul<\/a><\/p>\n<p><a href=\"http:\/\/www.cultura.gov.br\/\" target=\"_blank\" rel=\"noopener noreferrer\">Minist\u00e9rio da Cultura<\/a><\/p>\n<p><a href=\"http:\/\/www.centrocultural.sp.gov.br\/\" target=\"_blank\" rel=\"noopener noreferrer\">Centro de Cultura do Mercosul<\/a><\/p>\n<p><a href=\"http:\/\/www.ancine.gov.br\/\" target=\"_blank\" rel=\"noopener noreferrer\">ANCINE<\/a><\/p>\n<h4><strong>Turismo e Viagens pelo Mercosul:<\/strong><\/h4>\n<p><a href=\"http:\/\/www.pelotasconvention.com.br\/\" target=\"_blank\" rel=\"noopener noreferrer\">Pelotas Convention<\/a><br \/>\n<a href=\"https:\/\/receita.economia.gov.br\/orientacao\/aduaneira\/viagens-internacionais\/guia-do-viajante\"><br \/>\nReceita Federal &#8211; Dicas para viagens<\/a><\/p>\n<p><a href=\"http:\/\/www.ufrgs.br\/nutep\/links\/links_mercosul.htm\" target=\"_blank\" rel=\"noopener noreferrer\">Sites de Cidades do Mercosul e \u00d3rg\u00e3os Governamentais<\/a><\/p>\n<p><a href=\"https:\/\/www.mercosur.int\/temas\/turismo\/\" target=\"_blank\" rel=\"noopener noreferrer\">Mercosul Turismo <\/a><\/p>\n<p><a href=\"http:\/\/www.sice.oas.org\/trade\/mrcsrs\/decisions\/dec3804p.asp\" target=\"_blank\" rel=\"noopener noreferrer\">SICE &#8211; Sistema de Informa\u00e7\u00e3o sobre Com\u00e9rcio Exterior<\/a><\/p>\n<p><a href=\"http:\/\/www.sindimercosul.com.br\/\" target=\"_blank\" rel=\"noopener noreferrer\">Sindicato Mercosul<\/a><\/p>\n<h4><strong>Institucionais:<\/strong><\/h4>\n<p><a href=\"http:\/\/www.aladi.org\/\" target=\"_blank\" rel=\"noopener noreferrer\">Associa\u00e7\u00e3o Latino-Americana de Integra\u00e7\u00e3o &#8211; ALADI<\/a><\/p>\n<p><a href=\"http:\/\/www.mre.gov.br\/\" target=\"_blank\" rel=\"noopener noreferrer\">Minist\u00e9rio das Rela\u00e7\u00f5es Exteriores<\/a><\/p>\n<p><a href=\"http:\/\/www.pelotas.com.br\/\" target=\"_blank\" rel=\"noopener noreferrer\">Prefeitura Municipal de Pelotas<\/a><\/p>\n<p><a href=\"https:\/\/wp.ufpel.edu.br\/dipi\" target=\"_blank\" rel=\"noopener noreferrer\">Coordena\u00e7\u00e3o de Rela\u00e7\u00f5es Internacionais (CRInter)<\/a><\/p>\n<p><a href=\"http:\/\/www.mercosur.int\/\">Mercosul Portal Oficial<\/a><br \/>\n<a href=\"http:\/\/www.mercosul.gov.br\/o-mercosul-na-vida-do-cidadao\/parlamento-do-mercosul\" target=\"_blank\" rel=\"noopener noreferrer\"><br \/>\nParlamento do Mercosul<\/a><br \/>\n<a href=\"http:\/\/www.iadb.org\/intal\/\"><br \/>\n<\/a><a href=\"http:\/\/www.iadb.org\/intal\" target=\"_blank\" rel=\"noopener noreferrer\">Instituto para Integra\u00e7\u00e3o da Am\u00e9rica Latina e Caribe (INTAL)<br \/>\n<\/a><br \/>\n<a href=\"http:\/\/www.consulados.com.br\/\" target=\"_blank\" rel=\"noopener noreferrer\">Consulados no Brasil<\/a><\/p>\n<p><a href=\"http:\/\/www.ibge.gov.br\/\" target=\"_blank\" rel=\"noopener noreferrer\">IBGE<\/a><\/p>\n<p><a href=\"http:\/\/www.dpf.gov.br\/\" target=\"_blank\" rel=\"noopener noreferrer\">Policia Federal<\/a><\/p>\n<p><a href=\"http:\/\/www.detran.rs.gov.br\/\" target=\"_blank\" rel=\"noopener noreferrer\">Detran<\/a><\/p>\n<h4><strong>Educacionais:<\/strong><\/h4>\n<p><a href=\"https:\/\/www.universia.com.br\/\" target=\"_blank\" rel=\"noopener noreferrer\">Universia<\/a><\/p>\n<p><a href=\"https:\/\/www.argentina.gob.ar\/educacion\" target=\"_blank\" rel=\"noopener noreferrer\">Minist\u00e9rio da Educa\u00e7\u00e3o da Argentina<\/a><br \/>\n<a href=\"http:\/\/www.mec.gub.uy\/\" target=\"_blank\" rel=\"noopener noreferrer\"><br \/>\nMinist\u00e9rio da Educa\u00e7\u00e3o do Uruguai<\/a><\/p>\n<p><a href=\"http:\/\/www.mineduc.cl\/\" target=\"_blank\" rel=\"noopener noreferrer\">Minist\u00e9rio da Educa\u00e7\u00e3o do Chile<\/a><\/p>\n<p><a href=\"http:\/\/www.minedu.gob.bo\/\" target=\"_blank\" rel=\"noopener noreferrer\">Minist\u00e9rio da Educa\u00e7\u00e3o da Bol\u00edvia<\/a><\/p>\n<p><a href=\"http:\/\/www.mec.gov.py\/\" target=\"_blank\" rel=\"noopener noreferrer\">Minist\u00e9rio da Educa\u00e7\u00e3o do Paraguai<\/a><\/p>\n<p><a href=\"http:\/\/portal.mec.gov.br\/index.php\" target=\"_blank\" rel=\"noopener noreferrer\">Minist\u00e9rio da Educa\u00e7\u00e3o do Brasil<\/a><\/p>\n<p><strong>Centro Brasileiro de Documenta\u00e7\u00e3o e Estudos da Bacia do Prata-CEDEP<\/strong><br \/>\n<a href=\"http:\/\/www.sic.inep.gov.br\/\" target=\"_blank\" rel=\"noopener noreferrer\"><br \/>\n<span style=\"font-size: 12pt\">Mercosul Educacional <\/span><\/a><\/p>\n<p><span style=\"font-size: 12pt\"><a href=\"http:\/\/www.scielo.br\/scielo.php\/script_sci_home\/lng_pt\/nrm_iso\" target=\"_blank\" rel=\"noopener noreferrer\">Scielo Brasil<\/a><\/span><\/p>\n<h4><strong>Universidades conveniadas UFPel \u2013 Mercosul<\/strong><\/h4>\n<p><a href=\"https:\/\/wp.ufpel.edu.br\/convenios\/\">Coordena\u00e7\u00e3o de conv\u00eanios e contratos<\/a><\/p>\n<h4><strong>Informativos:<\/strong><\/h4>\n<p><a href=\"http:\/\/www2.camara.gov.br\/atividade-legislativa\/comissoes\/comissoes-mistas\/cpcms\/clipping-mercosul\" target=\"_blank\" rel=\"noopener noreferrer\">Clipping Mercosul<\/a><br \/>\n<a href=\"http:\/\/www.ugr.es\/\"><br \/>\n<\/a><a href=\"http:\/\/www.ugr.es\/\" target=\"_blank\" rel=\"noopener noreferrer\">Di\u00e1logo Ibero-Americano<\/a><\/p>\n<p><a href=\"http:\/\/www.in.gov.br\/leiturajornal\" target=\"_blank\" rel=\"noopener noreferrer\">Di\u00e1rios Oficiais<\/a><\/p>\n<h4><strong>Revistas digitais:<\/strong><\/h4>\n<p><a href=\"http:\/\/www.mercosulnegocios.com.br\/pages\/revistas\/\">Revista do Mercosul<\/a><\/p>\n<p><a href=\"http:\/\/www.revistapesquisa.fapesp.br\/?art=3273&amp;bd=4&amp;pg=1&amp;lg=\" target=\"_blank\" rel=\"noopener noreferrer\">Revista Pesquisa Fapesp<\/a><\/p>\n","protected":false},"excerpt":{"rendered":"<p>&nbsp; Culturais: Funda\u00e7\u00e3o Bienal do Mercosul Minist\u00e9rio da Cultura Centro de Cultura do Mercosul ANCINE Turismo e Viagens pelo Mercosul: Pelotas Convention Receita Federal &#8211; Dicas para viagens Sites de Cidades do Mercosul e \u00d3rg\u00e3os Governamentais Mercosul Turismo SICE &#8211; Sistema de Informa\u00e7\u00e3o sobre Com\u00e9rcio Exterior Sindicato Mercosul Institucionais: Associa\u00e7\u00e3o Latino-Americana de Integra\u00e7\u00e3o &#8211; ALADI [&hellip;]<\/p>\n","protected":false},"author":145,"featured_media":0,"parent":0,"menu_order":0,"comment_status":"closed","ping_status":"closed","template":"","meta":{"footnotes":"","_links_to":"","_links_to_target":""},"class_list":["post-27","page","type-page","status-publish","hentry"],"jetpack_sharing_enabled":true,"_links":{"self":[{"href":"https:\/\/wp.ufpel.edu.br\/mercosul\/wp-json\/wp\/v2\/pages\/27","targetHints":{"allow":["GET"]}}],"collection":[{"href":"https:\/\/wp.ufpel.edu.br\/mercosul\/wp-json\/wp\/v2\/pages"}],"about":[{"href":"https:\/\/wp.ufpel.edu.br\/mercosul\/wp-json\/wp\/v2\/types\/page"}],"author":[{"embeddable":true,"href":"https:\/\/wp.ufpel.edu.br\/mercosul\/wp-json\/wp\/v2\/users\/145"}],"replies":[{"embeddable":true,"href":"https:\/\/wp.ufpel.edu.br\/mercosul\/wp-json\/wp\/v2\/comments?post=27"}],"version-history":[{"count":10,"href":"https:\/\/wp.ufpel.edu.br\/mercosul\/wp-json\/wp\/v2\/pages\/27\/revisions"}],"predecessor-version":[{"id":2444,"href":"https:\/\/wp.ufpel.edu.br\/mercosul\/wp-json\/wp\/v2\/pages\/27\/revisions\/2444"}],"wp:attachment":[{"href":"https:\/\/wp.ufpel.edu.br\/mercosul\/wp-json\/wp\/v2\/media?parent=27"}],"curies":[{"name":"wp","href":"https:\/\/api.w.org\/{rel}","templated":true}]}}