{"id":232,"date":"2012-05-07T10:09:05","date_gmt":"2012-05-07T13:09:05","guid":{"rendered":"https:\/\/wp.ufpel.edu.br\/mercosul\/?page_id=232"},"modified":"2012-06-20T18:15:53","modified_gmt":"2012-06-20T21:15:53","slug":"2012-2","status":"publish","type":"page","link":"https:\/\/wp.ufpel.edu.br\/mercosul\/curso-de-relacoes-internacionais\/atividades-do-curso-de-relacoes-internacionais\/2012-2\/","title":{"rendered":"2012 &#8211; Atividades do curso de Rela\u00e7\u00f5es Internacionais"},"content":{"rendered":"<h4 style=\"padding-left: 30px\"><strong>Hor\u00e1rios do 1\u00ba Semestre de 2012<\/strong><\/h4>\n<p><a href=\"https:\/\/wp.ufpel.edu.br\/mercosul\/files\/2012\/05\/horarios_2012_1_rel_internacionais.pdf\">Acesse aqui os hor\u00e1rios do curso de Rela\u00e7\u00f5es Internacionais para o 1\u00ba Semestre de 2012<\/a><\/p>\n<p>&nbsp;<\/p>\n<h4><strong>Na pr\u00f3xima quarta-feira (13\/06), ocorrer\u00e1 a 6\u00aa edi\u00e7\u00e3o do ConjuntuRI &#8211; Rio+20: Cr\u00f4nica de um fracasso anunciado.<\/strong><\/h4>\n<p>Este projeto destina-se a analisar contextos e situa\u00e7\u00f5es atuais, trazendo temas pol\u00eamicos da realidade mundial que ser\u00e3o postos em evid\u00eancia, incentivando o questionamento e o debate. Possibilitando, assim, oportunidades para ampliar a capacidade de reflex\u00e3o de cada um acerca do tema.<\/p>\n<p>O evento \u00e9 dividido em tr\u00eas partes:<\/p>\n<p>No primeiro momento, alguns acad\u00eamicos do curso de Rela\u00e7\u00f5es Internacionais far\u00e3o uma breve explana\u00e7\u00e3o sobre o tema. Logo a seguir, para melhor compreens\u00e3o do assunto, contamos com a ajuda de tr\u00eas convidados os quais far\u00e3o uma explana\u00e7\u00e3o. S\u00e3o eles:<\/p>\n<p>L\u00facio Fernandes (UFPel)<br \/>\nAirton Berger Filho (UCS)<br \/>\nCelso Elias Corradi (UFPel)<\/p>\n<p>E a terceira e \u00faltima etapa, vem ao encontro do principal foco do evento, que \u00e9 o debate, momento em que todos poder\u00e3o participar atrav\u00e9s de d\u00favidas, coment\u00e1rios e coloca\u00e7\u00f5es.<\/p>\n<p>Quando? 13\/06<br \/>\nOnde? Audit\u00f3rio da Faculdade de Direito UFPel (entrada franca)<br \/>\nHor\u00e1rio: 19 horas<\/p>\n<p>Venha debater conosco.<br \/>\nContamos com a sua presen\u00e7a<\/p>\n<p><a href=\"https:\/\/wp.ufpel.edu.br\/mercosul\/files\/2012\/06\/riomaisvinte-final.jpg\"><img src=\"https:\/\/wp.ufpel.edu.br\/mercosul\/files\/2012\/06\/riomaisvinte-final.jpg\" alt=\"\" width=\"960\" height=\"720\" \/><\/a><\/p>\n<p>&nbsp;<\/p>\n<p>&nbsp;<\/p>\n<h4><strong>5\u00aa edi\u00e7\u00e3o do ConjuntuRI discute redes sociais e ativismo transnacional<\/strong><\/h4>\n<p><a href=\"https:\/\/wp.ufpel.edu.br\/mercosul\/files\/2012\/05\/ri.jpg\"><img class=\"aligncenter size-medium wp-image-459\" src=\"https:\/\/wp.ufpel.edu.br\/mercosul\/files\/2012\/05\/ri-300x225.jpg\" alt=\"\" width=\"300\" height=\"225\" srcset=\"https:\/\/wp.ufpel.edu.br\/mercosul\/files\/2012\/05\/ri-300x225.jpg 300w, https:\/\/wp.ufpel.edu.br\/mercosul\/files\/2012\/05\/ri.jpg 960w\" sizes=\"(max-width: 300px) 100vw, 300px\" \/><\/a><\/p>\n<p><a href=\"https:\/\/wp.ufpel.edu.br\/mercosul\/files\/2012\/05\/5\u00aaedi\u00e7\u00e3oconjunturi2012img_98111.jpg\"><img class=\"aligncenter size-medium wp-image-571\" src=\"https:\/\/wp.ufpel.edu.br\/mercosul\/files\/2012\/05\/5\u00aaedi\u00e7\u00e3oconjunturi2012img_98111-300x200.jpg\" alt=\"\" width=\"300\" height=\"200\" srcset=\"https:\/\/wp.ufpel.edu.br\/mercosul\/files\/2012\/05\/5\u00aaedi\u00e7\u00e3oconjunturi2012img_98111-300x200.jpg 300w, https:\/\/wp.ufpel.edu.br\/mercosul\/files\/2012\/05\/5\u00aaedi\u00e7\u00e3oconjunturi2012img_98111-1024x682.jpg 1024w, https:\/\/wp.ufpel.edu.br\/mercosul\/files\/2012\/05\/5\u00aaedi\u00e7\u00e3oconjunturi2012img_98111.jpg 1167w\" sizes=\"(max-width: 300px) 100vw, 300px\" \/><\/a><\/p>\n<p>Com o tema \u201cA Sociedade Civil Global 2.0: Redes Sociais e Ativismo Transnacional\u201d, foi aberta \u00a0quinta-feira(17\/05), no audit\u00f3rio da Faculdade de Direito da UFPel, a quinta edi\u00e7\u00e3o do \u201cConjuntuRI &#8211; An\u00e1lise de Conjuntura das Rela\u00e7\u00f5es Internacionais\u201d, projeto de extens\u00e3o do curso de Rela\u00e7\u00f5es Internacionais da UFPel. O evento permite a discuss\u00e3o da atualidade dos movimentos sociais globais e a utiliza\u00e7\u00e3o das redes virtuais como instrumento de articula\u00e7\u00e3o pol\u00edtica para al\u00e9m das fronteiras nacionais.<\/p>\n<p><a href=\"https:\/\/wp.ufpel.edu.br\/mercosul\/files\/2012\/05\/5\u00aaedi\u00e7\u00e3oconjunturi2img_98161.jpg\"><img class=\"size-medium wp-image-572 aligncenter\" src=\"https:\/\/wp.ufpel.edu.br\/mercosul\/files\/2012\/05\/5\u00aaedi\u00e7\u00e3oconjunturi2img_98161-300x200.jpg\" alt=\"\" width=\"300\" height=\"200\" srcset=\"https:\/\/wp.ufpel.edu.br\/mercosul\/files\/2012\/05\/5\u00aaedi\u00e7\u00e3oconjunturi2img_98161-300x200.jpg 300w, https:\/\/wp.ufpel.edu.br\/mercosul\/files\/2012\/05\/5\u00aaedi\u00e7\u00e3oconjunturi2img_98161-1024x682.jpg 1024w, https:\/\/wp.ufpel.edu.br\/mercosul\/files\/2012\/05\/5\u00aaedi\u00e7\u00e3oconjunturi2img_98161.jpg 1167w\" sizes=\"(max-width: 300px) 100vw, 300px\" \/><\/a><\/p>\n<p>Promovido por acad\u00eamicos do curso de Rela\u00e7\u00f5es Internacionais, o ConjuntuRI \u00e9 um projeto de extens\u00e3o que visa trazer para a comunidade acad\u00eamica e geral assuntos relevantes e atuais oriundos das rela\u00e7\u00f5es internacionais, promovendo o debate sobre estes assuntos e tendo como objetivo entender a conjuntura em que estes est\u00e3o inseridos.<\/p>\n<p><a href=\"https:\/\/wp.ufpel.edu.br\/mercosul\/files\/2012\/05\/5\u00aaedi\u00e7\u00e3oconjunturi3img_98041.jpg\"><img class=\"aligncenter size-medium wp-image-573\" src=\"https:\/\/wp.ufpel.edu.br\/mercosul\/files\/2012\/05\/5\u00aaedi\u00e7\u00e3oconjunturi3img_98041-300x200.jpg\" alt=\"\" width=\"300\" height=\"200\" srcset=\"https:\/\/wp.ufpel.edu.br\/mercosul\/files\/2012\/05\/5\u00aaedi\u00e7\u00e3oconjunturi3img_98041-300x200.jpg 300w, https:\/\/wp.ufpel.edu.br\/mercosul\/files\/2012\/05\/5\u00aaedi\u00e7\u00e3oconjunturi3img_98041-1024x682.jpg 1024w, https:\/\/wp.ufpel.edu.br\/mercosul\/files\/2012\/05\/5\u00aaedi\u00e7\u00e3oconjunturi3img_98041.jpg 1167w\" sizes=\"(max-width: 300px) 100vw, 300px\" \/><\/a><\/p>\n<p>O evento \u00e9 composto por tr\u00eas partes: apresenta\u00e7\u00e3o de dados gerais sobre o tema abordado (dados econ\u00f4micos, pol\u00edticos, hist\u00f3ricos, geogr\u00e1ficos e culturais), feita por uma comiss\u00e3o de pesquisa composta por acad\u00eamicos do curso de Rela\u00e7\u00f5es Internacionais da UFPel; apresenta\u00e7\u00e3o dos palestrantes (cada um tem 20 minutos para fazer sua explana\u00e7\u00e3o sobre o tema da noite); e debate entre os presentes.<\/p>\n<p>Nesta edi\u00e7\u00e3o, s\u00e3o palestrantes os professores Vanessa Marx, p\u00f3s-doutoranda e professora colaboradora do Programa de P\u00f3s-Gradua\u00e7\u00e3o em Ci\u00eancia Pol\u00edtica da UFRGS; Marcelo Kunrath Silva, doutor em Sociologia pela UFRGS; e Luciana Ballestrin, doutora em Ci\u00eancia Pol\u00edtica pela UFMG e professora do curso de Rela\u00e7\u00f5es Internacionais da UFPel.<\/p>\n<p style=\"text-align: right\"><a href=\"http:\/\/ccs.ufpel.edu.br\/wp\/2012\/05\/18\/5%C2%AA-edicao-do-conjunturi-discute-redes-sociais-e-ativismo-transnacional\/\">CCS &#8211; UFPel<\/a><\/p>\n<h4><strong>Inaugurada a biblioteca das Rela\u00e7\u00f5es Internacionais<\/strong><\/h4>\n<p><a href=\"https:\/\/wp.ufpel.edu.br\/mercosul\/files\/2012\/05\/img_98011.jpg\"><img src=\"https:\/\/wp.ufpel.edu.br\/mercosul\/files\/2012\/05\/img_98011-1024x682.jpg\" alt=\"\" width=\"645\" height=\"429\" \/><\/a><\/p>\n<p>Foi inaugurada no come\u00e7o da noite da quarta-feira(16\/05), no pr\u00e9dio do Liceu, a nova biblioteca do curso de Rela\u00e7\u00f5es Internacionais. O reitor Cesar Borges esteve presente no ato e, antes da inaugura\u00e7\u00e3o, no Centro de Integra\u00e7\u00e3o do Mercosul, ministrou uma breve confer\u00eancia e conversou com os acad\u00eamicos do curso.<\/p>\n<address>\u00a0 \u00a0 \u00a0 \u00a0 \u00a0 \u00a0 \u00a0 \u00a0 \u00a0 \u00a0 \u00a0 \u00a0 \u00a0 \u00a0 \u00a0 \u00a0 \u00a0 \u00a0 \u00a0 \u00a0 \u00a0 \u00a0 \u00a0 \u00a0 \u00a0 \u00a0 \u00a0 \u00a0 \u00a0 \u00a0 \u00a0 \u00a0 \u00a0 \u00a0 \u00a0 \u00a0 \u00a0 \u00a0 \u00a0 \u00a0 \u00a0 \u00a0 \u00a0 \u00a0 \u00a0 \u00a0 \u00a0 \u00a0 \u00a0 \u00a0 \u00a0 \u00a0 \u00a0 \u00a0 \u00a0 \u00a0 \u00a0 \u00a0 \u00a0 \u00a0 \u00a0 \u00a0 \u00a0 \u00a0 \u00a0 \u00a0 \u00a0 \u00a0 \u00a0 \u00a0 \u00a0 \u00a0 \u00a0 \u00a0 \u00a0 \u00a0 \u00a0 \u00a0\u00a0<a href=\"http:\/\/ccs.ufpel.edu.br\/wp\/2012\/05\/17\/inaugurada-a-biblioteca-das-relacoes-internacionais\/\">CCS &#8211; UFPel<\/a><\/address>\n<p>&nbsp;<\/p>\n","protected":false},"excerpt":{"rendered":"<p>Hor\u00e1rios do 1\u00ba Semestre de 2012 Acesse aqui os hor\u00e1rios do curso de Rela\u00e7\u00f5es Internacionais para o 1\u00ba Semestre de 2012 &nbsp; Na pr\u00f3xima quarta-feira (13\/06), ocorrer\u00e1 a 6\u00aa edi\u00e7\u00e3o do ConjuntuRI &#8211; Rio+20: Cr\u00f4nica de um fracasso anunciado. Este projeto destina-se a analisar contextos e situa\u00e7\u00f5es atuais, trazendo temas pol\u00eamicos da realidade mundial que [&hellip;]<\/p>\n","protected":false},"author":185,"featured_media":0,"parent":214,"menu_order":0,"comment_status":"closed","ping_status":"closed","template":"","meta":{"footnotes":"","_links_to":"","_links_to_target":""},"class_list":["post-232","page","type-page","status-publish","hentry"],"jetpack_sharing_enabled":true,"_links":{"self":[{"href":"https:\/\/wp.ufpel.edu.br\/mercosul\/wp-json\/wp\/v2\/pages\/232","targetHints":{"allow":["GET"]}}],"collection":[{"href":"https:\/\/wp.ufpel.edu.br\/mercosul\/wp-json\/wp\/v2\/pages"}],"about":[{"href":"https:\/\/wp.ufpel.edu.br\/mercosul\/wp-json\/wp\/v2\/types\/page"}],"author":[{"embeddable":true,"href":"https:\/\/wp.ufpel.edu.br\/mercosul\/wp-json\/wp\/v2\/users\/185"}],"replies":[{"embeddable":true,"href":"https:\/\/wp.ufpel.edu.br\/mercosul\/wp-json\/wp\/v2\/comments?post=232"}],"version-history":[{"count":18,"href":"https:\/\/wp.ufpel.edu.br\/mercosul\/wp-json\/wp\/v2\/pages\/232\/revisions"}],"predecessor-version":[{"id":939,"href":"https:\/\/wp.ufpel.edu.br\/mercosul\/wp-json\/wp\/v2\/pages\/232\/revisions\/939"}],"up":[{"embeddable":true,"href":"https:\/\/wp.ufpel.edu.br\/mercosul\/wp-json\/wp\/v2\/pages\/214"}],"wp:attachment":[{"href":"https:\/\/wp.ufpel.edu.br\/mercosul\/wp-json\/wp\/v2\/media?parent=232"}],"curies":[{"name":"wp","href":"https:\/\/api.w.org\/{rel}","templated":true}]}}