{"id":2270,"date":"2014-09-08T09:51:38","date_gmt":"2014-09-08T12:51:38","guid":{"rendered":"https:\/\/wp.ufpel.edu.br\/mercosul\/?page_id=2270"},"modified":"2014-09-08T11:13:05","modified_gmt":"2014-09-08T14:13:05","slug":"corpo-docente","status":"publish","type":"page","link":"https:\/\/wp.ufpel.edu.br\/mercosul\/cursos-vinculados-ao-cim\/corpo-docente\/","title":{"rendered":"Corpo Docente"},"content":{"rendered":"<h4><strong>Ign\u00e1cio Pablo Traversa Tejero<\/strong>:<\/h4>\n<p style=\"text-align: justify\">1) Gradua\u00e7\u00e3o em Engenheiro agr\u00f4nomo. Universidad de la Rep\u00fablica (UDELAR, 1993), Montevideo, URUGUAI. 2) Gradua\u00e7\u00e3o em Educa\u00e7\u00e3o Agraria (\u00e1rea did\u00e1atico-pedag\u00f3gica). Instituto Normal de Ense\u00f1anza T\u00e9cnica (INET, 2001. Administraci\u00f3n Nacional de Educaci\u00f3n P\u00fablica-ANEP), Montevideo, URUGUAI. 3) Mestrado em Produtividade Florestal. Instituto Tecnol\u00f3gico Valle de Oaxaca (ITVO, ex ITAO, 1996), Oaxaca, M\u00c9XICO. Revalidado em Universidade Federal de Santa Maria (UFSM, 2003), BRASIL. 4) Doutorado em Engenharia do Ambiente, Ecologia e Ci\u00eancias Agroflorestais &#8211; Universidad de Huelva (UHU, 2010) Universidad Internacional de Andaluc\u00eda (UNIA), ESPANHA. Doutorado com Men\u00e7\u00e3o de Qualidade Minist\u00e9rio da Educa\u00e7\u00e3o e Ci\u00eancia. Em processo de revalida\u00e7\u00e3o no Brasil em Meio Ambiente e Desenvolvimento (\u00c1rea de Geografia). Todas institui\u00e7\u00f5es de n\u00edvel superior e p\u00fablico. Atualmente \u00e9 professor efetivo da Universidade Federal de Pelotas (UFPel), Centro de Integra\u00e7\u00e3o do Mercosul. Tem experi\u00eancia docente de n\u00edvel superior e p\u00fablica no Uruguai, M\u00e9xico e Brasil. E-mail: itraversa@yahoo.com<\/p>\n<h4><strong>Rosaura Esp\u00edrito Santo da Silva<\/strong>:<\/h4>\n<p style=\"text-align: justify\">Mestre em Ci\u00eancia da Computa\u00e7\u00e3o pela Universidade Cat\u00f3lica de Pelotas (2008), especialista em Sistemas de Informa\u00e7\u00e3o pela Universidade de Santa Cruz do Sul &#8211; UNISC (2000). Possui gradua\u00e7\u00e3o em Licenciatura em Computa\u00e7\u00e3o pela Universidade de Santa Cruz do Sul (2003), gradua\u00e7\u00e3o em An\u00e1lise de Sistemas pela Universidade Cat\u00f3lica de Pelotas (1997), gradua\u00e7\u00e3o em Servi\u00e7o Social pela Universidade Cat\u00f3lica de Pelotas (1989). Professora da Universidade Federal de Pelotas &#8211; UFPel. Tem experi\u00eancia na \u00e1rea de Ci\u00eancia da Computa\u00e7\u00e3o, com \u00eanfase na \u00e1rea de Intelig\u00eancia Artificial, possui experi\u00eancia profissional na \u00e1rea de desenvolvimento de Sistemas de Informa\u00e7\u00e3o, Gerenciamento de Projetos utilizando as boas pr\u00e1ticas do PMI e PMBOK e na utiliza\u00e7\u00e3o das Tecnologias de Informa\u00e7\u00e3o e Comunica\u00e7\u00e3o. Integrante do Grupo de Pesquisa Comunica\u00e7\u00e3o, Cultura, Tecnologias e Modos de Subjetiva\u00e7\u00e3o\/ CNPq. E-mail: rosauraess@gmail.com<\/p>\n<h4><strong>Marcos Vinicius Godecke<\/strong>:<\/h4>\n<p style=\"text-align: justify\">Professor no curso de Gest\u00e3o Ambiental da Universidade Federal de Pelotas. Doutor em Qualidade Ambiental na FEEVALE-RS. Mestre em Economia do Desenvolvimento pela PUC-RS. Especialista em Gest\u00e3o Empresarial com \u00canfase em neg\u00f3cios do Mercosul pelo CEAD\/UFRGS. Engenheiro Civil pela PUC-RS. Administrador de Empresas pela UFRGS. Foi funcion\u00e1rio e educador corporativo no Banco do Brasil. Coordena programa e projetos de extens\u00e3o relacionados \u00e0 gest\u00e3o ambiental p\u00fablica, gest\u00e3o ambiental empresarial e gest\u00e3o de res\u00edduos s\u00f3lidos urbanos. E-mail: marcosgodecke@gmail.com<\/p>\n<h4><strong>Celso Elias Corradi<\/strong>:<\/h4>\n<p style=\"text-align: justify\">Possui gradua\u00e7\u00e3o em Ci\u00eancias Licenciatura Plena Habilita\u00e7\u00e3o Biologia pela Universidade Federal do Rio Grande (1984) e mestrado em Oceanografia Biol\u00f3gica pela Universidade Federal do Rio Grande (2002). Atualmente \u00e9 professor da Universidade Federal de Pelotas-UFPEL, ministrando disciplinas na \u00e1rea ambiental. Tem experi\u00eancia na \u00e1rea de Ecologia, com \u00eanfase em Gerenciamento Ambiental. Possui ampla viv\u00eancia como Gestor Ambiental na \u00e1rea portu\u00e1ria, atuando ativamente com profissionais dos \u00f3rg\u00e3os ambientais federais, estaduais e municipais. E-mail: celsoelias.corradi@gmail.com<\/p>\n<h4><strong>Fernanda Medeiros Gon\u00e7alves<\/strong>:<\/h4>\n<p style=\"text-align: justify\">Bolsista de Inicia\u00e7\u00e3o Cient\u00edfica pelo CNPq durante a gradua\u00e7\u00e3o em Medicina Veterin\u00e1ria, sob orienta\u00e7\u00e3o do Prof PhD Fernando Rutz e co-orienta\u00e7\u00e3o do Prof DSc.Marcos Antonio Anciuti. Neste sentido, desenvolveu e participou de atividades relacionadas \u00e0 pesquisa cient\u00edfica na \u00e1rea de Nutri\u00e7\u00e3o e Alimenta\u00e7\u00e3o Animal pelo Departamento de Zootecnia da Faculdade de Agronomia Eliseu Maciel (UFPel). Realizou est\u00e1gio curricular obrigat\u00f3rio na empresa Perdig\u00e3o Agroindustrial S\/A por um per\u00edodo de seis meses.Graduou-se em Medicina Veterin\u00e1ria, pela Universidade Federal de Pelotas em agosto de 2006,foi bolsista de p\u00f3s-gradua\u00e7\u00e3o do CNPq pelo Programa de P\u00f3s-Gradua\u00e7\u00e3o em Zootecnia (PPGZ) da Universidade Federal de Pelotas, sob orienta\u00e7\u00e3o do Dr. Jerri Teixeira Zanusso e co-orienta\u00e7\u00e3o dos doutores Marcos Antonio Anciuti, Fernando Rutz e Francisco B. Del Pino, obtendo o t\u00edtulo de Mestre em Ci\u00eancias em mar\u00e7o de 2009. Participou do Programa Institucional de Doutorado Sandu\u00edche no Exterior (PDSE\/CAPES) na North Carolina State University (NCSU), sob orienta\u00e7\u00e3o do Prof. PhD Peter Ferket, em pesquisas na \u00e1rea de Nutri\u00e7\u00e3o in ovo. Desenvolveu projeto de doutorado em nutrientes na reprodu\u00e7\u00e3o de galos pesados, sob orienta\u00e7\u00e3o do Prof. Fernando Rutz e co-orienta\u00e7\u00e3o dos Professores Marcos Anciuti e Odir Dellagostin. Doutora em Produ\u00e7\u00e3o Animal pela UFPel, atualmente \u00e9 Professora Assistente no Curso Superior de Tecnologia em Gest\u00e3o Ambiental da Universidade Federal de Pelotas e coordenadora do N\u00facleo GAPA (N\u00facleo de Gest\u00e3o Ambiental na Produ\u00e7\u00e3o Animal). E-mail: fmgvet@gmail.com<\/p>\n<h4><strong>Jo\u00e3o Carlos de Oliveira Koglin<\/strong>:<\/h4>\n<p style=\"text-align: justify\">Graduado em An\u00e1lise de sistemas (2003), com Especializa\u00e7\u00e3o em MBA &#8211; Gest\u00e3o Empresarial pela Universidade Cat\u00f3lica de Pelotas (2008); Especialista em Gest\u00e3o e Lideran\u00e7a Universit\u00e1ria &#8211; turma IGLU Brasil &#8211; pela Universidade de Caxias do Sul em parceria com a Organiza\u00e7\u00e3o Universit\u00e1ria Interamericana (2011). Mestre em Pol\u00edtica Social pela Universidade Cat\u00f3lica de Pelotas (2011). Atualmente \u00e9 Professor Assistente da Universidade Federal de Pelotas atuando nos Cursos Superiores de Tecnologia em Gest\u00e3o Ambiental, Hotelaria e Processos Gerenciais. Tem experi\u00eancia na \u00e1rea de Administra\u00e7\u00e3o, com \u00eanfase em Administra\u00e7\u00e3o P\u00fablica e na \u00e1rea de Tecnologia da Informa\u00e7\u00e3o. Tem investiga\u00e7\u00f5es na \u00e1rea de Pol\u00edticas P\u00fablicas para Educa\u00e7\u00e3o Superior, com \u00eanfase em avalia\u00e7\u00e3o de pol\u00edticas p\u00fablicas. E-mail: joaokoglin@yahoo.com.br<\/p>\n<h4><strong>Giovanni Nachtigall Maur\u00edcio<\/strong>:<\/h4>\n<p style=\"text-align: justify\">Possui gradua\u00e7\u00e3o em Licenciatura Plena Em Ci\u00eancias Biol\u00f3gicas pela Universidade Cat\u00f3lica de Pelotas (1997) , mestrado em Bioci\u00eancias (Zoologia) pela Pontif\u00edcia Universidade Cat\u00f3lica do Rio Grande do Sul (2003) , doutorado em Bioci\u00eancias (Zoologia) pela Pontif\u00edcia Universidade Cat\u00f3lica do Rio Grande do Sul (2010) e p\u00f3s-doutorado pela Universidade Federal do Rio Grande (2013) . Atualmente \u00e9 Revisor de peri\u00f3dico da Ararajuba (Rio de Janeiro), Revisor de peri\u00f3dico da Check List (S\u00e3o Paulo. Online), Revisor de peri\u00f3dico da Pan-American Journal of Aquatic Sciences, Revisor de peri\u00f3dico da Ornitolog\u00eda Neotropical, Revisor de peri\u00f3dico da Ornithologia (CEMAVE\/IBAMA. Impresso), Revisor de peri\u00f3dico da Biotemas (UFSC), Revisor de peri\u00f3dico da Cotinga (Sandy), Revisor de peri\u00f3dico da Iheringia. S\u00e9rie Zoologia (Impresso), Revisor de peri\u00f3dico da The Condor (Los Angeles, Calif.), Revisor de peri\u00f3dico da The Wilson Journal of Ornithology, Associado da Sociedade Brasileira de Ornitologia, Integrante do N\u00facleo de Taxonomia da Comit\u00ea Brasileiro de Registros Ornitol\u00f3gicos, Integrante do Plano de A\u00e7\u00e3o do Minist\u00e9rio do Meio Ambiente e da Amazonia Legal, Professor Adjunto da Universidade Federal de Pelotas, Revisor de peri\u00f3dico da Zootaxa (Auckland. Print), Revisor de peri\u00f3dico da Pap\u00e9is Avulsos de Zoologia (USP.Museu de Zoologia. Impresso), Revisor de peri\u00f3dico da Nuestras Aves, Revisor de peri\u00f3dico da Brazilian Journal of Biology (Online), Revisor de peri\u00f3dico da Revista Brasileira de Bioci\u00eancias (Online) e Revisor de peri\u00f3dico da Anais da Academia Brasileira de Ci\u00eancias (Impresso). Tem experi\u00eancia na \u00e1rea de Zoologia , com \u00eanfase em Taxonomia. Atuando principalmente nos seguintes temas: An\u00e1lise filogen\u00e9tica, Rhinocryptidae, Morfologia. E-mail: gnachtigallmauricio@yahoo.com.br<\/p>\n<h4><strong>Claure Morrone Parfitt<\/strong>:<\/h4>\n<p style=\"text-align: justify\">Possui gradua\u00e7\u00e3o no Curso de Arquitetura pela Universidade Federal de Pelotas (1983) e mestrado; e doutorado em Planejamento Urbano e Regional pela Universidade Federal do Rio Grande do Sul (2002) e (2010). Tem experi\u00eancia na \u00e1rea de , Planejamento Urbano e Regional e Arquitetura com \u00eanfase em Ci\u00eancias Sociais Aplicadas, atuando principalmente nos seguintes temas:Planejamento e meio ambiente urbano,Teoria do urbano, Projeto de urbanismo, Projeto arquitet\u00f4nico. E-mail: parfitt@terra.com.br<\/p>\n<h4><strong>Maur\u00edcio Pinto da Silva<\/strong>:<\/h4>\n<p style=\"text-align: justify\">Bacharel em Administra\u00e7\u00e3o pela Universidade Federal de Pelotas; Mestrado em Pol\u00edtica Social\/ Desenvolvimento, Territ\u00f3rio e Inova\u00e7\u00e3o Social; Doutorando em Desenvolvimento Regional\/Territ\u00f3rio, Planejamento e Sustentabilidade pela Universidade de Santa Cruz do Sul &#8211; UNISC. Atualmente \u00e9 professor Assisnte I da Universidade Federal de Pelotas\/Centro de Integra\u00e7\u00e3o do Mercosul\/Curso de Gest\u00e3o Ambiental. Estudos e pesquisas relacionados a temas como: sa\u00fade, meio ambiente, fronteira. Tamb\u00e9m em temas como a coopera\u00e7\u00e3o e integra\u00e7\u00e3o fronteiri\u00e7a; desenvolvimento; governan\u00e7a territorial, governan\u00e7a ambiental, Mercosul. Experi\u00eancia na \u00e1rea de an\u00e1lise, estrutura\u00e7\u00e3o e reestrutura\u00e7\u00e3o organizacional, planejamento estrategico; e prospec\u00e7\u00e3o, elabora\u00e7\u00e3o e desenvolvimento de projetos, principalmente, nas \u00e1reas de sa\u00fade e meio ambiente. E-mail: mauriciomercosul@gmail.com<\/p>\n<h4><strong>Beatriz Sim\u00f5es Valente<\/strong>:<\/h4>\n<p style=\"text-align: justify\">Graduada em Medicina Veterin\u00e1ria pela Universidade Federal de Pelotas. Doutora em Ci\u00eancias (Produ\u00e7\u00e3o Animal) pela Universidade Federal de Pelotas. Mestre em Ci\u00eancias (Produ\u00e7\u00e3o Animal) pela Universidade Federal de Pelotas. Especialista em Educa\u00e7\u00e3o pela Universidade Federal de Pelotas. Especialista em Gest\u00e3o Ambiental em Munic\u00edpios pela Universidade Federal do Rio Grande &#8211; FURG. Desenvolve atividades na \u00e1rea ambiental, com \u00eanfase em tecnologias de degrada\u00e7\u00e3o e estabiliza\u00e7\u00e3o de res\u00edduos org\u00e2nicos oriundos de diversos sistemas de produ\u00e7\u00e3o. Professora colaboradora na disciplina de Gest\u00e3o ambiental dos res\u00edduos org\u00e2nicos gerados nos sistemas de produ\u00e7\u00e3o agropecu\u00e1rios. Coordenadora do NEMA PEL (N\u00facleo de Estudos em Meio Ambiente). Professora substituta do curso de Tecnologia em Gest\u00e3o Ambiental da UFPEL. E-mail: bsvalente@terra.com.br.<\/p>\n","protected":false},"excerpt":{"rendered":"<p>Ign\u00e1cio Pablo Traversa Tejero: 1) Gradua\u00e7\u00e3o em Engenheiro agr\u00f4nomo. Universidad de la Rep\u00fablica (UDELAR, 1993), Montevideo, URUGUAI. 2) Gradua\u00e7\u00e3o em Educa\u00e7\u00e3o Agraria (\u00e1rea did\u00e1atico-pedag\u00f3gica). Instituto Normal de Ense\u00f1anza T\u00e9cnica (INET, 2001. Administraci\u00f3n Nacional de Educaci\u00f3n P\u00fablica-ANEP), Montevideo, URUGUAI. 3) Mestrado em Produtividade Florestal. Instituto Tecnol\u00f3gico Valle de Oaxaca (ITVO, ex ITAO, 1996), Oaxaca, M\u00c9XICO. Revalidado [&hellip;]<\/p>\n","protected":false},"author":185,"featured_media":0,"parent":168,"menu_order":0,"comment_status":"closed","ping_status":"closed","template":"","meta":{"footnotes":"","_links_to":"","_links_to_target":""},"class_list":["post-2270","page","type-page","status-publish","hentry"],"jetpack_sharing_enabled":true,"_links":{"self":[{"href":"https:\/\/wp.ufpel.edu.br\/mercosul\/wp-json\/wp\/v2\/pages\/2270","targetHints":{"allow":["GET"]}}],"collection":[{"href":"https:\/\/wp.ufpel.edu.br\/mercosul\/wp-json\/wp\/v2\/pages"}],"about":[{"href":"https:\/\/wp.ufpel.edu.br\/mercosul\/wp-json\/wp\/v2\/types\/page"}],"author":[{"embeddable":true,"href":"https:\/\/wp.ufpel.edu.br\/mercosul\/wp-json\/wp\/v2\/users\/185"}],"replies":[{"embeddable":true,"href":"https:\/\/wp.ufpel.edu.br\/mercosul\/wp-json\/wp\/v2\/comments?post=2270"}],"version-history":[{"count":8,"href":"https:\/\/wp.ufpel.edu.br\/mercosul\/wp-json\/wp\/v2\/pages\/2270\/revisions"}],"predecessor-version":[{"id":2288,"href":"https:\/\/wp.ufpel.edu.br\/mercosul\/wp-json\/wp\/v2\/pages\/2270\/revisions\/2288"}],"up":[{"embeddable":true,"href":"https:\/\/wp.ufpel.edu.br\/mercosul\/wp-json\/wp\/v2\/pages\/168"}],"wp:attachment":[{"href":"https:\/\/wp.ufpel.edu.br\/mercosul\/wp-json\/wp\/v2\/media?parent=2270"}],"curies":[{"name":"wp","href":"https:\/\/api.w.org\/{rel}","templated":true}]}}