{"id":227,"date":"2012-05-07T10:00:25","date_gmt":"2012-05-07T13:00:25","guid":{"rendered":"https:\/\/wp.ufpel.edu.br\/mercosul\/?page_id=227"},"modified":"2012-06-20T21:21:37","modified_gmt":"2012-06-21T00:21:37","slug":"2011-2","status":"publish","type":"page","link":"https:\/\/wp.ufpel.edu.br\/mercosul\/curso-de-relacoes-internacionais\/atividades-do-curso-de-relacoes-internacionais\/2011-2\/","title":{"rendered":"2011 &#8211; Atividades do curso de Rela\u00e7\u00f5es Internacionais"},"content":{"rendered":"<h4><strong>I Semana acad\u00eamica de Rela\u00e7\u00f5es Internacionais<\/strong><\/h4>\n<p><img src=\"http:\/\/www.ufpel.edu.br\/mercosul\/images\/i_sari1.jpg\" alt=\"\" width=\"300\" height=\"424\" \/><\/p>\n<p>Ser\u00e1 realizada entre os dias 24 e 28 de outubro I a Semana Acad\u00eamica do Curso de Rela\u00e7\u00f5es Internacionais da UFPel. O tema desta ser\u00e1 \u201820 anos do Mercosul0\u2032,\u00a0\u00a0apresentado atrav\u00e9s de palestras e atividades delimitadas pelos seguintes sub-temas:<\/p>\n<p>\u00b7\u00a0Mercosul: Hist\u00f3ria e Desenvolvimento<br \/>\n\u00b7\u00a0Mercosul: Economia e perspectivas<br \/>\n\u00b7\u00a0Mercosul: Pol\u00edtica interna e externa<br \/>\n\u00b7Mercosul: Estruturas Jur\u00eddicas e Papel da Lei (Direito da Integra\u00e7\u00e3o)<br \/>\n\u00b7\u00a0Mercosul: Integra\u00e7\u00e3o Internacional e Rela\u00e7\u00e3o com outros Blocos Econ\u00f4micos.<\/p>\n<p>Al\u00e9m disso, haver\u00e1 espa\u00e7o para apresenta\u00e7\u00e3o de trabalhos acad\u00eamicos. As inscri\u00e7\u00f5es para apresenta\u00e7\u00e3o de trabalhos acad\u00eamicos j\u00e1 est\u00e3o abertas e v\u00e3o at\u00e9 o dia 11\/10.<br \/>\nAs inscri\u00e7\u00f5es, seja para apresenta\u00e7\u00e3o de trabalhos acad\u00eamicos ou para participa\u00e7\u00e3o no evento, podem ser feitas pelo blog do evento<a href=\"http:\/\/semanariufpel.blogspot.com\/\" target=\"_blank\">\u00a0semanariufpel.blogspot.com<\/a>, onde tamb\u00e9m podem ser obtidas todas as informa\u00e7\u00f5es sobre o evento. Contatos pelo e-mail\u00a0<a href=\"mailto:semanariufpel@gmail.com\">semanariufpel@gmail.com<\/a><br \/>\nO evento contar\u00e1 com a presen\u00e7a de convidados nacionais e internacionais, renomados estudiosos do tema.<\/p>\n<p>&nbsp;<\/p>\n<h4><strong>Projeto ConjuntuRI debater\u00e1 o 11 de Setembro<\/strong><\/h4>\n<h4><strong> <em>5 de Setembro de 2011<\/em><\/strong><\/h4>\n<h2><img src=\"http:\/\/www.ufpel.edu.br\/mercosul\/images\/conj.JPG\" alt=\"\" width=\"200\" height=\"267\" \/><\/h2>\n<p>O curso de Rela\u00e7\u00f5es Internacionais realizar\u00e1 a 3\u00aa edi\u00e7\u00e3o do projeto de extens\u00e3o \u2018ConjuntuRI &#8211; An\u00e1lise de Conjuntura das Rela\u00e7\u00f5es Internacionais\u2019, que visa trazer para as comunidades acad\u00eamica e em geral assuntos relevantes e atuais oriundos das rela\u00e7\u00f5es internacionais, promovendo o debate e o entendimento sobre estes temas.<\/p>\n<p>O evento \u00e9 composto por tr\u00eas partes: 1\u00ba &#8211; apresenta\u00e7\u00e3o de dados gerais sobre o tema abordado (dados economicos, pol\u00edticos, hist\u00f3ricos, geogr\u00e1ficos e culturais), que \u00e9 feita por uma comiss\u00e3o de pesquisa composta por acad\u00eamicos do curso de Rela\u00e7\u00f5es Internacionais; 2\u00ba &#8211; palestrantes, com 20 minutos de explana\u00e7\u00e3o; e 3\u00ba &#8211; debate entre os presentes.<\/p>\n<p>O tema desta edi\u00e7\u00e3o ser\u00e1 \u201811 de Setembro &#8211; dez anos depois\u2019, com os professores Jabr Omar, doutor em economia e palestino de nascen\u00e7a; Luciana Ballestrin, doutora em Ci\u00eancia Pol\u00edtica pela UFMG; e a professora Paloma Corr\u00eaa, mestre em Direito Internacional pela London School of Economics.\u00a0 A proposta \u00e9 discutir as mudan\u00e7as que ocorreram no mundo ap\u00f3s o 11 de Setembro de 2001, enfatizando as mudan\u00e7as nas \u00e1reas pol\u00edticas, econ\u00f4micas e tamb\u00e9m ocorridas no \u00e2mbito do Direito Internacional P\u00fablico. Al\u00e9m disso, haver\u00e1 um amplo espa\u00e7o para debate, que ser\u00e1 o principal objetivo da noite, no qual os presentes poder\u00e3o fazer perguntas aos palestrantes e manifestarem suas opini\u00f5es.<\/p>\n<p>O encontro ocorrer\u00e1 na segunda-feira (12) no audit\u00f3rio da Faculdade de Direito da UFPel, \u00e0s 19h. A entrada \u00e9 franca.<\/p>\n<p>&nbsp;<\/p>\n<p>&nbsp;<\/p>\n<h4 align=\"left\"><strong>Alunos do Curso de Rela\u00e7\u00f5es Internacionais da UFPel participam do II EERRI<\/strong><\/h4>\n<p>Os estudantes de Rela\u00e7\u00f5es Internacionais da UFSM realizaram de 17 a 21 de setembro de 2011 o II Encontro Estudantil Regional de Rela\u00e7\u00f5es Internacionais. O evento aconteceu em Santa Maria \u2013 RS e um grupo de mais de 30 alunos do Curso de Rela\u00e7\u00f5es Internacionais da UFPel esteve presente.<\/p>\n<p><img src=\"http:\/\/www.ufpel.edu.br\/mercosul\/images\/eerri2010.jpg\" alt=\"\" width=\"300\" height=\"426\" \/><\/p>\n<p>O EERRI tem como objetivo fortalecer os la\u00e7os entre os estudantes de Rela\u00e7\u00f5es Internacionais de toda a regi\u00e3o sul. A import\u00e2ncia da participa\u00e7\u00e3o dos alunos em eventos desse porte \u00e9 a aproxima\u00e7\u00e3o que se tem com os temas que estejam diretamente relacionados com a carreira de internacionalista, possibilitando a troca de experi\u00eancias entre todos.<\/p>\n<p>&nbsp;<\/p>\n<p><img src=\"http:\/\/www.ufpel.edu.br\/mercosul\/images\/turma-eerri010.jpg\" alt=\"\" width=\"400\" height=\"303\" \/><\/p>\n<p>&nbsp;<\/p>\n<h2><\/h2>\n<h4><strong>UFPel no XVI Encontro Nacional dos Estudantes de Rela\u00e7\u00f5es Internacionais<\/strong><\/h4>\n<p><img src=\"http:\/\/www.ufpel.edu.br\/mercosul\/images\/eneri.jpg\" alt=\"\" width=\"300\" height=\"426\" \/>\u00a0<strong><br \/>\n<\/strong><br \/>\nUm grupo de 15 alunos do curso de Rela\u00e7\u00f5es Internacionais da UFPel est\u00e1 indo para Bras\u00edlia, para participar do XVI Encontro Nacional dos Estudantes de Rela\u00e7\u00f5es Internacionais, que ocorre de 18 a 21 de maio na capital federal.<\/p>\n<p style=\"text-align: left\"><span><span style=\"line-height: normal\"><span style=\"font-size: small\"><br \/>\n<\/span><\/span><\/span><\/p>\n","protected":false},"excerpt":{"rendered":"<p>I Semana acad\u00eamica de Rela\u00e7\u00f5es Internacionais Ser\u00e1 realizada entre os dias 24 e 28 de outubro I a Semana Acad\u00eamica do Curso de Rela\u00e7\u00f5es Internacionais da UFPel. O tema desta ser\u00e1 \u201820 anos do Mercosul0\u2032,\u00a0\u00a0apresentado atrav\u00e9s de palestras e atividades delimitadas pelos seguintes sub-temas: \u00b7\u00a0Mercosul: Hist\u00f3ria e Desenvolvimento \u00b7\u00a0Mercosul: Economia e perspectivas \u00b7\u00a0Mercosul: Pol\u00edtica interna [&hellip;]<\/p>\n","protected":false},"author":185,"featured_media":0,"parent":214,"menu_order":0,"comment_status":"closed","ping_status":"closed","template":"","meta":{"footnotes":"","_links_to":"","_links_to_target":""},"class_list":["post-227","page","type-page","status-publish","hentry"],"jetpack_sharing_enabled":true,"_links":{"self":[{"href":"https:\/\/wp.ufpel.edu.br\/mercosul\/wp-json\/wp\/v2\/pages\/227","targetHints":{"allow":["GET"]}}],"collection":[{"href":"https:\/\/wp.ufpel.edu.br\/mercosul\/wp-json\/wp\/v2\/pages"}],"about":[{"href":"https:\/\/wp.ufpel.edu.br\/mercosul\/wp-json\/wp\/v2\/types\/page"}],"author":[{"embeddable":true,"href":"https:\/\/wp.ufpel.edu.br\/mercosul\/wp-json\/wp\/v2\/users\/185"}],"replies":[{"embeddable":true,"href":"https:\/\/wp.ufpel.edu.br\/mercosul\/wp-json\/wp\/v2\/comments?post=227"}],"version-history":[{"count":5,"href":"https:\/\/wp.ufpel.edu.br\/mercosul\/wp-json\/wp\/v2\/pages\/227\/revisions"}],"predecessor-version":[{"id":230,"href":"https:\/\/wp.ufpel.edu.br\/mercosul\/wp-json\/wp\/v2\/pages\/227\/revisions\/230"}],"up":[{"embeddable":true,"href":"https:\/\/wp.ufpel.edu.br\/mercosul\/wp-json\/wp\/v2\/pages\/214"}],"wp:attachment":[{"href":"https:\/\/wp.ufpel.edu.br\/mercosul\/wp-json\/wp\/v2\/media?parent=227"}],"curies":[{"name":"wp","href":"https:\/\/api.w.org\/{rel}","templated":true}]}}