{"id":2236,"date":"2014-07-16T22:12:50","date_gmt":"2014-07-17T01:12:50","guid":{"rendered":"https:\/\/wp.ufpel.edu.br\/mercosul\/?page_id=2236"},"modified":"2014-11-18T11:56:28","modified_gmt":"2014-11-18T13:56:28","slug":"normas-para-estagios-do-curso-superior-de-tecnologia-em-gestao-ambiental","status":"publish","type":"page","link":"https:\/\/wp.ufpel.edu.br\/mercosul\/cursos-vinculados-ao-cim\/normas-para-estagios-do-curso-superior-de-tecnologia-em-gestao-ambiental\/","title":{"rendered":"Normas para Est\u00e1gios do curso Superior de Tecnologia Em Gest\u00e3o Ambiental\u00a0"},"content":{"rendered":"<h3 style=\"text-align: justify\"><a href=\"https:\/\/wp.ufpel.edu.br\/mercosul\/cursos-vinculados-ao-cim\/curso-superior-de-tecnologia-em-gestao-ambiental\/normas-para-estagios-do-curso-superior-de-tecnologia-em-gestao-ambiental\/normas-para-estagios-do-curso-superior-de-tecnologia-em-gestao-ambiental-word\/\" rel=\"attachment wp-att-2356\">Normas-para-Est\u00e1gios-do-curso-Superior-de-Tecnologia-Em-Gest\u00e3o-Ambiental- word<\/a><\/h3>\n<p><a href=\"https:\/\/wp.ufpel.edu.br\/mercosul\/cursos-vinculados-ao-cim\/curso-superior-de-tecnologia-em-gestao-ambiental\/normas-para-estagios-do-curso-superior-de-tecnologia-em-gestao-ambiental\/normas-para-estagios-do-curso-superior-de-tecnologia-em-gestao-ambiental-pdf\/\" rel=\"attachment wp-att-2318\">Normas-para-Est\u00e1gios-do-curso-Superior-de-Tecnologia-Em-Gest\u00e3o-Ambiental- PDF<\/a><\/p>\n","protected":false},"excerpt":{"rendered":"<p>Normas-para-Est\u00e1gios-do-curso-Superior-de-Tecnologia-Em-Gest\u00e3o-Ambiental- word Normas-para-Est\u00e1gios-do-curso-Superior-de-Tecnologia-Em-Gest\u00e3o-Ambiental- PDF<\/p>\n","protected":false},"author":185,"featured_media":0,"parent":168,"menu_order":0,"comment_status":"closed","ping_status":"closed","template":"","meta":{"footnotes":"","_links_to":"","_links_to_target":""},"class_list":["post-2236","page","type-page","status-publish","hentry"],"jetpack_sharing_enabled":true,"_links":{"self":[{"href":"https:\/\/wp.ufpel.edu.br\/mercosul\/wp-json\/wp\/v2\/pages\/2236","targetHints":{"allow":["GET"]}}],"collection":[{"href":"https:\/\/wp.ufpel.edu.br\/mercosul\/wp-json\/wp\/v2\/pages"}],"about":[{"href":"https:\/\/wp.ufpel.edu.br\/mercosul\/wp-json\/wp\/v2\/types\/page"}],"author":[{"embeddable":true,"href":"https:\/\/wp.ufpel.edu.br\/mercosul\/wp-json\/wp\/v2\/users\/185"}],"replies":[{"embeddable":true,"href":"https:\/\/wp.ufpel.edu.br\/mercosul\/wp-json\/wp\/v2\/comments?post=2236"}],"version-history":[{"count":9,"href":"https:\/\/wp.ufpel.edu.br\/mercosul\/wp-json\/wp\/v2\/pages\/2236\/revisions"}],"predecessor-version":[{"id":2357,"href":"https:\/\/wp.ufpel.edu.br\/mercosul\/wp-json\/wp\/v2\/pages\/2236\/revisions\/2357"}],"up":[{"embeddable":true,"href":"https:\/\/wp.ufpel.edu.br\/mercosul\/wp-json\/wp\/v2\/pages\/168"}],"wp:attachment":[{"href":"https:\/\/wp.ufpel.edu.br\/mercosul\/wp-json\/wp\/v2\/media?parent=2236"}],"curies":[{"name":"wp","href":"https:\/\/api.w.org\/{rel}","templated":true}]}}