{"id":2015,"date":"2013-10-03T00:23:08","date_gmt":"2013-10-03T03:23:08","guid":{"rendered":"https:\/\/wp.ufpel.edu.br\/mercosul\/?page_id=2015"},"modified":"2023-04-03T19:44:24","modified_gmt":"2023-04-03T22:44:24","slug":"equipe","status":"publish","type":"page","link":"https:\/\/wp.ufpel.edu.br\/mercosul\/equipe\/","title":{"rendered":"Equipe"},"content":{"rendered":"<div>\n<p>&nbsp;<\/p>\n<p style=\"text-align: justify;\"><strong>Diretor:<\/strong> Prof. Dr. Javier Eduardo Silveira Luzardo<\/p>\n<\/div>\n<p style=\"text-align: justify;\"><strong>Diretora Adjunta:<\/strong> Prof\u00aa. Dra. Raquel da Fonseca Holz<\/p>\n<div>\n<p style=\"text-align: justify;\"><strong>Secretaria: <\/strong>Secret\u00e1ria da unidade: Claudete Loper Schwantz Tavares<\/p>\n<p style=\"padding-left: 60px; text-align: justify;\">\u00a0 \u00a0 \u00a0 \u00a0 \u00a0T\u00e9cnicos Administrativos: Fl\u00e1via Arsand e Leandro Passos Rangel<\/p>\n<p>________________________________________________________________<\/p>\n<h4><strong>CENTRO DE INTEGRA\u00c7\u00c3O DO MERCOSUL<\/strong><\/h4>\n<p>Rua Andrade Neves, 1529 \u2013 Pelotas, Rio Grande do Sul, Brasil<br \/>\nCEP 96020-080<br \/>\nFones: 55. 53. <span style=\"font-weight: 400;\">3284-1662<\/span><br \/>\nwww.ufpel.edu.br\/mercosul e-mail: mercosul@ufpel.edu.br<\/p>\n<\/div>\n<p>&nbsp;<\/p>\n","protected":false},"excerpt":{"rendered":"<p>&nbsp; Diretor: Prof. Dr. Javier Eduardo Silveira Luzardo Diretora Adjunta: Prof\u00aa. Dra. Raquel da Fonseca Holz Secretaria: Secret\u00e1ria da unidade: Claudete Loper Schwantz Tavares \u00a0 \u00a0 \u00a0 \u00a0 \u00a0T\u00e9cnicos Administrativos: Fl\u00e1via Arsand e Leandro Passos Rangel ________________________________________________________________ CENTRO DE INTEGRA\u00c7\u00c3O DO MERCOSUL Rua Andrade Neves, 1529 \u2013 Pelotas, Rio Grande do Sul, Brasil CEP 96020-080 [&hellip;]<\/p>\n","protected":false},"author":185,"featured_media":0,"parent":0,"menu_order":0,"comment_status":"closed","ping_status":"closed","template":"","meta":{"footnotes":"","_links_to":"","_links_to_target":""},"class_list":["post-2015","page","type-page","status-publish","hentry"],"jetpack_sharing_enabled":true,"_links":{"self":[{"href":"https:\/\/wp.ufpel.edu.br\/mercosul\/wp-json\/wp\/v2\/pages\/2015","targetHints":{"allow":["GET"]}}],"collection":[{"href":"https:\/\/wp.ufpel.edu.br\/mercosul\/wp-json\/wp\/v2\/pages"}],"about":[{"href":"https:\/\/wp.ufpel.edu.br\/mercosul\/wp-json\/wp\/v2\/types\/page"}],"author":[{"embeddable":true,"href":"https:\/\/wp.ufpel.edu.br\/mercosul\/wp-json\/wp\/v2\/users\/185"}],"replies":[{"embeddable":true,"href":"https:\/\/wp.ufpel.edu.br\/mercosul\/wp-json\/wp\/v2\/comments?post=2015"}],"version-history":[{"count":15,"href":"https:\/\/wp.ufpel.edu.br\/mercosul\/wp-json\/wp\/v2\/pages\/2015\/revisions"}],"predecessor-version":[{"id":2942,"href":"https:\/\/wp.ufpel.edu.br\/mercosul\/wp-json\/wp\/v2\/pages\/2015\/revisions\/2942"}],"wp:attachment":[{"href":"https:\/\/wp.ufpel.edu.br\/mercosul\/wp-json\/wp\/v2\/media?parent=2015"}],"curies":[{"name":"wp","href":"https:\/\/api.w.org\/{rel}","templated":true}]}}