{"id":192,"date":"2012-05-03T11:20:23","date_gmt":"2012-05-03T14:20:23","guid":{"rendered":"https:\/\/wp.ufpel.edu.br\/mercosul\/?page_id=192"},"modified":"2013-07-08T10:21:44","modified_gmt":"2013-07-08T13:21:44","slug":"e-assim-comeca-um-sonho","status":"publish","type":"page","link":"https:\/\/wp.ufpel.edu.br\/mercosul\/e-assim-comeca-um-sonho\/","title":{"rendered":"E assim come\u00e7a um sonho&#8230;"},"content":{"rendered":"<div align=\"left\">Palavras do\u00a0Professor Antonio Cesar Gon\u00e7alves Borges &#8211; Reitor Gest\u00e3o 1993\/1996<\/div>\n<div align=\"left\"><\/div>\n<div align=\"left\">.<\/div>\n<div align=\"left\"><\/div>\n<div align=\"left\"><\/div>\n<div align=\"center\"><img class=\"alignleft\" alt=\"\" src=\"http:\/\/www.ufpel.edu.br\/mercosul\/images\/reitor_cim1.jpg\" \/><\/div>\n<div align=\"left\">&#8216;&#8221;A import\u00e2ncia dos assuntos internacionais at\u00e9 ent\u00e3o ausentes sob a \u00f3tica institucional j\u00e1 era uma realidade com a forma\u00e7\u00e3o do DIPI \u2013 Departamento de Interc\u00e2mbio e Programas Internacionais da Pr\u00f3 &#8211; Reitoria de Extens\u00e3o e Cultura. Mas era necess\u00e1rio destacar a defini\u00e7\u00e3o marcante da \u00e1rea da integra\u00e7\u00e3o e desenvolvimento regionais como novo carro chefe da Universidade.<br \/>\nO Reitor, como representante da UFPEL, buscou aux\u00edlio do Secret\u00e1rio Geral da Organiza\u00e7\u00e3o dos Estados Americanos, Embaixador Baena Soares, que incluiu a Institui\u00e7\u00e3o nas a\u00e7\u00f5es oficiais do Itamaraty na integra\u00e7\u00e3o do Brasil, com Uruguai e a UFPEL passou a ser a executora do Tratado da Lagoa Mirim. A Uni\u00e3o Europ\u00e9ia foi procurada para\u00a0que a Universidade tivesse participa\u00e7\u00e3o nas atividades educacionais de coopera\u00e7\u00e3o internacional e da\u00ed conv\u00eanios diversos foram assinados e iniciou-se o interc\u00e2mbio entre estudantes e professores da Espanha e a UFPEL.&#8221;<\/div>\n<p align=\"left\"><strong>OUSAR&#8230; OUSADIA&#8230;<\/strong><\/p>\n<p align=\"left\">&#8220;Em \u00faltima an\u00e1lise, a UFPEL tinha que ter a ousadia e a coragem de ser criativa. Da\u00ed a determina\u00e7\u00e3o de criar o Centro de Integra\u00e7\u00e3o do Mercosul.<br \/>\nDeste modo o Centro seria a base f\u00edsica para todas as atividades da institui\u00e7\u00e3o, sua liga\u00e7\u00e3o com a sociedade em todos os temas de integra\u00e7\u00e3o e desenvolvimento regionais e sede de eventos sobre todas as \u00e1reas deste novo campo sem fronteiras&#8230;&#8221;<\/p>\n<p align=\"left\"><strong>A CONCRETIZA\u00c7\u00c3O DE UM SONHO&#8230;<\/strong><\/p>\n<p align=\"left\"><img class=\"alignleft\" alt=\"\" src=\"http:\/\/www.ufpel.edu.br\/mercosul\/images\/reitor_cim2.jpg\" \/><\/p>\n<p align=\"left\">&#8220;E surge o Centro de Integra\u00e7\u00e3o do Mercosul, inaugurado em novembro de 1995. A partir da\u00ed v\u00e1rios eventos tem sido realizados com benef\u00edcios para a regi\u00e3o. Seu pequeno audit\u00f3rio com o nome de Sim\u00f3n Bol\u00edvar tem sido o cen\u00e1rio silencioso de muitos planos, que poder\u00e1 revelar com empreendimentos fundamentais para o desenvolvimento da regi\u00e3o no futuro&#8230; &#8220;<\/p>\n<p>&nbsp;<\/p>\n<p><strong>E O FUTURO&#8230;<\/strong><\/p>\n<p>&#8220;O futuro ir\u00e1 mostrar a todos n\u00f3s que a UFPEL gra\u00e7as a este novo setor ser\u00e1 um fator essencial para o desenvolvimento da regi\u00e3o!&#8221;E O FUTURO&#8230;<\/p>\n","protected":false},"excerpt":{"rendered":"<p>Palavras do\u00a0Professor Antonio Cesar Gon\u00e7alves Borges &#8211; Reitor Gest\u00e3o 1993\/1996 . &#8216;&#8221;A import\u00e2ncia dos assuntos internacionais at\u00e9 ent\u00e3o ausentes sob a \u00f3tica institucional j\u00e1 era uma realidade com a forma\u00e7\u00e3o do DIPI \u2013 Departamento de Interc\u00e2mbio e Programas Internacionais da Pr\u00f3 &#8211; Reitoria de Extens\u00e3o e Cultura. Mas era necess\u00e1rio destacar a defini\u00e7\u00e3o marcante da [&hellip;]<\/p>\n","protected":false},"author":185,"featured_media":0,"parent":0,"menu_order":0,"comment_status":"closed","ping_status":"closed","template":"","meta":{"footnotes":"","_links_to":"","_links_to_target":""},"class_list":["post-192","page","type-page","status-publish","hentry"],"jetpack_sharing_enabled":true,"_links":{"self":[{"href":"https:\/\/wp.ufpel.edu.br\/mercosul\/wp-json\/wp\/v2\/pages\/192","targetHints":{"allow":["GET"]}}],"collection":[{"href":"https:\/\/wp.ufpel.edu.br\/mercosul\/wp-json\/wp\/v2\/pages"}],"about":[{"href":"https:\/\/wp.ufpel.edu.br\/mercosul\/wp-json\/wp\/v2\/types\/page"}],"author":[{"embeddable":true,"href":"https:\/\/wp.ufpel.edu.br\/mercosul\/wp-json\/wp\/v2\/users\/185"}],"replies":[{"embeddable":true,"href":"https:\/\/wp.ufpel.edu.br\/mercosul\/wp-json\/wp\/v2\/comments?post=192"}],"version-history":[{"count":22,"href":"https:\/\/wp.ufpel.edu.br\/mercosul\/wp-json\/wp\/v2\/pages\/192\/revisions"}],"predecessor-version":[{"id":201,"href":"https:\/\/wp.ufpel.edu.br\/mercosul\/wp-json\/wp\/v2\/pages\/192\/revisions\/201"}],"wp:attachment":[{"href":"https:\/\/wp.ufpel.edu.br\/mercosul\/wp-json\/wp\/v2\/media?parent=192"}],"curies":[{"name":"wp","href":"https:\/\/api.w.org\/{rel}","templated":true}]}}