{"id":175,"date":"2012-04-24T11:36:39","date_gmt":"2012-04-24T14:36:39","guid":{"rendered":"https:\/\/wp.ufpel.edu.br\/mercosul\/?page_id=175"},"modified":"2012-06-24T22:20:35","modified_gmt":"2012-06-25T01:20:35","slug":"cursos-relacionados-con-el-cim","status":"publish","type":"page","link":"https:\/\/wp.ufpel.edu.br\/mercosul\/cursos-relacionados-con-el-cim\/","title":{"rendered":"Cursos relacionados con el CIM"},"content":{"rendered":"<h4><strong>El Centro de Integraci\u00f3n del MERCOSUR pas\u00f3 a ser una unidad acad\u00e9mica que tiene como finalidad acoger Cursos de Grado, Posgrado e investigaci\u00f3n cient\u00edfica y cultural para la integraci\u00f3n de Brasil y MERCOSUR con otros pa\u00edses sudamericanos y de otros continentes, seg\u00fan Informe N\u00ba 026 de 06 de enero de 2012.<\/strong><\/h4>\n","protected":false},"excerpt":{"rendered":"<p>El Centro de Integraci\u00f3n del MERCOSUR pas\u00f3 a ser una unidad acad\u00e9mica que tiene como finalidad acoger Cursos de Grado, Posgrado e investigaci\u00f3n cient\u00edfica y cultural para la integraci\u00f3n de Brasil y MERCOSUR con otros pa\u00edses sudamericanos y de otros continentes, seg\u00fan Informe N\u00ba 026 de 06 de enero de 2012.<\/p>\n","protected":false},"author":185,"featured_media":0,"parent":0,"menu_order":0,"comment_status":"closed","ping_status":"closed","template":"","meta":{"footnotes":"","_links_to":"","_links_to_target":""},"class_list":["post-175","page","type-page","status-publish","hentry"],"jetpack_sharing_enabled":true,"_links":{"self":[{"href":"https:\/\/wp.ufpel.edu.br\/mercosul\/wp-json\/wp\/v2\/pages\/175","targetHints":{"allow":["GET"]}}],"collection":[{"href":"https:\/\/wp.ufpel.edu.br\/mercosul\/wp-json\/wp\/v2\/pages"}],"about":[{"href":"https:\/\/wp.ufpel.edu.br\/mercosul\/wp-json\/wp\/v2\/types\/page"}],"author":[{"embeddable":true,"href":"https:\/\/wp.ufpel.edu.br\/mercosul\/wp-json\/wp\/v2\/users\/185"}],"replies":[{"embeddable":true,"href":"https:\/\/wp.ufpel.edu.br\/mercosul\/wp-json\/wp\/v2\/comments?post=175"}],"version-history":[{"count":7,"href":"https:\/\/wp.ufpel.edu.br\/mercosul\/wp-json\/wp\/v2\/pages\/175\/revisions"}],"predecessor-version":[{"id":1002,"href":"https:\/\/wp.ufpel.edu.br\/mercosul\/wp-json\/wp\/v2\/pages\/175\/revisions\/1002"}],"wp:attachment":[{"href":"https:\/\/wp.ufpel.edu.br\/mercosul\/wp-json\/wp\/v2\/media?parent=175"}],"curies":[{"name":"wp","href":"https:\/\/api.w.org\/{rel}","templated":true}]}}