{"id":168,"date":"2012-04-24T10:55:59","date_gmt":"2012-04-24T13:55:59","guid":{"rendered":"https:\/\/wp.ufpel.edu.br\/mercosul\/?page_id=168"},"modified":"2020-09-04T07:59:07","modified_gmt":"2020-09-04T10:59:07","slug":"cursos-vinculados-ao-cim","status":"publish","type":"page","link":"https:\/\/wp.ufpel.edu.br\/mercosul\/cursos-vinculados-ao-cim\/","title":{"rendered":"Cursos vinculados ao CIM"},"content":{"rendered":"<p style=\"text-align: justify;\"><span style=\"font-size: 12pt;\">O Centro de Integra\u00e7\u00e3o do Mercosul passou a ser uma unidade acad\u00eamica que tem como finalidade abrigar Cursos de Gradua\u00e7\u00e3o, P\u00f3s-Gradua\u00e7\u00e3o e investiga\u00e7\u00e3o cient\u00edfica e cultural para a integra\u00e7\u00e3o do Brasil e do MERCOSUL com outros pa\u00edses sul americanos\u00a0e de outros continentes, conforme Portaria N\u00ba 026 de 06 de janeiro de 2012.<\/span><\/p>\n<p style=\"text-align: justify;\"><span style=\"font-size: 12pt;\">Atualmente o CIM conta com quatro cursos, sendo eles:<\/span><\/p>\n<p style=\"text-align: justify;\"><a href=\"https:\/\/wp.ufpel.edu.br\/mercosul\/pt\/cursos-vinculados-ao-cim-curso-superior-de-tecnologia-em-gestao-ambiental\/\">Gest\u00e3o Ambiental<\/a><\/p>\n<p style=\"text-align: justify;\"><a href=\"https:\/\/wp.ufpel.edu.br\/mercosul\/pt\/cursos-vinculados-ao-cim\/curso-superior-de-tecnologia-em-hotelaria\/\">Hotelaria<\/a><\/p>\n<p style=\"text-align: justify;\"><a href=\"https:\/\/wp.ufpel.edu.br\/mercosul\/pt\/cursos-vinculados-ao-cim\/curso-superior-de-tecnologia-em-transportes-terrestres\/\">Transportes Terrestres<\/a><\/p>\n<p>&nbsp;<\/p>\n","protected":false},"excerpt":{"rendered":"<p>O Centro de Integra\u00e7\u00e3o do Mercosul passou a ser uma unidade acad\u00eamica que tem como finalidade abrigar Cursos de Gradua\u00e7\u00e3o, P\u00f3s-Gradua\u00e7\u00e3o e investiga\u00e7\u00e3o cient\u00edfica e cultural para a integra\u00e7\u00e3o do Brasil e do MERCOSUL com outros pa\u00edses sul americanos\u00a0e de outros continentes, conforme Portaria N\u00ba 026 de 06 de janeiro de 2012. Atualmente o CIM [&hellip;]<\/p>\n","protected":false},"author":185,"featured_media":0,"parent":0,"menu_order":0,"comment_status":"closed","ping_status":"closed","template":"","meta":{"footnotes":"","_links_to":"","_links_to_target":""},"class_list":["post-168","page","type-page","status-publish","hentry"],"jetpack_sharing_enabled":true,"_links":{"self":[{"href":"https:\/\/wp.ufpel.edu.br\/mercosul\/wp-json\/wp\/v2\/pages\/168","targetHints":{"allow":["GET"]}}],"collection":[{"href":"https:\/\/wp.ufpel.edu.br\/mercosul\/wp-json\/wp\/v2\/pages"}],"about":[{"href":"https:\/\/wp.ufpel.edu.br\/mercosul\/wp-json\/wp\/v2\/types\/page"}],"author":[{"embeddable":true,"href":"https:\/\/wp.ufpel.edu.br\/mercosul\/wp-json\/wp\/v2\/users\/185"}],"replies":[{"embeddable":true,"href":"https:\/\/wp.ufpel.edu.br\/mercosul\/wp-json\/wp\/v2\/comments?post=168"}],"version-history":[{"count":19,"href":"https:\/\/wp.ufpel.edu.br\/mercosul\/wp-json\/wp\/v2\/pages\/168\/revisions"}],"predecessor-version":[{"id":2925,"href":"https:\/\/wp.ufpel.edu.br\/mercosul\/wp-json\/wp\/v2\/pages\/168\/revisions\/2925"}],"wp:attachment":[{"href":"https:\/\/wp.ufpel.edu.br\/mercosul\/wp-json\/wp\/v2\/media?parent=168"}],"curies":[{"name":"wp","href":"https:\/\/api.w.org\/{rel}","templated":true}]}}