{"id":156,"date":"2012-04-19T10:53:21","date_gmt":"2012-04-19T13:53:21","guid":{"rendered":"https:\/\/wp.ufpel.edu.br\/mercosul\/?page_id=156"},"modified":"2019-07-17T15:22:58","modified_gmt":"2019-07-17T18:22:58","slug":"sitios-utiles","status":"publish","type":"page","link":"https:\/\/wp.ufpel.edu.br\/mercosul\/sitios-utiles\/","title":{"rendered":"Sitios \u00datiles"},"content":{"rendered":"<p>&nbsp;<\/p>\n<h4><strong><a href=\"https:\/\/wp.ufpel.edu.br\/mercosul\/es\/sitios-utiles\/mercosul01-680x365\/\" rel=\"attachment wp-att-2445\"><img class=\"aligncenter size-full wp-image-2445\" src=\"https:\/\/wp.ufpel.edu.br\/mercosul\/files\/2019\/07\/mercosul01-680x365.jpg\" alt=\"\" width=\"680\" height=\"365\" srcset=\"https:\/\/wp.ufpel.edu.br\/mercosul\/files\/2019\/07\/mercosul01-680x365.jpg 680w, https:\/\/wp.ufpel.edu.br\/mercosul\/files\/2019\/07\/mercosul01-680x365-300x161.jpg 300w\" sizes=\"(max-width: 680px) 100vw, 680px\" \/><\/a>Culturales:<\/strong><\/h4>\n<p><a href=\"http:\/\/www.bienalmercosul.art.br\/\">Fundaci\u00f3n Bienal del MERCOSUR<\/a><\/p>\n<p><a href=\"http:\/\/www.cultura.gov.br\/\">Ministerio de Cultura<\/a><\/p>\n<p><a href=\"http:\/\/www.centrocultural.sp.gov.br\/\" target=\"_blank\" rel=\"noopener noreferrer\">Centro de Cultura del MERCOSUR<\/a><\/p>\n<p><a href=\"http:\/\/www.ancine.gov.br\/\" target=\"_blank\" rel=\"noopener noreferrer\">ANCINE<\/a><\/p>\n<p>&nbsp;<\/p>\n<h4><strong>Turismo y viajes por el MERCOSUR:<\/strong><\/h4>\n<p><a href=\"http:\/\/www.pelotasconvention.com.br\/\" target=\"_blank\" rel=\"noopener noreferrer\">Pelotas Convenci\u00f3n<\/a><\/p>\n<p><a href=\"https:\/\/receita.economia.gov.br\/orientacao\/aduaneira\/viagens-internacionais\/guia-do-viajante\" target=\"_blank\" rel=\"noopener noreferrer\">Hacienda P\u00fablica Nacional &#8211; Pistas para viajes<\/a><\/p>\n<p><a href=\"http:\/\/www.ufrgs.br\/nutep\/links\/links_mercosul.htm\" target=\"_blank\" rel=\"noopener noreferrer\">Sitios de ciudades del MERCOSUR u \u00d3rganos Gubernamentales<\/a><\/p>\n<p><a href=\"https:\/\/www.mercosur.int\/temas\/turismo\/\" target=\"_blank\" rel=\"noopener noreferrer\">MERCOSUR Turismo\u00a0<\/a><\/p>\n<p><a href=\"http:\/\/www.sice.oas.org\/trade\/mrcsrs\/decisions\/dec3804p.asp\" target=\"_blank\" rel=\"noopener noreferrer\">SICE &#8211; Sistema de Informaci\u00f3n sobre Comercio Exterior\u00a0<\/a><\/p>\n<p><a href=\"http:\/\/www.sindimercosul.com.br\/\" target=\"_blank\" rel=\"noopener noreferrer\">Sindicato MERCOSUR<\/a><\/p>\n<h4 style=\"text-align: left\"><span style=\"font-size: 14pt\"><strong><span style=\"line-height: normal\">Institucionales:<\/span><\/strong><\/span><\/h4>\n<p><a href=\"http:\/\/www.aladi.org\/\" target=\"_blank\" rel=\"noopener noreferrer\">Asociaci\u00f3n Latinoamericana de Integraci\u00f3n &#8211; ALADI<\/a><\/p>\n<p><a href=\"http:\/\/www.mre.gov.br\/\" target=\"_blank\" rel=\"noopener noreferrer\">Ministerio de las Relaciones Exteriores\u00a0<\/a><\/p>\n<p><a href=\"http:\/\/www.pelotas.com.br\/\" target=\"_blank\" rel=\"noopener noreferrer\">Ayuntamiento de la ciudad de Pelotas\u00a0<\/a><\/p>\n<p><a href=\"https:\/\/wp.ufpel.edu.br\/dipi\" target=\"_blank\" rel=\"noopener noreferrer\">Departamento de Intercambio y Programas Internacionales\u00a0<\/a><\/p>\n<p><a href=\"http:\/\/www.mercosur.int\/\" target=\"_blank\" rel=\"noopener noreferrer\">MERCOSUR portal oficial\u00a0<\/a><br \/>\n<a href=\"http:\/\/www.mercosul.gov.br\/o-mercosul-na-vida-do-cidadao\/parlamento-do-mercosul\" target=\"_blank\" rel=\"noopener noreferrer\"><br \/>\nComisi\u00f3n Parlamentaria Conjunta del MERCOSUR\u00a0<\/a><\/p>\n<p><a href=\"http:\/\/www.iadb.org\/intal\" target=\"_blank\" rel=\"noopener noreferrer\">Instituto para la Integraci\u00f3n de Am\u00e9rica Latina y el Caribe &#8211; INTAL<br \/>\n<\/a><br \/>\n<a href=\"http:\/\/www.consulados.com.br\/\" target=\"_blank\" rel=\"noopener noreferrer\">Consulados del Brasil<\/a><\/p>\n<p><a href=\"http:\/\/www.ibge.gov.br\/\" target=\"_blank\" rel=\"noopener noreferrer\">IBGE &#8211; Instituto Brasile\u00f1o de Geograf\u00eda y Estad\u00edstica<\/a><\/p>\n<p><a href=\"http:\/\/www.dpf.gov.br\/\" target=\"_blank\" rel=\"noopener noreferrer\">Pol\u00edtica Nacional\u00a0<\/a><\/p>\n<p><a href=\"http:\/\/www.detran.rs.gov.br\/\" target=\"_blank\" rel=\"noopener noreferrer\">Detran (Departamento de Tr\u00e1fico)<\/a><\/p>\n<h4><strong>Educacionales:<\/strong><\/h4>\n<p><a href=\"https:\/\/www.universia.com.br\/\" target=\"_blank\" rel=\"noopener noreferrer\">Universia<\/a><\/p>\n<p><a href=\"https:\/\/www.argentina.gob.ar\/educacion\" target=\"_blank\" rel=\"noopener noreferrer\">Ministerio de Educaci\u00f3n de la Argentina\u00a0<\/a><br \/>\n<a href=\"http:\/\/www.mec.gub.uy\/\" target=\"_blank\" rel=\"noopener noreferrer\"><br \/>\nMinisterio de Educaci\u00f3n del Uruguay\u00a0<\/a><\/p>\n<p><a href=\"http:\/\/www.mineduc.cl\/\" target=\"_blank\" rel=\"noopener noreferrer\">Ministerio de Educaci\u00f3n de Chile\u00a0<\/a><\/p>\n<p><a href=\"http:\/\/www.minedu.gob.bo\/\" target=\"_blank\" rel=\"noopener noreferrer\">Ministerio de Educaci\u00f3n de Bolivia<\/a><\/p>\n<p><a href=\"http:\/\/www.mec.gov.py\/\" target=\"_blank\" rel=\"noopener noreferrer\">Ministerio de Educaci\u00f3n del Paraguay\u00a0<\/a><\/p>\n<p><a href=\"http:\/\/portal.mec.gov.br\/index.php\" target=\"_blank\" rel=\"noopener noreferrer\">Ministerio de Educaci\u00f3n del Brasil<\/a><\/p>\n<p><strong>Centro Brasile\u00f1o de Documentaci\u00f3n y Estudios del R\u00edo de la Plata &#8211; CEDEP<\/strong><br \/>\n<a href=\"http:\/\/www.sic.inep.gov.br\/\" target=\"_blank\" rel=\"noopener noreferrer\"><br \/>\n<span style=\"font-size: 12pt\">MERCOSUR Educacional\u00a0<\/span><\/a><span style=\"font-size: 12pt\"><a href=\"http:\/\/www.sic.inep.gov.br\/\"><br \/>\n<\/a><\/span><br \/>\n<span style=\"font-size: 12pt\"><a href=\"http:\/\/www.scielo.br\/scielo.php\/script_sci_home\/lng_pt\/nrm_iso\" target=\"_blank\" rel=\"noopener noreferrer\">SCIELO Brasil<\/a><\/span><\/p>\n<p>&nbsp;<\/p>\n<h4><strong>Universidades que tienen Convenio con la UFPEL &#8211; MERCOSUR<\/strong><\/h4>\n<p><a href=\"http:\/\/reitoria.ufpel.edu.br\/assconv\" target=\"_blank\" rel=\"noopener noreferrer\">Coordinaci\u00f3n de convenios y contratos<\/a><a href=\"http:\/\/www.embperu.org.br\/\" target=\"_blank\" rel=\"noopener noreferrer\"><br \/>\n<\/a><\/p>\n<h4><strong>Informativos:<\/strong><\/h4>\n<p><a href=\"http:\/\/www2.camara.gov.br\/atividade-legislativa\/comissoes\/comissoes-mistas\/cpcms\/clipping-mercosul\" target=\"_blank\" rel=\"noopener noreferrer\">Clipping Mercosul<\/a><\/p>\n<p><a href=\"http:\/\/www.ugr.es\/\" target=\"_blank\" rel=\"noopener noreferrer\">Dialogo Iberoamericano<\/a><\/p>\n<p><a href=\"http:\/\/www.in.gov.br\/leiturajornal\" target=\"_blank\" rel=\"noopener noreferrer\">Boletines Oficiales\u00a0<\/a><\/p>\n<h4><strong>Revistas Digitales:<\/strong><\/h4>\n<p><a href=\"http:\/\/www.mercosulnegocios.com.br\/pages\/revistas\/\">Revista del MERCOSUR\u00a0<\/a><\/p>\n<p><a href=\"http:\/\/www.revistapesquisa.fapesp.br\/?art=3273&amp;bd=4&amp;pg=1&amp;lg=\" target=\"_blank\" rel=\"noopener noreferrer\">Revista de Investigaci\u00f3n &#8211; FAPESP\u00a0<\/a><\/p>\n","protected":false},"excerpt":{"rendered":"<p>&nbsp; Culturales: Fundaci\u00f3n Bienal del MERCOSUR Ministerio de Cultura Centro de Cultura del MERCOSUR ANCINE &nbsp; Turismo y viajes por el MERCOSUR: Pelotas Convenci\u00f3n Hacienda P\u00fablica Nacional &#8211; Pistas para viajes Sitios de ciudades del MERCOSUR u \u00d3rganos Gubernamentales MERCOSUR Turismo\u00a0 SICE &#8211; Sistema de Informaci\u00f3n sobre Comercio Exterior\u00a0 Sindicato MERCOSUR Institucionales: Asociaci\u00f3n Latinoamericana de [&hellip;]<\/p>\n","protected":false},"author":145,"featured_media":0,"parent":0,"menu_order":0,"comment_status":"closed","ping_status":"closed","template":"","meta":{"footnotes":"","_links_to":"","_links_to_target":""},"class_list":["post-156","page","type-page","status-publish","hentry"],"jetpack_sharing_enabled":true,"_links":{"self":[{"href":"https:\/\/wp.ufpel.edu.br\/mercosul\/wp-json\/wp\/v2\/pages\/156","targetHints":{"allow":["GET"]}}],"collection":[{"href":"https:\/\/wp.ufpel.edu.br\/mercosul\/wp-json\/wp\/v2\/pages"}],"about":[{"href":"https:\/\/wp.ufpel.edu.br\/mercosul\/wp-json\/wp\/v2\/types\/page"}],"author":[{"embeddable":true,"href":"https:\/\/wp.ufpel.edu.br\/mercosul\/wp-json\/wp\/v2\/users\/145"}],"replies":[{"embeddable":true,"href":"https:\/\/wp.ufpel.edu.br\/mercosul\/wp-json\/wp\/v2\/comments?post=156"}],"version-history":[{"count":5,"href":"https:\/\/wp.ufpel.edu.br\/mercosul\/wp-json\/wp\/v2\/pages\/156\/revisions"}],"predecessor-version":[{"id":2446,"href":"https:\/\/wp.ufpel.edu.br\/mercosul\/wp-json\/wp\/v2\/pages\/156\/revisions\/2446"}],"wp:attachment":[{"href":"https:\/\/wp.ufpel.edu.br\/mercosul\/wp-json\/wp\/v2\/media?parent=156"}],"curies":[{"name":"wp","href":"https:\/\/api.w.org\/{rel}","templated":true}]}}