{"id":148,"date":"2012-04-19T10:49:36","date_gmt":"2012-04-19T13:49:36","guid":{"rendered":"https:\/\/wp.ufpel.edu.br\/mercosul\/?page_id=148"},"modified":"2012-06-25T18:27:13","modified_gmt":"2012-06-25T21:27:13","slug":"carrera-de-relaciones-internacionales","status":"publish","type":"page","link":"https:\/\/wp.ufpel.edu.br\/mercosul\/cursos-relacionados-con-el-cim\/carrera-de-relaciones-internacionales\/","title":{"rendered":"Carrera de Relaciones Internacionales"},"content":{"rendered":"<h4><strong>La Universidad est\u00e1 abierta al desarrollo<\/strong><\/h4>\n<p align=\"left\">Nuestro pa\u00eds vive un momento de esperanza a partir del incremento de diversos indicadores sociales en \u00e1reas de inter\u00e9s p\u00fablico. Desde la ampliaci\u00f3n del acceso a la salud hasta alcanzar los mejores \u00edndices de distribuci\u00f3n de renta, se observa una voluntad de desarrollo y de construcci\u00f3n de la ciudadan\u00eda. Con la educaci\u00f3n superior no es diferente. El Gobierno Nacional ha establecido en los \u00faltimos a\u00f1os un vigoroso proceso de expansi\u00f3n de la red nacional de la educaci\u00f3n superior con la implantaci\u00f3n de 49 nuevas unidades acad\u00e9micas y otras diez nuevas universidades.<\/p>\n<p align=\"left\">Teniendo en cuenta el desaf\u00edo de educar en tiempo de transiciones y cambios, hace falta que cada vez m\u00e1s, no solamente las oportunidades de acceso sean ampliadas, pero tambi\u00e9n se mantenga la calidad de la ense\u00f1anza p\u00fablica nacional. Es preponderante que la educaci\u00f3n ofrecida por las universidades nacionales brasile\u00f1as pueda transitar a partir de este nuevo tiempo de exigencias y desaf\u00edos y tener condiciones para reevaluar constantemente sus pr\u00e1cticas y ofrecer lo mejor, tanto estructuralmente como en relaci\u00f3n a los recursos humanos involucrados en la tarea de educar.<\/p>\n<h4 align=\"left\"><strong>Carrera de Relaciones Internacionales<\/strong><\/h4>\n<p align=\"left\"><a href=\"https:\/\/wp.ufpel.edu.br\/mercosul\/files\/2012\/04\/relacoes_f01.jpg\"><img class=\"size-full wp-image-42 alignnone\" src=\"https:\/\/wp.ufpel.edu.br\/mercosul\/files\/2012\/04\/relacoes_f01.jpg\" alt=\"Encontro dos alunos do Curso de Rela\u00e7\u00f5es Internacionais com o Presidente Luis In\u00e1cio Lula da Silva na visita feita \u00e0 Universidade Federal de Pelotas para inaugura\u00e7\u00e3o das novas instala\u00e7\u00f5es do Campus Porto.\" width=\"400\" height=\"266\" srcset=\"https:\/\/wp.ufpel.edu.br\/mercosul\/files\/2012\/04\/relacoes_f01.jpg 400w, https:\/\/wp.ufpel.edu.br\/mercosul\/files\/2012\/04\/relacoes_f01-300x199.jpg 300w\" sizes=\"(max-width: 400px) 100vw, 400px\" \/><\/a><\/p>\n<p align=\"left\">Una de las caracter\u00edsticas m\u00e1s sobresalientes de los \u00faltimos decenios es el proceso de internacionalizaci\u00f3n de las relaciones establecidas en la sociedad. Tales relaciones pueden tener cu\u00f1o econ\u00f3mico pol\u00edtico o social, reduciendo los l\u00edmites geogr\u00e1ficos, sin embargo sin perder su importancia. Este hecho se debe tambi\u00e9n al avance tecnol\u00f3gico que posibilita el establecimiento de relaciones de las m\u00e1s diversas formas entre las sociedades, en una velocidad cada vez mayor.<\/p>\n<p>Desde la fundaci\u00f3n del Centro de Integraci\u00f3n del MERCOSUR, hace cerca de 15 a\u00f1os, la UFPEL persigue el ideal de crear la Carrera de Relaciones Internacionales, frente a la necesidad de formar profesionales calificados para la integraci\u00f3n regional, sobre todo para el MERCOSUR. Por ello, gracias al Programa REUNI del Gobierno Nacional se ha implantado en el primer semestre de 2010, la Carrera de Licenciado en Relaciones Internacionales.<\/p>\n<p>La Carrera de Relaciones Internacionales de la UFPEL, con selectividad de alumnos a trav\u00e9s del Sistema SISU\/MEC y con duraci\u00f3n de cuatro a\u00f1os, tiene como objetivo habilitar el profesional para actuar en diversos segmentos, gubernamentales o no, enfatizando \u00e1reas de las ciencias humanas que fundamentan las diferentes formas de organizaci\u00f3n pol\u00edtica, econ\u00f3mica y social, tornando el Licenciado en Relaciones Internacionales un profesional \u201cm\u00faltiplo\u201d que conduce de forma coherente relaciones y negociaciones que siguen las tendencias de la sociedad contempor\u00e1nea.<\/p>\n<h4><strong>Contacto<\/strong><\/h4>\n<h4><strong>CURSO DE RELACIONES INTERNACIONALES<\/strong><\/h4>\n<p>Direcci\u00f3n: Andrade Neves, 1529 &#8211; Pelotas\/RS, Brasil<br \/>\nTel\u00e9fonos: +55 53 3222-0404 \/ 3222-0354<\/p>\n<h4><strong>Coordinador:<\/strong><\/h4>\n<p>Prof. Jabr Hussein Deeb Haj Omar<\/p>\n<h4><strong>Secretaria del Curso:<\/strong><\/h4>\n<p>Joice Madeira dos Reis<br \/>\ncolegiado.ri.ufpel@gmail.com<\/p>\n<p>&nbsp;<\/p>\n","protected":false},"excerpt":{"rendered":"<p>La Universidad est\u00e1 abierta al desarrollo Nuestro pa\u00eds vive un momento de esperanza a partir del incremento de diversos indicadores sociales en \u00e1reas de inter\u00e9s p\u00fablico. Desde la ampliaci\u00f3n del acceso a la salud hasta alcanzar los mejores \u00edndices de distribuci\u00f3n de renta, se observa una voluntad de desarrollo y de construcci\u00f3n de la ciudadan\u00eda. [&hellip;]<\/p>\n","protected":false},"author":145,"featured_media":0,"parent":175,"menu_order":0,"comment_status":"closed","ping_status":"closed","template":"","meta":{"footnotes":"","_links_to":"","_links_to_target":""},"class_list":["post-148","page","type-page","status-publish","hentry"],"jetpack_sharing_enabled":true,"_links":{"self":[{"href":"https:\/\/wp.ufpel.edu.br\/mercosul\/wp-json\/wp\/v2\/pages\/148","targetHints":{"allow":["GET"]}}],"collection":[{"href":"https:\/\/wp.ufpel.edu.br\/mercosul\/wp-json\/wp\/v2\/pages"}],"about":[{"href":"https:\/\/wp.ufpel.edu.br\/mercosul\/wp-json\/wp\/v2\/types\/page"}],"author":[{"embeddable":true,"href":"https:\/\/wp.ufpel.edu.br\/mercosul\/wp-json\/wp\/v2\/users\/145"}],"replies":[{"embeddable":true,"href":"https:\/\/wp.ufpel.edu.br\/mercosul\/wp-json\/wp\/v2\/comments?post=148"}],"version-history":[{"count":7,"href":"https:\/\/wp.ufpel.edu.br\/mercosul\/wp-json\/wp\/v2\/pages\/148\/revisions"}],"predecessor-version":[{"id":1016,"href":"https:\/\/wp.ufpel.edu.br\/mercosul\/wp-json\/wp\/v2\/pages\/148\/revisions\/1016"}],"up":[{"embeddable":true,"href":"https:\/\/wp.ufpel.edu.br\/mercosul\/wp-json\/wp\/v2\/pages\/175"}],"wp:attachment":[{"href":"https:\/\/wp.ufpel.edu.br\/mercosul\/wp-json\/wp\/v2\/media?parent=148"}],"curies":[{"name":"wp","href":"https:\/\/api.w.org\/{rel}","templated":true}]}}