{"id":133,"date":"2012-04-19T10:40:29","date_gmt":"2012-04-19T13:40:29","guid":{"rendered":"https:\/\/wp.ufpel.edu.br\/mercosul\/?page_id=133"},"modified":"2012-06-21T08:11:22","modified_gmt":"2012-06-21T11:11:22","slug":"mercosur","status":"publish","type":"page","link":"https:\/\/wp.ufpel.edu.br\/mercosul\/mercosur\/","title":{"rendered":"Mercosur"},"content":{"rendered":"<p><a href=\"https:\/\/wp.ufpel.edu.br\/mercosul\/files\/2012\/04\/fls-9.jpg\"><img class=\"aligncenter size-full wp-image-583\" src=\"https:\/\/wp.ufpel.edu.br\/mercosul\/files\/2012\/04\/fls-9.jpg\" alt=\"\" width=\"601\" height=\"300\" srcset=\"https:\/\/wp.ufpel.edu.br\/mercosul\/files\/2012\/04\/fls-9.jpg 601w, https:\/\/wp.ufpel.edu.br\/mercosul\/files\/2012\/04\/fls-9-300x149.jpg 300w\" sizes=\"(max-width: 601px) 100vw, 601px\" \/><\/a><\/p>\n<h4><strong>Hist\u00f3rico del MERCOSUR<\/strong><\/h4>\n<p>El mercado com\u00fan del sur, tuvo su origen a partir de la construcci\u00f3n del mercado com\u00fan entre la Rep\u00fablica Argentina y la Rep\u00fablica Federativa del Brasil, Rep\u00fablica del Paraguay y la Rep\u00fablica Oriental del Uruguay, a partir de la firma del tratado de Asunci\u00f3n, el 26 de marzo de 1991, siendo considerado como uno de los m\u00e1s importantes pasos para el proceso de integraci\u00f3n entre los pa\u00edses latinos.<\/p>\n<p align=\"left\">El tratado de Asunci\u00f3n a pesar de ser un acuerdo de cu\u00f1o internacional, marcadamente econ\u00f3mico, su firma signific\u00f3 la coronaci\u00f3n de un proyecto estrat\u00e9gico regional de naturaleza igualmente pol\u00edtica. Con la creaci\u00f3n de bloques comerciales regionales se constituye en una tendencia que viene consolid\u00e1ndose hace decenios. En este sentido el MERCOSUR representa un esfuerzo de integraci\u00f3n econ\u00f3mica que aproxima sus pa\u00edses miembros. El Brasil, integr\u00e1ndose al MERCOSUR, gana peso en las negociaciones internacionales, pasando a negociar no m\u00e1s individualmente, sino como bloque, teniendo su poder de negociaci\u00f3n potenciado.<\/p>\n<h4 align=\"left\"><strong>Formaci\u00f3n del MERCOSUR<\/strong><\/h4>\n<p align=\"left\"><a href=\"https:\/\/wp.ufpel.edu.br\/mercosul\/files\/2012\/04\/brasao1.jpg\"><img class=\"alignleft size-full wp-image-49\" src=\"https:\/\/wp.ufpel.edu.br\/mercosul\/files\/2012\/04\/brasao1.jpg\" alt=\"\" width=\"136\" height=\"130\" \/><\/a>Brasil y Argentina ya ven\u00edan desde la d\u00e9cada del 70. En julio de 1986, en Buenos Aires, se firm\u00f3 la ata para la integraci\u00f3n Argentina-Brasil que constituy\u00f3 el Programa de integraci\u00f3n y cooperaci\u00f3n econ\u00f3mica PICE. El objetivo del programa era de proporcionar un espacio econ\u00f3mico com\u00fan, con la apertura selectiva de los respectivos mercados y el est\u00edmulo a la complementaci\u00f3n econ\u00f3mica de sectores espec\u00edficos de los dos pa\u00edses.<\/p>\n<p align=\"left\">Los resultados promisorios de las medidas tomadas desde aquel entonces culminaron con la celebraci\u00f3n, en 1988, del Tratado de Integraci\u00f3n y Desarrollo, por el que los pa\u00edses expresaron el deseo de construir, en un plazo m\u00e1ximo de 10 a\u00f1os, un espacio econ\u00f3mico com\u00fan, a trav\u00e9s de la liberaci\u00f3n integral del intercambio rec\u00edproco, para el cual se celebraron 24 protocolos espec\u00edficos, en \u00e1reas como bienes de capital, productos alimenticios e industrializados.<\/p>\n<p>Un nuevo y decisivo impulso se dio con la firma, el 6 de julio de 1990, por los presidentes Collor y Menen, de la ata de Buenos Aires, que fij\u00f3 la fecha del 31 de diciembre de 1994 para la formaci\u00f3n definitiva de un mercado com\u00fan entre los dos pa\u00edses. En agosto del mismo a\u00f1o, como se esperaba, Paraguay y Uruguay adhieren al proceso en curso, lo que culmin\u00f3 en la firma del Tratado de Asunci\u00f3n, el 26 de marzo de 1991, para la constituci\u00f3n del Mercado Com\u00fan del Sur &#8211; MERCOSUR.<\/p>\n<p>Con la firma del protocolo de Oro Prieto, en el 17 de diciembre de 1994, el MERCOSUR gan\u00f3 personalidad jur\u00eddica de derecho internacional: el protocolo reconoce al bloque competencia para negociar, en nombre propio, acuerdos con terceros pa\u00edses, grupos de pa\u00edses, grupos de pa\u00edses y organismos internacionales.<\/p>\n<p>El acuerdo firmado estipulaba que, a partir de enero de 1995, todas las mercanc\u00edas y servicios tendr\u00edan libre acceso comercial entre los pa\u00edses participantes, con incisos en algunos productos y posterior armonizaci\u00f3n hasta finales del a\u00f1o de 2005, cuando toda la econom\u00eda de la regi\u00f3n ser\u00eda integrada.<\/p>\n<p align=\"left\">El acuerdo tiene tres fases:<br \/>\n&#8211;\u00a0Marzo\/91 a diciembre\/94: per\u00edodo de transici\u00f3n &#8211; programa de liberaci\u00f3n comercial;<br \/>\n&#8211;\u00a0Enero\/95 a diciembre\/99: se caracteriza por la uni\u00f3n aduanera &#8211; se establece la TEC (Tarifa Externa Com\u00fan);<br \/>\n&#8211;\u00a0Enero\/2000 a diciembre\/2004: integraci\u00f3n de hecho &#8211; mercado com\u00fan.<\/p>\n<p align=\"left\">Por el tratado se establec\u00edan las siguientes reglas:<br \/>\n&#8211;\u00a0La libre circulaci\u00f3n de bienes, servicios y factores de producci\u00f3n entre los pa\u00edses, elimin\u00e1ndose los derechos de aduana y tarifas ( al\u00edcuotas de impuesto de importaci\u00f3n cero);<br \/>\n&#8211;\u00a0Establecimiento de una Tarifa Externa Com\u00fan (TEC), que significa constituir impuesto de importaci\u00f3n com\u00fan entre los pa\u00edses signatarios para aplicaci\u00f3n a productos de otros pa\u00edses;<br \/>\n&#8211;\u00a0Coordinaci\u00f3n de pol\u00edtica macroecon\u00f3mica y sectorial;<br \/>\n&#8211;\u00a0Compromiso de los estados miembros de armonizar sus legislaciones, en las \u00e1reas pertenecientes, para lograr el fortalecimiento del proceso de integraci\u00f3n.<\/p>\n<p align=\"left\">Para viabilizar la implementaci\u00f3n de un programa de liberaci\u00f3n de comercio de esta magnitud y asegurar las condiciones de concurrencia, los pa\u00edses miembros del MERCOSUR, por los t\u00e9rminos del Tratado de Asunci\u00f3n, se comprometieron en coordinar, en conjunto, la adopci\u00f3n de pol\u00edticas macroecon\u00f3micas y sectoriales, involucrando las de comercio exterior (agr\u00edcola, industrial, fiscal, monetaria y de cambio) y de capitales (de servicios aduaneros, transporte y comunicaciones).<\/p>\n","protected":false},"excerpt":{"rendered":"<p>Hist\u00f3rico del MERCOSUR El mercado com\u00fan del sur, tuvo su origen a partir de la construcci\u00f3n del mercado com\u00fan entre la Rep\u00fablica Argentina y la Rep\u00fablica Federativa del Brasil, Rep\u00fablica del Paraguay y la Rep\u00fablica Oriental del Uruguay, a partir de la firma del tratado de Asunci\u00f3n, el 26 de marzo de 1991, siendo considerado [&hellip;]<\/p>\n","protected":false},"author":145,"featured_media":0,"parent":0,"menu_order":0,"comment_status":"closed","ping_status":"closed","template":"","meta":{"footnotes":"","_links_to":"","_links_to_target":""},"class_list":["post-133","page","type-page","status-publish","hentry"],"jetpack_sharing_enabled":true,"_links":{"self":[{"href":"https:\/\/wp.ufpel.edu.br\/mercosul\/wp-json\/wp\/v2\/pages\/133","targetHints":{"allow":["GET"]}}],"collection":[{"href":"https:\/\/wp.ufpel.edu.br\/mercosul\/wp-json\/wp\/v2\/pages"}],"about":[{"href":"https:\/\/wp.ufpel.edu.br\/mercosul\/wp-json\/wp\/v2\/types\/page"}],"author":[{"embeddable":true,"href":"https:\/\/wp.ufpel.edu.br\/mercosul\/wp-json\/wp\/v2\/users\/145"}],"replies":[{"embeddable":true,"href":"https:\/\/wp.ufpel.edu.br\/mercosul\/wp-json\/wp\/v2\/comments?post=133"}],"version-history":[{"count":3,"href":"https:\/\/wp.ufpel.edu.br\/mercosul\/wp-json\/wp\/v2\/pages\/133\/revisions"}],"predecessor-version":[{"id":962,"href":"https:\/\/wp.ufpel.edu.br\/mercosul\/wp-json\/wp\/v2\/pages\/133\/revisions\/962"}],"wp:attachment":[{"href":"https:\/\/wp.ufpel.edu.br\/mercosul\/wp-json\/wp\/v2\/media?parent=133"}],"curies":[{"name":"wp","href":"https:\/\/api.w.org\/{rel}","templated":true}]}}