{"id":13,"date":"2012-04-12T09:32:24","date_gmt":"2012-04-12T12:32:24","guid":{"rendered":"https:\/\/wp.ufpel.edu.br\/mercosul\/"},"modified":"2019-07-17T15:45:18","modified_gmt":"2019-07-17T18:45:18","slug":"paises-pertencentes","status":"publish","type":"page","link":"https:\/\/wp.ufpel.edu.br\/mercosul\/paises-pertencentes\/","title":{"rendered":"Pa\u00edses Pertencentes"},"content":{"rendered":"<p><a href=\"https:\/\/wp.ufpel.edu.br\/mercosul\/files\/2012\/04\/fls-10.jpg\"><img class=\"aligncenter size-full wp-image-585\" src=\"https:\/\/wp.ufpel.edu.br\/mercosul\/files\/2012\/04\/fls-10.jpg\" alt=\"\" width=\"601\" height=\"300\" srcset=\"https:\/\/wp.ufpel.edu.br\/mercosul\/files\/2012\/04\/fls-10.jpg 601w, https:\/\/wp.ufpel.edu.br\/mercosul\/files\/2012\/04\/fls-10-300x149.jpg 300w\" sizes=\"(max-width: 601px) 100vw, 601px\" \/><\/a><\/p>\n<p><strong>Pa\u00edses Membros do Mercosul<\/strong><\/p>\n<p>BRASIL<\/p>\n<p>Capital: Bras\u00edlia<\/p>\n<p><a href=\"http:\/\/www.brasil.gov.br\/\" target=\"_blank\" rel=\"noopener noreferrer\">www.brasil.gov.br<\/a><br \/>\n<a href=\"http:\/\/pt.wikipedia.org\/wiki\/Brasil\" target=\"_blank\" rel=\"noopener noreferrer\">http:\/\/pt.wikipedia.org\/wiki\/Brasil<\/a><\/p>\n<p><a href=\"http:\/\/pt.wikipedia.org\/wiki\/Argentina\">ARGENTINA<\/a><\/p>\n<p>Capital: Buenos Aires<\/p>\n<p><a href=\"https:\/\/www.argentina.gob.ar\/\">https:\/\/www.argentina.gob.ar\/<\/a><\/p>\n<p><a href=\"http:\/\/pt.wikipedia.org\/wiki\/Paraguai\">PARAGUAI<\/a><\/p>\n<p>Capital: Assun\u00e7\u00e3o<\/p>\n<p><a href=\"http:\/\/www.presidencia.gov.py\/v1\/\" target=\"_blank\" rel=\"noopener noreferrer\">http:\/\/www.presidencia.gov.py\/v1\/<\/a><\/p>\n<p><a href=\"http:\/\/pt.wikipedia.org\/wiki\/Uruguai\">URUGUAI<\/a><\/p>\n<p>Capital: Montevideo<\/p>\n<p><a href=\"https:\/\/www.presidencia.gub.uy\/\">https:\/\/www.presidencia.gub.uy\/<\/a><\/p>\n<p><a href=\"http:\/\/pt.wikipedia.org\/wiki\/Venezuela\">VENEZUELA<\/a><\/p>\n<p>Capital: Caracas<br \/>\n<a href=\"http:\/\/www.presidencia.gob.ve\/\" target=\"_blank\" rel=\"noopener noreferrer\"><br \/>\nwww.presidencia.gob.ve\/<\/a><\/p>\n<p><strong>Pa\u00edses Associados ao Mercosul<\/strong><\/p>\n<p><a href=\"http:\/\/pt.wikipedia.org\/wiki\/Peru\">PERU<\/a><\/p>\n<p>Capital: Lima<\/p>\n<p><a href=\"http:\/\/www.presidencia.gob.pe\/\" target=\"_blank\" rel=\"noopener noreferrer\">www.presidencia.gob.pe<\/a><\/p>\n<p><a href=\"http:\/\/pt.wikipedia.org\/wiki\/Equador\">EQUADOR<\/a><\/p>\n<p>Capital: Quito<\/p>\n<p><a href=\"http:\/\/www.presidencia.gob.ec\/\" target=\"_blank\" rel=\"noopener noreferrer\">www.presidencia.gob.ec<\/a><\/p>\n<p><a href=\"https:\/\/pt.wikipedia.org\/wiki\/Col%C3%B4mbia\">COL\u00d4MBIA<\/a><\/p>\n<p>Capital: Santa F\u00e9 de Bogot\u00e1<\/p>\n<p><a href=\"https:\/\/id.presidencia.gov.co\/Paginas\/presidencia.aspx\">https:\/\/id.presidencia.gov.co\/Paginas\/presidencia.aspx<\/a><\/p>\n<p><a href=\"http:\/\/pt.wikipedia.org\/wiki\/Bol%C3%ADvia\">BOL\u00cdVIA<\/a><\/p>\n<p>Capital: La Paz<\/p>\n<p><a href=\"https:\/\/www.gob.bo\/\">https:\/\/www.gob.bo\/<\/a><\/p>\n<p><a href=\"http:\/\/pt.wikipedia.org\/wiki\/Chile\">CHILE<\/a><\/p>\n<p>Capital: Santiago<\/p>\n<p><a href=\"https:\/\/www.gob.cl\/\">https:\/\/www.gob.cl\/<\/a><\/p>\n<p><strong>Pa\u00edses Observadores<\/strong><\/p>\n<p><a href=\"https:\/\/pt.wikipedia.org\/wiki\/M%C3%A9xico\">M\u00c9XICO<\/a><\/p>\n<p>Capital: Cidade do M\u00e9xico<\/p>\n<p><a href=\"https:\/\/www.gob.mx\/presidencia\/\">https:\/\/www.gob.mx\/presidencia\/<\/a><\/p>\n<p><a href=\"https:\/\/pt.wikipedia.org\/wiki\/Nova_Zel%C3%A2ndia\">NOVA ZEL\u00c2NDIA<\/a><\/p>\n<p>Capital: Wellington<\/p>\n<p><a href=\"https:\/\/www.govt.nz\/\">https:\/\/www.govt.nz\/<\/a><\/p>\n","protected":false},"excerpt":{"rendered":"<p>Pa\u00edses Membros do Mercosul BRASIL Capital: Bras\u00edlia www.brasil.gov.br http:\/\/pt.wikipedia.org\/wiki\/Brasil ARGENTINA Capital: Buenos Aires https:\/\/www.argentina.gob.ar\/ PARAGUAI Capital: Assun\u00e7\u00e3o http:\/\/www.presidencia.gov.py\/v1\/ URUGUAI Capital: Montevideo https:\/\/www.presidencia.gub.uy\/ VENEZUELA Capital: Caracas www.presidencia.gob.ve\/ Pa\u00edses Associados ao Mercosul PERU Capital: Lima www.presidencia.gob.pe EQUADOR Capital: Quito www.presidencia.gob.ec COL\u00d4MBIA Capital: Santa F\u00e9 de Bogot\u00e1 https:\/\/id.presidencia.gov.co\/Paginas\/presidencia.aspx BOL\u00cdVIA Capital: La Paz https:\/\/www.gob.bo\/ CHILE Capital: Santiago https:\/\/www.gob.cl\/ Pa\u00edses [&hellip;]<\/p>\n","protected":false},"author":145,"featured_media":0,"parent":0,"menu_order":0,"comment_status":"closed","ping_status":"closed","template":"","meta":{"_crdt_document":"","footnotes":"","_links_to":"","_links_to_target":""},"class_list":["post-13","page","type-page","status-publish","hentry"],"jetpack_sharing_enabled":true,"_links":{"self":[{"href":"https:\/\/wp.ufpel.edu.br\/mercosul\/wp-json\/wp\/v2\/pages\/13","targetHints":{"allow":["GET"]}}],"collection":[{"href":"https:\/\/wp.ufpel.edu.br\/mercosul\/wp-json\/wp\/v2\/pages"}],"about":[{"href":"https:\/\/wp.ufpel.edu.br\/mercosul\/wp-json\/wp\/v2\/types\/page"}],"author":[{"embeddable":true,"href":"https:\/\/wp.ufpel.edu.br\/mercosul\/wp-json\/wp\/v2\/users\/145"}],"replies":[{"embeddable":true,"href":"https:\/\/wp.ufpel.edu.br\/mercosul\/wp-json\/wp\/v2\/comments?post=13"}],"version-history":[{"count":8,"href":"https:\/\/wp.ufpel.edu.br\/mercosul\/wp-json\/wp\/v2\/pages\/13\/revisions"}],"predecessor-version":[{"id":2447,"href":"https:\/\/wp.ufpel.edu.br\/mercosul\/wp-json\/wp\/v2\/pages\/13\/revisions\/2447"}],"wp:attachment":[{"href":"https:\/\/wp.ufpel.edu.br\/mercosul\/wp-json\/wp\/v2\/media?parent=13"}],"curies":[{"name":"wp","href":"https:\/\/api.w.org\/{rel}","templated":true}]}}