{"id":93,"date":"2024-05-13T23:36:20","date_gmt":"2024-05-14T02:36:20","guid":{"rendered":"https:\/\/wp.ufpel.edu.br\/mep\/?page_id=93"},"modified":"2025-12-24T23:26:00","modified_gmt":"2025-12-25T02:26:00","slug":"pesquisadores-2024","status":"publish","type":"page","link":"https:\/\/wp.ufpel.edu.br\/mep\/pessoas-pesquisadoras\/pesquisadores-2024\/","title":{"rendered":"Pesquisadores Gradua\u00e7\u00e3o"},"content":{"rendered":"<p><strong>Jean Dornelles Chagas,\u00a0<\/strong>Graduando em Dan\u00e7a &#8211; Licenciatura UFPEL (TCC1 e TCC2 &#8211; 2024)<\/p>\n<p><strong>Pesquisa:<\/strong> Estudo sobre o processo de cria\u00e7\u00e3o do espet\u00e1culo YOIN na S\u00e3o Paulo Companhia de Dan\u00e7a.<\/p>\n<p><strong>Lattes:<\/strong> http:\/\/lattes.cnpq.br\/8032996140954356<\/p>\n<p><img class=\"alignnone size-medium wp-image-81\" src=\"https:\/\/wp.ufpel.edu.br\/mep\/files\/2024\/05\/Jean-300x400.jpeg\" alt=\"\" width=\"300\" height=\"400\" srcset=\"https:\/\/wp.ufpel.edu.br\/mep\/files\/2024\/05\/Jean-300x400.jpeg 300w, https:\/\/wp.ufpel.edu.br\/mep\/files\/2024\/05\/Jean-767x1024.jpeg 767w, https:\/\/wp.ufpel.edu.br\/mep\/files\/2024\/05\/Jean-768x1025.jpeg 768w, https:\/\/wp.ufpel.edu.br\/mep\/files\/2024\/05\/Jean.jpeg 959w\" sizes=\"(max-width: 300px) 100vw, 300px\" \/><\/p>\n<p>&nbsp;<\/p>\n<p><strong>Isadora Marten Bri\u00e3o<\/strong>, Graduanda em Dan\u00e7a &#8211; Licenciatura UFPel (TCC1 e TCC2 &#8211; 2025-2026)<\/p>\n<p><strong>Pesquisa<\/strong> &#8211; \u201cEstudo sobre as rela\u00e7\u00f5es entre metodologias de ensino da Dan\u00e7a Jazz e processos compositivos no Centro de Dan\u00e7a e Pesquisa Fernando Lima\u201d<\/p>\n<p><strong>Lattes: <\/strong>https:\/\/lattes.cnpq.br\/5771897599058378<\/p>\n<p><strong> <img class=\"alignnone size-medium wp-image-218\" src=\"https:\/\/wp.ufpel.edu.br\/mep\/files\/2025\/10\/WhatsApp-Image-2025-10-01-at-17.09.14-400x391.jpeg\" alt=\"\" width=\"400\" height=\"391\" srcset=\"https:\/\/wp.ufpel.edu.br\/mep\/files\/2025\/10\/WhatsApp-Image-2025-10-01-at-17.09.14-400x391.jpeg 400w, https:\/\/wp.ufpel.edu.br\/mep\/files\/2025\/10\/WhatsApp-Image-2025-10-01-at-17.09.14-1024x1001.jpeg 1024w, https:\/\/wp.ufpel.edu.br\/mep\/files\/2025\/10\/WhatsApp-Image-2025-10-01-at-17.09.14-768x751.jpeg 768w, https:\/\/wp.ufpel.edu.br\/mep\/files\/2025\/10\/WhatsApp-Image-2025-10-01-at-17.09.14.jpeg 1356w\" sizes=\"(max-width: 400px) 100vw, 400px\" \/><\/strong><\/p>\n<p>&nbsp;<\/p>\n<p><strong>Nathanael Perez Martins, <\/strong>Graduando em Dan\u00e7a &#8211; Licenciatura UFPel (TCC1 e TCC2 &#8211; 2025 e 2026)<\/p>\n<p><strong>Pesquisa &#8211; <\/strong>Guiando a Tradi\u00e7\u00e3o: <strong><span style=\"font-weight: 400;\">As Pr\u00e1ticas Pedag\u00f3gicas dos Professores de Dan\u00e7as Ga\u00fachas de Sal\u00e3o<\/span><\/strong><\/p>\n<p><strong>Lattes: <\/strong>http:\/\/lattes.cnpq.br\/5424447436082797<\/p>\n<p><img class=\"alignnone size-medium wp-image-255\" src=\"https:\/\/wp.ufpel.edu.br\/mep\/files\/2025\/12\/WhatsApp-Image-2025-12-24-at-23.26.53-400x400.jpeg\" alt=\"\" width=\"400\" height=\"400\" srcset=\"https:\/\/wp.ufpel.edu.br\/mep\/files\/2025\/12\/WhatsApp-Image-2025-12-24-at-23.26.53-400x400.jpeg 400w, https:\/\/wp.ufpel.edu.br\/mep\/files\/2025\/12\/WhatsApp-Image-2025-12-24-at-23.26.53-1024x1024.jpeg 1024w, https:\/\/wp.ufpel.edu.br\/mep\/files\/2025\/12\/WhatsApp-Image-2025-12-24-at-23.26.53-200x200.jpeg 200w, https:\/\/wp.ufpel.edu.br\/mep\/files\/2025\/12\/WhatsApp-Image-2025-12-24-at-23.26.53-768x768.jpeg 768w, https:\/\/wp.ufpel.edu.br\/mep\/files\/2025\/12\/WhatsApp-Image-2025-12-24-at-23.26.53.jpeg 1280w\" sizes=\"(max-width: 400px) 100vw, 400px\" \/><\/p>\n","protected":false},"excerpt":{"rendered":"<p>Jean Dornelles Chagas,\u00a0Graduando em Dan\u00e7a &#8211; Licenciatura UFPEL (TCC1 e TCC2 &#8211; 2024) Pesquisa: Estudo sobre o processo de cria\u00e7\u00e3o do espet\u00e1culo YOIN na S\u00e3o Paulo Companhia de Dan\u00e7a. Lattes: http:\/\/lattes.cnpq.br\/8032996140954356 &nbsp; Isadora Marten Bri\u00e3o, Graduanda em Dan\u00e7a &#8211; Licenciatura UFPel (TCC1 e TCC2 &#8211; 2025-2026) Pesquisa &#8211; \u201cEstudo sobre as rela\u00e7\u00f5es entre metodologias de [&hellip;]<\/p>\n","protected":false},"author":1361,"featured_media":0,"parent":31,"menu_order":0,"comment_status":"closed","ping_status":"closed","template":"","meta":{"footnotes":""},"class_list":["post-93","page","type-page","status-publish","hentry"],"_links":{"self":[{"href":"https:\/\/wp.ufpel.edu.br\/mep\/wp-json\/wp\/v2\/pages\/93","targetHints":{"allow":["GET"]}}],"collection":[{"href":"https:\/\/wp.ufpel.edu.br\/mep\/wp-json\/wp\/v2\/pages"}],"about":[{"href":"https:\/\/wp.ufpel.edu.br\/mep\/wp-json\/wp\/v2\/types\/page"}],"author":[{"embeddable":true,"href":"https:\/\/wp.ufpel.edu.br\/mep\/wp-json\/wp\/v2\/users\/1361"}],"replies":[{"embeddable":true,"href":"https:\/\/wp.ufpel.edu.br\/mep\/wp-json\/wp\/v2\/comments?post=93"}],"version-history":[{"count":3,"href":"https:\/\/wp.ufpel.edu.br\/mep\/wp-json\/wp\/v2\/pages\/93\/revisions"}],"predecessor-version":[{"id":256,"href":"https:\/\/wp.ufpel.edu.br\/mep\/wp-json\/wp\/v2\/pages\/93\/revisions\/256"}],"up":[{"embeddable":true,"href":"https:\/\/wp.ufpel.edu.br\/mep\/wp-json\/wp\/v2\/pages\/31"}],"wp:attachment":[{"href":"https:\/\/wp.ufpel.edu.br\/mep\/wp-json\/wp\/v2\/media?parent=93"}],"curies":[{"name":"wp","href":"https:\/\/api.w.org\/{rel}","templated":true}]}}