{"id":87,"date":"2024-05-13T23:32:46","date_gmt":"2024-05-14T02:32:46","guid":{"rendered":"https:\/\/wp.ufpel.edu.br\/mep\/?page_id=87"},"modified":"2025-10-28T19:23:53","modified_gmt":"2025-10-28T22:23:53","slug":"pesquisadores-2022-2024","status":"publish","type":"page","link":"https:\/\/wp.ufpel.edu.br\/mep\/pessoas-pesquisadoras\/pesquisadores-2022-2024\/","title":{"rendered":"Pesquisadores Mestrado"},"content":{"rendered":"<p><strong>1 &#8211; Jordana Belem Rodrigues,\u00a0<\/strong>Mestranda no PPGArtes UFPel (2022-2024)<\/p>\n<p><strong>Pesquisa &#8211; <\/strong>Arte, Vida e Experi\u00eancia: A sala de aula como espa\u00e7o do acontecer<\/p>\n<p><strong>Lattes:<\/strong> http:\/\/lattes.cnpq.br\/8361480641437320<\/p>\n<p><img class=\"alignnone size-medium wp-image-40\" src=\"https:\/\/wp.ufpel.edu.br\/mep\/files\/2024\/04\/jordana-286x400.jpeg\" alt=\"\" width=\"286\" height=\"400\" srcset=\"https:\/\/wp.ufpel.edu.br\/mep\/files\/2024\/04\/jordana-286x400.jpeg 286w, https:\/\/wp.ufpel.edu.br\/mep\/files\/2024\/04\/jordana-732x1024.jpeg 732w, https:\/\/wp.ufpel.edu.br\/mep\/files\/2024\/04\/jordana-768x1075.jpeg 768w, https:\/\/wp.ufpel.edu.br\/mep\/files\/2024\/04\/jordana.jpeg 898w\" sizes=\"(max-width: 286px) 100vw, 286px\" \/><\/p>\n<p>&nbsp;<\/p>\n<p><strong>2 &#8211; Eligolande Lascano Furtado,\u00a0<\/strong>Mestrando no PPGArtes UFPel (2022-2024)<\/p>\n<p><strong>Pesquisa<\/strong> &#8211; ACERCA DA INSER\u00c7\u00c3O DE ARTISTAS VISUAIS NO MERCADO A PARTIR DE MENTORIA E ENSINO CONTINUADO: uma perspectiva Latouriana<\/p>\n<p><strong>Lattes:<\/strong> http:\/\/lattes.cnpq.br\/4128872213355214<\/p>\n<p><img class=\"alignnone size-medium wp-image-33\" src=\"https:\/\/wp.ufpel.edu.br\/mep\/files\/2024\/04\/eligolande-300x400.jpeg\" alt=\"\" width=\"300\" height=\"400\" srcset=\"https:\/\/wp.ufpel.edu.br\/mep\/files\/2024\/04\/eligolande-300x400.jpeg 300w, https:\/\/wp.ufpel.edu.br\/mep\/files\/2024\/04\/eligolande-769x1024.jpeg 769w, https:\/\/wp.ufpel.edu.br\/mep\/files\/2024\/04\/eligolande-768x1023.jpeg 768w, https:\/\/wp.ufpel.edu.br\/mep\/files\/2024\/04\/eligolande.jpeg 961w\" sizes=\"(max-width: 300px) 100vw, 300px\" \/><\/p>\n<p>&nbsp;<\/p>\n<p><strong>3 &#8211; Daiane Jardim Ferreira,\u00a0<\/strong>Mestranda no PPGArtes UFPel (2022-2024)<\/p>\n<p><strong>Pesquisa<\/strong> &#8211; O ENSINO DAS ARTES DENTRO DE UMA ESCOLA DO CAMPO: REDEScobrindo caminhos de transforma\u00e7\u00f5es a partir de experi\u00eancias est\u00e9ticas, um estudo autoetnogr\u00e1fico de uma professora-alfabetizadora<\/p>\n<p>https:\/\/lattes.cnpq.br\/4806025898082284<\/p>\n<p>&nbsp;<\/p>\n<p><strong>4 &#8211; Bianca Mendes Ascari,\u00a0<\/strong>Mestranda no PPGArtes UFPel (2023-2025)<\/p>\n<p><strong>Pesquisa<\/strong>\u00a0\u2013 A escuta sens\u00edvel como impulsionadora de pr\u00e1ticas pedag\u00f3gicas de dan\u00e7a contempor\u00e2nea para o ensino m\u00e9dio.<\/p>\n<p><strong>lattes:<\/strong> http:\/\/lattes.cnpq.br\/2796795749275980<\/p>\n<p><img class=\"alignnone size-medium wp-image-35\" src=\"https:\/\/wp.ufpel.edu.br\/mep\/files\/2024\/04\/bianca-325x400.jpeg\" alt=\"\" width=\"325\" height=\"400\" srcset=\"https:\/\/wp.ufpel.edu.br\/mep\/files\/2024\/04\/bianca-325x400.jpeg 325w, https:\/\/wp.ufpel.edu.br\/mep\/files\/2024\/04\/bianca-833x1024.jpeg 833w, https:\/\/wp.ufpel.edu.br\/mep\/files\/2024\/04\/bianca-768x945.jpeg 768w, https:\/\/wp.ufpel.edu.br\/mep\/files\/2024\/04\/bianca-1249x1536.jpeg 1249w, https:\/\/wp.ufpel.edu.br\/mep\/files\/2024\/04\/bianca.jpeg 1300w\" sizes=\"(max-width: 325px) 100vw, 325px\" \/><\/p>\n<p>&nbsp;<\/p>\n<p><strong>5 &#8211; Rodrigo Merenda Puerto,\u00a0<\/strong>Mestrando no PPGArtes UFPel (2023-2025)<\/p>\n<p><strong>Pesquisa<\/strong>\u00a0\u2013 O impacto da BNCC e da Interdisciplinaridade na Forma\u00e7\u00e3o de professores de arte da UFPel: perspectivas a partir do programa resid\u00eancia pedag\u00f3gica<\/p>\n<p><strong>lattes: <\/strong>https:\/\/lattes.cnpq.br\/7541150207336134<\/p>\n<p><img class=\"alignnone size-full wp-image-37\" src=\"https:\/\/wp.ufpel.edu.br\/mep\/files\/2024\/04\/rodrigo.jpeg\" alt=\"\" width=\"333\" height=\"347\" \/><\/p>\n<p>&nbsp;<\/p>\n<p><strong>6 &#8211; Matheus Alves Braun,\u00a0<\/strong>Mestrando no PPGArtes (2024-2026)<\/p>\n<p><strong>Pesquisa \u2013 Exerc\u00edcios da Doc\u00eancia em Artes Visuais: Desafios Impostos pela COVID-19 na Universidade Federal de Pelotas<\/strong><\/p>\n<p><strong>Lattes: <\/strong>https:\/\/lattes.cnpq.br\/1144693739905731<\/p>\n<p><img class=\"alignnone size-medium wp-image-171\" src=\"https:\/\/wp.ufpel.edu.br\/mep\/files\/2024\/12\/Matheus-292x400.jpeg\" alt=\"\" width=\"292\" height=\"400\" srcset=\"https:\/\/wp.ufpel.edu.br\/mep\/files\/2024\/12\/Matheus-292x400.jpeg 292w, https:\/\/wp.ufpel.edu.br\/mep\/files\/2024\/12\/Matheus-748x1024.jpeg 748w, https:\/\/wp.ufpel.edu.br\/mep\/files\/2024\/12\/Matheus-768x1052.jpeg 768w, https:\/\/wp.ufpel.edu.br\/mep\/files\/2024\/12\/Matheus-1122x1536.jpeg 1122w, https:\/\/wp.ufpel.edu.br\/mep\/files\/2024\/12\/Matheus-1496x2048.jpeg 1496w, https:\/\/wp.ufpel.edu.br\/mep\/files\/2024\/12\/Matheus-scaled.jpeg 1870w\" sizes=\"(max-width: 292px) 100vw, 292px\" \/><\/p>\n<p>&nbsp;<\/p>\n<p><strong>7 &#8211; Uill Borges Maciel,\u00a0<\/strong>Mestrando no PPGArtes (2025-2027)<\/p>\n<p><strong>Pesquisa &#8211;<\/strong> Precariza\u00e7\u00e3o e Inclus\u00e3o: estudo do modelo neoliberal de educa\u00e7\u00e3o e seu efeito negativo no ser professor, no curr\u00edculo educacional e no desenvolvimento dos alunos neurodivergentes de artes do 1\u00ba ao 5\u00ba ano do ensino fundamental.<\/p>\n<p><strong>Lattes:<\/strong> http:\/\/lattes.cnpq.br\/0486841290839477<\/p>\n<p><img class=\"alignnone size-medium wp-image-216\" src=\"https:\/\/wp.ufpel.edu.br\/mep\/files\/2025\/10\/WhatsApp-Image-2025-10-28-at-19.14.36-225x400.jpeg\" alt=\"\" width=\"225\" height=\"400\" srcset=\"https:\/\/wp.ufpel.edu.br\/mep\/files\/2025\/10\/WhatsApp-Image-2025-10-28-at-19.14.36-225x400.jpeg 225w, https:\/\/wp.ufpel.edu.br\/mep\/files\/2025\/10\/WhatsApp-Image-2025-10-28-at-19.14.36-576x1024.jpeg 576w, https:\/\/wp.ufpel.edu.br\/mep\/files\/2025\/10\/WhatsApp-Image-2025-10-28-at-19.14.36-768x1366.jpeg 768w, https:\/\/wp.ufpel.edu.br\/mep\/files\/2025\/10\/WhatsApp-Image-2025-10-28-at-19.14.36-864x1536.jpeg 864w, https:\/\/wp.ufpel.edu.br\/mep\/files\/2025\/10\/WhatsApp-Image-2025-10-28-at-19.14.36.jpeg 899w\" sizes=\"(max-width: 225px) 100vw, 225px\" \/><\/p>\n","protected":false},"excerpt":{"rendered":"<p>1 &#8211; Jordana Belem Rodrigues,\u00a0Mestranda no PPGArtes UFPel (2022-2024) Pesquisa &#8211; Arte, Vida e Experi\u00eancia: A sala de aula como espa\u00e7o do acontecer Lattes: http:\/\/lattes.cnpq.br\/8361480641437320 &nbsp; 2 &#8211; Eligolande Lascano Furtado,\u00a0Mestrando no PPGArtes UFPel (2022-2024) Pesquisa &#8211; ACERCA DA INSER\u00c7\u00c3O DE ARTISTAS VISUAIS NO MERCADO A PARTIR DE MENTORIA E ENSINO CONTINUADO: uma perspectiva Latouriana [&hellip;]<\/p>\n","protected":false},"author":1361,"featured_media":0,"parent":31,"menu_order":0,"comment_status":"closed","ping_status":"closed","template":"","meta":{"footnotes":""},"class_list":["post-87","page","type-page","status-publish","hentry"],"_links":{"self":[{"href":"https:\/\/wp.ufpel.edu.br\/mep\/wp-json\/wp\/v2\/pages\/87","targetHints":{"allow":["GET"]}}],"collection":[{"href":"https:\/\/wp.ufpel.edu.br\/mep\/wp-json\/wp\/v2\/pages"}],"about":[{"href":"https:\/\/wp.ufpel.edu.br\/mep\/wp-json\/wp\/v2\/types\/page"}],"author":[{"embeddable":true,"href":"https:\/\/wp.ufpel.edu.br\/mep\/wp-json\/wp\/v2\/users\/1361"}],"replies":[{"embeddable":true,"href":"https:\/\/wp.ufpel.edu.br\/mep\/wp-json\/wp\/v2\/comments?post=87"}],"version-history":[{"count":4,"href":"https:\/\/wp.ufpel.edu.br\/mep\/wp-json\/wp\/v2\/pages\/87\/revisions"}],"predecessor-version":[{"id":217,"href":"https:\/\/wp.ufpel.edu.br\/mep\/wp-json\/wp\/v2\/pages\/87\/revisions\/217"}],"up":[{"embeddable":true,"href":"https:\/\/wp.ufpel.edu.br\/mep\/wp-json\/wp\/v2\/pages\/31"}],"wp:attachment":[{"href":"https:\/\/wp.ufpel.edu.br\/mep\/wp-json\/wp\/v2\/media?parent=87"}],"curies":[{"name":"wp","href":"https:\/\/api.w.org\/{rel}","templated":true}]}}