{"id":43,"date":"2024-04-26T00:04:43","date_gmt":"2024-04-26T03:04:43","guid":{"rendered":"https:\/\/wp.ufpel.edu.br\/mep\/?page_id=43"},"modified":"2025-12-24T23:40:56","modified_gmt":"2025-12-25T02:40:56","slug":"publicacoes","status":"publish","type":"page","link":"https:\/\/wp.ufpel.edu.br\/mep\/publicacoes\/","title":{"rendered":"1a Jornada de Corpo e Educa\u00e7\u00e3o"},"content":{"rendered":"<p><strong><em>1a Jornada do GE Corpo e Educa\u00e7\u00e3o da ANPED na Regi\u00e3o Sul, realizado no Centro de Artes da Universidade Federal de Pelotas, 2024.<\/em><\/strong><\/p>\n<p><img class=\"alignnone size-medium wp-image-49\" src=\"https:\/\/wp.ufpel.edu.br\/mep\/files\/2024\/04\/capa-400x400.jpeg\" alt=\"\" width=\"400\" height=\"400\" srcset=\"https:\/\/wp.ufpel.edu.br\/mep\/files\/2024\/04\/capa-400x400.jpeg 400w, https:\/\/wp.ufpel.edu.br\/mep\/files\/2024\/04\/capa-1024x1024.jpeg 1024w, https:\/\/wp.ufpel.edu.br\/mep\/files\/2024\/04\/capa-200x200.jpeg 200w, https:\/\/wp.ufpel.edu.br\/mep\/files\/2024\/04\/capa-768x768.jpeg 768w, https:\/\/wp.ufpel.edu.br\/mep\/files\/2024\/04\/capa.jpeg 1080w\" sizes=\"(max-width: 400px) 100vw, 400px\" \/><\/p>\n<p><strong>Programa\u00e7\u00e3o Geral:<\/strong><\/p>\n<p><img class=\"alignnone size-medium wp-image-48\" src=\"https:\/\/wp.ufpel.edu.br\/mep\/files\/2024\/04\/programacao-geral-283x400.jpeg\" alt=\"\" width=\"283\" height=\"400\" srcset=\"https:\/\/wp.ufpel.edu.br\/mep\/files\/2024\/04\/programacao-geral-283x400.jpeg 283w, https:\/\/wp.ufpel.edu.br\/mep\/files\/2024\/04\/programacao-geral-724x1024.jpeg 724w, https:\/\/wp.ufpel.edu.br\/mep\/files\/2024\/04\/programacao-geral-768x1086.jpeg 768w, https:\/\/wp.ufpel.edu.br\/mep\/files\/2024\/04\/programacao-geral-1086x1536.jpeg 1086w, https:\/\/wp.ufpel.edu.br\/mep\/files\/2024\/04\/programacao-geral.jpeg 1131w\" sizes=\"(max-width: 283px) 100vw, 283px\" \/><\/p>\n<p><strong>Programa\u00e7\u00e3o Detalhada:<\/strong><\/p>\n<p><img class=\"alignnone size-medium wp-image-50\" src=\"https:\/\/wp.ufpel.edu.br\/mep\/files\/2024\/04\/1-400x400.jpeg\" alt=\"\" width=\"400\" height=\"400\" srcset=\"https:\/\/wp.ufpel.edu.br\/mep\/files\/2024\/04\/1-400x400.jpeg 400w, https:\/\/wp.ufpel.edu.br\/mep\/files\/2024\/04\/1-1024x1024.jpeg 1024w, https:\/\/wp.ufpel.edu.br\/mep\/files\/2024\/04\/1-200x200.jpeg 200w, https:\/\/wp.ufpel.edu.br\/mep\/files\/2024\/04\/1-768x768.jpeg 768w, https:\/\/wp.ufpel.edu.br\/mep\/files\/2024\/04\/1.jpeg 1080w\" sizes=\"(max-width: 400px) 100vw, 400px\" \/><\/p>\n<p><img class=\"alignnone size-medium wp-image-51\" src=\"https:\/\/wp.ufpel.edu.br\/mep\/files\/2024\/04\/2-400x400.jpeg\" alt=\"\" width=\"400\" height=\"400\" srcset=\"https:\/\/wp.ufpel.edu.br\/mep\/files\/2024\/04\/2-400x400.jpeg 400w, https:\/\/wp.ufpel.edu.br\/mep\/files\/2024\/04\/2-1024x1024.jpeg 1024w, https:\/\/wp.ufpel.edu.br\/mep\/files\/2024\/04\/2-200x200.jpeg 200w, https:\/\/wp.ufpel.edu.br\/mep\/files\/2024\/04\/2-768x768.jpeg 768w, https:\/\/wp.ufpel.edu.br\/mep\/files\/2024\/04\/2.jpeg 1080w\" sizes=\"(max-width: 400px) 100vw, 400px\" \/><\/p>\n<p><img class=\"alignnone size-medium wp-image-52\" src=\"https:\/\/wp.ufpel.edu.br\/mep\/files\/2024\/04\/3-400x400.jpeg\" alt=\"\" width=\"400\" height=\"400\" srcset=\"https:\/\/wp.ufpel.edu.br\/mep\/files\/2024\/04\/3-400x400.jpeg 400w, https:\/\/wp.ufpel.edu.br\/mep\/files\/2024\/04\/3-1024x1024.jpeg 1024w, https:\/\/wp.ufpel.edu.br\/mep\/files\/2024\/04\/3-200x200.jpeg 200w, https:\/\/wp.ufpel.edu.br\/mep\/files\/2024\/04\/3-768x768.jpeg 768w, https:\/\/wp.ufpel.edu.br\/mep\/files\/2024\/04\/3.jpeg 1080w\" sizes=\"(max-width: 400px) 100vw, 400px\" \/><\/p>\n<p><img class=\"alignnone size-medium wp-image-53\" src=\"https:\/\/wp.ufpel.edu.br\/mep\/files\/2024\/04\/4-400x400.jpeg\" alt=\"\" width=\"400\" height=\"400\" srcset=\"https:\/\/wp.ufpel.edu.br\/mep\/files\/2024\/04\/4-400x400.jpeg 400w, https:\/\/wp.ufpel.edu.br\/mep\/files\/2024\/04\/4-1024x1024.jpeg 1024w, https:\/\/wp.ufpel.edu.br\/mep\/files\/2024\/04\/4-200x200.jpeg 200w, https:\/\/wp.ufpel.edu.br\/mep\/files\/2024\/04\/4-768x768.jpeg 768w, https:\/\/wp.ufpel.edu.br\/mep\/files\/2024\/04\/4.jpeg 1080w\" sizes=\"(max-width: 400px) 100vw, 400px\" \/><\/p>\n<p><strong>Registros fotogr\u00e1ficos do evento:<\/strong><\/p>\n<p><img class=\"alignnone size-medium wp-image-54\" src=\"https:\/\/wp.ufpel.edu.br\/mep\/files\/2024\/04\/6-300x400.jpeg\" alt=\"\" width=\"300\" height=\"400\" srcset=\"https:\/\/wp.ufpel.edu.br\/mep\/files\/2024\/04\/6-300x400.jpeg 300w, https:\/\/wp.ufpel.edu.br\/mep\/files\/2024\/04\/6-768x1024.jpeg 768w, https:\/\/wp.ufpel.edu.br\/mep\/files\/2024\/04\/6-1152x1536.jpeg 1152w, https:\/\/wp.ufpel.edu.br\/mep\/files\/2024\/04\/6.jpeg 1200w\" sizes=\"(max-width: 300px) 100vw, 300px\" \/><\/p>\n<p>(direita para esquerda) Professores doutores Marco Aurelio da Cruz Souza (UFPel) e Carmen Anita Hoffmann (UFPel)<\/p>\n<p><img class=\"alignnone size-medium wp-image-55\" src=\"https:\/\/wp.ufpel.edu.br\/mep\/files\/2024\/04\/8-400x267.jpeg\" alt=\"\" width=\"400\" height=\"267\" srcset=\"https:\/\/wp.ufpel.edu.br\/mep\/files\/2024\/04\/8-400x267.jpeg 400w, https:\/\/wp.ufpel.edu.br\/mep\/files\/2024\/04\/8-1024x683.jpeg 1024w, https:\/\/wp.ufpel.edu.br\/mep\/files\/2024\/04\/8-768x512.jpeg 768w, https:\/\/wp.ufpel.edu.br\/mep\/files\/2024\/04\/8.jpeg 1080w\" sizes=\"(max-width: 400px) 100vw, 400px\" \/><\/p>\n<p>(direita para esquerda) Professores doutores Marco Aurelio da Cruz Souza (UFPel), Carmen Anita Hoffmann (UFPel), Jean Hon\u00e7alves (UFPR) e Larissa Patron Chaves (UFPel) e no tel\u00e3o Adrianne Og\u00eada Guedes (UNIRIO)<\/p>\n<p><img class=\"alignnone size-medium wp-image-56\" src=\"https:\/\/wp.ufpel.edu.br\/mep\/files\/2024\/04\/14-225x400.jpeg\" alt=\"\" width=\"225\" height=\"400\" srcset=\"https:\/\/wp.ufpel.edu.br\/mep\/files\/2024\/04\/14-225x400.jpeg 225w, https:\/\/wp.ufpel.edu.br\/mep\/files\/2024\/04\/14-576x1024.jpeg 576w, https:\/\/wp.ufpel.edu.br\/mep\/files\/2024\/04\/14.jpeg 720w\" sizes=\"(max-width: 225px) 100vw, 225px\" \/><\/p>\n<p>(direita para esquerda) mestranda Jordana Bel\u00e9m Rodrigues, e os professores doutores Carla Carvalho (FURB),\u00a0 Jess\u00e9 da Cruz (UFSM), Ros\u00e2ngela Fachel (UFPel) e Marco Aurelio da Cruz Souza (UFPel)<\/p>\n<p><strong>Links com grava\u00e7\u00f5es das mesas no youtube:<\/strong><\/p>\n<p>Dia 1 &#8211; https:\/\/www.youtube.com\/live\/xMV8b72Li_Y?si=jGv-wG7Ddg8vwfWi<\/p>\n<p>Dia 2 &#8211; https:\/\/www.youtube.com\/live\/qW_imzjT2ko?si=aJ4Y3rwAvtp4HHE6<\/p>\n","protected":false},"excerpt":{"rendered":"<p>1a Jornada do GE Corpo e Educa\u00e7\u00e3o da ANPED na Regi\u00e3o Sul, realizado no Centro de Artes da Universidade Federal de Pelotas, 2024. Programa\u00e7\u00e3o Geral: Programa\u00e7\u00e3o Detalhada: Registros fotogr\u00e1ficos do evento: (direita para esquerda) Professores doutores Marco Aurelio da Cruz Souza (UFPel) e Carmen Anita Hoffmann (UFPel) (direita para esquerda) Professores doutores Marco Aurelio da [&hellip;]<\/p>\n","protected":false},"author":1361,"featured_media":0,"parent":0,"menu_order":5,"comment_status":"closed","ping_status":"closed","template":"","meta":{"footnotes":""},"class_list":["post-43","page","type-page","status-publish","hentry"],"_links":{"self":[{"href":"https:\/\/wp.ufpel.edu.br\/mep\/wp-json\/wp\/v2\/pages\/43","targetHints":{"allow":["GET"]}}],"collection":[{"href":"https:\/\/wp.ufpel.edu.br\/mep\/wp-json\/wp\/v2\/pages"}],"about":[{"href":"https:\/\/wp.ufpel.edu.br\/mep\/wp-json\/wp\/v2\/types\/page"}],"author":[{"embeddable":true,"href":"https:\/\/wp.ufpel.edu.br\/mep\/wp-json\/wp\/v2\/users\/1361"}],"replies":[{"embeddable":true,"href":"https:\/\/wp.ufpel.edu.br\/mep\/wp-json\/wp\/v2\/comments?post=43"}],"version-history":[{"count":3,"href":"https:\/\/wp.ufpel.edu.br\/mep\/wp-json\/wp\/v2\/pages\/43\/revisions"}],"predecessor-version":[{"id":267,"href":"https:\/\/wp.ufpel.edu.br\/mep\/wp-json\/wp\/v2\/pages\/43\/revisions\/267"}],"wp:attachment":[{"href":"https:\/\/wp.ufpel.edu.br\/mep\/wp-json\/wp\/v2\/media?parent=43"}],"curies":[{"name":"wp","href":"https:\/\/api.w.org\/{rel}","templated":true}]}}