{"id":262,"date":"2025-12-24T23:38:40","date_gmt":"2025-12-25T02:38:40","guid":{"rendered":"https:\/\/wp.ufpel.edu.br\/mep\/?page_id=262"},"modified":"2025-12-24T23:38:40","modified_gmt":"2025-12-25T02:38:40","slug":"8o-congresso-da-associacao-nacional-de-pesquisadores-em-danca-anda","status":"publish","type":"page","link":"https:\/\/wp.ufpel.edu.br\/mep\/participacao-em-eventos\/8o-congresso-da-associacao-nacional-de-pesquisadores-em-danca-anda\/","title":{"rendered":"8\u00ba Congresso da Associa\u00e7\u00e3o Nacional de Pesquisadores em Dan\u00e7a &#8211; ANDA"},"content":{"rendered":"<p>8\u00ba Congresso da Associa\u00e7\u00e3o Nacional de Pesquisadores em Dan\u00e7a (ANDA), realizado na Universidade Federal de Minas Gerais, em Belo Horizonte, em 2024.<\/p>\n<p>&nbsp;<\/p>\n<p><strong>1- T\u00edtulo:<\/strong> Catira: o trup\u00e9 sapateado do recortado transcrito da coreografia Viola na Catira do grupo \u201cOs Favoritos da Catira\u201d de S\u00e3o Paulo<\/p>\n<p>Pessoas autoras: Ana Beatriz Magalh\u00e3es Mattar; Carmen Anita Hoffmann; Marco Aurelio da Cruz Souza.<\/p>\n","protected":false},"excerpt":{"rendered":"<p>8\u00ba Congresso da Associa\u00e7\u00e3o Nacional de Pesquisadores em Dan\u00e7a (ANDA), realizado na Universidade Federal de Minas Gerais, em Belo Horizonte, em 2024. &nbsp; 1- T\u00edtulo: Catira: o trup\u00e9 sapateado do recortado transcrito da coreografia Viola na Catira do grupo \u201cOs Favoritos da Catira\u201d de S\u00e3o Paulo Pessoas autoras: Ana Beatriz Magalh\u00e3es Mattar; Carmen Anita Hoffmann; [&hellip;]<\/p>\n","protected":false},"author":1361,"featured_media":0,"parent":109,"menu_order":7,"comment_status":"closed","ping_status":"closed","template":"","meta":{"footnotes":""},"class_list":["post-262","page","type-page","status-publish","hentry"],"_links":{"self":[{"href":"https:\/\/wp.ufpel.edu.br\/mep\/wp-json\/wp\/v2\/pages\/262","targetHints":{"allow":["GET"]}}],"collection":[{"href":"https:\/\/wp.ufpel.edu.br\/mep\/wp-json\/wp\/v2\/pages"}],"about":[{"href":"https:\/\/wp.ufpel.edu.br\/mep\/wp-json\/wp\/v2\/types\/page"}],"author":[{"embeddable":true,"href":"https:\/\/wp.ufpel.edu.br\/mep\/wp-json\/wp\/v2\/users\/1361"}],"replies":[{"embeddable":true,"href":"https:\/\/wp.ufpel.edu.br\/mep\/wp-json\/wp\/v2\/comments?post=262"}],"version-history":[{"count":1,"href":"https:\/\/wp.ufpel.edu.br\/mep\/wp-json\/wp\/v2\/pages\/262\/revisions"}],"predecessor-version":[{"id":264,"href":"https:\/\/wp.ufpel.edu.br\/mep\/wp-json\/wp\/v2\/pages\/262\/revisions\/264"}],"up":[{"embeddable":true,"href":"https:\/\/wp.ufpel.edu.br\/mep\/wp-json\/wp\/v2\/pages\/109"}],"wp:attachment":[{"href":"https:\/\/wp.ufpel.edu.br\/mep\/wp-json\/wp\/v2\/media?parent=262"}],"curies":[{"name":"wp","href":"https:\/\/api.w.org\/{rel}","templated":true}]}}