{"id":257,"date":"2025-12-24T23:27:45","date_gmt":"2025-12-25T02:27:45","guid":{"rendered":"https:\/\/wp.ufpel.edu.br\/mep\/?page_id=257"},"modified":"2025-12-24T23:39:23","modified_gmt":"2025-12-25T02:39:23","slug":"2o-sipa-seminario-internacional-de-pesquisa-em-arte","status":"publish","type":"page","link":"https:\/\/wp.ufpel.edu.br\/mep\/participacao-em-eventos\/2o-sipa-seminario-internacional-de-pesquisa-em-arte\/","title":{"rendered":"2\u00ba SIPA &#8211; Semin\u00e1rio Internacional de Pesquisa em Arte"},"content":{"rendered":"<p>O 2\u00ba SIPA &#8211; Semin\u00e1rio Internacional de Pesquisa em Arte aconteceu na cidade de Pelotas RS em 2025.<\/p>\n<p>&nbsp;<\/p>\n<p><strong>1 &#8211; T\u00edtulo:<\/strong>\u00a0TRUP\u00c9 COMO TERRIT\u00d3RIO DE INSURG\u00caNCIA: ONDE CORPOS, RITMOS E SABERES CONFLUEM<\/p>\n<p>Pessoas autoras: Bia Matar; Carmem Anita Holffmann<\/p>\n<p>&nbsp;<\/p>\n<p><strong>2 &#8211; T\u00edtulo:<\/strong>\u00a0Cotidiano e Arte: Atravessamentos pol\u00edticos e po\u00e9ticos<\/p>\n<p>Pessoas autoras: Jordana Bel\u00e9m Rodrigues; Marco Aurelio da Cruz Souza<\/p>\n<p>&nbsp;<\/p>\n<p><strong>3 &#8211; T\u00edtulo:<\/strong>\u00a0A CASA 292: ENTRE PAREDES QUE AINDA ME CHAMAM<\/p>\n<p>Pessoas autoras: Matheus Alves Braum; Marco Aurelio da Cruz Souza<\/p>\n","protected":false},"excerpt":{"rendered":"<p>O 2\u00ba SIPA &#8211; Semin\u00e1rio Internacional de Pesquisa em Arte aconteceu na cidade de Pelotas RS em 2025. &nbsp; 1 &#8211; T\u00edtulo:\u00a0TRUP\u00c9 COMO TERRIT\u00d3RIO DE INSURG\u00caNCIA: ONDE CORPOS, RITMOS E SABERES CONFLUEM Pessoas autoras: Bia Matar; Carmem Anita Holffmann &nbsp; 2 &#8211; T\u00edtulo:\u00a0Cotidiano e Arte: Atravessamentos pol\u00edticos e po\u00e9ticos Pessoas autoras: Jordana Bel\u00e9m Rodrigues; Marco [&hellip;]<\/p>\n","protected":false},"author":1361,"featured_media":0,"parent":109,"menu_order":6,"comment_status":"closed","ping_status":"closed","template":"","meta":{"footnotes":""},"class_list":["post-257","page","type-page","status-publish","hentry"],"_links":{"self":[{"href":"https:\/\/wp.ufpel.edu.br\/mep\/wp-json\/wp\/v2\/pages\/257","targetHints":{"allow":["GET"]}}],"collection":[{"href":"https:\/\/wp.ufpel.edu.br\/mep\/wp-json\/wp\/v2\/pages"}],"about":[{"href":"https:\/\/wp.ufpel.edu.br\/mep\/wp-json\/wp\/v2\/types\/page"}],"author":[{"embeddable":true,"href":"https:\/\/wp.ufpel.edu.br\/mep\/wp-json\/wp\/v2\/users\/1361"}],"replies":[{"embeddable":true,"href":"https:\/\/wp.ufpel.edu.br\/mep\/wp-json\/wp\/v2\/comments?post=257"}],"version-history":[{"count":4,"href":"https:\/\/wp.ufpel.edu.br\/mep\/wp-json\/wp\/v2\/pages\/257\/revisions"}],"predecessor-version":[{"id":266,"href":"https:\/\/wp.ufpel.edu.br\/mep\/wp-json\/wp\/v2\/pages\/257\/revisions\/266"}],"up":[{"embeddable":true,"href":"https:\/\/wp.ufpel.edu.br\/mep\/wp-json\/wp\/v2\/pages\/109"}],"wp:attachment":[{"href":"https:\/\/wp.ufpel.edu.br\/mep\/wp-json\/wp\/v2\/media?parent=257"}],"curies":[{"name":"wp","href":"https:\/\/api.w.org\/{rel}","templated":true}]}}